{"id":994,"date":"2018-03-01T14:08:00","date_gmt":"2018-03-01T13:08:00","guid":{"rendered":"http:\/\/jkoehler.diskstation.me\/wordpress\/?page_id=994"},"modified":"2019-03-16T14:15:42","modified_gmt":"2019-03-16T13:15:42","slug":"petersburg-13-06-1992","status":"publish","type":"page","link":"http:\/\/jkoehler.diskstation.me\/wordpress\/diaries\/tagebuch-leningrad-st-petersburg-tbilisi-1991-1993\/leningrad-zweiter-anlauf\/petersburg-13-06-1992\/","title":{"rendered":"Petersburg, 13.06.1992: Lothar &#038; buryatisch-russsiche K\u00fcnstler"},"content":{"rendered":"<p>&#8211; Lothar kennengelernt,<\/p>\n<p>&#8211; Inna sandte den von mir erzeugten Teil ihrer selbst zur\u00fcck zu mir,<\/p>\n<p>&#8211; Lisa wechselt ihre verbalen, z\u00f6gernde Selbstdarstellungen weitaus h\u00e4ufiger als k\u00f6rperlich konsequentes Verhalten, das in der betrachtenden Inaktivit\u00e4t seinen Ausdruck findet,<\/p>\n<p>&#8211; Faktische Pasttimings: Philharmonie (gest\u00f6rter russischer Belgier), Umtrunk bei K\u00fcnstlern (Burjakische Schamanin, \u00fcbersch\u00e4umender Asaibaschaner, monomentaler Monomentalk\u00fcnstler, G\u00fclia), Marckoij Teater (Wiederbelebung der Pavillon-Musiktradition mit Tschajkowskij, Musorgskij, Rimskij Korsakow, Borodin, Strawinskij), in Puschkin gebadet, viel Nacht auf den Stra\u00dfen gewesen,<a href=\"http:\/\/jkoehler.diskstation.me\/wordpress\/wp-content\/uploads\/2018\/03\/IMG153.jpg\"><img loading=\"lazy\" decoding=\"async\" class=\"alignleft size-full wp-image-1002\" src=\"http:\/\/jkoehler.diskstation.me\/wordpress\/wp-content\/uploads\/2018\/03\/IMG153.jpg\" alt=\"\" width=\"1000\" height=\"668\" srcset=\"http:\/\/jkoehler.diskstation.me\/wordpress\/wp-content\/uploads\/2018\/03\/IMG153.jpg 1000w, http:\/\/jkoehler.diskstation.me\/wordpress\/wp-content\/uploads\/2018\/03\/IMG153-300x200.jpg 300w, http:\/\/jkoehler.diskstation.me\/wordpress\/wp-content\/uploads\/2018\/03\/IMG153-768x513.jpg 768w\" sizes=\"auto, (max-width: 767px) 89vw, (max-width: 1000px) 54vw, (max-width: 1071px) 543px, 580px\" \/><\/a><\/p>\n<p>&#8211; Gedanken zur Ethnographie: Kleines Volk in den Bergen Aserbaidschans, dessen Sprache eventuell ein Konglomerat aus Sprachen der \u00fcber die Seidenstra\u00dfe Handel getrieben habenden V\u00f6lker ist; die Sowjetarmee als S\u00f6ldnertruppe in den Krisengebieten, in denen sie eigentlich f\u00fcr Ruhe sorgen sollte;<\/p>\n<p>&#8211;&gt;<a href=\"http:\/\/jkoehler.diskstation.me\/wordpress\/diaries\/tagebuch-leningrad-st-petersburg-tbilisi-1991-1993\/leningrad-zweiter-anlauf\/petersburg-18-06-1992\/\"> next page<\/a><\/p>\n","protected":false},"excerpt":{"rendered":"<p>&#8211; Lothar kennengelernt, &#8211; Inna sandte den von mir erzeugten Teil ihrer selbst zur\u00fcck zu mir, &#8211; Lisa wechselt ihre verbalen, z\u00f6gernde Selbstdarstellungen weitaus h\u00e4ufiger als k\u00f6rperlich konsequentes Verhalten, das in der betrachtenden Inaktivit\u00e4t seinen Ausdruck findet, &#8211; Faktische Pasttimings: Philharmonie (gest\u00f6rter russischer Belgier), Umtrunk bei K\u00fcnstlern (Burjakische Schamanin, \u00fcbersch\u00e4umender Asaibaschaner, monomentaler Monomentalk\u00fcnstler, G\u00fclia), Marckoij &hellip; <\/p>\n<p class=\"link-more\"><a href=\"http:\/\/jkoehler.diskstation.me\/wordpress\/diaries\/tagebuch-leningrad-st-petersburg-tbilisi-1991-1993\/leningrad-zweiter-anlauf\/petersburg-13-06-1992\/\" class=\"more-link\">Continue reading<span class=\"screen-reader-text\"> &#8220;Petersburg, 13.06.1992: Lothar &#038; buryatisch-russsiche K\u00fcnstler&#8221;<\/span><\/a><\/p>\n","protected":false},"author":1,"featured_media":998,"parent":587,"menu_order":60,"comment_status":"closed","ping_status":"closed","template":"","meta":{"footnotes":""},"class_list":["post-994","page","type-page","status-publish","has-post-thumbnail","hentry"],"_links":{"self":[{"href":"http:\/\/jkoehler.diskstation.me\/wordpress\/wp-json\/wp\/v2\/pages\/994","targetHints":{"allow":["GET"]}}],"collection":[{"href":"http:\/\/jkoehler.diskstation.me\/wordpress\/wp-json\/wp\/v2\/pages"}],"about":[{"href":"http:\/\/jkoehler.diskstation.me\/wordpress\/wp-json\/wp\/v2\/types\/page"}],"author":[{"embeddable":true,"href":"http:\/\/jkoehler.diskstation.me\/wordpress\/wp-json\/wp\/v2\/users\/1"}],"replies":[{"embeddable":true,"href":"http:\/\/jkoehler.diskstation.me\/wordpress\/wp-json\/wp\/v2\/comments?post=994"}],"version-history":[{"count":6,"href":"http:\/\/jkoehler.diskstation.me\/wordpress\/wp-json\/wp\/v2\/pages\/994\/revisions"}],"predecessor-version":[{"id":1869,"href":"http:\/\/jkoehler.diskstation.me\/wordpress\/wp-json\/wp\/v2\/pages\/994\/revisions\/1869"}],"up":[{"embeddable":true,"href":"http:\/\/jkoehler.diskstation.me\/wordpress\/wp-json\/wp\/v2\/pages\/587"}],"wp:featuredmedia":[{"embeddable":true,"href":"http:\/\/jkoehler.diskstation.me\/wordpress\/wp-json\/wp\/v2\/media\/998"}],"wp:attachment":[{"href":"http:\/\/jkoehler.diskstation.me\/wordpress\/wp-json\/wp\/v2\/media?parent=994"}],"curies":[{"name":"wp","href":"https:\/\/api.w.org\/{rel}","templated":true}]}}