{"id":972,"date":"2018-02-27T16:27:14","date_gmt":"2018-02-27T15:27:14","guid":{"rendered":"http:\/\/jkoehler.diskstation.me\/wordpress\/?page_id=972"},"modified":"2019-03-16T14:15:42","modified_gmt":"2019-03-16T13:15:42","slug":"petersburg-05-06-1992","status":"publish","type":"page","link":"http:\/\/jkoehler.diskstation.me\/wordpress\/diaries\/tagebuch-leningrad-st-petersburg-tbilisi-1991-1993\/leningrad-zweiter-anlauf\/petersburg-05-06-1992\/","title":{"rendered":"Petersburg, 05.06.1992: Reiseplanung &#038; Verlust\u00e4ngste"},"content":{"rendered":"<p>&#8211; Mit Georgien scheint alles soweit zu klappen: Das Konsulat erkl\u00e4rte sich nach reiflicher \u00dcberlegung bereit, es mir schrift\u00adlich zu best\u00e4tigen, da\u00df ich \u00fcberall verrecken darf.<\/p>\n<p>Ich scheine wieder alles verlieren zu wollen: Fee beunruhigte ich mit Im\u00adplikationen bez\u00fcglich Inna und Inna lasse ich nach den sch\u00f6nsten Momenten auch nicht zur Ruhe kommen, indem ich sie mit Erinnerungen an Fee peinige.<\/p>\n<p>&#8211;&gt; <a href=\"http:\/\/jkoehler.diskstation.me\/wordpress\/diaries\/tagebuch-leningrad-st-petersburg-tbilisi-1991-1993\/leningrad-zweiter-anlauf\/petersburg-07-06-1992\/\">next page<\/a><\/p>\n","protected":false},"excerpt":{"rendered":"<p>&#8211; Mit Georgien scheint alles soweit zu klappen: Das Konsulat erkl\u00e4rte sich nach reiflicher \u00dcberlegung bereit, es mir schrift\u00adlich zu best\u00e4tigen, da\u00df ich \u00fcberall verrecken darf. Ich scheine wieder alles verlieren zu wollen: Fee beunruhigte ich mit Im\u00adplikationen bez\u00fcglich Inna und Inna lasse ich nach den sch\u00f6nsten Momenten auch nicht zur Ruhe kommen, indem ich &hellip; <\/p>\n<p class=\"link-more\"><a href=\"http:\/\/jkoehler.diskstation.me\/wordpress\/diaries\/tagebuch-leningrad-st-petersburg-tbilisi-1991-1993\/leningrad-zweiter-anlauf\/petersburg-05-06-1992\/\" class=\"more-link\">Continue reading<span class=\"screen-reader-text\"> &#8220;Petersburg, 05.06.1992: Reiseplanung &#038; Verlust\u00e4ngste&#8221;<\/span><\/a><\/p>\n","protected":false},"author":1,"featured_media":0,"parent":587,"menu_order":56,"comment_status":"closed","ping_status":"closed","template":"","meta":{"footnotes":""},"class_list":["post-972","page","type-page","status-publish","hentry"],"_links":{"self":[{"href":"http:\/\/jkoehler.diskstation.me\/wordpress\/wp-json\/wp\/v2\/pages\/972","targetHints":{"allow":["GET"]}}],"collection":[{"href":"http:\/\/jkoehler.diskstation.me\/wordpress\/wp-json\/wp\/v2\/pages"}],"about":[{"href":"http:\/\/jkoehler.diskstation.me\/wordpress\/wp-json\/wp\/v2\/types\/page"}],"author":[{"embeddable":true,"href":"http:\/\/jkoehler.diskstation.me\/wordpress\/wp-json\/wp\/v2\/users\/1"}],"replies":[{"embeddable":true,"href":"http:\/\/jkoehler.diskstation.me\/wordpress\/wp-json\/wp\/v2\/comments?post=972"}],"version-history":[{"count":3,"href":"http:\/\/jkoehler.diskstation.me\/wordpress\/wp-json\/wp\/v2\/pages\/972\/revisions"}],"predecessor-version":[{"id":1865,"href":"http:\/\/jkoehler.diskstation.me\/wordpress\/wp-json\/wp\/v2\/pages\/972\/revisions\/1865"}],"up":[{"embeddable":true,"href":"http:\/\/jkoehler.diskstation.me\/wordpress\/wp-json\/wp\/v2\/pages\/587"}],"wp:attachment":[{"href":"http:\/\/jkoehler.diskstation.me\/wordpress\/wp-json\/wp\/v2\/media?parent=972"}],"curies":[{"name":"wp","href":"https:\/\/api.w.org\/{rel}","templated":true}]}}