{"id":952,"date":"2018-02-27T14:41:14","date_gmt":"2018-02-27T13:41:14","guid":{"rendered":"http:\/\/jkoehler.diskstation.me\/wordpress\/?page_id=952"},"modified":"2019-03-16T14:15:41","modified_gmt":"2019-03-16T13:15:41","slug":"petersburg-30-05-1992","status":"publish","type":"page","link":"http:\/\/jkoehler.diskstation.me\/wordpress\/diaries\/tagebuch-leningrad-st-petersburg-tbilisi-1991-1993\/leningrad-zweiter-anlauf\/petersburg-30-05-1992\/","title":{"rendered":"Petersburg, 30.05.1992: Nomaden &#038; Byzanz"},"content":{"rendered":"<p>Das Verh\u00e4ltnis der Nomaden jenseits der chinesischen Mauer weist interessante \u00c4hnlichkeiten auf mit dem Verh\u00e4ltnis der Var\u00e4ger (Kiever Russ) zu Byzanz.<\/p>\n<p>Allg. gr\u00fcndete sich in beiden F\u00e4llen ein Staat auf die wirt\u00adschaftliche Ausnutzung eines benachbarten Gro\u00dfreiches. Die Wanderung der Var\u00e4ger nach S\u00fcden war vor allem motiviert von dem Wunsch, sich an dem legend\u00e4ren Byzanz zu bereichern. Da Byzanz als arrogante, egozentrische und im Handel nach Westen ausgerichtete Weltmacht war, die auf wirtschaftliche Beziehungen mit &#8220;Babaren&#8221; nicht im Geringsten angewiesen waren, war diese Bereicherung auf wirt\u00adschaftlichem Wege zun\u00e4chst nicht m\u00f6glich. Daher warfen sich die Normannen politisch ins Gewicht, indem sie den Handel durch Raub und Pl\u00fcnderung w\u00e4hrend ihrer Einf\u00e4lle, st\u00f6rten. Ebenso wie die Mongolen und Turkmenen, hatten sie keinerlei Interesse daran, Byzantinisches Gebiet zu annektieren (wohl aber nicht aus Kulturellen Gr\u00fcnden, wie im Falle der Nomaden, sondern weil es angesichts der milit\u00e4rischen \u00dcbermacht Byzanzes bei einem Stellungskrieg ein aussichtsloses Unterfangen gewesen w\u00e4re). Es ging \u00fcber die ersten 200 Jahre des Bestehens der Kiever Russ vor allem darum, Handel mit Byzanz unter m\u00f6g\u00adlichst profitablen Bedingungen zu f\u00fchren (und notfalls zu er\u00adzwingen).<\/p>\n<p>Byzanz allerdings vermochte es, mit Hilfe einer raffinierten Diplomatie &#8211; und angesichts der \u00e4hnlichen wirtschaftlichen Grundstrukturen (se\u00dfhafte Bauern und H\u00e4ndler) &#8211; eine Byzantisie\u00adrung von Wirtschaftsstrukturen, Staatsstrukturen und kulturellen Wertvorstellungen der Kiever Russ zu erwirken. Dadurch wurde sp\u00e4testens mit der Christianisierung unter Wladimir die erzwungene Vertragsgleichheit abgel\u00f6st von einer tats\u00e4chlichen Auf\u00adnahme dieses neuen Staates in die abendl\u00e4ndische Welt.<\/p>\n<p>&#8211;&gt; <a href=\"http:\/\/jkoehler.diskstation.me\/wordpress\/diaries\/tagebuch-leningrad-st-petersburg-tbilisi-1991-1993\/leningrad-zweiter-anlauf\/petersburg-31-05-1992\/\">next page<\/a><\/p>\n","protected":false},"excerpt":{"rendered":"<p>Das Verh\u00e4ltnis der Nomaden jenseits der chinesischen Mauer weist interessante \u00c4hnlichkeiten auf mit dem Verh\u00e4ltnis der Var\u00e4ger (Kiever Russ) zu Byzanz. Allg. gr\u00fcndete sich in beiden F\u00e4llen ein Staat auf die wirt\u00adschaftliche Ausnutzung eines benachbarten Gro\u00dfreiches. Die Wanderung der Var\u00e4ger nach S\u00fcden war vor allem motiviert von dem Wunsch, sich an dem legend\u00e4ren Byzanz zu &hellip; <\/p>\n<p class=\"link-more\"><a href=\"http:\/\/jkoehler.diskstation.me\/wordpress\/diaries\/tagebuch-leningrad-st-petersburg-tbilisi-1991-1993\/leningrad-zweiter-anlauf\/petersburg-30-05-1992\/\" class=\"more-link\">Continue reading<span class=\"screen-reader-text\"> &#8220;Petersburg, 30.05.1992: Nomaden &#038; Byzanz&#8221;<\/span><\/a><\/p>\n","protected":false},"author":1,"featured_media":961,"parent":587,"menu_order":53,"comment_status":"closed","ping_status":"closed","template":"","meta":{"footnotes":""},"class_list":["post-952","page","type-page","status-publish","has-post-thumbnail","hentry"],"_links":{"self":[{"href":"http:\/\/jkoehler.diskstation.me\/wordpress\/wp-json\/wp\/v2\/pages\/952","targetHints":{"allow":["GET"]}}],"collection":[{"href":"http:\/\/jkoehler.diskstation.me\/wordpress\/wp-json\/wp\/v2\/pages"}],"about":[{"href":"http:\/\/jkoehler.diskstation.me\/wordpress\/wp-json\/wp\/v2\/types\/page"}],"author":[{"embeddable":true,"href":"http:\/\/jkoehler.diskstation.me\/wordpress\/wp-json\/wp\/v2\/users\/1"}],"replies":[{"embeddable":true,"href":"http:\/\/jkoehler.diskstation.me\/wordpress\/wp-json\/wp\/v2\/comments?post=952"}],"version-history":[{"count":3,"href":"http:\/\/jkoehler.diskstation.me\/wordpress\/wp-json\/wp\/v2\/pages\/952\/revisions"}],"predecessor-version":[{"id":1862,"href":"http:\/\/jkoehler.diskstation.me\/wordpress\/wp-json\/wp\/v2\/pages\/952\/revisions\/1862"}],"up":[{"embeddable":true,"href":"http:\/\/jkoehler.diskstation.me\/wordpress\/wp-json\/wp\/v2\/pages\/587"}],"wp:featuredmedia":[{"embeddable":true,"href":"http:\/\/jkoehler.diskstation.me\/wordpress\/wp-json\/wp\/v2\/media\/961"}],"wp:attachment":[{"href":"http:\/\/jkoehler.diskstation.me\/wordpress\/wp-json\/wp\/v2\/media?parent=952"}],"curies":[{"name":"wp","href":"https:\/\/api.w.org\/{rel}","templated":true}]}}