{"id":950,"date":"2018-02-27T14:37:04","date_gmt":"2018-02-27T13:37:04","guid":{"rendered":"http:\/\/jkoehler.diskstation.me\/wordpress\/?page_id=950"},"modified":"2019-03-16T14:15:41","modified_gmt":"2019-03-16T13:15:41","slug":"petersburg-28-05-1992","status":"publish","type":"page","link":"http:\/\/jkoehler.diskstation.me\/wordpress\/diaries\/tagebuch-leningrad-st-petersburg-tbilisi-1991-1993\/leningrad-zweiter-anlauf\/petersburg-28-05-1992\/","title":{"rendered":"Petersburg, 28.05.1992: Mafia als strukturgebende Gewalt; Mahlers 2. Symphonie"},"content":{"rendered":"<p>&#8211; Sie war von schlechter Ern\u00e4hrung schlank und picklig.<\/p>\n<p>&nbsp;<\/p>\n<p>Einen in Innas Hotel wohnenden Stefan, Aspirant der Geschichte, kennengelernt. Das Ph\u00e4nomen Mafia am Wickel gehabt:<\/p>\n<p><a href=\"https:\/\/www.youtube.com\/watch?v=kfFr0aexvIM\">Mafia<\/a> allg. ist eine inoffizielle Organisation von Macht, die \u00fcber ihre Exekutivorgane Gewinn erwirtschaftenden Menschen Schutz vor Schaden garantiert und daf\u00fcr Geld nimmt. Nun kann man differenzieren zwischen a) Schaden, den die Mafia selbst androht; b) Schaden, der von dritten droht und c) Schaden, der sich aus einer Situation der (ojektiven oder subjektiven) Be\u00adnachteiligung ergibt &#8211; vor allem bei Einwanderern. Nationalit\u00e4t und Sprache sind meist die Grenzen des &#8220;Wir-Gef\u00fchls&#8221;.<\/p>\n<p>In L\u00e4ndern nun, in denen die Handel treibende Gesellschafts\u00adschicht eine \u00fcberm\u00e4chtige Kraft geworden ist und folglich eins geworden ist mit dem Staat, garantiert der Staat diesen Schutz ausreichend. Ben\u00f6tigt der Handel die Mafia nicht, scheint es dieser unm\u00f6glich zu sein, sich gegen b\u00fcrgerliche Selbstorganisa\u00adtion durchzusetzen. In diesen F\u00e4llen beschr\u00e4nkt sie sich auf illegale M\u00e4rkte, wie Drogen und Prostitution &#8211; denn dort fehlt die b\u00fcrgerliche Organisation. Zu L\u00e4ndern dieser Kategorie z\u00e4hlen Deutschland, England, Skandinavien und Holland.<\/p>\n<p>In L\u00e4ndern, in denen andere Werte als b\u00fcrgerliche (materielle) eine gr\u00f6\u00dfere Rolle spielen (wie z.B. Gro\u00dffamilie, Stammeszu\u00adgeh\u00f6rigkeit, Ehrenkodex, Glauben usw.), die vom b\u00fcrgerlich organisierten Staat nicht ausreichend erfa\u00dft und gesch\u00fctzt werden, haben Unterorganisatio\u00adnen von Macht eine bessere Chance\u00a0 sich durchzusetzten.<\/p>\n<p>In Ru\u00dfland scheint die Mafia momentan die einzige Instanz zu sein, die dem Handel Form gibt. F\u00fcr den Staat ist das eine Katastrophe, weil ihm die wichtigsten Steuereinnahmen verloren gehen, er dadurch weiter an Finanzmacht einb\u00fc\u00dft und immer ab\u00adh\u00e4ngiger wird von den Mitteln der Mafia und des Auslandes. Angesichts dieses Teufelskreises ist eine Erstarkung der Sehn\u00adsucht nach einem nationalistischen Diktator nicht unwahrscheinlich &#8211; und findet ja auch statt.<\/p>\n<p>F\u00fcr Ru\u00dfland besonders tragisch ist es, da\u00df insbes. die tradi\u00adtionslose russ. Mafia keinerlei Interesse an kulturellen Werten, au\u00dfgenommen den materiellen, hat. Die Intelligenzija ist tragikomischer Weise mit in das untergehende Schiff derer gedr\u00e4ngt worden, von denen sie die letzten 80 Jahre verfolgt worden sind.<\/p>\n<p>&nbsp;<\/p>\n<p>Heute <a href=\"https:\/\/www.youtube.com\/watch?v=sHsFIv8VA7w\">Mahlers 2&#8217;te Symphonie<\/a> in der Philharmonie geh\u00f6rt und mich genug begeistern lassen, morgen nochmal hinzugehen. G\u00fclja, die aserbaidschanische Freundin meiner Schwuchteln hatte mich einge\u00adladen.<\/p>\n<p>&nbsp;<\/p>\n<p>&#8211;&gt; <a href=\"http:\/\/jkoehler.diskstation.me\/wordpress\/diaries\/tagebuch-leningrad-st-petersburg-tbilisi-1991-1993\/leningrad-zweiter-anlauf\/petersburg-30-05-1992\/\">next page<\/a><\/p>\n","protected":false},"excerpt":{"rendered":"<p>&#8211; Sie war von schlechter Ern\u00e4hrung schlank und picklig. &nbsp; Einen in Innas Hotel wohnenden Stefan, Aspirant der Geschichte, kennengelernt. Das Ph\u00e4nomen Mafia am Wickel gehabt: Mafia allg. ist eine inoffizielle Organisation von Macht, die \u00fcber ihre Exekutivorgane Gewinn erwirtschaftenden Menschen Schutz vor Schaden garantiert und daf\u00fcr Geld nimmt. Nun kann man differenzieren zwischen a) &hellip; <\/p>\n<p class=\"link-more\"><a href=\"http:\/\/jkoehler.diskstation.me\/wordpress\/diaries\/tagebuch-leningrad-st-petersburg-tbilisi-1991-1993\/leningrad-zweiter-anlauf\/petersburg-28-05-1992\/\" class=\"more-link\">Continue reading<span class=\"screen-reader-text\"> &#8220;Petersburg, 28.05.1992: Mafia als strukturgebende Gewalt; Mahlers 2. Symphonie&#8221;<\/span><\/a><\/p>\n","protected":false},"author":1,"featured_media":960,"parent":587,"menu_order":52,"comment_status":"closed","ping_status":"closed","template":"","meta":{"footnotes":""},"class_list":["post-950","page","type-page","status-publish","has-post-thumbnail","hentry"],"_links":{"self":[{"href":"http:\/\/jkoehler.diskstation.me\/wordpress\/wp-json\/wp\/v2\/pages\/950","targetHints":{"allow":["GET"]}}],"collection":[{"href":"http:\/\/jkoehler.diskstation.me\/wordpress\/wp-json\/wp\/v2\/pages"}],"about":[{"href":"http:\/\/jkoehler.diskstation.me\/wordpress\/wp-json\/wp\/v2\/types\/page"}],"author":[{"embeddable":true,"href":"http:\/\/jkoehler.diskstation.me\/wordpress\/wp-json\/wp\/v2\/users\/1"}],"replies":[{"embeddable":true,"href":"http:\/\/jkoehler.diskstation.me\/wordpress\/wp-json\/wp\/v2\/comments?post=950"}],"version-history":[{"count":8,"href":"http:\/\/jkoehler.diskstation.me\/wordpress\/wp-json\/wp\/v2\/pages\/950\/revisions"}],"predecessor-version":[{"id":1887,"href":"http:\/\/jkoehler.diskstation.me\/wordpress\/wp-json\/wp\/v2\/pages\/950\/revisions\/1887"}],"up":[{"embeddable":true,"href":"http:\/\/jkoehler.diskstation.me\/wordpress\/wp-json\/wp\/v2\/pages\/587"}],"wp:featuredmedia":[{"embeddable":true,"href":"http:\/\/jkoehler.diskstation.me\/wordpress\/wp-json\/wp\/v2\/media\/960"}],"wp:attachment":[{"href":"http:\/\/jkoehler.diskstation.me\/wordpress\/wp-json\/wp\/v2\/media?parent=950"}],"curies":[{"name":"wp","href":"https:\/\/api.w.org\/{rel}","templated":true}]}}