{"id":947,"date":"2018-02-26T21:58:18","date_gmt":"2018-02-26T20:58:18","guid":{"rendered":"http:\/\/jkoehler.diskstation.me\/wordpress\/?page_id=947"},"modified":"2019-03-16T14:15:41","modified_gmt":"2019-03-16T13:15:41","slug":"petersburg-26-05-1992","status":"publish","type":"page","link":"http:\/\/jkoehler.diskstation.me\/wordpress\/diaries\/tagebuch-leningrad-st-petersburg-tbilisi-1991-1993\/leningrad-zweiter-anlauf\/petersburg-26-05-1992\/","title":{"rendered":"Petersburg, 26.05.1992: Sasha Zappa Zap"},"content":{"rendered":"<p>Nochmal Georgien: Lustig, da\u00df russische Sprache auf Schildern und Tafeln durchweg mit Englisch ersetzt wird. Verzweifelte Abkehr von 200&#8217;dertj\u00e4hriger, ungeliebter Geschichte.<\/p>\n<p>&nbsp;<\/p>\n<p>Hier kommt jetzt immer so ein Typ vorbei (Sascha Tarakanov), der mit mir unbedingt eine Millionen machen will. Au\u00dferdem will er auswandern und sich ein Tonstudio kaufen, um wie Zappa Musik zu machen.<\/p>\n<!--[if lt IE 9]><script>document.createElement('audio');<\/script><![endif]-->\n\t<div class=\"wp-playlist wp-audio-playlist wp-playlist-light\">\n\t\t\t<div class=\"wp-playlist-current-item\"><\/div>\n\t\t<audio controls=\"controls\" preload=\"none\" width=\"503\"\n\t\t\t><\/audio>\n\t<div class=\"wp-playlist-next\"><\/div>\n\t<div class=\"wp-playlist-prev\"><\/div>\n\t<noscript>\n\t<ol>\n\t\t<li><a href='http:\/\/jkoehler.diskstation.me\/wordpress\/wp-content\/uploads\/2018\/03\/AUDIO002_Zappa_Hot-Rats-A.mp3'>AUDIO002_Zappa_Hot Rats A<\/a><\/li><li><a href='http:\/\/jkoehler.diskstation.me\/wordpress\/wp-content\/uploads\/2018\/03\/AUDIO003_Zappa_Hot-Rats-B.mp3'>AUDIO003_Zappa_Hot Rats B<\/a><\/li>\t<\/ol>\n\t<\/noscript>\n\t<script type=\"application\/json\" class=\"wp-playlist-script\">{\"type\":\"audio\",\"tracklist\":true,\"tracknumbers\":true,\"images\":true,\"artists\":true,\"tracks\":[{\"src\":\"http:\\\/\\\/jkoehler.diskstation.me\\\/wordpress\\\/wp-content\\\/uploads\\\/2018\\\/03\\\/AUDIO002_Zappa_Hot-Rats-A.mp3\",\"type\":\"audio\\\/mpeg\",\"title\":\"AUDIO002_Zappa_Hot Rats A\",\"caption\":\"\",\"description\":\"\\\"AUDIO002_Zappa_Hot Rats A\\\".\",\"meta\":{\"length_formatted\":\"21:06\"},\"image\":{\"src\":\"http:\\\/\\\/jkoehler.diskstation.me\\\/wordpress\\\/wp-includes\\\/images\\\/media\\\/audio.svg\",\"width\":48,\"height\":64},\"thumb\":{\"src\":\"http:\\\/\\\/jkoehler.diskstation.me\\\/wordpress\\\/wp-includes\\\/images\\\/media\\\/audio.svg\",\"width\":48,\"height\":64}},{\"src\":\"http:\\\/\\\/jkoehler.diskstation.me\\\/wordpress\\\/wp-content\\\/uploads\\\/2018\\\/03\\\/AUDIO003_Zappa_Hot-Rats-B.mp3\",\"type\":\"audio\\\/mpeg\",\"title\":\"AUDIO003_Zappa_Hot Rats B\",\"caption\":\"\",\"description\":\"\\\"AUDIO003_Zappa_Hot Rats B\\\".\",\"meta\":{\"length_formatted\":\"21:48\"},\"image\":{\"src\":\"http:\\\/\\\/jkoehler.diskstation.me\\\/wordpress\\\/wp-includes\\\/images\\\/media\\\/audio.svg\",\"width\":48,\"height\":64},\"thumb\":{\"src\":\"http:\\\/\\\/jkoehler.diskstation.me\\\/wordpress\\\/wp-includes\\\/images\\\/media\\\/audio.svg\",\"width\":48,\"height\":64}}]}<\/script>\n<\/div>\n\t\n<p>Er macht tats\u00e4chlich gutes Geld mit Kaugummis, die er in Deutschland kauft. Mit mir (oder irgendeinem anderen Deut\u00adschen) will er vor allem deswegen arbeiten, um die Mafia zu umgehen. Die schaltet sich hier n\u00e4mlich, Gewalt vertretend und anwendend, in allen Handel ein. Und Sowjetmafia besteht immerhin aus mindestens drei konkurrierenden Nationalit\u00e4ten: Russen, Georgiern und Aserbaijanern.<\/p>\n<p>So unangenehm Mafiastrukturen dem anst\u00e4ndigen B\u00fcrger auch schei\u00adnen m\u00f6gen, sind sie doch auch historisch ein ganz gew\u00f6hnliches und durchaus logisches Ph\u00e4nomen in Staaten, die seinen Einwoh\u00adnern entweder nicht die zum Handel n\u00f6tigen Infrastrukturen bereitstellt, oder aber den Schutz des profitablen Handels nicht zu gew\u00e4hrleisten in der Lage ist. Im Fall von Russland\/SNG\/UdSSR trifft beides zu. Es gibt f\u00fcr dieses riesige Gebiet halt momen\u00adtan keinen Pax Romana, Pax Mongolia oder Pax Anglia. Und Seaman weist richtig darauf hin, da\u00df die Ausgaben zum Schutz des Han\u00addels (im Fall von funktionierender Staatsmacht Steuern, sonst Schutzgelder) genauso legitim mit zur Kostenaufstellung geh\u00f6ren, wie Transport und Produktion.<\/p>\n<p>Nur ist es nat\u00fcrlich in der Tat anstrengend, mit einem Menschen zu verhandeln, der st\u00e4ndig sein Messer wetzt.<\/p>\n<p>&nbsp;<\/p>\n<p>&#8211;&gt; <a href=\"http:\/\/jkoehler.diskstation.me\/wordpress\/diaries\/tagebuch-leningrad-st-petersburg-tbilisi-1991-1993\/leningrad-zweiter-anlauf\/petersburg-28-05-1992\/\">next page<\/a><\/p>\n","protected":false},"excerpt":{"rendered":"<p>Nochmal Georgien: Lustig, da\u00df russische Sprache auf Schildern und Tafeln durchweg mit Englisch ersetzt wird. Verzweifelte Abkehr von 200&#8217;dertj\u00e4hriger, ungeliebter Geschichte. &nbsp; Hier kommt jetzt immer so ein Typ vorbei (Sascha Tarakanov), der mit mir unbedingt eine Millionen machen will. Au\u00dferdem will er auswandern und sich ein Tonstudio kaufen, um wie Zappa Musik zu machen. &hellip; <\/p>\n<p class=\"link-more\"><a href=\"http:\/\/jkoehler.diskstation.me\/wordpress\/diaries\/tagebuch-leningrad-st-petersburg-tbilisi-1991-1993\/leningrad-zweiter-anlauf\/petersburg-26-05-1992\/\" class=\"more-link\">Continue reading<span class=\"screen-reader-text\"> &#8220;Petersburg, 26.05.1992: Sasha Zappa Zap&#8221;<\/span><\/a><\/p>\n","protected":false},"author":1,"featured_media":959,"parent":587,"menu_order":51,"comment_status":"closed","ping_status":"closed","template":"","meta":{"footnotes":""},"class_list":["post-947","page","type-page","status-publish","has-post-thumbnail","hentry"],"_links":{"self":[{"href":"http:\/\/jkoehler.diskstation.me\/wordpress\/wp-json\/wp\/v2\/pages\/947","targetHints":{"allow":["GET"]}}],"collection":[{"href":"http:\/\/jkoehler.diskstation.me\/wordpress\/wp-json\/wp\/v2\/pages"}],"about":[{"href":"http:\/\/jkoehler.diskstation.me\/wordpress\/wp-json\/wp\/v2\/types\/page"}],"author":[{"embeddable":true,"href":"http:\/\/jkoehler.diskstation.me\/wordpress\/wp-json\/wp\/v2\/users\/1"}],"replies":[{"embeddable":true,"href":"http:\/\/jkoehler.diskstation.me\/wordpress\/wp-json\/wp\/v2\/comments?post=947"}],"version-history":[{"count":5,"href":"http:\/\/jkoehler.diskstation.me\/wordpress\/wp-json\/wp\/v2\/pages\/947\/revisions"}],"predecessor-version":[{"id":1857,"href":"http:\/\/jkoehler.diskstation.me\/wordpress\/wp-json\/wp\/v2\/pages\/947\/revisions\/1857"}],"up":[{"embeddable":true,"href":"http:\/\/jkoehler.diskstation.me\/wordpress\/wp-json\/wp\/v2\/pages\/587"}],"wp:featuredmedia":[{"embeddable":true,"href":"http:\/\/jkoehler.diskstation.me\/wordpress\/wp-json\/wp\/v2\/media\/959"}],"wp:attachment":[{"href":"http:\/\/jkoehler.diskstation.me\/wordpress\/wp-json\/wp\/v2\/media?parent=947"}],"curies":[{"name":"wp","href":"https:\/\/api.w.org\/{rel}","templated":true}]}}