{"id":899,"date":"2018-02-22T17:35:58","date_gmt":"2018-02-22T16:35:58","guid":{"rendered":"http:\/\/jkoehler.diskstation.me\/wordpress\/?page_id=899"},"modified":"2019-03-16T14:15:41","modified_gmt":"2019-03-16T13:15:41","slug":"petersburg-27-04-1992","status":"publish","type":"page","link":"http:\/\/jkoehler.diskstation.me\/wordpress\/diaries\/tagebuch-leningrad-st-petersburg-tbilisi-1991-1993\/leningrad-zweiter-anlauf\/petersburg-27-04-1992\/","title":{"rendered":"Petersburg, 27.04.1992: Orthodoxie &#038; Wege zu Gott"},"content":{"rendered":"<p>Woher r\u00fchrt mein bisweilen zorniger Unwillen gegen\u00fcber Saschas Darstellungen von orthodoxer Religiosit\u00e4t?<\/p>\n<p>Spiritualismus, Mystik, Formeln und Regeln, die den Schwachen helfen sollen, ihren allt\u00e4glichen Eigend\u00fcnkel aufzugeben, ihre Selbstsucht zu schm\u00e4lern, den Weg zu einer religi\u00f6sen Dem\u00fctigung zu s\u00e4ubern gibt es in allen mir bekannten Religionen &#8211; am raffiniertsten wohl bei C. Castaneda. Da diese Formalismen aber gerade das gew\u00f6hnliche (als: gewohnte) Selbstverst\u00e4ndnis brechen sollen, ist dieser sichtbarste Teil des Weges nat\u00fcrlich auf die jeweilige Kultur zugeschnitten, die sich einer Religion bedient, denn das Wort &#8216;Kultur&#8217; beinhaltet ja die erdige, nicht spirituelle Identit\u00e4t (bei Carlos: Tonal). Und ebenso offensichtlich haben sich zumindest in die Massenreligionen auch den jeweiligen Kulturen eigene Selbstverst\u00e4ndlichkeiten unhinterfragt einge\u00adschlichen, \u00fcber Wege des Machtbewu\u00dftseins, Opportunit\u00e4t, allg. S\u00e4kularisierung der Religion. So sind viele Vorstellungen, Axiome und Regeln des Christentums zugeschnitten auf eine se\u00df\u00adhafte, patriarchalische Kultur. Katholizismus akklimatisierte sich noch an das aufkommende st\u00e4dtische B\u00fcrgertum, an adlige Machts\u00adtrukturen, der Protestantismus hat sich dann versucht ganz auf B\u00fcrger und Kleinb\u00fcrger einzustellen. Im ganzen ist das Christen\u00adtum in seinen Formalismen von Orthodoxie \u00fcber Katholizismus zum Protestantismus immer weltlicher und materialistischer geworden.<\/p>\n<p>Es ist naheliegend, da\u00df Orthodoxie daher noch am effektivsten den Eigend\u00fcnkel infrage stellt, weil sie vom westlichen Massen\u00admaterialismus in der Negierung der b\u00fcrgerlichen Entwicklungen des Geistes (Renaissance, Aufkl\u00e4rung, Industrialisierung) der letzten Jhd.&#8217;e am weitesten entfernt ist. Daf\u00fcr sind aber der Orthodoxie patriarchalische Vorstellungen vom Menschen, bes. von der Frau, sehr eng verhaftet. Insofern gibt es auch hier viele Inseln eines nicht angetasteten Selbstverst\u00e4ndnisses, das als solches weltlich ist, weil es sich aus kulturellen Entwicklungen ableitet und nichts mit spiritueller Erkenntnis zu tun hat.<\/p>\n<p>Aufregen tut mich Sascha nun, weil er diesen kulturellen Aspekt nicht erkennt, weil er nur einen Weg zu Gott sieht, f\u00fcr alle Menschen, unabh\u00e4ngig von ihren Kulturen, weil er den Weg als identisch mit Gott bezeichnet und Gott damit an die Erkenntnis des Menschen kettet, nicht trennt zwischen dem Weg <u>weg<\/u> von Eigend\u00fcnkel und materiellem Selbstwertgef\u00fchl und dem Weg <u>zu<\/u> Gott, einem spirituellem Selbstbewu\u00dftsein oder besser: Weltbe\u00adwu\u00dftsein.<\/p>\n<p>&#8211;&gt; <a href=\"http:\/\/jkoehler.diskstation.me\/wordpress\/diaries\/tagebuch-leningrad-st-petersburg-tbilisi-1991-1993\/leningrad-zweiter-anlauf\/petersburg-28-04-1992\/\">next page<\/a><\/p>\n","protected":false},"excerpt":{"rendered":"<p>Woher r\u00fchrt mein bisweilen zorniger Unwillen gegen\u00fcber Saschas Darstellungen von orthodoxer Religiosit\u00e4t? Spiritualismus, Mystik, Formeln und Regeln, die den Schwachen helfen sollen, ihren allt\u00e4glichen Eigend\u00fcnkel aufzugeben, ihre Selbstsucht zu schm\u00e4lern, den Weg zu einer religi\u00f6sen Dem\u00fctigung zu s\u00e4ubern gibt es in allen mir bekannten Religionen &#8211; am raffiniertsten wohl bei C. Castaneda. Da diese Formalismen &hellip; <\/p>\n<p class=\"link-more\"><a href=\"http:\/\/jkoehler.diskstation.me\/wordpress\/diaries\/tagebuch-leningrad-st-petersburg-tbilisi-1991-1993\/leningrad-zweiter-anlauf\/petersburg-27-04-1992\/\" class=\"more-link\">Continue reading<span class=\"screen-reader-text\"> &#8220;Petersburg, 27.04.1992: Orthodoxie &#038; Wege zu Gott&#8221;<\/span><\/a><\/p>\n","protected":false},"author":1,"featured_media":904,"parent":587,"menu_order":42,"comment_status":"closed","ping_status":"closed","template":"","meta":{"footnotes":""},"class_list":["post-899","page","type-page","status-publish","has-post-thumbnail","hentry"],"_links":{"self":[{"href":"http:\/\/jkoehler.diskstation.me\/wordpress\/wp-json\/wp\/v2\/pages\/899","targetHints":{"allow":["GET"]}}],"collection":[{"href":"http:\/\/jkoehler.diskstation.me\/wordpress\/wp-json\/wp\/v2\/pages"}],"about":[{"href":"http:\/\/jkoehler.diskstation.me\/wordpress\/wp-json\/wp\/v2\/types\/page"}],"author":[{"embeddable":true,"href":"http:\/\/jkoehler.diskstation.me\/wordpress\/wp-json\/wp\/v2\/users\/1"}],"replies":[{"embeddable":true,"href":"http:\/\/jkoehler.diskstation.me\/wordpress\/wp-json\/wp\/v2\/comments?post=899"}],"version-history":[{"count":5,"href":"http:\/\/jkoehler.diskstation.me\/wordpress\/wp-json\/wp\/v2\/pages\/899\/revisions"}],"predecessor-version":[{"id":1845,"href":"http:\/\/jkoehler.diskstation.me\/wordpress\/wp-json\/wp\/v2\/pages\/899\/revisions\/1845"}],"up":[{"embeddable":true,"href":"http:\/\/jkoehler.diskstation.me\/wordpress\/wp-json\/wp\/v2\/pages\/587"}],"wp:featuredmedia":[{"embeddable":true,"href":"http:\/\/jkoehler.diskstation.me\/wordpress\/wp-json\/wp\/v2\/media\/904"}],"wp:attachment":[{"href":"http:\/\/jkoehler.diskstation.me\/wordpress\/wp-json\/wp\/v2\/media?parent=899"}],"curies":[{"name":"wp","href":"https:\/\/api.w.org\/{rel}","templated":true}]}}