{"id":874,"date":"2018-02-22T10:21:38","date_gmt":"2018-02-22T09:21:38","guid":{"rendered":"http:\/\/jkoehler.diskstation.me\/wordpress\/?page_id=874"},"modified":"2019-03-16T14:15:40","modified_gmt":"2019-03-16T13:15:40","slug":"piter-13-04-1992","status":"publish","type":"page","link":"http:\/\/jkoehler.diskstation.me\/wordpress\/diaries\/tagebuch-leningrad-st-petersburg-tbilisi-1991-1993\/leningrad-zweiter-anlauf\/piter-13-04-1992\/","title":{"rendered":"Piter, 13.04.1992: Moskau, Tod und Underground"},"content":{"rendered":"<p>In Moskau gewesen und sehr viel Tod getroffen. Der Alte Meister wartete in den verschiedensten Gew\u00e4ndern auf:<\/p>\n<p>&#8211; Materielle Umgebung: Stalinistische Wolkenkratzerimimationen, die unheimlich, wie phantastische Schl\u00f6sser der Dunkelheit aus einem anderen Film aufragen. Es gibt nichts rundes, harmonisches an diesen Wohnphantomen, alles ist spitz, bizarr und dunkel. Daneben steht winzig klein eine himmelblaue Kirche und ein St\u00fcck die Moskwa hinab dann sichtbar der Kreml. Weiter dann, links von der Kusnjetzkij Most, einst privilegierte Wohnbezirke, die von den Bulldozern der Stalinarea vergessen jetzt von selbst auseinanderfallen &#8211; solange bis sie wegen ihrer zentralen Lage von Firmen und Kapitaleignern gekauft werden.<\/p>\n<p>&#8211; Kultur: Einhergehend mit den alten Geb\u00e4uden verfallen die sichtbaren Wurzeln der russischen Kultur. Westschrott und Sehnsucht nach idiotischem Luxus \u00fcberall, die Westimitationen nehmen \u00fcberhand, bewegt man sich im Zentrum auf der Stra\u00dfe.<\/p>\n<p>&#8211; Menschen: (1) Tatjana (Tanja). So scharf wie sch\u00f6n ausgeschnittenes Gesicht. Gebrochene Nase. Geheimnisvoll. Wir sprachen von der unver\u00e4nderlichen Welt, und sie sagte, da\u00df diese sie mehr \u00e4ngstigte als das Gew\u00f6hnliche. Der Tod ist ein naher Begleiter f\u00fcr sie. Sie erfuhr vor vier Jahren, da\u00df sie Krebs habe; damals war sie 16. Die \u00c4rzte gaben ihr vier Jahre, die jetzt abgelaufen sind. Sie verlie\u00df die Krebsstation, um &#8220;Mutter&#8221; zu werden. Seit einiger Zeit hat sie ein Kind von einer schwer kranken Frau, des ihr Kraft und Sinn gibt. Sie hat drei Selbstmordversuche hinter sich (Erh\u00e4ngen, Pulsadern, Tabletten), hat als Hippie von Rechten die Nase plattgehauen bekommen, ist auf Gehei\u00df der Eltern verheiratet worden, hat ihren Mann verlassen, arbeitet als Uni-Dozentin f\u00fcr russische Literatur des Mittelalters und ist einfach atemberaubend sch\u00f6n. War Marie sehr zugetan, hat vielleicht homophile Neigungen.<a href=\"http:\/\/jkoehler.diskstation.me\/wordpress\/wp-content\/uploads\/2018\/02\/IMG_7663.jpg\"><img loading=\"lazy\" decoding=\"async\" class=\"alignleft size-full wp-image-935\" src=\"http:\/\/jkoehler.diskstation.me\/wordpress\/wp-content\/uploads\/2018\/02\/IMG_7663.jpg\" alt=\"\" width=\"750\" height=\"1000\" srcset=\"http:\/\/jkoehler.diskstation.me\/wordpress\/wp-content\/uploads\/2018\/02\/IMG_7663.jpg 750w, http:\/\/jkoehler.diskstation.me\/wordpress\/wp-content\/uploads\/2018\/02\/IMG_7663-225x300.jpg 225w\" sizes=\"auto, (max-width: 706px) 89vw, (max-width: 767px) 82vw, 740px\" \/><\/a><\/p>\n<p>(2) Angestochener Chinese im Treppenhaus. Habe niemals solche Schreie geh\u00f6rt. Als ich ins Treppenhaus rauskam, war alles schon wieder still und ich entschied mich f\u00fcr Katzen. Als Wasja dann aber nach einer halben Stunde Blutbefleckt reinkam, bemerkte ich meinen Fehler schnell. Der Chinese lag blut\u00fcberstr\u00f6mt im Treppenhaus, ein paar Polizisten um sich, die Witze rissen. Die Mafia hatte ihn nicht wirklich umbringen wollen und nur in die untere R\u00fcckenpartie gestochen. Der Polizist, der das ein Stockwerk\u00a0tiefer liegende Gesch\u00e4ft mit MP bewachte, lie\u00df alles gelassen geschehen.<\/p>\n<p>&#8211;&gt; <a href=\"http:\/\/jkoehler.diskstation.me\/wordpress\/diaries\/tagebuch-leningrad-st-petersburg-tbilisi-1991-1993\/leningrad-zweiter-anlauf\/piter-14-04-1992\/\">next page<\/a><\/p>\n","protected":false},"excerpt":{"rendered":"<p>In Moskau gewesen und sehr viel Tod getroffen. Der Alte Meister wartete in den verschiedensten Gew\u00e4ndern auf: &#8211; Materielle Umgebung: Stalinistische Wolkenkratzerimimationen, die unheimlich, wie phantastische Schl\u00f6sser der Dunkelheit aus einem anderen Film aufragen. Es gibt nichts rundes, harmonisches an diesen Wohnphantomen, alles ist spitz, bizarr und dunkel. Daneben steht winzig klein eine himmelblaue Kirche &hellip; <\/p>\n<p class=\"link-more\"><a href=\"http:\/\/jkoehler.diskstation.me\/wordpress\/diaries\/tagebuch-leningrad-st-petersburg-tbilisi-1991-1993\/leningrad-zweiter-anlauf\/piter-13-04-1992\/\" class=\"more-link\">Continue reading<span class=\"screen-reader-text\"> &#8220;Piter, 13.04.1992: Moskau, Tod und Underground&#8221;<\/span><\/a><\/p>\n","protected":false},"author":1,"featured_media":895,"parent":587,"menu_order":38,"comment_status":"closed","ping_status":"closed","template":"","meta":{"footnotes":""},"class_list":["post-874","page","type-page","status-publish","has-post-thumbnail","hentry"],"_links":{"self":[{"href":"http:\/\/jkoehler.diskstation.me\/wordpress\/wp-json\/wp\/v2\/pages\/874","targetHints":{"allow":["GET"]}}],"collection":[{"href":"http:\/\/jkoehler.diskstation.me\/wordpress\/wp-json\/wp\/v2\/pages"}],"about":[{"href":"http:\/\/jkoehler.diskstation.me\/wordpress\/wp-json\/wp\/v2\/types\/page"}],"author":[{"embeddable":true,"href":"http:\/\/jkoehler.diskstation.me\/wordpress\/wp-json\/wp\/v2\/users\/1"}],"replies":[{"embeddable":true,"href":"http:\/\/jkoehler.diskstation.me\/wordpress\/wp-json\/wp\/v2\/comments?post=874"}],"version-history":[{"count":5,"href":"http:\/\/jkoehler.diskstation.me\/wordpress\/wp-json\/wp\/v2\/pages\/874\/revisions"}],"predecessor-version":[{"id":1831,"href":"http:\/\/jkoehler.diskstation.me\/wordpress\/wp-json\/wp\/v2\/pages\/874\/revisions\/1831"}],"up":[{"embeddable":true,"href":"http:\/\/jkoehler.diskstation.me\/wordpress\/wp-json\/wp\/v2\/pages\/587"}],"wp:featuredmedia":[{"embeddable":true,"href":"http:\/\/jkoehler.diskstation.me\/wordpress\/wp-json\/wp\/v2\/media\/895"}],"wp:attachment":[{"href":"http:\/\/jkoehler.diskstation.me\/wordpress\/wp-json\/wp\/v2\/media?parent=874"}],"curies":[{"name":"wp","href":"https:\/\/api.w.org\/{rel}","templated":true}]}}