{"id":807,"date":"2018-02-18T18:46:10","date_gmt":"2018-02-18T17:46:10","guid":{"rendered":"http:\/\/jkoehler.diskstation.me\/wordpress\/?page_id=807"},"modified":"2019-03-16T14:15:40","modified_gmt":"2019-03-16T13:15:40","slug":"petersburg-18-03-1992","status":"publish","type":"page","link":"http:\/\/jkoehler.diskstation.me\/wordpress\/diaries\/tagebuch-leningrad-st-petersburg-tbilisi-1991-1993\/leningrad-zweiter-anlauf\/petersburg-18-03-1992\/","title":{"rendered":"Petersburg, 18.03.1992: Eisdiele, M\u00e4nner aus der Sicht der Frauen, Tallin und Riga mit Inna"},"content":{"rendered":"<p>Gestern ertappte ich mich pl\u00f6tzlich beim Kauf eines Whiskys und mehrerer Tafeln Schokolade im Valutashop. Mit wachsenden Schuldgef\u00fchlen qu\u00e4lte ich mich dann durch die Stra\u00dfen, bis ich mich am sp\u00e4ten Nachmittag, nachdem ich die herrliche Fr\u00fchlingssonne untergegangen hatte, in einem sch\u00e4bigen Eiscaf\u00e9 wiederfand. Dort setzte sich zu mir und meinem mit finnischer Schokolade gespickten Eis ein Alter mit winzig kleiner Enkelin, der er eine ebenso kleine Eisportion zu spendieren in der Lage gewesen war. F\u00fcr das M\u00e4dchen war dies offensichtlich ein Festtag. Der Alte, dem ein von einsamer G\u00fcte in weiche Falten gelegtes Gesicht zueigen war und den ich anhand seiner hohen, ged\u00e4mpften Stimme zun\u00e4chst f\u00fcr eine Frau gehalten hatte, widmete seine ganze Aufmerksamkeit dem Kind, als von Nachbartisch ein unsympathischer junger Mann aufstand (den der Alte vorher fl\u00fcchtig begr\u00fc\u00dft hatte) und das Kind ausschimpfte, dem Alten das Geld aus der Tasche zu essen. Das Kind fing sofort heftig an zu weinen und der Alte tr\u00f6stete es lange mit sanften Worten, bevor es wieder gl\u00fccklich Eis as. Nachdem das Kind gegessen hatte, fragte ich den Opa, ob es Schokolade m\u00f6ge und d\u00fcrfe. Die Augen des Kindes bejahten heftig, w\u00e4rend der Alte peinlich ber\u00fchrt auf die wegen der fielen S\u00fc\u00dfigkeiten schimpfenden Mutter verwies. Als er mich aber fragte, ob es sich um russische Schokolade oder ausl\u00e4ndische handelte, begriff ich, nun selbst peinlich ber\u00fchrt, da\u00df er mich f\u00fcr einen Spekulanten hielt. Es passiert hier in der Tat oft, da\u00df man in den abstrusesten Situationen von Menschen angesprochen wird, ob nicht Pornografie, B\u00fccher, Wodka&#8230; kaufen m\u00f6chte. Ich erwiderte, da\u00df es sich meines Erachtens um finnische Schokolade handelte, die mir von zuhause geschenkt worden war, brach eine Tafel in der Mitte durch (um mein nicht-kommerzielles anliegen zu Zeigen; auch damit er sich nicht weiterverkaufen konnte &#8211; so wie Saschas Vater noch immer einen vor einem Jahr geschenkt bekommen habenden Einwegrasierapparat bei sich tr\u00e4gt, auf eine Gelegenheit wartend, ihn verkaufen zu k\u00f6nnen) und gab sie dem Alten. Die Augen des Kindes leuchteten, als ich mal wieder gehetzt und leicht err\u00f6tet den Raum verlie\u00df.<\/p>\n<p>&nbsp;<\/p>\n<p>Meine Lehrerin findet, da\u00df es in Ru\u00dfland vor allem deshalb eine Geschlechterkrise gibt, weil M\u00e4nner unter einer Feminisation leideten. Das erkl\u00e4rte sie folgenderma\u00dfen: Frauen haben im Verlaufe der letzten 80 Jahren s\u00e4mtliche gesellschaftliche Aufgaben \u00fcbernommen &#8211; nicht selten unfreiwillig. Sie schmei\u00dfen den Haushalt, sind f\u00fcr Kindeserziehung alleinverantwortlich, arbeiten aber vollkommen gleichverpflichtet mit im Arbeitsalltag. Viele Frauen empfanden die Erzeuger ihrer Kinder zu Recht nicht nur als nutzlos in der Alltagsbew\u00e4ltigung, sondern sogar als entscheidende Belastung &#8211; und trennten sich konsequenter Weise von ihnen. So kam es zur heute in der Tat klassischen sowjet-russischen Familie der 70 Jahre: Kinder-Mutter-Gro\u00dfeltern. Die Kinder, die jetzt die <em>kapitalnij remont<\/em> der Landes \u00fcbernehmen m\u00fc\u00dften, dem Land ein neues Gesicht verpassen sollen, kennen also vor allem Frauen &#8211; in Familie, im Kindergarten und in der Schule. Dann das Anti-Mann-Bild in der Armee. All das beg\u00fcnstigte der Argumentation Tatjanas zufolge eine verweichlichte Riege von verantwortungsunlustigen Tunichtguten, die sinnlos auf den Stra\u00dfen l\u00fcmmeln und l\u00e4cherliche Inszenierungen eines importierten M\u00e4nnerbildes darbieten.<\/p>\n<p>Nach Tatjana ist die wichtigste Tugend von M\u00e4nnlichkeit Verantwortungsf\u00e4higkeit und Entscheidungskraft.<\/p>\n<p>B.M. erz\u00e4lte mir gerade von dem Zustand des Kinder-Krankenhauses, indem Ljoschik sich aufgrund einer Fehldiagnose der behandelnden \u00c4rzte liegt. Sie selbst und Marina haben wohl zum ersten Mal seit Monaten das Zimmer saubergemacht. Selbst die Gesichter der Kinder waren schwarz von herumfligendem Staub und Dreck. Alles mu\u00dfte geputzt werden: T\u00fcren, Fenster, Betten. Die Kinder liegen alleine und werden von Verwandten kaum besucht (Besuch ist nat\u00fcrlich auch unerw\u00fcnscht, wegen Infektionsgefahr von der Stra\u00dfe). Einwegspritzen gibt es gar nicht. F\u00fcr eine Abteilung steht eine Schwester zur Verf\u00fcgung. Diese Zust\u00e4nde sind hier die Norm.<\/p>\n<p>&nbsp;<\/p>\n<p>Inna hat ein paar pointierte \u00c4u\u00dferungen zustande gebracht:<a href=\"http:\/\/jkoehler.diskstation.me\/wordpress\/wp-content\/uploads\/2018\/01\/IMG1056-CA-OctNov03.jpg\"><img loading=\"lazy\" decoding=\"async\" class=\"alignleft size-full wp-image-411\" src=\"http:\/\/jkoehler.diskstation.me\/wordpress\/wp-content\/uploads\/2018\/01\/IMG1056-CA-OctNov03.jpg\" alt=\"\" width=\"1000\" height=\"653\" srcset=\"http:\/\/jkoehler.diskstation.me\/wordpress\/wp-content\/uploads\/2018\/01\/IMG1056-CA-OctNov03.jpg 1000w, http:\/\/jkoehler.diskstation.me\/wordpress\/wp-content\/uploads\/2018\/01\/IMG1056-CA-OctNov03-300x196.jpg 300w, http:\/\/jkoehler.diskstation.me\/wordpress\/wp-content\/uploads\/2018\/01\/IMG1056-CA-OctNov03-768x502.jpg 768w\" sizes=\"auto, (max-width: 767px) 89vw, (max-width: 1000px) 54vw, (max-width: 1071px) 543px, 580px\" \/><\/a><\/p>\n<p>&#8211; Wenn ein Mann lange kein Fleisch i\u00dft, kommt er \u00fcbel ab.<\/p>\n<p>&#8211; Wenn eine Frau einen Mann f\u00fcr sich gewinnen will, kann sie ihm ihre Liebe ruhig leidenschaftlich gestehen &#8211; mu\u00df aber gleichzeitig darauf bestehen, da\u00df sie aus irgendwelchen mysteri\u00f6sen Gr\u00fcnden niemals mit ihm seien kann.<\/p>\n<p>&#8211; Wenn ein Mensch ein gro\u00dfes Ziel f\u00fcr sich sieht, mag er alles auf seinem Weg niedertrampeln; wenn dem nicht so ist, soll er doch lieber leise gehen.<\/p>\n<p>Letzteres erkannte sie f\u00fcr sich und fand es deshalb schwachsinnig, Menschen leiden zu lassen, wenn es sich vermeiden lies. Ich glaube ihr &#8211; sie h\u00e4tte Macht und Intelligenz spielend wesentlich mehr Unheil anzurichten, als sie es tut. Sie ist sehr gut, war dies aber nach eigenen Aussagen nicht immer.<\/p>\n<p>&nbsp;<\/p>\n<p>Meine Lehrerin ist wunderbare Gesellschaft: Aufgeschlossen, ironisch, kritisch und vielleicht ein bi\u00dfchen verknallt in mich. Ihr apartes Aussehen in Betracht gezogen, nicht unangenehm.<a href=\"http:\/\/jkoehler.diskstation.me\/wordpress\/wp-content\/uploads\/2018\/02\/DIA_o0092_d\u00f6hle.jpg\"><img loading=\"lazy\" decoding=\"async\" class=\"alignleft size-full wp-image-827\" src=\"http:\/\/jkoehler.diskstation.me\/wordpress\/wp-content\/uploads\/2018\/02\/DIA_o0092_d\u00f6hle.jpg\" alt=\"\" width=\"1000\" height=\"682\" srcset=\"http:\/\/jkoehler.diskstation.me\/wordpress\/wp-content\/uploads\/2018\/02\/DIA_o0092_d\u00f6hle.jpg 1000w, http:\/\/jkoehler.diskstation.me\/wordpress\/wp-content\/uploads\/2018\/02\/DIA_o0092_d\u00f6hle-300x205.jpg 300w, http:\/\/jkoehler.diskstation.me\/wordpress\/wp-content\/uploads\/2018\/02\/DIA_o0092_d\u00f6hle-768x524.jpg 768w\" sizes=\"auto, (max-width: 767px) 89vw, (max-width: 1000px) 54vw, (max-width: 1071px) 543px, 580px\" \/><\/a><\/p>\n<p>Wir spielen jetzt vermehrt das alte &#8220;implizit grabschen&#8221;.<\/p>\n<p>Irina ist doch noch mal mit geliehener Strickjacke aufgetaucht, am letzten Tag ihres Peterburgaufenthaltes. Hat mich und meine Freunde (bes. Alexandra) noch einmal nach Kamtschatka eingeladen und sich beliebt gemacht.<\/p>\n<p>&nbsp;<\/p>\n<p>Am Wochenende war ich mit Inna in Tallin und Riga. Der Winter war sicherheitshalber noch einmal wider Erwarten ausgebrochen und hat mich t\u00fcchtig eingefroren. Ich f\u00fchlte mich in beiden St\u00e4dten tats\u00e4chlich etwas wie daheim in Mitteleuropa, was Architektur, Aussehen und Temperament der Menschen angeht. Tallin finde ich von der Anlage her sch\u00f6ner (Ober- und Unterstadt), es nervt aber das \u00fcbertriebene &#8220;Wir sind der Westen&#8221; Gezeige. Auch die Schaar von Spekulanten und Unmenge von Valutagesch\u00e4ften (vor allem Finnische Mark). Alles ist schon sehr auf finnische Touristen eingestellt. Riga hingegen \u00fcberzeugt mit nordischer Gelassenheit und distanzierter Freundlichkeit.<a href=\"http:\/\/jkoehler.diskstation.me\/wordpress\/wp-content\/uploads\/2018\/02\/IMG1049-CA-OctNov03.jpg\"><img loading=\"lazy\" decoding=\"async\" class=\"alignleft size-full wp-image-826\" src=\"http:\/\/jkoehler.diskstation.me\/wordpress\/wp-content\/uploads\/2018\/02\/IMG1049-CA-OctNov03.jpg\" alt=\"\" width=\"1000\" height=\"653\" srcset=\"http:\/\/jkoehler.diskstation.me\/wordpress\/wp-content\/uploads\/2018\/02\/IMG1049-CA-OctNov03.jpg 1000w, http:\/\/jkoehler.diskstation.me\/wordpress\/wp-content\/uploads\/2018\/02\/IMG1049-CA-OctNov03-300x196.jpg 300w, http:\/\/jkoehler.diskstation.me\/wordpress\/wp-content\/uploads\/2018\/02\/IMG1049-CA-OctNov03-768x502.jpg 768w\" sizes=\"auto, (max-width: 767px) 89vw, (max-width: 1000px) 54vw, (max-width: 1071px) 543px, 580px\" \/><\/a><\/p>\n<p>Inna ist eine hervorragende Begleiterin, hat man sich erst einmal auf ihre verl\u00e4\u00dfliche Unp\u00fcnktlichkeit gew\u00f6hnt. Ob dera verpa\u00dfen wir auch gleich am Freitag den Zug nach Riga, so da\u00df wir um Fru\u00dft zu vermeiden lieber schnell nach Tallin fuhren. F\u00fcr Russen ist Reisen im Land jetzt auch schon irrational teuer geworden.<a href=\"http:\/\/jkoehler.diskstation.me\/wordpress\/wp-content\/uploads\/2018\/02\/IMG1034-CA-OctNov03.jpg\"><img loading=\"lazy\" decoding=\"async\" class=\"alignleft size-full wp-image-821\" src=\"http:\/\/jkoehler.diskstation.me\/wordpress\/wp-content\/uploads\/2018\/02\/IMG1034-CA-OctNov03.jpg\" alt=\"\" width=\"652\" height=\"1000\" srcset=\"http:\/\/jkoehler.diskstation.me\/wordpress\/wp-content\/uploads\/2018\/02\/IMG1034-CA-OctNov03.jpg 652w, http:\/\/jkoehler.diskstation.me\/wordpress\/wp-content\/uploads\/2018\/02\/IMG1034-CA-OctNov03-196x300.jpg 196w\" sizes=\"auto, (max-width: 652px) 100vw, 652px\" \/><\/a><\/p>\n<p>Inna h\u00e4lt alles, was ich zu Beziehungen sagen kann, f\u00fcr Kleingeld, weil ich nicht liebe und somit nur schlau theoretisiere.<\/p>\n<p>\u00dcberhaupt bin ich in einen Jungbrunnen gestiegen; die Menschen halten mich hier f\u00fcr j\u00fcnger und kindlicher als ich mich immer sah und immer gesehen worden bin. Ich selbst f\u00fchle mich auch reiner, unwissender und j\u00fcnger als sonst irgendwann. Es hat viel mit Sprache zu tun &#8211; ich spreche sowieso wie ein Kind. Unschuld gibt es hier in zwei Ausf\u00fchrungen: Als Zeit f\u00fcr Schuldbewu\u00dftsein und Reue, und als Verantwortungsunf\u00e4higkeit und glauben an Verantwortungslosigkeit (mein Schicksal ist einfach so passiert&#8230;).<\/p>\n<p>&#8211;&gt; <a href=\"http:\/\/jkoehler.diskstation.me\/wordpress\/diaries\/tagebuch-leningrad-st-petersburg-tbilisi-1991-1993\/leningrad-zweiter-anlauf\/petersburg-20-03-1992\/\">next page<\/a><\/p>\n","protected":false},"excerpt":{"rendered":"<p>Gestern ertappte ich mich pl\u00f6tzlich beim Kauf eines Whiskys und mehrerer Tafeln Schokolade im Valutashop. Mit wachsenden Schuldgef\u00fchlen qu\u00e4lte ich mich dann durch die Stra\u00dfen, bis ich mich am sp\u00e4ten Nachmittag, nachdem ich die herrliche Fr\u00fchlingssonne untergegangen hatte, in einem sch\u00e4bigen Eiscaf\u00e9 wiederfand. Dort setzte sich zu mir und meinem mit finnischer Schokolade gespickten Eis &hellip; <\/p>\n<p class=\"link-more\"><a href=\"http:\/\/jkoehler.diskstation.me\/wordpress\/diaries\/tagebuch-leningrad-st-petersburg-tbilisi-1991-1993\/leningrad-zweiter-anlauf\/petersburg-18-03-1992\/\" class=\"more-link\">Continue reading<span class=\"screen-reader-text\"> &#8220;Petersburg, 18.03.1992: Eisdiele, M\u00e4nner aus der Sicht der Frauen, Tallin und Riga mit Inna&#8221;<\/span><\/a><\/p>\n","protected":false},"author":1,"featured_media":820,"parent":587,"menu_order":31,"comment_status":"closed","ping_status":"closed","template":"","meta":{"footnotes":""},"class_list":["post-807","page","type-page","status-publish","has-post-thumbnail","hentry"],"_links":{"self":[{"href":"http:\/\/jkoehler.diskstation.me\/wordpress\/wp-json\/wp\/v2\/pages\/807","targetHints":{"allow":["GET"]}}],"collection":[{"href":"http:\/\/jkoehler.diskstation.me\/wordpress\/wp-json\/wp\/v2\/pages"}],"about":[{"href":"http:\/\/jkoehler.diskstation.me\/wordpress\/wp-json\/wp\/v2\/types\/page"}],"author":[{"embeddable":true,"href":"http:\/\/jkoehler.diskstation.me\/wordpress\/wp-json\/wp\/v2\/users\/1"}],"replies":[{"embeddable":true,"href":"http:\/\/jkoehler.diskstation.me\/wordpress\/wp-json\/wp\/v2\/comments?post=807"}],"version-history":[{"count":6,"href":"http:\/\/jkoehler.diskstation.me\/wordpress\/wp-json\/wp\/v2\/pages\/807\/revisions"}],"predecessor-version":[{"id":1822,"href":"http:\/\/jkoehler.diskstation.me\/wordpress\/wp-json\/wp\/v2\/pages\/807\/revisions\/1822"}],"up":[{"embeddable":true,"href":"http:\/\/jkoehler.diskstation.me\/wordpress\/wp-json\/wp\/v2\/pages\/587"}],"wp:featuredmedia":[{"embeddable":true,"href":"http:\/\/jkoehler.diskstation.me\/wordpress\/wp-json\/wp\/v2\/media\/820"}],"wp:attachment":[{"href":"http:\/\/jkoehler.diskstation.me\/wordpress\/wp-json\/wp\/v2\/media?parent=807"}],"curies":[{"name":"wp","href":"https:\/\/api.w.org\/{rel}","templated":true}]}}