{"id":7494,"date":"2019-08-31T19:43:31","date_gmt":"2019-08-31T17:43:31","guid":{"rendered":"http:\/\/jkoehler.diskstation.me\/wordpress\/?page_id=7494"},"modified":"2019-10-07T07:48:26","modified_gmt":"2019-10-07T05:48:26","slug":"22-23-08-1994-wanderung-nach-ushguli","status":"publish","type":"page","link":"http:\/\/jkoehler.diskstation.me\/wordpress\/diaries\/field-diaries-notes\/feldtagebucher-tonaufzeichnungen-1993-bis-1998-studium-magisterarbeit\/22-23-08-1994-wanderung-nach-ushguli\/","title":{"rendered":"Buch 2 \u2013 22.-23.08.1994 Wanderung nach Ushguli"},"content":{"rendered":"\n<ul class=\"wp-block-list\"><li>Wanderung nach Uschguli: Kala, Lagurka -&gt; Raub, Mehltransporte u. \u00dcberf\u00e4lle<\/li><li>die Weisen u. die Ikonen<\/li><li>Aktualit\u00e4t<\/li><li>Kirchen in Uschguli<\/li><li>Sublineages und Inzuchtverbot in Uschguli<\/li><li>M\u00e4dchenknappheit\/-t\u00f6tung&#8221;<\/li><li>Umfang der Feierlichkeiten<\/li><li>Guram Nischaradze (Kulturbringer)<\/li><li>wer ist befugt?<\/li><li>T\u00fcrme (Uschguli)<\/li><li>Uschguli (Einwohner, Schulen\u2026)<\/li><li>Besarion Nischeradze (zwei B\u00fccher \u00fcber Svanetien, 1852-1919)<\/li><li>Wert der Bezeichnung &#8220;Christ&#8221;<\/li><li>Erinnerungstiefe<\/li><li>G: Gr\u00fcnder (Uschguli)&#8221;<\/li><\/ul>\n\n\n\n<figure class=\"wp-block-image size-large\"><img loading=\"lazy\" decoding=\"async\" width=\"1024\" height=\"698\" src=\"http:\/\/jkoehler.diskstation.me\/wordpress\/wp-content\/uploads\/2019\/09\/DIA-Fuji-100_Georgia-Svaneti_1994_0087-1024x698.jpg\" alt=\"\" class=\"wp-image-7605\" srcset=\"http:\/\/jkoehler.diskstation.me\/wordpress\/wp-content\/uploads\/2019\/09\/DIA-Fuji-100_Georgia-Svaneti_1994_0087-1024x698.jpg 1024w, http:\/\/jkoehler.diskstation.me\/wordpress\/wp-content\/uploads\/2019\/09\/DIA-Fuji-100_Georgia-Svaneti_1994_0087-300x204.jpg 300w, http:\/\/jkoehler.diskstation.me\/wordpress\/wp-content\/uploads\/2019\/09\/DIA-Fuji-100_Georgia-Svaneti_1994_0087-768x523.jpg 768w, http:\/\/jkoehler.diskstation.me\/wordpress\/wp-content\/uploads\/2019\/09\/DIA-Fuji-100_Georgia-Svaneti_1994_0087.jpg 1920w\" sizes=\"auto, (max-width: 767px) 89vw, (max-width: 1000px) 54vw, (max-width: 1071px) 543px, 580px\" \/><\/figure>\n\n\n\n<figure class=\"wp-block-gallery columns-1 is-cropped wp-block-gallery-1 is-layout-flex wp-block-gallery-is-layout-flex\"><ul class=\"blocks-gallery-grid\"><li class=\"blocks-gallery-item\"><figure><a href=\"http:\/\/jkoehler.diskstation.me\/wordpress\/wp-content\/uploads\/2019\/08\/image-74-699x1024.png\"><img loading=\"lazy\" decoding=\"async\" width=\"699\" height=\"1024\" src=\"http:\/\/jkoehler.diskstation.me\/wordpress\/wp-content\/uploads\/2019\/08\/image-74-699x1024.png\" alt=\"\" data-id=\"7503\" class=\"wp-image-7503\" srcset=\"http:\/\/jkoehler.diskstation.me\/wordpress\/wp-content\/uploads\/2019\/08\/image-74-699x1024.png 699w, http:\/\/jkoehler.diskstation.me\/wordpress\/wp-content\/uploads\/2019\/08\/image-74-205x300.png 205w, http:\/\/jkoehler.diskstation.me\/wordpress\/wp-content\/uploads\/2019\/08\/image-74-768x1125.png 768w, http:\/\/jkoehler.diskstation.me\/wordpress\/wp-content\/uploads\/2019\/08\/image-74.png 1292w\" sizes=\"auto, (max-width: 699px) 100vw, 699px\" \/><\/a><\/figure><\/li><\/ul><\/figure>\n\n\n\n<figure class=\"wp-block-gallery columns-1 is-cropped wp-block-gallery-2 is-layout-flex wp-block-gallery-is-layout-flex\"><ul class=\"blocks-gallery-grid\"><li class=\"blocks-gallery-item\"><figure><a href=\"http:\/\/jkoehler.diskstation.me\/wordpress\/wp-content\/uploads\/2019\/08\/image-75-709x1024.png\"><img loading=\"lazy\" decoding=\"async\" width=\"709\" height=\"1024\" src=\"http:\/\/jkoehler.diskstation.me\/wordpress\/wp-content\/uploads\/2019\/08\/image-75-709x1024.png\" alt=\"\" data-id=\"7504\" class=\"wp-image-7504\" srcset=\"http:\/\/jkoehler.diskstation.me\/wordpress\/wp-content\/uploads\/2019\/08\/image-75-709x1024.png 709w, http:\/\/jkoehler.diskstation.me\/wordpress\/wp-content\/uploads\/2019\/08\/image-75-208x300.png 208w, http:\/\/jkoehler.diskstation.me\/wordpress\/wp-content\/uploads\/2019\/08\/image-75-768x1110.png 768w, http:\/\/jkoehler.diskstation.me\/wordpress\/wp-content\/uploads\/2019\/08\/image-75.png 1305w\" sizes=\"auto, (max-width: 709px) 100vw, 709px\" \/><\/a><\/figure><\/li><\/ul><\/figure>\n\n\n\n<figure class=\"wp-block-gallery columns-1 is-cropped wp-block-gallery-3 is-layout-flex wp-block-gallery-is-layout-flex\"><ul class=\"blocks-gallery-grid\"><li class=\"blocks-gallery-item\"><figure><a href=\"http:\/\/jkoehler.diskstation.me\/wordpress\/wp-content\/uploads\/2019\/08\/image-76-691x1024.png\"><img loading=\"lazy\" decoding=\"async\" width=\"691\" height=\"1024\" src=\"http:\/\/jkoehler.diskstation.me\/wordpress\/wp-content\/uploads\/2019\/08\/image-76-691x1024.png\" alt=\"\" data-id=\"7505\" class=\"wp-image-7505\" srcset=\"http:\/\/jkoehler.diskstation.me\/wordpress\/wp-content\/uploads\/2019\/08\/image-76-691x1024.png 691w, http:\/\/jkoehler.diskstation.me\/wordpress\/wp-content\/uploads\/2019\/08\/image-76-202x300.png 202w, http:\/\/jkoehler.diskstation.me\/wordpress\/wp-content\/uploads\/2019\/08\/image-76-768x1139.png 768w, http:\/\/jkoehler.diskstation.me\/wordpress\/wp-content\/uploads\/2019\/08\/image-76.png 1293w\" sizes=\"auto, (max-width: 691px) 100vw, 691px\" \/><\/a><\/figure><\/li><\/ul><\/figure>\n\n\n\n<figure class=\"wp-block-gallery columns-1 is-cropped wp-block-gallery-4 is-layout-flex wp-block-gallery-is-layout-flex\"><ul class=\"blocks-gallery-grid\"><li class=\"blocks-gallery-item\"><figure><a href=\"http:\/\/jkoehler.diskstation.me\/wordpress\/wp-content\/uploads\/2019\/08\/image-77-697x1024.png\"><img loading=\"lazy\" decoding=\"async\" width=\"697\" height=\"1024\" src=\"http:\/\/jkoehler.diskstation.me\/wordpress\/wp-content\/uploads\/2019\/08\/image-77-697x1024.png\" alt=\"\" data-id=\"7506\" class=\"wp-image-7506\" srcset=\"http:\/\/jkoehler.diskstation.me\/wordpress\/wp-content\/uploads\/2019\/08\/image-77-697x1024.png 697w, http:\/\/jkoehler.diskstation.me\/wordpress\/wp-content\/uploads\/2019\/08\/image-77-204x300.png 204w, http:\/\/jkoehler.diskstation.me\/wordpress\/wp-content\/uploads\/2019\/08\/image-77-768x1128.png 768w, http:\/\/jkoehler.diskstation.me\/wordpress\/wp-content\/uploads\/2019\/08\/image-77.png 1302w\" sizes=\"auto, (max-width: 697px) 100vw, 697px\" \/><\/a><\/figure><\/li><\/ul><\/figure>\n\n\n\n<figure class=\"wp-block-gallery columns-3 is-cropped wp-block-gallery-5 is-layout-flex wp-block-gallery-is-layout-flex\"><ul class=\"blocks-gallery-grid\"><li class=\"blocks-gallery-item\"><figure><a href=\"http:\/\/jkoehler.diskstation.me\/wordpress\/wp-content\/uploads\/2019\/09\/DIA-Fuji-100_Georgia-Svaneti_1994_0074.jpg\"><img loading=\"lazy\" decoding=\"async\" width=\"1024\" height=\"689\" src=\"http:\/\/jkoehler.diskstation.me\/wordpress\/wp-content\/uploads\/2019\/09\/DIA-Fuji-100_Georgia-Svaneti_1994_0074-1024x689.jpg\" alt=\"\" data-id=\"7606\" data-full-url=\"http:\/\/jkoehler.diskstation.me\/wordpress\/wp-content\/uploads\/2019\/09\/DIA-Fuji-100_Georgia-Svaneti_1994_0074.jpg\" data-link=\"http:\/\/jkoehler.diskstation.me\/wordpress\/diaries\/field-diaries-notes\/feldtagebucher-tonaufzeichnungen-1993-bis-1998-studium-magisterarbeit\/22-23-08-1994-wanderung-nach-ushguli\/dia-fuji-100_georgia-svaneti_1994_0074\/\" class=\"wp-image-7606\" srcset=\"http:\/\/jkoehler.diskstation.me\/wordpress\/wp-content\/uploads\/2019\/09\/DIA-Fuji-100_Georgia-Svaneti_1994_0074-1024x689.jpg 1024w, http:\/\/jkoehler.diskstation.me\/wordpress\/wp-content\/uploads\/2019\/09\/DIA-Fuji-100_Georgia-Svaneti_1994_0074-300x202.jpg 300w, http:\/\/jkoehler.diskstation.me\/wordpress\/wp-content\/uploads\/2019\/09\/DIA-Fuji-100_Georgia-Svaneti_1994_0074-768x517.jpg 768w, http:\/\/jkoehler.diskstation.me\/wordpress\/wp-content\/uploads\/2019\/09\/DIA-Fuji-100_Georgia-Svaneti_1994_0074.jpg 1920w\" sizes=\"auto, (max-width: 767px) 89vw, (max-width: 1000px) 54vw, (max-width: 1071px) 543px, 580px\" \/><\/a><\/figure><\/li><li class=\"blocks-gallery-item\"><figure><a href=\"http:\/\/jkoehler.diskstation.me\/wordpress\/wp-content\/uploads\/2019\/09\/DIA-Fuji-100_Georgia-Svaneti_1994_0085.jpg\"><img loading=\"lazy\" decoding=\"async\" width=\"1024\" height=\"689\" src=\"http:\/\/jkoehler.diskstation.me\/wordpress\/wp-content\/uploads\/2019\/09\/DIA-Fuji-100_Georgia-Svaneti_1994_0085-1024x689.jpg\" alt=\"\" data-id=\"7607\" data-full-url=\"http:\/\/jkoehler.diskstation.me\/wordpress\/wp-content\/uploads\/2019\/09\/DIA-Fuji-100_Georgia-Svaneti_1994_0085.jpg\" data-link=\"http:\/\/jkoehler.diskstation.me\/wordpress\/diaries\/field-diaries-notes\/feldtagebucher-tonaufzeichnungen-1993-bis-1998-studium-magisterarbeit\/22-23-08-1994-wanderung-nach-ushguli\/dia-fuji-100_georgia-svaneti_1994_0085\/\" class=\"wp-image-7607\" srcset=\"http:\/\/jkoehler.diskstation.me\/wordpress\/wp-content\/uploads\/2019\/09\/DIA-Fuji-100_Georgia-Svaneti_1994_0085-1024x689.jpg 1024w, http:\/\/jkoehler.diskstation.me\/wordpress\/wp-content\/uploads\/2019\/09\/DIA-Fuji-100_Georgia-Svaneti_1994_0085-300x202.jpg 300w, http:\/\/jkoehler.diskstation.me\/wordpress\/wp-content\/uploads\/2019\/09\/DIA-Fuji-100_Georgia-Svaneti_1994_0085-768x517.jpg 768w, http:\/\/jkoehler.diskstation.me\/wordpress\/wp-content\/uploads\/2019\/09\/DIA-Fuji-100_Georgia-Svaneti_1994_0085.jpg 1920w\" sizes=\"auto, (max-width: 767px) 89vw, (max-width: 1000px) 54vw, (max-width: 1071px) 543px, 580px\" \/><\/a><\/figure><\/li><li class=\"blocks-gallery-item\"><figure><a href=\"http:\/\/jkoehler.diskstation.me\/wordpress\/wp-content\/uploads\/2019\/09\/DIA-Fuji-100_Georgia-Svaneti_1994_0086.jpg\"><img loading=\"lazy\" decoding=\"async\" width=\"1024\" height=\"689\" src=\"http:\/\/jkoehler.diskstation.me\/wordpress\/wp-content\/uploads\/2019\/09\/DIA-Fuji-100_Georgia-Svaneti_1994_0086-1024x689.jpg\" alt=\"\" data-id=\"7608\" data-full-url=\"http:\/\/jkoehler.diskstation.me\/wordpress\/wp-content\/uploads\/2019\/09\/DIA-Fuji-100_Georgia-Svaneti_1994_0086.jpg\" data-link=\"http:\/\/jkoehler.diskstation.me\/wordpress\/diaries\/field-diaries-notes\/feldtagebucher-tonaufzeichnungen-1993-bis-1998-studium-magisterarbeit\/22-23-08-1994-wanderung-nach-ushguli\/dia-fuji-100_georgia-svaneti_1994_0086\/\" class=\"wp-image-7608\" srcset=\"http:\/\/jkoehler.diskstation.me\/wordpress\/wp-content\/uploads\/2019\/09\/DIA-Fuji-100_Georgia-Svaneti_1994_0086-1024x689.jpg 1024w, http:\/\/jkoehler.diskstation.me\/wordpress\/wp-content\/uploads\/2019\/09\/DIA-Fuji-100_Georgia-Svaneti_1994_0086-300x202.jpg 300w, http:\/\/jkoehler.diskstation.me\/wordpress\/wp-content\/uploads\/2019\/09\/DIA-Fuji-100_Georgia-Svaneti_1994_0086-768x517.jpg 768w, http:\/\/jkoehler.diskstation.me\/wordpress\/wp-content\/uploads\/2019\/09\/DIA-Fuji-100_Georgia-Svaneti_1994_0086.jpg 1920w\" sizes=\"auto, (max-width: 767px) 89vw, (max-width: 1000px) 54vw, (max-width: 1071px) 543px, 580px\" \/><\/a><\/figure><\/li><li class=\"blocks-gallery-item\"><figure><a href=\"http:\/\/jkoehler.diskstation.me\/wordpress\/wp-content\/uploads\/2019\/09\/DIA-Fuji-100_Georgia-Svaneti_1994_0088.jpg\"><img loading=\"lazy\" decoding=\"async\" width=\"1024\" height=\"689\" src=\"http:\/\/jkoehler.diskstation.me\/wordpress\/wp-content\/uploads\/2019\/09\/DIA-Fuji-100_Georgia-Svaneti_1994_0088-1024x689.jpg\" alt=\"\" data-id=\"7609\" data-full-url=\"http:\/\/jkoehler.diskstation.me\/wordpress\/wp-content\/uploads\/2019\/09\/DIA-Fuji-100_Georgia-Svaneti_1994_0088.jpg\" data-link=\"http:\/\/jkoehler.diskstation.me\/wordpress\/diaries\/field-diaries-notes\/feldtagebucher-tonaufzeichnungen-1993-bis-1998-studium-magisterarbeit\/22-23-08-1994-wanderung-nach-ushguli\/dia-fuji-100_georgia-svaneti_1994_0088\/\" class=\"wp-image-7609\" srcset=\"http:\/\/jkoehler.diskstation.me\/wordpress\/wp-content\/uploads\/2019\/09\/DIA-Fuji-100_Georgia-Svaneti_1994_0088-1024x689.jpg 1024w, http:\/\/jkoehler.diskstation.me\/wordpress\/wp-content\/uploads\/2019\/09\/DIA-Fuji-100_Georgia-Svaneti_1994_0088-300x202.jpg 300w, http:\/\/jkoehler.diskstation.me\/wordpress\/wp-content\/uploads\/2019\/09\/DIA-Fuji-100_Georgia-Svaneti_1994_0088-768x517.jpg 768w, http:\/\/jkoehler.diskstation.me\/wordpress\/wp-content\/uploads\/2019\/09\/DIA-Fuji-100_Georgia-Svaneti_1994_0088.jpg 1920w\" sizes=\"auto, (max-width: 767px) 89vw, (max-width: 1000px) 54vw, (max-width: 1071px) 543px, 580px\" \/><\/a><\/figure><\/li><li class=\"blocks-gallery-item\"><figure><a href=\"http:\/\/jkoehler.diskstation.me\/wordpress\/wp-content\/uploads\/2019\/09\/DIA-Fuji-100_Georgia-Svaneti_1994_0089.jpg\"><img loading=\"lazy\" decoding=\"async\" width=\"1024\" height=\"674\" src=\"http:\/\/jkoehler.diskstation.me\/wordpress\/wp-content\/uploads\/2019\/09\/DIA-Fuji-100_Georgia-Svaneti_1994_0089-1024x674.jpg\" alt=\"\" data-id=\"7610\" data-full-url=\"http:\/\/jkoehler.diskstation.me\/wordpress\/wp-content\/uploads\/2019\/09\/DIA-Fuji-100_Georgia-Svaneti_1994_0089.jpg\" data-link=\"http:\/\/jkoehler.diskstation.me\/wordpress\/diaries\/field-diaries-notes\/feldtagebucher-tonaufzeichnungen-1993-bis-1998-studium-magisterarbeit\/22-23-08-1994-wanderung-nach-ushguli\/dia-fuji-100_georgia-svaneti_1994_0089-2\/\" class=\"wp-image-7610\" srcset=\"http:\/\/jkoehler.diskstation.me\/wordpress\/wp-content\/uploads\/2019\/09\/DIA-Fuji-100_Georgia-Svaneti_1994_0089-1024x674.jpg 1024w, http:\/\/jkoehler.diskstation.me\/wordpress\/wp-content\/uploads\/2019\/09\/DIA-Fuji-100_Georgia-Svaneti_1994_0089-300x197.jpg 300w, http:\/\/jkoehler.diskstation.me\/wordpress\/wp-content\/uploads\/2019\/09\/DIA-Fuji-100_Georgia-Svaneti_1994_0089-768x505.jpg 768w, http:\/\/jkoehler.diskstation.me\/wordpress\/wp-content\/uploads\/2019\/09\/DIA-Fuji-100_Georgia-Svaneti_1994_0089.jpg 1920w\" sizes=\"auto, (max-width: 767px) 89vw, (max-width: 1000px) 54vw, (max-width: 1071px) 543px, 580px\" \/><\/a><\/figure><\/li><li class=\"blocks-gallery-item\"><figure><a href=\"http:\/\/jkoehler.diskstation.me\/wordpress\/wp-content\/uploads\/2019\/09\/DIA-Fuji-100_Georgia-Svaneti_1994_0090.jpg\"><img loading=\"lazy\" decoding=\"async\" width=\"1024\" height=\"689\" src=\"http:\/\/jkoehler.diskstation.me\/wordpress\/wp-content\/uploads\/2019\/09\/DIA-Fuji-100_Georgia-Svaneti_1994_0090-1024x689.jpg\" alt=\"\" data-id=\"7611\" data-full-url=\"http:\/\/jkoehler.diskstation.me\/wordpress\/wp-content\/uploads\/2019\/09\/DIA-Fuji-100_Georgia-Svaneti_1994_0090.jpg\" data-link=\"http:\/\/jkoehler.diskstation.me\/wordpress\/diaries\/field-diaries-notes\/feldtagebucher-tonaufzeichnungen-1993-bis-1998-studium-magisterarbeit\/22-23-08-1994-wanderung-nach-ushguli\/dia-fuji-100_georgia-svaneti_1994_0090\/\" class=\"wp-image-7611\" srcset=\"http:\/\/jkoehler.diskstation.me\/wordpress\/wp-content\/uploads\/2019\/09\/DIA-Fuji-100_Georgia-Svaneti_1994_0090-1024x689.jpg 1024w, http:\/\/jkoehler.diskstation.me\/wordpress\/wp-content\/uploads\/2019\/09\/DIA-Fuji-100_Georgia-Svaneti_1994_0090-300x202.jpg 300w, http:\/\/jkoehler.diskstation.me\/wordpress\/wp-content\/uploads\/2019\/09\/DIA-Fuji-100_Georgia-Svaneti_1994_0090-768x517.jpg 768w, http:\/\/jkoehler.diskstation.me\/wordpress\/wp-content\/uploads\/2019\/09\/DIA-Fuji-100_Georgia-Svaneti_1994_0090.jpg 1920w\" sizes=\"auto, (max-width: 767px) 89vw, (max-width: 1000px) 54vw, (max-width: 1071px) 543px, 580px\" \/><\/a><\/figure><\/li><li class=\"blocks-gallery-item\"><figure><a href=\"http:\/\/jkoehler.diskstation.me\/wordpress\/wp-content\/uploads\/2019\/09\/DIA-Fuji-100_Georgia-Svaneti_1994_0091.jpg\"><img loading=\"lazy\" decoding=\"async\" width=\"1024\" height=\"689\" src=\"http:\/\/jkoehler.diskstation.me\/wordpress\/wp-content\/uploads\/2019\/09\/DIA-Fuji-100_Georgia-Svaneti_1994_0091-1024x689.jpg\" alt=\"\" data-id=\"7612\" data-full-url=\"http:\/\/jkoehler.diskstation.me\/wordpress\/wp-content\/uploads\/2019\/09\/DIA-Fuji-100_Georgia-Svaneti_1994_0091.jpg\" data-link=\"http:\/\/jkoehler.diskstation.me\/wordpress\/diaries\/field-diaries-notes\/feldtagebucher-tonaufzeichnungen-1993-bis-1998-studium-magisterarbeit\/22-23-08-1994-wanderung-nach-ushguli\/dia-fuji-100_georgia-svaneti_1994_0091\/\" class=\"wp-image-7612\" srcset=\"http:\/\/jkoehler.diskstation.me\/wordpress\/wp-content\/uploads\/2019\/09\/DIA-Fuji-100_Georgia-Svaneti_1994_0091-1024x689.jpg 1024w, http:\/\/jkoehler.diskstation.me\/wordpress\/wp-content\/uploads\/2019\/09\/DIA-Fuji-100_Georgia-Svaneti_1994_0091-300x202.jpg 300w, http:\/\/jkoehler.diskstation.me\/wordpress\/wp-content\/uploads\/2019\/09\/DIA-Fuji-100_Georgia-Svaneti_1994_0091-768x517.jpg 768w, http:\/\/jkoehler.diskstation.me\/wordpress\/wp-content\/uploads\/2019\/09\/DIA-Fuji-100_Georgia-Svaneti_1994_0091.jpg 1920w\" sizes=\"auto, (max-width: 767px) 89vw, (max-width: 1000px) 54vw, (max-width: 1071px) 543px, 580px\" \/><\/a><\/figure><\/li><\/ul><\/figure>\n\n\n\n<p>&#8211;> <a href=\"http:\/\/jkoehler.diskstation.me\/wordpress\/diaries\/field-diaries-notes\/feldtagebucher-tonaufzeichnungen-1993-bis-1998-studium-magisterarbeit\/25-08-1994-mestia-verhaltnis-zu-deutschland-rituale-jungs\/\">next<\/a><\/p>\n\n\n\n<p> <a href=\"http:\/\/jkoehler.diskstation.me\/wordpress\/diaries\/field-diaries-notes\/feldtagebucher-tonaufzeichnungen-1993-bis-1998-studium-magisterarbeit\/\">\u2191 One level up \u2191<\/a> <\/p>\n","protected":false},"excerpt":{"rendered":"<p>Wanderung nach Uschguli: Kala, Lagurka -&gt; Raub, Mehltransporte u. \u00dcberf\u00e4lle die Weisen u. die Ikonen Aktualit\u00e4t Kirchen in Uschguli Sublineages und Inzuchtverbot in Uschguli M\u00e4dchenknappheit\/-t\u00f6tung&#8221; Umfang der Feierlichkeiten Guram Nischaradze (Kulturbringer) wer ist befugt? T\u00fcrme (Uschguli) Uschguli (Einwohner, Schulen\u2026) Besarion Nischeradze (zwei B\u00fccher \u00fcber Svanetien, 1852-1919) Wert der Bezeichnung &#8220;Christ&#8221; Erinnerungstiefe G: Gr\u00fcnder (Uschguli)&#8221; &#8211;> &hellip; <\/p>\n<p class=\"link-more\"><a href=\"http:\/\/jkoehler.diskstation.me\/wordpress\/diaries\/field-diaries-notes\/feldtagebucher-tonaufzeichnungen-1993-bis-1998-studium-magisterarbeit\/22-23-08-1994-wanderung-nach-ushguli\/\" class=\"more-link\">Continue reading<span class=\"screen-reader-text\"> &#8220;Buch 2 \u2013 22.-23.08.1994 Wanderung nach Ushguli&#8221;<\/span><\/a><\/p>\n","protected":false},"author":1,"featured_media":7604,"parent":5859,"menu_order":51,"comment_status":"closed","ping_status":"closed","template":"","meta":{"footnotes":""},"class_list":["post-7494","page","type-page","status-publish","has-post-thumbnail","hentry"],"_links":{"self":[{"href":"http:\/\/jkoehler.diskstation.me\/wordpress\/wp-json\/wp\/v2\/pages\/7494","targetHints":{"allow":["GET"]}}],"collection":[{"href":"http:\/\/jkoehler.diskstation.me\/wordpress\/wp-json\/wp\/v2\/pages"}],"about":[{"href":"http:\/\/jkoehler.diskstation.me\/wordpress\/wp-json\/wp\/v2\/types\/page"}],"author":[{"embeddable":true,"href":"http:\/\/jkoehler.diskstation.me\/wordpress\/wp-json\/wp\/v2\/users\/1"}],"replies":[{"embeddable":true,"href":"http:\/\/jkoehler.diskstation.me\/wordpress\/wp-json\/wp\/v2\/comments?post=7494"}],"version-history":[{"count":5,"href":"http:\/\/jkoehler.diskstation.me\/wordpress\/wp-json\/wp\/v2\/pages\/7494\/revisions"}],"predecessor-version":[{"id":8189,"href":"http:\/\/jkoehler.diskstation.me\/wordpress\/wp-json\/wp\/v2\/pages\/7494\/revisions\/8189"}],"up":[{"embeddable":true,"href":"http:\/\/jkoehler.diskstation.me\/wordpress\/wp-json\/wp\/v2\/pages\/5859"}],"wp:featuredmedia":[{"embeddable":true,"href":"http:\/\/jkoehler.diskstation.me\/wordpress\/wp-json\/wp\/v2\/media\/7604"}],"wp:attachment":[{"href":"http:\/\/jkoehler.diskstation.me\/wordpress\/wp-json\/wp\/v2\/media?parent=7494"}],"curies":[{"name":"wp","href":"https:\/\/api.w.org\/{rel}","templated":true}]}}