{"id":7485,"date":"2019-08-31T19:37:56","date_gmt":"2019-08-31T17:37:56","guid":{"rendered":"http:\/\/jkoehler.diskstation.me\/wordpress\/?page_id=7485"},"modified":"2019-10-07T07:47:58","modified_gmt":"2019-10-07T05:47:58","slug":"21-08-1994-mestia-mord-an-mchedliani","status":"publish","type":"page","link":"http:\/\/jkoehler.diskstation.me\/wordpress\/diaries\/field-diaries-notes\/feldtagebucher-tonaufzeichnungen-1993-bis-1998-studium-magisterarbeit\/21-08-1994-mestia-mord-an-mchedliani\/","title":{"rendered":"Buch 2 \u2013 21.08.1994 Mestia &#8211; Mord an Mchedliani"},"content":{"rendered":"\n<ul class=\"wp-block-list\"><li>B: Mord am Mchedliani: Frische Fassung<\/li><li>Regeln<\/li><li>Otars Morde in Odessa&#8221;<\/li><li>Wunsch, den luschnu samorn\u00e4l nach dem Mord am Mchedliani wiederherzustellen<\/li><li>Familiennamen und Schutz kleiner Clans<\/li><li>Kako&#8217;s Stammbaum (gabischi na\u00b0c\u00e4r)<\/li><li>sanktionierte u. nicht sanktionierte Rache verwandtschaftsabh\u00e4ngig<\/li><li>Schwur bei kleinen Delikten<\/li><li>Kauf des starken Familiennahmens<\/li><li>Micho \u00fcber Position der Sklaven<\/li><li>Feiernde Gruppe<\/li><li>Beweinen<\/li><li>Familie; \u00f6rtlich; milit\u00e4risch; religi\u00f6s -&gt; Autorit\u00e4ten, Geschite<\/li><li>Verpflichtungen, die Verwandtschaft mit sich bringt (Uschguli)<\/li><\/ul>\n\n\n\n<figure class=\"wp-block-gallery columns-1 is-cropped wp-block-gallery-1 is-layout-flex wp-block-gallery-is-layout-flex\"><ul class=\"blocks-gallery-grid\"><li class=\"blocks-gallery-item\"><figure><a href=\"http:\/\/jkoehler.diskstation.me\/wordpress\/wp-content\/uploads\/2019\/08\/image-68-1024x526.png\"><img loading=\"lazy\" decoding=\"async\" width=\"1024\" height=\"526\" src=\"http:\/\/jkoehler.diskstation.me\/wordpress\/wp-content\/uploads\/2019\/08\/image-68-1024x526.png\" alt=\"\" data-id=\"7495\" class=\"wp-image-7495\" srcset=\"http:\/\/jkoehler.diskstation.me\/wordpress\/wp-content\/uploads\/2019\/08\/image-68-1024x526.png 1024w, http:\/\/jkoehler.diskstation.me\/wordpress\/wp-content\/uploads\/2019\/08\/image-68-300x154.png 300w, http:\/\/jkoehler.diskstation.me\/wordpress\/wp-content\/uploads\/2019\/08\/image-68-768x394.png 768w, http:\/\/jkoehler.diskstation.me\/wordpress\/wp-content\/uploads\/2019\/08\/image-68.png 1285w\" sizes=\"auto, (max-width: 767px) 89vw, (max-width: 1000px) 54vw, (max-width: 1071px) 543px, 580px\" \/><\/a><\/figure><\/li><\/ul><\/figure>\n\n\n\n<figure class=\"wp-block-gallery columns-1 is-cropped wp-block-gallery-2 is-layout-flex wp-block-gallery-is-layout-flex\"><ul class=\"blocks-gallery-grid\"><li class=\"blocks-gallery-item\"><figure><a href=\"http:\/\/jkoehler.diskstation.me\/wordpress\/wp-content\/uploads\/2019\/08\/image-69-696x1024.png\"><img loading=\"lazy\" decoding=\"async\" width=\"696\" height=\"1024\" src=\"http:\/\/jkoehler.diskstation.me\/wordpress\/wp-content\/uploads\/2019\/08\/image-69-696x1024.png\" alt=\"\" data-id=\"7496\" class=\"wp-image-7496\" srcset=\"http:\/\/jkoehler.diskstation.me\/wordpress\/wp-content\/uploads\/2019\/08\/image-69-696x1024.png 696w, http:\/\/jkoehler.diskstation.me\/wordpress\/wp-content\/uploads\/2019\/08\/image-69-204x300.png 204w, http:\/\/jkoehler.diskstation.me\/wordpress\/wp-content\/uploads\/2019\/08\/image-69-768x1130.png 768w, http:\/\/jkoehler.diskstation.me\/wordpress\/wp-content\/uploads\/2019\/08\/image-69.png 1291w\" sizes=\"auto, (max-width: 696px) 100vw, 696px\" \/><\/a><\/figure><\/li><\/ul><\/figure>\n\n\n\n<figure class=\"wp-block-gallery columns-1 is-cropped wp-block-gallery-3 is-layout-flex wp-block-gallery-is-layout-flex\"><ul class=\"blocks-gallery-grid\"><li class=\"blocks-gallery-item\"><figure><a href=\"http:\/\/jkoehler.diskstation.me\/wordpress\/wp-content\/uploads\/2019\/08\/image-70-812x1024.png\"><img loading=\"lazy\" decoding=\"async\" width=\"812\" height=\"1024\" src=\"http:\/\/jkoehler.diskstation.me\/wordpress\/wp-content\/uploads\/2019\/08\/image-70-812x1024.png\" alt=\"\" data-id=\"7497\" class=\"wp-image-7497\" srcset=\"http:\/\/jkoehler.diskstation.me\/wordpress\/wp-content\/uploads\/2019\/08\/image-70-812x1024.png 812w, http:\/\/jkoehler.diskstation.me\/wordpress\/wp-content\/uploads\/2019\/08\/image-70-238x300.png 238w, http:\/\/jkoehler.diskstation.me\/wordpress\/wp-content\/uploads\/2019\/08\/image-70-768x968.png 768w, http:\/\/jkoehler.diskstation.me\/wordpress\/wp-content\/uploads\/2019\/08\/image-70.png 1298w\" sizes=\"auto, (max-width: 767px) 89vw, (max-width: 1000px) 54vw, (max-width: 1071px) 543px, 580px\" \/><\/a><\/figure><\/li><\/ul><\/figure>\n\n\n\n<figure class=\"wp-block-gallery columns-1 is-cropped wp-block-gallery-4 is-layout-flex wp-block-gallery-is-layout-flex\"><ul class=\"blocks-gallery-grid\"><li class=\"blocks-gallery-item\"><figure><a href=\"http:\/\/jkoehler.diskstation.me\/wordpress\/wp-content\/uploads\/2019\/08\/image-71-1024x700.png\"><img loading=\"lazy\" decoding=\"async\" width=\"1024\" height=\"700\" src=\"http:\/\/jkoehler.diskstation.me\/wordpress\/wp-content\/uploads\/2019\/08\/image-71-1024x700.png\" alt=\"\" data-id=\"7498\" class=\"wp-image-7498\" srcset=\"http:\/\/jkoehler.diskstation.me\/wordpress\/wp-content\/uploads\/2019\/08\/image-71-1024x700.png 1024w, http:\/\/jkoehler.diskstation.me\/wordpress\/wp-content\/uploads\/2019\/08\/image-71-300x205.png 300w, http:\/\/jkoehler.diskstation.me\/wordpress\/wp-content\/uploads\/2019\/08\/image-71-768x525.png 768w\" sizes=\"auto, (max-width: 767px) 89vw, (max-width: 1000px) 54vw, (max-width: 1071px) 543px, 580px\" \/><\/a><\/figure><\/li><\/ul><\/figure>\n\n\n\n<figure class=\"wp-block-gallery columns-1 is-cropped wp-block-gallery-5 is-layout-flex wp-block-gallery-is-layout-flex\"><ul class=\"blocks-gallery-grid\"><li class=\"blocks-gallery-item\"><figure><a href=\"http:\/\/jkoehler.diskstation.me\/wordpress\/wp-content\/uploads\/2019\/08\/image-72-692x1024.png\"><img loading=\"lazy\" decoding=\"async\" width=\"692\" height=\"1024\" src=\"http:\/\/jkoehler.diskstation.me\/wordpress\/wp-content\/uploads\/2019\/08\/image-72-692x1024.png\" alt=\"\" data-id=\"7499\" class=\"wp-image-7499\" srcset=\"http:\/\/jkoehler.diskstation.me\/wordpress\/wp-content\/uploads\/2019\/08\/image-72-692x1024.png 692w, http:\/\/jkoehler.diskstation.me\/wordpress\/wp-content\/uploads\/2019\/08\/image-72-203x300.png 203w, http:\/\/jkoehler.diskstation.me\/wordpress\/wp-content\/uploads\/2019\/08\/image-72-768x1137.png 768w, http:\/\/jkoehler.diskstation.me\/wordpress\/wp-content\/uploads\/2019\/08\/image-72.png 1279w\" sizes=\"auto, (max-width: 692px) 100vw, 692px\" \/><\/a><\/figure><\/li><\/ul><\/figure>\n\n\n\n<figure class=\"wp-block-gallery columns-1 is-cropped wp-block-gallery-6 is-layout-flex wp-block-gallery-is-layout-flex\"><ul class=\"blocks-gallery-grid\"><li class=\"blocks-gallery-item\"><figure><a href=\"http:\/\/jkoehler.diskstation.me\/wordpress\/wp-content\/uploads\/2019\/08\/image-73-688x1024.png\"><img loading=\"lazy\" decoding=\"async\" width=\"688\" height=\"1024\" src=\"http:\/\/jkoehler.diskstation.me\/wordpress\/wp-content\/uploads\/2019\/08\/image-73-688x1024.png\" alt=\"\" data-id=\"7500\" class=\"wp-image-7500\" srcset=\"http:\/\/jkoehler.diskstation.me\/wordpress\/wp-content\/uploads\/2019\/08\/image-73-688x1024.png 688w, http:\/\/jkoehler.diskstation.me\/wordpress\/wp-content\/uploads\/2019\/08\/image-73-202x300.png 202w, http:\/\/jkoehler.diskstation.me\/wordpress\/wp-content\/uploads\/2019\/08\/image-73-768x1143.png 768w, http:\/\/jkoehler.diskstation.me\/wordpress\/wp-content\/uploads\/2019\/08\/image-73.png 1288w\" sizes=\"auto, (max-width: 688px) 100vw, 688px\" \/><\/a><\/figure><\/li><\/ul><\/figure>\n\n\n\n<p>&#8211;> <a href=\"http:\/\/jkoehler.diskstation.me\/wordpress\/diaries\/field-diaries-notes\/feldtagebucher-tonaufzeichnungen-1993-bis-1998-studium-magisterarbeit\/22-23-08-1994-wanderung-nach-ushguli\/\">next<\/a><\/p>\n\n\n\n<p> <a href=\"http:\/\/jkoehler.diskstation.me\/wordpress\/diaries\/field-diaries-notes\/feldtagebucher-tonaufzeichnungen-1993-bis-1998-studium-magisterarbeit\/\">\u2191 One level up \u2191<\/a> <\/p>\n","protected":false},"excerpt":{"rendered":"<p>B: Mord am Mchedliani: Frische Fassung Regeln Otars Morde in Odessa&#8221; Wunsch, den luschnu samorn\u00e4l nach dem Mord am Mchedliani wiederherzustellen Familiennamen und Schutz kleiner Clans Kako&#8217;s Stammbaum (gabischi na\u00b0c\u00e4r) sanktionierte u. nicht sanktionierte Rache verwandtschaftsabh\u00e4ngig Schwur bei kleinen Delikten Kauf des starken Familiennahmens Micho \u00fcber Position der Sklaven Feiernde Gruppe Beweinen Familie; \u00f6rtlich; milit\u00e4risch; &hellip; <\/p>\n<p class=\"link-more\"><a href=\"http:\/\/jkoehler.diskstation.me\/wordpress\/diaries\/field-diaries-notes\/feldtagebucher-tonaufzeichnungen-1993-bis-1998-studium-magisterarbeit\/21-08-1994-mestia-mord-an-mchedliani\/\" class=\"more-link\">Continue reading<span class=\"screen-reader-text\"> &#8220;Buch 2 \u2013 21.08.1994 Mestia &#8211; Mord an Mchedliani&#8221;<\/span><\/a><\/p>\n","protected":false},"author":1,"featured_media":7602,"parent":5859,"menu_order":49,"comment_status":"closed","ping_status":"closed","template":"","meta":{"footnotes":""},"class_list":["post-7485","page","type-page","status-publish","has-post-thumbnail","hentry"],"_links":{"self":[{"href":"http:\/\/jkoehler.diskstation.me\/wordpress\/wp-json\/wp\/v2\/pages\/7485","targetHints":{"allow":["GET"]}}],"collection":[{"href":"http:\/\/jkoehler.diskstation.me\/wordpress\/wp-json\/wp\/v2\/pages"}],"about":[{"href":"http:\/\/jkoehler.diskstation.me\/wordpress\/wp-json\/wp\/v2\/types\/page"}],"author":[{"embeddable":true,"href":"http:\/\/jkoehler.diskstation.me\/wordpress\/wp-json\/wp\/v2\/users\/1"}],"replies":[{"embeddable":true,"href":"http:\/\/jkoehler.diskstation.me\/wordpress\/wp-json\/wp\/v2\/comments?post=7485"}],"version-history":[{"count":5,"href":"http:\/\/jkoehler.diskstation.me\/wordpress\/wp-json\/wp\/v2\/pages\/7485\/revisions"}],"predecessor-version":[{"id":8188,"href":"http:\/\/jkoehler.diskstation.me\/wordpress\/wp-json\/wp\/v2\/pages\/7485\/revisions\/8188"}],"up":[{"embeddable":true,"href":"http:\/\/jkoehler.diskstation.me\/wordpress\/wp-json\/wp\/v2\/pages\/5859"}],"wp:featuredmedia":[{"embeddable":true,"href":"http:\/\/jkoehler.diskstation.me\/wordpress\/wp-json\/wp\/v2\/media\/7602"}],"wp:attachment":[{"href":"http:\/\/jkoehler.diskstation.me\/wordpress\/wp-json\/wp\/v2\/media?parent=7485"}],"curies":[{"name":"wp","href":"https:\/\/api.w.org\/{rel}","templated":true}]}}