{"id":7484,"date":"2019-08-31T19:31:03","date_gmt":"2019-08-31T17:31:03","guid":{"rendered":"http:\/\/jkoehler.diskstation.me\/wordpress\/?page_id=7484"},"modified":"2019-10-07T07:47:31","modified_gmt":"2019-10-07T05:47:31","slug":"19-20-08-1994-aufbruch-nach-svanetien-anfahrt","status":"publish","type":"page","link":"http:\/\/jkoehler.diskstation.me\/wordpress\/diaries\/field-diaries-notes\/feldtagebucher-tonaufzeichnungen-1993-bis-1998-studium-magisterarbeit\/19-20-08-1994-aufbruch-nach-svanetien-anfahrt\/","title":{"rendered":"Buch 2 \u2013 19.-20.08.1994 &#8211; Aufbruch nach Svanetien &#038; Anfahrt"},"content":{"rendered":"\n<ul class=\"wp-block-list\"><li>Fastenzeit<\/li><li>Anreise nach Mestia auf ASB-Kamas<\/li><li>Humanit\u00e4re Hilfe -&gt; Nana Nizeradze<\/li><li>Zozo Kviziani<\/li><li>G\/O: Noe schl\u00e4gt Kako zusammen und wir flicken ihn<\/li><li>Glauben u. Chancen auf Befriedung; Geschichte (Ziala)<\/li><li>Tranzhumanz u. Ackerbau (Gespr\u00e4ch mit Ziala)<\/li><li>Frauen u. Politik (Gespr\u00e4ch mit Ziala)<\/li><li>Feiertage in Svanetien (Akaki Tschartolani)<\/li><li>Das Wissen kann an Schwiegert\u00f6chter weitergegeben werden<\/li><li>Frauen auf Sommeralm<\/li><li>Reinheit und Gef\u00e4hrdung (Menstruation, Tod)<\/li><li>Ernennung von Paten = Taufe<\/li><li>Vergebung, Reue<\/li><\/ul>\n\n\n\n<figure class=\"wp-block-gallery columns-1 is-cropped wp-block-gallery-1 is-layout-flex wp-block-gallery-is-layout-flex\"><ul class=\"blocks-gallery-grid\"><li class=\"blocks-gallery-item\"><figure><a href=\"http:\/\/jkoehler.diskstation.me\/wordpress\/wp-content\/uploads\/2019\/08\/image-62.png\"><img loading=\"lazy\" decoding=\"async\" width=\"641\" height=\"643\" src=\"http:\/\/jkoehler.diskstation.me\/wordpress\/wp-content\/uploads\/2019\/08\/image-62.png\" alt=\"\" data-id=\"7486\" class=\"wp-image-7486\" srcset=\"http:\/\/jkoehler.diskstation.me\/wordpress\/wp-content\/uploads\/2019\/08\/image-62.png 641w, http:\/\/jkoehler.diskstation.me\/wordpress\/wp-content\/uploads\/2019\/08\/image-62-150x150.png 150w, http:\/\/jkoehler.diskstation.me\/wordpress\/wp-content\/uploads\/2019\/08\/image-62-300x300.png 300w, http:\/\/jkoehler.diskstation.me\/wordpress\/wp-content\/uploads\/2019\/08\/image-62-100x100.png 100w\" sizes=\"auto, (max-width: 641px) 100vw, 641px\" \/><\/a><\/figure><\/li><\/ul><\/figure>\n\n\n\n<figure class=\"wp-block-gallery columns-1 is-cropped wp-block-gallery-2 is-layout-flex wp-block-gallery-is-layout-flex\"><ul class=\"blocks-gallery-grid\"><li class=\"blocks-gallery-item\"><figure><a href=\"http:\/\/jkoehler.diskstation.me\/wordpress\/wp-content\/uploads\/2019\/08\/image-63-1024x402.png\"><img loading=\"lazy\" decoding=\"async\" width=\"1024\" height=\"402\" src=\"http:\/\/jkoehler.diskstation.me\/wordpress\/wp-content\/uploads\/2019\/08\/image-63-1024x402.png\" alt=\"\" data-id=\"7487\" class=\"wp-image-7487\" srcset=\"http:\/\/jkoehler.diskstation.me\/wordpress\/wp-content\/uploads\/2019\/08\/image-63-1024x402.png 1024w, http:\/\/jkoehler.diskstation.me\/wordpress\/wp-content\/uploads\/2019\/08\/image-63-300x118.png 300w, http:\/\/jkoehler.diskstation.me\/wordpress\/wp-content\/uploads\/2019\/08\/image-63-768x302.png 768w, http:\/\/jkoehler.diskstation.me\/wordpress\/wp-content\/uploads\/2019\/08\/image-63.png 1243w\" sizes=\"auto, (max-width: 767px) 89vw, (max-width: 1000px) 54vw, (max-width: 1071px) 543px, 580px\" \/><\/a><\/figure><\/li><\/ul><\/figure>\n\n\n\n<figure class=\"wp-block-gallery columns-3 is-cropped wp-block-gallery-3 is-layout-flex wp-block-gallery-is-layout-flex\"><ul class=\"blocks-gallery-grid\"><li class=\"blocks-gallery-item\"><figure><a href=\"http:\/\/jkoehler.diskstation.me\/wordpress\/wp-content\/uploads\/2019\/09\/DIA-Fuji100_Svaneti-Udapno_1996_0067.jpg\"><img loading=\"lazy\" decoding=\"async\" width=\"1000\" height=\"679\" src=\"http:\/\/jkoehler.diskstation.me\/wordpress\/wp-content\/uploads\/2019\/09\/DIA-Fuji100_Svaneti-Udapno_1996_0067.jpg\" alt=\"\" data-id=\"7594\" data-full-url=\"http:\/\/jkoehler.diskstation.me\/wordpress\/wp-content\/uploads\/2019\/09\/DIA-Fuji100_Svaneti-Udapno_1996_0067.jpg\" data-link=\"http:\/\/jkoehler.diskstation.me\/wordpress\/diaries\/field-diaries-notes\/feldtagebucher-tonaufzeichnungen-1993-bis-1998-studium-magisterarbeit\/19-20-08-1994-aufbruch-nach-svanetien-anfahrt\/dia-fuji100_svaneti-udapno_1996_0067\/\" class=\"wp-image-7594\" srcset=\"http:\/\/jkoehler.diskstation.me\/wordpress\/wp-content\/uploads\/2019\/09\/DIA-Fuji100_Svaneti-Udapno_1996_0067.jpg 1000w, http:\/\/jkoehler.diskstation.me\/wordpress\/wp-content\/uploads\/2019\/09\/DIA-Fuji100_Svaneti-Udapno_1996_0067-300x204.jpg 300w, http:\/\/jkoehler.diskstation.me\/wordpress\/wp-content\/uploads\/2019\/09\/DIA-Fuji100_Svaneti-Udapno_1996_0067-768x521.jpg 768w\" sizes=\"auto, (max-width: 767px) 89vw, (max-width: 1000px) 54vw, (max-width: 1071px) 543px, 580px\" \/><\/a><\/figure><\/li><li class=\"blocks-gallery-item\"><figure><a href=\"http:\/\/jkoehler.diskstation.me\/wordpress\/wp-content\/uploads\/2019\/09\/DIA-Fuji100_Svaneti-Udapno_1996_0061.jpg\"><img loading=\"lazy\" decoding=\"async\" width=\"1000\" height=\"679\" src=\"http:\/\/jkoehler.diskstation.me\/wordpress\/wp-content\/uploads\/2019\/09\/DIA-Fuji100_Svaneti-Udapno_1996_0061.jpg\" alt=\"\" data-id=\"7595\" data-full-url=\"http:\/\/jkoehler.diskstation.me\/wordpress\/wp-content\/uploads\/2019\/09\/DIA-Fuji100_Svaneti-Udapno_1996_0061.jpg\" data-link=\"http:\/\/jkoehler.diskstation.me\/wordpress\/diaries\/field-diaries-notes\/feldtagebucher-tonaufzeichnungen-1993-bis-1998-studium-magisterarbeit\/19-20-08-1994-aufbruch-nach-svanetien-anfahrt\/dia-fuji100_svaneti-udapno_1996_0061\/\" class=\"wp-image-7595\" srcset=\"http:\/\/jkoehler.diskstation.me\/wordpress\/wp-content\/uploads\/2019\/09\/DIA-Fuji100_Svaneti-Udapno_1996_0061.jpg 1000w, http:\/\/jkoehler.diskstation.me\/wordpress\/wp-content\/uploads\/2019\/09\/DIA-Fuji100_Svaneti-Udapno_1996_0061-300x204.jpg 300w, http:\/\/jkoehler.diskstation.me\/wordpress\/wp-content\/uploads\/2019\/09\/DIA-Fuji100_Svaneti-Udapno_1996_0061-768x521.jpg 768w\" sizes=\"auto, (max-width: 767px) 89vw, (max-width: 1000px) 54vw, (max-width: 1071px) 543px, 580px\" \/><\/a><\/figure><\/li><li class=\"blocks-gallery-item\"><figure><a href=\"http:\/\/jkoehler.diskstation.me\/wordpress\/wp-content\/uploads\/2019\/09\/DIA-Fuji100_Svaneti-Udapno_1996_0066.jpg\"><img loading=\"lazy\" decoding=\"async\" width=\"1000\" height=\"679\" src=\"http:\/\/jkoehler.diskstation.me\/wordpress\/wp-content\/uploads\/2019\/09\/DIA-Fuji100_Svaneti-Udapno_1996_0066.jpg\" alt=\"\" data-id=\"7596\" data-full-url=\"http:\/\/jkoehler.diskstation.me\/wordpress\/wp-content\/uploads\/2019\/09\/DIA-Fuji100_Svaneti-Udapno_1996_0066.jpg\" data-link=\"http:\/\/jkoehler.diskstation.me\/wordpress\/diaries\/field-diaries-notes\/feldtagebucher-tonaufzeichnungen-1993-bis-1998-studium-magisterarbeit\/19-20-08-1994-aufbruch-nach-svanetien-anfahrt\/dia-fuji100_svaneti-udapno_1996_0066\/\" class=\"wp-image-7596\" srcset=\"http:\/\/jkoehler.diskstation.me\/wordpress\/wp-content\/uploads\/2019\/09\/DIA-Fuji100_Svaneti-Udapno_1996_0066.jpg 1000w, http:\/\/jkoehler.diskstation.me\/wordpress\/wp-content\/uploads\/2019\/09\/DIA-Fuji100_Svaneti-Udapno_1996_0066-300x204.jpg 300w, http:\/\/jkoehler.diskstation.me\/wordpress\/wp-content\/uploads\/2019\/09\/DIA-Fuji100_Svaneti-Udapno_1996_0066-768x521.jpg 768w\" sizes=\"auto, (max-width: 767px) 89vw, (max-width: 1000px) 54vw, (max-width: 1071px) 543px, 580px\" \/><\/a><\/figure><\/li><\/ul><\/figure>\n\n\n\n<figure class=\"wp-block-gallery columns-1 is-cropped wp-block-gallery-4 is-layout-flex wp-block-gallery-is-layout-flex\"><ul class=\"blocks-gallery-grid\"><li class=\"blocks-gallery-item\"><figure><a href=\"http:\/\/jkoehler.diskstation.me\/wordpress\/wp-content\/uploads\/2019\/08\/image-64-1024x823.png\"><img loading=\"lazy\" decoding=\"async\" width=\"1024\" height=\"823\" src=\"http:\/\/jkoehler.diskstation.me\/wordpress\/wp-content\/uploads\/2019\/08\/image-64-1024x823.png\" alt=\"\" data-id=\"7488\" class=\"wp-image-7488\" srcset=\"http:\/\/jkoehler.diskstation.me\/wordpress\/wp-content\/uploads\/2019\/08\/image-64-1024x823.png 1024w, http:\/\/jkoehler.diskstation.me\/wordpress\/wp-content\/uploads\/2019\/08\/image-64-300x241.png 300w, http:\/\/jkoehler.diskstation.me\/wordpress\/wp-content\/uploads\/2019\/08\/image-64-768x617.png 768w, http:\/\/jkoehler.diskstation.me\/wordpress\/wp-content\/uploads\/2019\/08\/image-64.png 1274w\" sizes=\"auto, (max-width: 767px) 89vw, (max-width: 1000px) 54vw, (max-width: 1071px) 543px, 580px\" \/><\/a><\/figure><\/li><\/ul><\/figure>\n\n\n\n<figure class=\"wp-block-gallery columns-1 is-cropped wp-block-gallery-5 is-layout-flex wp-block-gallery-is-layout-flex\"><ul class=\"blocks-gallery-grid\"><li class=\"blocks-gallery-item\"><figure><a href=\"http:\/\/jkoehler.diskstation.me\/wordpress\/wp-content\/uploads\/2019\/08\/image-65-681x1024.png\"><img loading=\"lazy\" decoding=\"async\" width=\"681\" height=\"1024\" src=\"http:\/\/jkoehler.diskstation.me\/wordpress\/wp-content\/uploads\/2019\/08\/image-65-681x1024.png\" alt=\"\" data-id=\"7489\" class=\"wp-image-7489\" srcset=\"http:\/\/jkoehler.diskstation.me\/wordpress\/wp-content\/uploads\/2019\/08\/image-65-681x1024.png 681w, http:\/\/jkoehler.diskstation.me\/wordpress\/wp-content\/uploads\/2019\/08\/image-65-199x300.png 199w, http:\/\/jkoehler.diskstation.me\/wordpress\/wp-content\/uploads\/2019\/08\/image-65-768x1156.png 768w, http:\/\/jkoehler.diskstation.me\/wordpress\/wp-content\/uploads\/2019\/08\/image-65.png 1270w\" sizes=\"auto, (max-width: 681px) 100vw, 681px\" \/><\/a><\/figure><\/li><\/ul><\/figure>\n\n\n\n<figure class=\"wp-block-image size-large\"><img loading=\"lazy\" decoding=\"async\" width=\"1000\" height=\"679\" src=\"http:\/\/jkoehler.diskstation.me\/wordpress\/wp-content\/uploads\/2019\/09\/DIA-Fuji100_Svaneti-Udapno_1996_0077.jpg\" alt=\"\" class=\"wp-image-7599\" srcset=\"http:\/\/jkoehler.diskstation.me\/wordpress\/wp-content\/uploads\/2019\/09\/DIA-Fuji100_Svaneti-Udapno_1996_0077.jpg 1000w, http:\/\/jkoehler.diskstation.me\/wordpress\/wp-content\/uploads\/2019\/09\/DIA-Fuji100_Svaneti-Udapno_1996_0077-300x204.jpg 300w, http:\/\/jkoehler.diskstation.me\/wordpress\/wp-content\/uploads\/2019\/09\/DIA-Fuji100_Svaneti-Udapno_1996_0077-768x521.jpg 768w\" sizes=\"auto, (max-width: 767px) 89vw, (max-width: 1000px) 54vw, (max-width: 1071px) 543px, 580px\" \/><\/figure>\n\n\n\n<figure class=\"wp-block-gallery columns-1 is-cropped wp-block-gallery-6 is-layout-flex wp-block-gallery-is-layout-flex\"><ul class=\"blocks-gallery-grid\"><li class=\"blocks-gallery-item\"><figure><a href=\"http:\/\/jkoehler.diskstation.me\/wordpress\/wp-content\/uploads\/2019\/08\/image-66-691x1024.png\"><img loading=\"lazy\" decoding=\"async\" width=\"691\" height=\"1024\" src=\"http:\/\/jkoehler.diskstation.me\/wordpress\/wp-content\/uploads\/2019\/08\/image-66-691x1024.png\" alt=\"\" data-id=\"7490\" class=\"wp-image-7490\" srcset=\"http:\/\/jkoehler.diskstation.me\/wordpress\/wp-content\/uploads\/2019\/08\/image-66-691x1024.png 691w, http:\/\/jkoehler.diskstation.me\/wordpress\/wp-content\/uploads\/2019\/08\/image-66-202x300.png 202w, http:\/\/jkoehler.diskstation.me\/wordpress\/wp-content\/uploads\/2019\/08\/image-66-768x1138.png 768w, http:\/\/jkoehler.diskstation.me\/wordpress\/wp-content\/uploads\/2019\/08\/image-66.png 1285w\" sizes=\"auto, (max-width: 691px) 100vw, 691px\" \/><\/a><\/figure><\/li><\/ul><\/figure>\n\n\n\n<figure class=\"wp-block-gallery columns-1 is-cropped wp-block-gallery-7 is-layout-flex wp-block-gallery-is-layout-flex\"><ul class=\"blocks-gallery-grid\"><li class=\"blocks-gallery-item\"><figure><a href=\"http:\/\/jkoehler.diskstation.me\/wordpress\/wp-content\/uploads\/2019\/08\/image-67-1024x984.png\"><img loading=\"lazy\" decoding=\"async\" width=\"1024\" height=\"984\" src=\"http:\/\/jkoehler.diskstation.me\/wordpress\/wp-content\/uploads\/2019\/08\/image-67-1024x984.png\" alt=\"\" data-id=\"7491\" class=\"wp-image-7491\" srcset=\"http:\/\/jkoehler.diskstation.me\/wordpress\/wp-content\/uploads\/2019\/08\/image-67-1024x984.png 1024w, http:\/\/jkoehler.diskstation.me\/wordpress\/wp-content\/uploads\/2019\/08\/image-67-300x288.png 300w, http:\/\/jkoehler.diskstation.me\/wordpress\/wp-content\/uploads\/2019\/08\/image-67-768x738.png 768w, http:\/\/jkoehler.diskstation.me\/wordpress\/wp-content\/uploads\/2019\/08\/image-67.png 1284w\" sizes=\"auto, (max-width: 767px) 89vw, (max-width: 1000px) 54vw, (max-width: 1071px) 543px, 580px\" \/><\/a><\/figure><\/li><\/ul><\/figure>\n\n\n\n<p>&#8211;> <a href=\"http:\/\/jkoehler.diskstation.me\/wordpress\/diaries\/field-diaries-notes\/feldtagebucher-tonaufzeichnungen-1993-bis-1998-studium-magisterarbeit\/21-08-1994-mestia-mord-an-mchedliani\/\">next<\/a><\/p>\n\n\n\n<p> <a href=\"http:\/\/jkoehler.diskstation.me\/wordpress\/diaries\/field-diaries-notes\/feldtagebucher-tonaufzeichnungen-1993-bis-1998-studium-magisterarbeit\/\">\u2191 One level up \u2191<\/a> <\/p>\n","protected":false},"excerpt":{"rendered":"<p>Fastenzeit Anreise nach Mestia auf ASB-Kamas Humanit\u00e4re Hilfe -&gt; Nana Nizeradze Zozo Kviziani G\/O: Noe schl\u00e4gt Kako zusammen und wir flicken ihn Glauben u. Chancen auf Befriedung; Geschichte (Ziala) Tranzhumanz u. Ackerbau (Gespr\u00e4ch mit Ziala) Frauen u. Politik (Gespr\u00e4ch mit Ziala) Feiertage in Svanetien (Akaki Tschartolani) Das Wissen kann an Schwiegert\u00f6chter weitergegeben werden Frauen auf &hellip; <\/p>\n<p class=\"link-more\"><a href=\"http:\/\/jkoehler.diskstation.me\/wordpress\/diaries\/field-diaries-notes\/feldtagebucher-tonaufzeichnungen-1993-bis-1998-studium-magisterarbeit\/19-20-08-1994-aufbruch-nach-svanetien-anfahrt\/\" class=\"more-link\">Continue reading<span class=\"screen-reader-text\"> &#8220;Buch 2 \u2013 19.-20.08.1994 &#8211; Aufbruch nach Svanetien &#038; Anfahrt&#8221;<\/span><\/a><\/p>\n","protected":false},"author":1,"featured_media":7591,"parent":5859,"menu_order":47,"comment_status":"closed","ping_status":"closed","template":"","meta":{"footnotes":""},"class_list":["post-7484","page","type-page","status-publish","has-post-thumbnail","hentry"],"_links":{"self":[{"href":"http:\/\/jkoehler.diskstation.me\/wordpress\/wp-json\/wp\/v2\/pages\/7484","targetHints":{"allow":["GET"]}}],"collection":[{"href":"http:\/\/jkoehler.diskstation.me\/wordpress\/wp-json\/wp\/v2\/pages"}],"about":[{"href":"http:\/\/jkoehler.diskstation.me\/wordpress\/wp-json\/wp\/v2\/types\/page"}],"author":[{"embeddable":true,"href":"http:\/\/jkoehler.diskstation.me\/wordpress\/wp-json\/wp\/v2\/users\/1"}],"replies":[{"embeddable":true,"href":"http:\/\/jkoehler.diskstation.me\/wordpress\/wp-json\/wp\/v2\/comments?post=7484"}],"version-history":[{"count":8,"href":"http:\/\/jkoehler.diskstation.me\/wordpress\/wp-json\/wp\/v2\/pages\/7484\/revisions"}],"predecessor-version":[{"id":8187,"href":"http:\/\/jkoehler.diskstation.me\/wordpress\/wp-json\/wp\/v2\/pages\/7484\/revisions\/8187"}],"up":[{"embeddable":true,"href":"http:\/\/jkoehler.diskstation.me\/wordpress\/wp-json\/wp\/v2\/pages\/5859"}],"wp:featuredmedia":[{"embeddable":true,"href":"http:\/\/jkoehler.diskstation.me\/wordpress\/wp-json\/wp\/v2\/media\/7591"}],"wp:attachment":[{"href":"http:\/\/jkoehler.diskstation.me\/wordpress\/wp-json\/wp\/v2\/media?parent=7484"}],"curies":[{"name":"wp","href":"https:\/\/api.w.org\/{rel}","templated":true}]}}