{"id":7469,"date":"2019-08-31T19:09:28","date_gmt":"2019-08-31T17:09:28","guid":{"rendered":"http:\/\/jkoehler.diskstation.me\/wordpress\/?page_id=7469"},"modified":"2019-10-07T07:46:38","modified_gmt":"2019-10-07T05:46:38","slug":"01-08-1994-mutso-castle-blood-revenge-tragedy","status":"publish","type":"page","link":"http:\/\/jkoehler.diskstation.me\/wordpress\/diaries\/field-diaries-notes\/feldtagebucher-tonaufzeichnungen-1993-bis-1998-studium-magisterarbeit\/01-08-1994-mutso-castle-blood-revenge-tragedy\/","title":{"rendered":"Buch 2 \u2013 01.08.1994 Mutso &#8211; Castle, blood revenge, tragedy"},"content":{"rendered":"\n<ul class=\"wp-block-list\"><li>Muzo: Daiauri<\/li><li>Familiengeschichte<\/li><li>Blutrache &#8211; unblutige Auss\u00f6hnung<\/li><li> Ernte; Ungl\u00fccksf\u00e4lle<\/li><li>siehe auch 09:2:87 <\/li><li> Chewsuretien; Pflanzen <\/li><li>Unterteilung von Familiendimensionen<\/li><li>Wirtschaft<\/li><li>Rache<\/li><li>Erinnerungstiefe<\/li><li>G: Muzo: T\u00f6chter; Wiederherstellung der Ehre<\/li><li> Regeln<\/li><li>Rituale der Chewsuren: \u00dcberm G\u00fcrten und Gleichfarbige<\/li><li>G: Gebeinh\u00e4user auf Festung Muzo<\/li><li>Liebe &#8211; Besitz; Inzucht <\/li><li>Portr\u00e4t Hitlers<\/li><\/ul>\n\n\n\n<figure class=\"wp-block-image size-large\"><img loading=\"lazy\" decoding=\"async\" width=\"1000\" height=\"658\" src=\"http:\/\/jkoehler.diskstation.me\/wordpress\/wp-content\/uploads\/2019\/09\/DIA-Fuji100_Khevsuretia_1994_.jpg\" alt=\"\" class=\"wp-image-7579\" srcset=\"http:\/\/jkoehler.diskstation.me\/wordpress\/wp-content\/uploads\/2019\/09\/DIA-Fuji100_Khevsuretia_1994_.jpg 1000w, http:\/\/jkoehler.diskstation.me\/wordpress\/wp-content\/uploads\/2019\/09\/DIA-Fuji100_Khevsuretia_1994_-300x197.jpg 300w, http:\/\/jkoehler.diskstation.me\/wordpress\/wp-content\/uploads\/2019\/09\/DIA-Fuji100_Khevsuretia_1994_-768x505.jpg 768w\" sizes=\"auto, (max-width: 767px) 89vw, (max-width: 1000px) 54vw, (max-width: 1071px) 543px, 580px\" \/><\/figure>\n\n\n\n<figure class=\"wp-block-gallery columns-1 is-cropped wp-block-gallery-1 is-layout-flex wp-block-gallery-is-layout-flex\"><ul class=\"blocks-gallery-grid\"><li class=\"blocks-gallery-item\"><figure><a href=\"http:\/\/jkoehler.diskstation.me\/wordpress\/wp-content\/uploads\/2019\/08\/image-54-1024x551.png\"><img loading=\"lazy\" decoding=\"async\" width=\"1024\" height=\"551\" src=\"http:\/\/jkoehler.diskstation.me\/wordpress\/wp-content\/uploads\/2019\/08\/image-54-1024x551.png\" alt=\"\" data-id=\"7470\" class=\"wp-image-7470\" srcset=\"http:\/\/jkoehler.diskstation.me\/wordpress\/wp-content\/uploads\/2019\/08\/image-54-1024x551.png 1024w, http:\/\/jkoehler.diskstation.me\/wordpress\/wp-content\/uploads\/2019\/08\/image-54-300x162.png 300w, http:\/\/jkoehler.diskstation.me\/wordpress\/wp-content\/uploads\/2019\/08\/image-54-768x413.png 768w, http:\/\/jkoehler.diskstation.me\/wordpress\/wp-content\/uploads\/2019\/08\/image-54.png 1289w\" sizes=\"auto, (max-width: 767px) 89vw, (max-width: 1000px) 54vw, (max-width: 1071px) 543px, 580px\" \/><\/a><\/figure><\/li><\/ul><\/figure>\n\n\n\n<figure class=\"wp-block-gallery columns-1 is-cropped wp-block-gallery-2 is-layout-flex wp-block-gallery-is-layout-flex\"><ul class=\"blocks-gallery-grid\"><li class=\"blocks-gallery-item\"><figure><a href=\"http:\/\/jkoehler.diskstation.me\/wordpress\/wp-content\/uploads\/2019\/08\/image-55-1024x687.png\"><img loading=\"lazy\" decoding=\"async\" width=\"1024\" height=\"687\" src=\"http:\/\/jkoehler.diskstation.me\/wordpress\/wp-content\/uploads\/2019\/08\/image-55-1024x687.png\" alt=\"\" data-id=\"7471\" class=\"wp-image-7471\" srcset=\"http:\/\/jkoehler.diskstation.me\/wordpress\/wp-content\/uploads\/2019\/08\/image-55-1024x687.png 1024w, http:\/\/jkoehler.diskstation.me\/wordpress\/wp-content\/uploads\/2019\/08\/image-55-300x201.png 300w, http:\/\/jkoehler.diskstation.me\/wordpress\/wp-content\/uploads\/2019\/08\/image-55-768x515.png 768w\" sizes=\"auto, (max-width: 767px) 89vw, (max-width: 1000px) 54vw, (max-width: 1071px) 543px, 580px\" \/><\/a><\/figure><\/li><\/ul><\/figure>\n\n\n\n<figure class=\"wp-block-gallery columns-3 is-cropped wp-block-gallery-3 is-layout-flex wp-block-gallery-is-layout-flex\"><ul class=\"blocks-gallery-grid\"><li class=\"blocks-gallery-item\"><figure><a href=\"http:\/\/jkoehler.diskstation.me\/wordpress\/wp-content\/uploads\/2019\/09\/DIA-Fuji100_Khevsuretia_1994_-3.jpg\"><img loading=\"lazy\" decoding=\"async\" width=\"1000\" height=\"658\" src=\"http:\/\/jkoehler.diskstation.me\/wordpress\/wp-content\/uploads\/2019\/09\/DIA-Fuji100_Khevsuretia_1994_-3.jpg\" alt=\"\" data-id=\"7586\" data-full-url=\"http:\/\/jkoehler.diskstation.me\/wordpress\/wp-content\/uploads\/2019\/09\/DIA-Fuji100_Khevsuretia_1994_-3.jpg\" data-link=\"http:\/\/jkoehler.diskstation.me\/wordpress\/diaries\/field-diaries-notes\/feldtagebucher-tonaufzeichnungen-1993-bis-1998-studium-magisterarbeit\/01-08-1994-mutso-castle-blood-revenge-tragedy\/dia-fuji100_khevsuretia_1994_-3-2\/\" class=\"wp-image-7586\" srcset=\"http:\/\/jkoehler.diskstation.me\/wordpress\/wp-content\/uploads\/2019\/09\/DIA-Fuji100_Khevsuretia_1994_-3.jpg 1000w, http:\/\/jkoehler.diskstation.me\/wordpress\/wp-content\/uploads\/2019\/09\/DIA-Fuji100_Khevsuretia_1994_-3-300x197.jpg 300w, http:\/\/jkoehler.diskstation.me\/wordpress\/wp-content\/uploads\/2019\/09\/DIA-Fuji100_Khevsuretia_1994_-3-768x505.jpg 768w\" sizes=\"auto, (max-width: 767px) 89vw, (max-width: 1000px) 54vw, (max-width: 1071px) 543px, 580px\" \/><\/a><\/figure><\/li><li class=\"blocks-gallery-item\"><figure><a href=\"http:\/\/jkoehler.diskstation.me\/wordpress\/wp-content\/uploads\/2019\/09\/DIA-Fuji100_Khevsuretia_1994_-2.jpg\"><img loading=\"lazy\" decoding=\"async\" width=\"1000\" height=\"658\" src=\"http:\/\/jkoehler.diskstation.me\/wordpress\/wp-content\/uploads\/2019\/09\/DIA-Fuji100_Khevsuretia_1994_-2.jpg\" alt=\"\" data-id=\"7585\" data-full-url=\"http:\/\/jkoehler.diskstation.me\/wordpress\/wp-content\/uploads\/2019\/09\/DIA-Fuji100_Khevsuretia_1994_-2.jpg\" data-link=\"http:\/\/jkoehler.diskstation.me\/wordpress\/diaries\/field-diaries-notes\/feldtagebucher-tonaufzeichnungen-1993-bis-1998-studium-magisterarbeit\/01-08-1994-mutso-castle-blood-revenge-tragedy\/dia-fuji100_khevsuretia_1994_-2\/\" class=\"wp-image-7585\" srcset=\"http:\/\/jkoehler.diskstation.me\/wordpress\/wp-content\/uploads\/2019\/09\/DIA-Fuji100_Khevsuretia_1994_-2.jpg 1000w, http:\/\/jkoehler.diskstation.me\/wordpress\/wp-content\/uploads\/2019\/09\/DIA-Fuji100_Khevsuretia_1994_-2-300x197.jpg 300w, http:\/\/jkoehler.diskstation.me\/wordpress\/wp-content\/uploads\/2019\/09\/DIA-Fuji100_Khevsuretia_1994_-2-768x505.jpg 768w\" sizes=\"auto, (max-width: 767px) 89vw, (max-width: 1000px) 54vw, (max-width: 1071px) 543px, 580px\" \/><\/a><\/figure><\/li><li class=\"blocks-gallery-item\"><figure><a href=\"http:\/\/jkoehler.diskstation.me\/wordpress\/wp-content\/uploads\/2019\/09\/DIA_Unbekannt_Khevsureti_1994-95_0009.jpg\"><img loading=\"lazy\" decoding=\"async\" width=\"1000\" height=\"668\" src=\"http:\/\/jkoehler.diskstation.me\/wordpress\/wp-content\/uploads\/2019\/09\/DIA_Unbekannt_Khevsureti_1994-95_0009.jpg\" alt=\"\" data-id=\"7584\" data-full-url=\"http:\/\/jkoehler.diskstation.me\/wordpress\/wp-content\/uploads\/2019\/09\/DIA_Unbekannt_Khevsureti_1994-95_0009.jpg\" data-link=\"http:\/\/jkoehler.diskstation.me\/wordpress\/diaries\/field-diaries-notes\/feldtagebucher-tonaufzeichnungen-1993-bis-1998-studium-magisterarbeit\/01-08-1994-mutso-castle-blood-revenge-tragedy\/dia_unbekannt_khevsureti_1994-95_0009\/\" class=\"wp-image-7584\" srcset=\"http:\/\/jkoehler.diskstation.me\/wordpress\/wp-content\/uploads\/2019\/09\/DIA_Unbekannt_Khevsureti_1994-95_0009.jpg 1000w, http:\/\/jkoehler.diskstation.me\/wordpress\/wp-content\/uploads\/2019\/09\/DIA_Unbekannt_Khevsureti_1994-95_0009-300x200.jpg 300w, http:\/\/jkoehler.diskstation.me\/wordpress\/wp-content\/uploads\/2019\/09\/DIA_Unbekannt_Khevsureti_1994-95_0009-768x513.jpg 768w\" sizes=\"auto, (max-width: 767px) 89vw, (max-width: 1000px) 54vw, (max-width: 1071px) 543px, 580px\" \/><\/a><\/figure><\/li><li class=\"blocks-gallery-item\"><figure><a href=\"http:\/\/jkoehler.diskstation.me\/wordpress\/wp-content\/uploads\/2019\/09\/DIA_Unbekannt_Khevsureti_1994-95_0002.jpg\"><img loading=\"lazy\" decoding=\"async\" width=\"1000\" height=\"669\" src=\"http:\/\/jkoehler.diskstation.me\/wordpress\/wp-content\/uploads\/2019\/09\/DIA_Unbekannt_Khevsureti_1994-95_0002.jpg\" alt=\"\" data-id=\"7583\" data-full-url=\"http:\/\/jkoehler.diskstation.me\/wordpress\/wp-content\/uploads\/2019\/09\/DIA_Unbekannt_Khevsureti_1994-95_0002.jpg\" data-link=\"http:\/\/jkoehler.diskstation.me\/wordpress\/diaries\/field-diaries-notes\/feldtagebucher-tonaufzeichnungen-1993-bis-1998-studium-magisterarbeit\/01-08-1994-mutso-castle-blood-revenge-tragedy\/dia_unbekannt_khevsureti_1994-95_0002\/\" class=\"wp-image-7583\" srcset=\"http:\/\/jkoehler.diskstation.me\/wordpress\/wp-content\/uploads\/2019\/09\/DIA_Unbekannt_Khevsureti_1994-95_0002.jpg 1000w, http:\/\/jkoehler.diskstation.me\/wordpress\/wp-content\/uploads\/2019\/09\/DIA_Unbekannt_Khevsureti_1994-95_0002-300x201.jpg 300w, http:\/\/jkoehler.diskstation.me\/wordpress\/wp-content\/uploads\/2019\/09\/DIA_Unbekannt_Khevsureti_1994-95_0002-768x514.jpg 768w\" sizes=\"auto, (max-width: 767px) 89vw, (max-width: 1000px) 54vw, (max-width: 1071px) 543px, 580px\" \/><\/a><\/figure><\/li><li class=\"blocks-gallery-item\"><figure><a href=\"http:\/\/jkoehler.diskstation.me\/wordpress\/wp-content\/uploads\/2019\/09\/DIA_Unbekannt_Khevsureti_1994-95_0001.jpg\"><img loading=\"lazy\" decoding=\"async\" width=\"1000\" height=\"669\" src=\"http:\/\/jkoehler.diskstation.me\/wordpress\/wp-content\/uploads\/2019\/09\/DIA_Unbekannt_Khevsureti_1994-95_0001.jpg\" alt=\"\" data-id=\"7582\" data-full-url=\"http:\/\/jkoehler.diskstation.me\/wordpress\/wp-content\/uploads\/2019\/09\/DIA_Unbekannt_Khevsureti_1994-95_0001.jpg\" data-link=\"http:\/\/jkoehler.diskstation.me\/wordpress\/diaries\/field-diaries-notes\/feldtagebucher-tonaufzeichnungen-1993-bis-1998-studium-magisterarbeit\/01-08-1994-mutso-castle-blood-revenge-tragedy\/dia_unbekannt_khevsureti_1994-95_0001\/\" class=\"wp-image-7582\" srcset=\"http:\/\/jkoehler.diskstation.me\/wordpress\/wp-content\/uploads\/2019\/09\/DIA_Unbekannt_Khevsureti_1994-95_0001.jpg 1000w, http:\/\/jkoehler.diskstation.me\/wordpress\/wp-content\/uploads\/2019\/09\/DIA_Unbekannt_Khevsureti_1994-95_0001-300x201.jpg 300w, http:\/\/jkoehler.diskstation.me\/wordpress\/wp-content\/uploads\/2019\/09\/DIA_Unbekannt_Khevsureti_1994-95_0001-768x514.jpg 768w\" sizes=\"auto, (max-width: 767px) 89vw, (max-width: 1000px) 54vw, (max-width: 1071px) 543px, 580px\" \/><\/a><\/figure><\/li><li class=\"blocks-gallery-item\"><figure><a href=\"http:\/\/jkoehler.diskstation.me\/wordpress\/wp-content\/uploads\/2019\/09\/DIA-Fuji100_Khevsuretia_1994_-4.jpg\"><img loading=\"lazy\" decoding=\"async\" width=\"1000\" height=\"658\" src=\"http:\/\/jkoehler.diskstation.me\/wordpress\/wp-content\/uploads\/2019\/09\/DIA-Fuji100_Khevsuretia_1994_-4.jpg\" alt=\"\" data-id=\"7581\" data-full-url=\"http:\/\/jkoehler.diskstation.me\/wordpress\/wp-content\/uploads\/2019\/09\/DIA-Fuji100_Khevsuretia_1994_-4.jpg\" data-link=\"http:\/\/jkoehler.diskstation.me\/wordpress\/diaries\/field-diaries-notes\/feldtagebucher-tonaufzeichnungen-1993-bis-1998-studium-magisterarbeit\/01-08-1994-mutso-castle-blood-revenge-tragedy\/dia-fuji100_khevsuretia_1994_-4\/\" class=\"wp-image-7581\" srcset=\"http:\/\/jkoehler.diskstation.me\/wordpress\/wp-content\/uploads\/2019\/09\/DIA-Fuji100_Khevsuretia_1994_-4.jpg 1000w, http:\/\/jkoehler.diskstation.me\/wordpress\/wp-content\/uploads\/2019\/09\/DIA-Fuji100_Khevsuretia_1994_-4-300x197.jpg 300w, http:\/\/jkoehler.diskstation.me\/wordpress\/wp-content\/uploads\/2019\/09\/DIA-Fuji100_Khevsuretia_1994_-4-768x505.jpg 768w\" sizes=\"auto, (max-width: 767px) 89vw, (max-width: 1000px) 54vw, (max-width: 1071px) 543px, 580px\" \/><\/a><\/figure><\/li><\/ul><\/figure>\n\n\n\n<figure class=\"wp-block-gallery columns-1 is-cropped wp-block-gallery-4 is-layout-flex wp-block-gallery-is-layout-flex\"><ul class=\"blocks-gallery-grid\"><li class=\"blocks-gallery-item\"><figure><a href=\"http:\/\/jkoehler.diskstation.me\/wordpress\/wp-content\/uploads\/2019\/08\/image-56-732x1024.png\"><img loading=\"lazy\" decoding=\"async\" width=\"732\" height=\"1024\" src=\"http:\/\/jkoehler.diskstation.me\/wordpress\/wp-content\/uploads\/2019\/08\/image-56-732x1024.png\" alt=\"\" data-id=\"7472\" class=\"wp-image-7472\" srcset=\"http:\/\/jkoehler.diskstation.me\/wordpress\/wp-content\/uploads\/2019\/08\/image-56-732x1024.png 732w, http:\/\/jkoehler.diskstation.me\/wordpress\/wp-content\/uploads\/2019\/08\/image-56-215x300.png 215w, http:\/\/jkoehler.diskstation.me\/wordpress\/wp-content\/uploads\/2019\/08\/image-56-768x1074.png 768w, http:\/\/jkoehler.diskstation.me\/wordpress\/wp-content\/uploads\/2019\/08\/image-56.png 1290w\" sizes=\"auto, (max-width: 732px) 100vw, 732px\" \/><\/a><\/figure><\/li><\/ul><\/figure>\n\n\n\n<figure class=\"wp-block-gallery columns-1 is-cropped wp-block-gallery-5 is-layout-flex wp-block-gallery-is-layout-flex\"><ul class=\"blocks-gallery-grid\"><li class=\"blocks-gallery-item\"><figure><a href=\"http:\/\/jkoehler.diskstation.me\/wordpress\/wp-content\/uploads\/2019\/08\/image-57-697x1024.png\"><img loading=\"lazy\" decoding=\"async\" width=\"697\" height=\"1024\" src=\"http:\/\/jkoehler.diskstation.me\/wordpress\/wp-content\/uploads\/2019\/08\/image-57-697x1024.png\" alt=\"\" data-id=\"7473\" class=\"wp-image-7473\" srcset=\"http:\/\/jkoehler.diskstation.me\/wordpress\/wp-content\/uploads\/2019\/08\/image-57-697x1024.png 697w, http:\/\/jkoehler.diskstation.me\/wordpress\/wp-content\/uploads\/2019\/08\/image-57-204x300.png 204w, http:\/\/jkoehler.diskstation.me\/wordpress\/wp-content\/uploads\/2019\/08\/image-57-768x1128.png 768w, http:\/\/jkoehler.diskstation.me\/wordpress\/wp-content\/uploads\/2019\/08\/image-57.png 1296w\" sizes=\"auto, (max-width: 697px) 100vw, 697px\" \/><\/a><\/figure><\/li><\/ul><\/figure>\n\n\n\n<figure class=\"wp-block-gallery columns-1 is-cropped wp-block-gallery-6 is-layout-flex wp-block-gallery-is-layout-flex\"><ul class=\"blocks-gallery-grid\"><li class=\"blocks-gallery-item\"><figure><a href=\"http:\/\/jkoehler.diskstation.me\/wordpress\/wp-content\/uploads\/2019\/08\/image-58-677x1024.png\"><img loading=\"lazy\" decoding=\"async\" width=\"677\" height=\"1024\" src=\"http:\/\/jkoehler.diskstation.me\/wordpress\/wp-content\/uploads\/2019\/08\/image-58-677x1024.png\" alt=\"\" data-id=\"7474\" class=\"wp-image-7474\" srcset=\"http:\/\/jkoehler.diskstation.me\/wordpress\/wp-content\/uploads\/2019\/08\/image-58-677x1024.png 677w, http:\/\/jkoehler.diskstation.me\/wordpress\/wp-content\/uploads\/2019\/08\/image-58-198x300.png 198w, http:\/\/jkoehler.diskstation.me\/wordpress\/wp-content\/uploads\/2019\/08\/image-58-768x1161.png 768w, http:\/\/jkoehler.diskstation.me\/wordpress\/wp-content\/uploads\/2019\/08\/image-58.png 1253w\" sizes=\"auto, (max-width: 677px) 100vw, 677px\" \/><\/a><\/figure><\/li><\/ul><\/figure>\n\n\n\n<p>&#8211;> <a href=\"http:\/\/jkoehler.diskstation.me\/wordpress\/diaries\/field-diaries-notes\/feldtagebucher-tonaufzeichnungen-1993-bis-1998-studium-magisterarbeit\/august-1994-tbilisi-uddapno-svaneti-verwandtschaft-und-blutrache\/\">next<\/a><\/p>\n\n\n\n<p> <a href=\"http:\/\/jkoehler.diskstation.me\/wordpress\/diaries\/field-diaries-notes\/feldtagebucher-tonaufzeichnungen-1993-bis-1998-studium-magisterarbeit\/\">\u2191 One level up \u2191<\/a> <\/p>\n","protected":false},"excerpt":{"rendered":"<p>Muzo: Daiauri Familiengeschichte Blutrache &#8211; unblutige Auss\u00f6hnung Ernte; Ungl\u00fccksf\u00e4lle siehe auch 09:2:87 Chewsuretien; Pflanzen Unterteilung von Familiendimensionen Wirtschaft Rache Erinnerungstiefe G: Muzo: T\u00f6chter; Wiederherstellung der Ehre Regeln Rituale der Chewsuren: \u00dcberm G\u00fcrten und Gleichfarbige G: Gebeinh\u00e4user auf Festung Muzo Liebe &#8211; Besitz; Inzucht Portr\u00e4t Hitlers &#8211;> next \u2191 One level up \u2191<\/p>\n","protected":false},"author":1,"featured_media":7578,"parent":5859,"menu_order":43,"comment_status":"closed","ping_status":"closed","template":"","meta":{"footnotes":""},"class_list":["post-7469","page","type-page","status-publish","has-post-thumbnail","hentry"],"_links":{"self":[{"href":"http:\/\/jkoehler.diskstation.me\/wordpress\/wp-json\/wp\/v2\/pages\/7469","targetHints":{"allow":["GET"]}}],"collection":[{"href":"http:\/\/jkoehler.diskstation.me\/wordpress\/wp-json\/wp\/v2\/pages"}],"about":[{"href":"http:\/\/jkoehler.diskstation.me\/wordpress\/wp-json\/wp\/v2\/types\/page"}],"author":[{"embeddable":true,"href":"http:\/\/jkoehler.diskstation.me\/wordpress\/wp-json\/wp\/v2\/users\/1"}],"replies":[{"embeddable":true,"href":"http:\/\/jkoehler.diskstation.me\/wordpress\/wp-json\/wp\/v2\/comments?post=7469"}],"version-history":[{"count":6,"href":"http:\/\/jkoehler.diskstation.me\/wordpress\/wp-json\/wp\/v2\/pages\/7469\/revisions"}],"predecessor-version":[{"id":8185,"href":"http:\/\/jkoehler.diskstation.me\/wordpress\/wp-json\/wp\/v2\/pages\/7469\/revisions\/8185"}],"up":[{"embeddable":true,"href":"http:\/\/jkoehler.diskstation.me\/wordpress\/wp-json\/wp\/v2\/pages\/5859"}],"wp:featuredmedia":[{"embeddable":true,"href":"http:\/\/jkoehler.diskstation.me\/wordpress\/wp-json\/wp\/v2\/media\/7578"}],"wp:attachment":[{"href":"http:\/\/jkoehler.diskstation.me\/wordpress\/wp-json\/wp\/v2\/media?parent=7469"}],"curies":[{"name":"wp","href":"https:\/\/api.w.org\/{rel}","templated":true}]}}