{"id":746,"date":"2018-02-01T12:57:45","date_gmt":"2018-02-01T11:57:45","guid":{"rendered":"http:\/\/jkoehler.diskstation.me\/wordpress\/?page_id=746"},"modified":"2019-03-16T14:15:40","modified_gmt":"2019-03-16T13:15:40","slug":"petersburg-19-02-1992","status":"publish","type":"page","link":"http:\/\/jkoehler.diskstation.me\/wordpress\/diaries\/tagebuch-leningrad-st-petersburg-tbilisi-1991-1993\/leningrad-zweiter-anlauf\/petersburg-19-02-1992\/","title":{"rendered":"Petersburg, 19.02.1992: Andrusha, Avia, Auktion &#038; Poslednij Chance"},"content":{"rendered":"<p>Gutes Leben gelebt, die letzten Tage. Viel Zeit mit old Andruscha verbracht, der nicht Buddhismus unterrichtet, sondern bei einem d\u00e4nischen Lehrer lernt.<\/p>\n<p>Mit ihm, Freundin und gr\u00e4\u00dflichen deutschen Bekannten von ihm, war ich auf einem hervorragendem Nostalgiekonzert der Gruppen <em><a href=\"https:\/\/www.youtube.com\/watch?v=UCMUGFfzpXU\" target=\"_blank\" rel=\"noopener\">Avia<\/a>,<\/em> <em><a href=\"https:\/\/www.youtube.com\/watch?v=kmzEOQhpFsU\" target=\"_blank\" rel=\"noopener\">Auktion<\/a> und <a href=\"https:\/\/www.youtube.com\/watch?v=JeGzKfvEbXU\" target=\"_blank\" rel=\"noopener\">Poslednij Chance<\/a>.<\/em> Auktion ist hier wohl vor allem wegen ihrer Monotonie und der skandal\u00f6sen Preformance, in der ein Schauspieler und ein T\u00e4nzer die allerschwulsten Paarungsspiele &#8211; mit den sich daraus ergebenden Problemen &#8211; andeuten, bei den hiesigen Punks sehr beliebt. Die erste Gruppe bezieht ihre Inspirationen in Darstellung und Musik vor allem aus der Zeit des Futurismus der Zwanziger Jahre. Industrieger\u00e4usche, abrupte Flie\u00dfbandbewegungen, die Rot-Schwarz-Symbolik der beginnenden Sowjetzeit fette stampfende Komsomolzinnen. Ein gelungenes Gesamtkunstwerk so in Richtung Laibach, Einst\u00fcrzende Neubauten. Eine nicht zu offensichtliche Parteiergreifung in der Auseinandersetzung mit dem Menschen in der Moderne. Die letzte Gruppe machte angenehme Musik in Richtung Madness.<\/p>\n<p>Nach dem Konzert gingen wir noch ins Hotelzimmer der deutschen Entwicklungshelfer:<\/p>\n<p>&nbsp;<\/p>\n<p>&#8211;&gt; <a href=\"http:\/\/jkoehler.diskstation.me\/wordpress\/?page_id=774&amp;preview=true\">next page<\/a><\/p>\n","protected":false},"excerpt":{"rendered":"<p>Gutes Leben gelebt, die letzten Tage. Viel Zeit mit old Andruscha verbracht, der nicht Buddhismus unterrichtet, sondern bei einem d\u00e4nischen Lehrer lernt. Mit ihm, Freundin und gr\u00e4\u00dflichen deutschen Bekannten von ihm, war ich auf einem hervorragendem Nostalgiekonzert der Gruppen Avia, Auktion und Poslednij Chance. Auktion ist hier wohl vor allem wegen ihrer Monotonie und der &hellip; <\/p>\n<p class=\"link-more\"><a href=\"http:\/\/jkoehler.diskstation.me\/wordpress\/diaries\/tagebuch-leningrad-st-petersburg-tbilisi-1991-1993\/leningrad-zweiter-anlauf\/petersburg-19-02-1992\/\" class=\"more-link\">Continue reading<span class=\"screen-reader-text\"> &#8220;Petersburg, 19.02.1992: Andrusha, Avia, Auktion &#038; Poslednij Chance&#8221;<\/span><\/a><\/p>\n","protected":false},"author":1,"featured_media":1227,"parent":587,"menu_order":24,"comment_status":"closed","ping_status":"closed","template":"","meta":{"footnotes":""},"class_list":["post-746","page","type-page","status-publish","has-post-thumbnail","hentry"],"_links":{"self":[{"href":"http:\/\/jkoehler.diskstation.me\/wordpress\/wp-json\/wp\/v2\/pages\/746","targetHints":{"allow":["GET"]}}],"collection":[{"href":"http:\/\/jkoehler.diskstation.me\/wordpress\/wp-json\/wp\/v2\/pages"}],"about":[{"href":"http:\/\/jkoehler.diskstation.me\/wordpress\/wp-json\/wp\/v2\/types\/page"}],"author":[{"embeddable":true,"href":"http:\/\/jkoehler.diskstation.me\/wordpress\/wp-json\/wp\/v2\/users\/1"}],"replies":[{"embeddable":true,"href":"http:\/\/jkoehler.diskstation.me\/wordpress\/wp-json\/wp\/v2\/comments?post=746"}],"version-history":[{"count":8,"href":"http:\/\/jkoehler.diskstation.me\/wordpress\/wp-json\/wp\/v2\/pages\/746\/revisions"}],"predecessor-version":[{"id":2153,"href":"http:\/\/jkoehler.diskstation.me\/wordpress\/wp-json\/wp\/v2\/pages\/746\/revisions\/2153"}],"up":[{"embeddable":true,"href":"http:\/\/jkoehler.diskstation.me\/wordpress\/wp-json\/wp\/v2\/pages\/587"}],"wp:featuredmedia":[{"embeddable":true,"href":"http:\/\/jkoehler.diskstation.me\/wordpress\/wp-json\/wp\/v2\/media\/1227"}],"wp:attachment":[{"href":"http:\/\/jkoehler.diskstation.me\/wordpress\/wp-json\/wp\/v2\/media?parent=746"}],"curies":[{"name":"wp","href":"https:\/\/api.w.org\/{rel}","templated":true}]}}