{"id":742,"date":"2018-02-01T12:53:42","date_gmt":"2018-02-01T11:53:42","guid":{"rendered":"http:\/\/jkoehler.diskstation.me\/wordpress\/?page_id=742"},"modified":"2019-03-16T14:15:40","modified_gmt":"2019-03-16T13:15:40","slug":"petersburg-13-02-1992","status":"publish","type":"page","link":"http:\/\/jkoehler.diskstation.me\/wordpress\/diaries\/tagebuch-leningrad-st-petersburg-tbilisi-1991-1993\/leningrad-zweiter-anlauf\/petersburg-13-02-1992\/","title":{"rendered":"Petersburg, 13.02.1992: Das f\u00fcnfte Siegel"},"content":{"rendered":"<p>Feja rief heute Morgen um 5.00 an. Ich kann mich nur noch daran erinnern, da\u00df es ihr nicht besonders gut geht und dass ich ziemlich viel von den Verwirrungen des Z\u00f6glings Jan Koehler auf der Suche nach dem Weg mit Herz gefaselt habe.<a href=\"http:\/\/jkoehler.diskstation.me\/wordpress\/wp-content\/uploads\/2018\/03\/fee-1.jpg\"><img loading=\"lazy\" decoding=\"async\" class=\"alignleft size-full wp-image-1225\" src=\"http:\/\/jkoehler.diskstation.me\/wordpress\/wp-content\/uploads\/2018\/03\/fee-1.jpg\" alt=\"\" width=\"1000\" height=\"787\" srcset=\"http:\/\/jkoehler.diskstation.me\/wordpress\/wp-content\/uploads\/2018\/03\/fee-1.jpg 1000w, http:\/\/jkoehler.diskstation.me\/wordpress\/wp-content\/uploads\/2018\/03\/fee-1-300x236.jpg 300w, http:\/\/jkoehler.diskstation.me\/wordpress\/wp-content\/uploads\/2018\/03\/fee-1-768x604.jpg 768w\" sizes=\"auto, (max-width: 767px) 89vw, (max-width: 1000px) 54vw, (max-width: 1071px) 543px, 580px\" \/><\/a><\/p>\n<p>Meine E\u00dfgewohnheiten hier sind ein bi\u00dfchen lebenswidrig. Vor allem Brot, Butter und Zucker&#8230; . Manchmal lege ich eine Reiswoche (mit Zucker, Salz und Rosienen) dazwischen. Im winzigen Rasierspiegel im Bad sehe ich noch nicht allzu gedunsen aus. Da ich aber Wabbeligkeit im Anflug gesp\u00fcrt habe, mache ich jetzt \u00f6fter ein paar exercises.<\/p>\n<p>Den gestrigen Tag verbrachte ich mit Andruscha, seiner Freundin und abends dann noch B.M. und Sascha. Wir haben unaufh\u00f6rlich Joints mit mildem Effekt geraucht, Makkaroni mit Bergen von Knoblauch und Zwiebeln gegessen, was B.M. im Kino dann veranla\u00dfte, sich ein paar Pl\u00e4tze von mir zu entfernen (?), den ungarischen Film <a href=\"https:\/\/en.wikipedia.org\/wiki\/The_Fifth_Seal\"><em>pyataya netschatch<\/em><\/a>. Eben der ist eine eindrucksvolle, tiefgr\u00fcndige Auseinandersetzung mit der Grundfrage: &#8220;T\u00e4ter mit blutigen H\u00e4nden oder Opfer mit herausgerissener&#8221;. Diese Frage stellt der Regisseur f\u00fcnf Charakteren zur Zeit des ungarischen Faschismus. Einmal direkt, in Form eines M\u00e4rchens, das der \u00fcberhebliche Intellektuell der Gruppe vortr\u00e4gt, und dann von Schicksal selbst &#8211; in den Folterkellern der Faschisten.<\/p>\n<p>Darin geht Fabri (d. Regies.) weiter als Orwell, da\u00df er das nach Dostojewski schwerste Leid der Entscheidungsfreiheit den Qualen der Hoffnungslosigkeit hinzuf\u00fcgt (nicht ersetzt!). Entweder den blut\u00fcberstr\u00f6mten Jesus, der in der Folterzentrale von der Decke baumelt, an den H\u00e4nden aufgekn\u00fcpft und nur noch schwach bei Bewu\u00dftsein, schlagen, oder aber selbst h\u00e4ngen. Ausweglos ist es, weil ein Mensch auf jeden Fall vergeht.<\/p>\n<p>Eben war mein Geldwechsler da und tauschte 50DM ein. Das erste mal seit einer Woche, das ich wieder Geld habe!<\/p>\n<p>&#8211;&gt; <a href=\"http:\/\/jkoehler.diskstation.me\/wordpress\/?page_id=746&amp;preview=true\">next page<\/a><\/p>\n","protected":false},"excerpt":{"rendered":"<p>Feja rief heute Morgen um 5.00 an. Ich kann mich nur noch daran erinnern, da\u00df es ihr nicht besonders gut geht und dass ich ziemlich viel von den Verwirrungen des Z\u00f6glings Jan Koehler auf der Suche nach dem Weg mit Herz gefaselt habe. Meine E\u00dfgewohnheiten hier sind ein bi\u00dfchen lebenswidrig. Vor allem Brot, Butter und &hellip; <\/p>\n<p class=\"link-more\"><a href=\"http:\/\/jkoehler.diskstation.me\/wordpress\/diaries\/tagebuch-leningrad-st-petersburg-tbilisi-1991-1993\/leningrad-zweiter-anlauf\/petersburg-13-02-1992\/\" class=\"more-link\">Continue reading<span class=\"screen-reader-text\"> &#8220;Petersburg, 13.02.1992: Das f\u00fcnfte Siegel&#8221;<\/span><\/a><\/p>\n","protected":false},"author":1,"featured_media":839,"parent":587,"menu_order":23,"comment_status":"closed","ping_status":"closed","template":"","meta":{"footnotes":""},"class_list":["post-742","page","type-page","status-publish","has-post-thumbnail","hentry"],"_links":{"self":[{"href":"http:\/\/jkoehler.diskstation.me\/wordpress\/wp-json\/wp\/v2\/pages\/742","targetHints":{"allow":["GET"]}}],"collection":[{"href":"http:\/\/jkoehler.diskstation.me\/wordpress\/wp-json\/wp\/v2\/pages"}],"about":[{"href":"http:\/\/jkoehler.diskstation.me\/wordpress\/wp-json\/wp\/v2\/types\/page"}],"author":[{"embeddable":true,"href":"http:\/\/jkoehler.diskstation.me\/wordpress\/wp-json\/wp\/v2\/users\/1"}],"replies":[{"embeddable":true,"href":"http:\/\/jkoehler.diskstation.me\/wordpress\/wp-json\/wp\/v2\/comments?post=742"}],"version-history":[{"count":6,"href":"http:\/\/jkoehler.diskstation.me\/wordpress\/wp-json\/wp\/v2\/pages\/742\/revisions"}],"predecessor-version":[{"id":1804,"href":"http:\/\/jkoehler.diskstation.me\/wordpress\/wp-json\/wp\/v2\/pages\/742\/revisions\/1804"}],"up":[{"embeddable":true,"href":"http:\/\/jkoehler.diskstation.me\/wordpress\/wp-json\/wp\/v2\/pages\/587"}],"wp:featuredmedia":[{"embeddable":true,"href":"http:\/\/jkoehler.diskstation.me\/wordpress\/wp-json\/wp\/v2\/media\/839"}],"wp:attachment":[{"href":"http:\/\/jkoehler.diskstation.me\/wordpress\/wp-json\/wp\/v2\/media?parent=742"}],"curies":[{"name":"wp","href":"https:\/\/api.w.org\/{rel}","templated":true}]}}