{"id":729,"date":"2018-01-31T21:30:28","date_gmt":"2018-01-31T20:30:28","guid":{"rendered":"http:\/\/jkoehler.diskstation.me\/wordpress\/?page_id=729"},"modified":"2019-03-16T14:15:39","modified_gmt":"2019-03-16T13:15:39","slug":"petersburg-06-02-1992","status":"publish","type":"page","link":"http:\/\/jkoehler.diskstation.me\/wordpress\/diaries\/tagebuch-leningrad-st-petersburg-tbilisi-1991-1993\/leningrad-zweiter-anlauf\/petersburg-06-02-1992\/","title":{"rendered":"Petersburg, 06.02.1992: unspezifische Fr\u00fchlingsgef\u00fchle"},"content":{"rendered":"<p>Im Moment scheine ich mir die Option zu haben, zwischen mich laufend zu verlieben oder es halt wie gew\u00f6hnlich ganz zu lassen.<\/p>\n<p>Ich sehe jetzt sehr viel \u00c4u\u00dferes, das mich auf die eine oder andere Weise anmacht. Sehr viel Erotik, einiges an Sex-Appeal und erstaunlich viel Sch\u00f6nheit. Dies trifft vor allem auf Frauen zu, mir vielen aber auch schon einige beeindruckende M\u00e4nner auf.<\/p>\n<p>Ich bin leider immer noch zu sehr eine sprachliche Zumutung um Konversation in folgender Weise von mir aus zu beginnen:<\/p>\n<p><em>Noch nie sah ich eine Frau, mit derart weit auseinanderstehenden Augen. Ihre Z\u00fcge verrieten anziehende Freundlichkeit. Ihr Alter mochte klassische 50 sein. Ich spielte mit meiner silbernen Klangkugel und entschied, nachdem sie mich, den an meiner Jacke baumelnden Stoffaffen registriert habend, angel\u00e4chelt hatte, Konversation zu machen.<\/em><\/p>\n<p>&#8211;&gt; <a href=\"http:\/\/jkoehler.diskstation.me\/wordpress\/diaries\/tagebuch-leningrad-st-petersburg-tbilisi-1991-1993\/leningrad-zweiter-anlauf\/petersburg-09-02-1992\/\">next page<\/a><\/p>\n","protected":false},"excerpt":{"rendered":"<p>Im Moment scheine ich mir die Option zu haben, zwischen mich laufend zu verlieben oder es halt wie gew\u00f6hnlich ganz zu lassen. Ich sehe jetzt sehr viel \u00c4u\u00dferes, das mich auf die eine oder andere Weise anmacht. Sehr viel Erotik, einiges an Sex-Appeal und erstaunlich viel Sch\u00f6nheit. Dies trifft vor allem auf Frauen zu, mir &hellip; <\/p>\n<p class=\"link-more\"><a href=\"http:\/\/jkoehler.diskstation.me\/wordpress\/diaries\/tagebuch-leningrad-st-petersburg-tbilisi-1991-1993\/leningrad-zweiter-anlauf\/petersburg-06-02-1992\/\" class=\"more-link\">Continue reading<span class=\"screen-reader-text\"> &#8220;Petersburg, 06.02.1992: unspezifische Fr\u00fchlingsgef\u00fchle&#8221;<\/span><\/a><\/p>\n","protected":false},"author":1,"featured_media":0,"parent":587,"menu_order":19,"comment_status":"closed","ping_status":"closed","template":"","meta":{"footnotes":""},"class_list":["post-729","page","type-page","status-publish","hentry"],"_links":{"self":[{"href":"http:\/\/jkoehler.diskstation.me\/wordpress\/wp-json\/wp\/v2\/pages\/729","targetHints":{"allow":["GET"]}}],"collection":[{"href":"http:\/\/jkoehler.diskstation.me\/wordpress\/wp-json\/wp\/v2\/pages"}],"about":[{"href":"http:\/\/jkoehler.diskstation.me\/wordpress\/wp-json\/wp\/v2\/types\/page"}],"author":[{"embeddable":true,"href":"http:\/\/jkoehler.diskstation.me\/wordpress\/wp-json\/wp\/v2\/users\/1"}],"replies":[{"embeddable":true,"href":"http:\/\/jkoehler.diskstation.me\/wordpress\/wp-json\/wp\/v2\/comments?post=729"}],"version-history":[{"count":4,"href":"http:\/\/jkoehler.diskstation.me\/wordpress\/wp-json\/wp\/v2\/pages\/729\/revisions"}],"predecessor-version":[{"id":1799,"href":"http:\/\/jkoehler.diskstation.me\/wordpress\/wp-json\/wp\/v2\/pages\/729\/revisions\/1799"}],"up":[{"embeddable":true,"href":"http:\/\/jkoehler.diskstation.me\/wordpress\/wp-json\/wp\/v2\/pages\/587"}],"wp:attachment":[{"href":"http:\/\/jkoehler.diskstation.me\/wordpress\/wp-json\/wp\/v2\/media?parent=729"}],"curies":[{"name":"wp","href":"https:\/\/api.w.org\/{rel}","templated":true}]}}