{"id":664,"date":"2018-01-30T11:25:39","date_gmt":"2018-01-30T10:25:39","guid":{"rendered":"http:\/\/jkoehler.diskstation.me\/wordpress\/?page_id=664"},"modified":"2019-03-16T14:15:39","modified_gmt":"2019-03-16T13:15:39","slug":"petersburg-29-01-1991","status":"publish","type":"page","link":"http:\/\/jkoehler.diskstation.me\/wordpress\/diaries\/tagebuch-leningrad-st-petersburg-tbilisi-1991-1993\/leningrad-zweiter-anlauf\/petersburg-29-01-1991\/","title":{"rendered":"Petersburg, 29.01.1992: Bernd und Tagebuch"},"content":{"rendered":"<p>Bernd rief gestern an und befand, da\u00df er mir den Hintern putze, worauf ich mich in Zukunft allerdings nicht mehr verlassen solle. Weiter, da\u00df ihn Stellen der \u00dcberheblichkeit in meinem Tagebuch ge\u00e4rgert h\u00e4tten (&#8220;Ich dachte gerade, was schreibt &#8211; denkt &#8211; der sich auch manchmal f\u00fcr eine Schei\u00dfe zusammen &#8230;&#8221;). Ersteres bedingt durch die Unir\u00fcckmeldung, die er f\u00fcr mich erledigt hat, letzteres vor allem auf meine Spiegelmetapher bezogen.<\/p>\n<p>Das erinnerte mich noch einmal schmerzlich daran, wie wir einst Freunde waren. Au\u00dferdem stellte er, beg\u00fcnstigt von einem sp\u00e4ter erfolgenden Anruf von Fee, die sich unwohl als Voyeur f\u00fchlte, bei der Lekt\u00fcre meiner j\u00fcngsten Tagebuchabschrift, meinen Willen, das Tagebuch zu teilen mit Menschen, die sich daf\u00fcr interessieren, in Frage.<\/p>\n<p>Bernd versteht \u00fcberhaupt nichts mehr, irgendwie kommt er \u00fcber dieses <em>Jan hat ja auch einen Schwanz und ist deshalb nicht anders als ich, nur dr\u00fcckt&#8217;s sich anders aus bei ihm <\/em>nicht hinaus. Ich glaube, er will oder kann mich nicht mehr achten. Zur Spiegelmetapher fiel ihm ein, wie flach so ein Spiegel doch sei&#8230; . Max Frisch hat schon recht: Ist Wohlwollen bei dem Versuch verbaler Kommunikation nicht gegeben, sollte man es besser gleich lassen.<\/p>\n<p>&nbsp;<\/p>\n<p>W\u00e4hrend des 40 min\u00fctigen Telefonats mit Fee hatte ich auch Gelegenheit, mit Steve zu sprechen, der im Angesicht von Fees blonden Haaren sich jetzt doch entschieden hat, anstatt einer Nacht, solang zu bleiben, wie ihre Beine sind. Er sprach irgendwie mit britisch sanft verklemmten Schuldkomplex zu mir, legte gro\u00dfen Wert darauf, das Kulturprogramm zu unterstreichen, sowie sein Willkommensein und die Tatsache, da\u00df er Geld abgehoben habe&#8230; . Funny.<\/p>\n<p>&nbsp;<\/p>\n<p>&#8211;&gt; <a href=\"http:\/\/jkoehler.diskstation.me\/wordpress\/diaries\/tagebuch-leningrad-st-petersburg-tbilisi-1991-1993\/leningrad-zweiter-anlauf\/petersburg-31-01-1992\/\">next page<\/a><\/p>\n","protected":false},"excerpt":{"rendered":"<p>Bernd rief gestern an und befand, da\u00df er mir den Hintern putze, worauf ich mich in Zukunft allerdings nicht mehr verlassen solle. Weiter, da\u00df ihn Stellen der \u00dcberheblichkeit in meinem Tagebuch ge\u00e4rgert h\u00e4tten (&#8220;Ich dachte gerade, was schreibt &#8211; denkt &#8211; der sich auch manchmal f\u00fcr eine Schei\u00dfe zusammen &#8230;&#8221;). Ersteres bedingt durch die Unir\u00fcckmeldung, &hellip; <\/p>\n<p class=\"link-more\"><a href=\"http:\/\/jkoehler.diskstation.me\/wordpress\/diaries\/tagebuch-leningrad-st-petersburg-tbilisi-1991-1993\/leningrad-zweiter-anlauf\/petersburg-29-01-1991\/\" class=\"more-link\">Continue reading<span class=\"screen-reader-text\"> &#8220;Petersburg, 29.01.1992: Bernd und Tagebuch&#8221;<\/span><\/a><\/p>\n","protected":false},"author":1,"featured_media":0,"parent":587,"menu_order":14,"comment_status":"closed","ping_status":"closed","template":"","meta":{"footnotes":""},"class_list":["post-664","page","type-page","status-publish","hentry"],"_links":{"self":[{"href":"http:\/\/jkoehler.diskstation.me\/wordpress\/wp-json\/wp\/v2\/pages\/664","targetHints":{"allow":["GET"]}}],"collection":[{"href":"http:\/\/jkoehler.diskstation.me\/wordpress\/wp-json\/wp\/v2\/pages"}],"about":[{"href":"http:\/\/jkoehler.diskstation.me\/wordpress\/wp-json\/wp\/v2\/types\/page"}],"author":[{"embeddable":true,"href":"http:\/\/jkoehler.diskstation.me\/wordpress\/wp-json\/wp\/v2\/users\/1"}],"replies":[{"embeddable":true,"href":"http:\/\/jkoehler.diskstation.me\/wordpress\/wp-json\/wp\/v2\/comments?post=664"}],"version-history":[{"count":4,"href":"http:\/\/jkoehler.diskstation.me\/wordpress\/wp-json\/wp\/v2\/pages\/664\/revisions"}],"predecessor-version":[{"id":1809,"href":"http:\/\/jkoehler.diskstation.me\/wordpress\/wp-json\/wp\/v2\/pages\/664\/revisions\/1809"}],"up":[{"embeddable":true,"href":"http:\/\/jkoehler.diskstation.me\/wordpress\/wp-json\/wp\/v2\/pages\/587"}],"wp:attachment":[{"href":"http:\/\/jkoehler.diskstation.me\/wordpress\/wp-json\/wp\/v2\/media?parent=664"}],"curies":[{"name":"wp","href":"https:\/\/api.w.org\/{rel}","templated":true}]}}