{"id":6632,"date":"2019-04-25T18:52:57","date_gmt":"2019-04-25T16:52:57","guid":{"rendered":"http:\/\/jkoehler.diskstation.me\/wordpress\/?page_id=6632"},"modified":"2020-01-01T11:21:45","modified_gmt":"2020-01-01T10:21:45","slug":"dohle-koln-brussel-paris-ostern-2002","status":"publish","type":"page","link":"http:\/\/jkoehler.diskstation.me\/wordpress\/diaries\/tgb-since-1993\/germany-2001-2003-steward-str-7-sporadic-notes\/2002-2\/dohle-koln-brussel-paris-ostern-2002\/","title":{"rendered":"D\u00f6hle-K\u00f6ln-Br\u00fcssel-Paris, Ostern 2002"},"content":{"rendered":"\n<iframe loading=\"lazy\" src=\"https:\/\/player.vimeo.com\/video\/332469025\" width=\"640\" height=\"468\" frameborder=\"0\" allow=\"autoplay; fullscreen\" allowfullscreen=\"\"><\/iframe>\n\n\n\n<iframe loading=\"lazy\" src=\"https:\/\/player.vimeo.com\/video\/332469702\" width=\"640\" height=\"468\" frameborder=\"0\" allow=\"autoplay; fullscreen\" allowfullscreen=\"\"><\/iframe>\n\n\n\n<iframe loading=\"lazy\" src=\"https:\/\/player.vimeo.com\/video\/332469572\" width=\"640\" height=\"468\" frameborder=\"0\" allow=\"autoplay; fullscreen\" allowfullscreen=\"\"><\/iframe>\n\n\n\n<iframe loading=\"lazy\" src=\"https:\/\/player.vimeo.com\/video\/332469436\" width=\"640\" height=\"468\" frameborder=\"0\" allow=\"autoplay; fullscreen\" allowfullscreen=\"\"><\/iframe>\n\n\n\n<iframe loading=\"lazy\" src=\"https:\/\/player.vimeo.com\/video\/332469215\" width=\"640\" height=\"468\" frameborder=\"0\" allow=\"autoplay; fullscreen\" allowfullscreen=\"\"><\/iframe>\n\n\n\n<figure class=\"wp-block-gallery columns-3 is-cropped wp-block-gallery-1 is-layout-flex wp-block-gallery-is-layout-flex\"><ul class=\"blocks-gallery-grid\"><li class=\"blocks-gallery-item\"><figure><a href=\"http:\/\/jkoehler.diskstation.me\/wordpress\/wp-content\/uploads\/2019\/04\/DIA_0054_k\u00f6ln-br\u00fcssel-paris2002-1.jpg\"><img loading=\"lazy\" decoding=\"async\" width=\"1000\" height=\"634\" src=\"http:\/\/jkoehler.diskstation.me\/wordpress\/wp-content\/uploads\/2019\/04\/DIA_0054_k\u00f6ln-br\u00fcssel-paris2002-1.jpg\" alt=\"\" data-id=\"6654\" data-link=\"http:\/\/jkoehler.diskstation.me\/wordpress\/diaries\/tgb-since-1993\/germany-2001-2003-steward-str-7-sporadic-notes\/2002-2\/dohle-koln-brussel-paris-ostern-2002\/dia_0054_koln-brussel-paris2002-1\/\" class=\"wp-image-6654\" srcset=\"http:\/\/jkoehler.diskstation.me\/wordpress\/wp-content\/uploads\/2019\/04\/DIA_0054_k\u00f6ln-br\u00fcssel-paris2002-1.jpg 1000w, http:\/\/jkoehler.diskstation.me\/wordpress\/wp-content\/uploads\/2019\/04\/DIA_0054_k\u00f6ln-br\u00fcssel-paris2002-1-300x190.jpg 300w, http:\/\/jkoehler.diskstation.me\/wordpress\/wp-content\/uploads\/2019\/04\/DIA_0054_k\u00f6ln-br\u00fcssel-paris2002-1-768x487.jpg 768w\" sizes=\"auto, (max-width: 767px) 89vw, (max-width: 1000px) 54vw, (max-width: 1071px) 543px, 580px\" \/><\/a><\/figure><\/li><li class=\"blocks-gallery-item\"><figure><a href=\"http:\/\/jkoehler.diskstation.me\/wordpress\/wp-content\/uploads\/2019\/04\/DIA_0053_k\u00f6ln-br\u00fcssel-paris2002.jpg\"><img loading=\"lazy\" decoding=\"async\" width=\"682\" height=\"1000\" src=\"http:\/\/jkoehler.diskstation.me\/wordpress\/wp-content\/uploads\/2019\/04\/DIA_0053_k\u00f6ln-br\u00fcssel-paris2002.jpg\" alt=\"\" data-id=\"6653\" data-link=\"http:\/\/jkoehler.diskstation.me\/wordpress\/diaries\/tgb-since-1993\/germany-2001-2003-steward-str-7-sporadic-notes\/2002-2\/dohle-koln-brussel-paris-ostern-2002\/dia_0053_koln-brussel-paris2002\/\" class=\"wp-image-6653\" srcset=\"http:\/\/jkoehler.diskstation.me\/wordpress\/wp-content\/uploads\/2019\/04\/DIA_0053_k\u00f6ln-br\u00fcssel-paris2002.jpg 682w, http:\/\/jkoehler.diskstation.me\/wordpress\/wp-content\/uploads\/2019\/04\/DIA_0053_k\u00f6ln-br\u00fcssel-paris2002-205x300.jpg 205w\" sizes=\"auto, (max-width: 682px) 100vw, 682px\" \/><\/a><\/figure><\/li><li class=\"blocks-gallery-item\"><figure><a href=\"http:\/\/jkoehler.diskstation.me\/wordpress\/wp-content\/uploads\/2019\/04\/DIA_0052_k\u00f6ln-br\u00fcssel-paris2002.jpg\"><img loading=\"lazy\" decoding=\"async\" width=\"1000\" height=\"682\" src=\"http:\/\/jkoehler.diskstation.me\/wordpress\/wp-content\/uploads\/2019\/04\/DIA_0052_k\u00f6ln-br\u00fcssel-paris2002.jpg\" alt=\"\" data-id=\"6652\" data-link=\"http:\/\/jkoehler.diskstation.me\/wordpress\/diaries\/tgb-since-1993\/germany-2001-2003-steward-str-7-sporadic-notes\/2002-2\/dohle-koln-brussel-paris-ostern-2002\/dia_0052_koln-brussel-paris2002\/\" class=\"wp-image-6652\" srcset=\"http:\/\/jkoehler.diskstation.me\/wordpress\/wp-content\/uploads\/2019\/04\/DIA_0052_k\u00f6ln-br\u00fcssel-paris2002.jpg 1000w, http:\/\/jkoehler.diskstation.me\/wordpress\/wp-content\/uploads\/2019\/04\/DIA_0052_k\u00f6ln-br\u00fcssel-paris2002-300x205.jpg 300w, http:\/\/jkoehler.diskstation.me\/wordpress\/wp-content\/uploads\/2019\/04\/DIA_0052_k\u00f6ln-br\u00fcssel-paris2002-768x524.jpg 768w\" sizes=\"auto, (max-width: 767px) 89vw, (max-width: 1000px) 54vw, (max-width: 1071px) 543px, 580px\" \/><\/a><\/figure><\/li><li class=\"blocks-gallery-item\"><figure><a href=\"http:\/\/jkoehler.diskstation.me\/wordpress\/wp-content\/uploads\/2019\/04\/DIA_0046_k\u00f6ln-brussel-paris2002.jpg\"><img loading=\"lazy\" decoding=\"async\" width=\"1000\" height=\"682\" src=\"http:\/\/jkoehler.diskstation.me\/wordpress\/wp-content\/uploads\/2019\/04\/DIA_0046_k\u00f6ln-brussel-paris2002.jpg\" alt=\"\" data-id=\"6649\" data-link=\"http:\/\/jkoehler.diskstation.me\/wordpress\/diaries\/tgb-since-1993\/germany-2001-2003-steward-str-7-sporadic-notes\/2002-2\/dohle-koln-brussel-paris-ostern-2002\/dia_0046_koln-brussel-paris2002\/\" class=\"wp-image-6649\" srcset=\"http:\/\/jkoehler.diskstation.me\/wordpress\/wp-content\/uploads\/2019\/04\/DIA_0046_k\u00f6ln-brussel-paris2002.jpg 1000w, http:\/\/jkoehler.diskstation.me\/wordpress\/wp-content\/uploads\/2019\/04\/DIA_0046_k\u00f6ln-brussel-paris2002-300x205.jpg 300w, http:\/\/jkoehler.diskstation.me\/wordpress\/wp-content\/uploads\/2019\/04\/DIA_0046_k\u00f6ln-brussel-paris2002-768x524.jpg 768w\" sizes=\"auto, (max-width: 767px) 89vw, (max-width: 1000px) 54vw, (max-width: 1071px) 543px, 580px\" \/><\/a><\/figure><\/li><li class=\"blocks-gallery-item\"><figure><a href=\"http:\/\/jkoehler.diskstation.me\/wordpress\/wp-content\/uploads\/2019\/04\/DIA_0038_k\u00f6ln-brussel-paris2002.jpg\"><img loading=\"lazy\" decoding=\"async\" width=\"1000\" height=\"682\" src=\"http:\/\/jkoehler.diskstation.me\/wordpress\/wp-content\/uploads\/2019\/04\/DIA_0038_k\u00f6ln-brussel-paris2002.jpg\" alt=\"\" data-id=\"6648\" data-link=\"http:\/\/jkoehler.diskstation.me\/wordpress\/diaries\/tgb-since-1993\/germany-2001-2003-steward-str-7-sporadic-notes\/2002-2\/dohle-koln-brussel-paris-ostern-2002\/dia_0038_koln-brussel-paris2002\/\" class=\"wp-image-6648\" srcset=\"http:\/\/jkoehler.diskstation.me\/wordpress\/wp-content\/uploads\/2019\/04\/DIA_0038_k\u00f6ln-brussel-paris2002.jpg 1000w, http:\/\/jkoehler.diskstation.me\/wordpress\/wp-content\/uploads\/2019\/04\/DIA_0038_k\u00f6ln-brussel-paris2002-300x205.jpg 300w, http:\/\/jkoehler.diskstation.me\/wordpress\/wp-content\/uploads\/2019\/04\/DIA_0038_k\u00f6ln-brussel-paris2002-768x524.jpg 768w\" sizes=\"auto, (max-width: 767px) 89vw, (max-width: 1000px) 54vw, (max-width: 1071px) 543px, 580px\" \/><\/a><\/figure><\/li><li class=\"blocks-gallery-item\"><figure><a href=\"http:\/\/jkoehler.diskstation.me\/wordpress\/wp-content\/uploads\/2019\/04\/DIA_0026_k\u00f6ln-brussel-paris2002.jpg\"><img loading=\"lazy\" decoding=\"async\" width=\"1000\" height=\"682\" src=\"http:\/\/jkoehler.diskstation.me\/wordpress\/wp-content\/uploads\/2019\/04\/DIA_0026_k\u00f6ln-brussel-paris2002.jpg\" alt=\"\" data-id=\"6646\" data-link=\"http:\/\/jkoehler.diskstation.me\/wordpress\/diaries\/tgb-since-1993\/germany-2001-2003-steward-str-7-sporadic-notes\/2002-2\/dohle-koln-brussel-paris-ostern-2002\/dia_0026_koln-brussel-paris2002\/\" class=\"wp-image-6646\" srcset=\"http:\/\/jkoehler.diskstation.me\/wordpress\/wp-content\/uploads\/2019\/04\/DIA_0026_k\u00f6ln-brussel-paris2002.jpg 1000w, http:\/\/jkoehler.diskstation.me\/wordpress\/wp-content\/uploads\/2019\/04\/DIA_0026_k\u00f6ln-brussel-paris2002-300x205.jpg 300w, http:\/\/jkoehler.diskstation.me\/wordpress\/wp-content\/uploads\/2019\/04\/DIA_0026_k\u00f6ln-brussel-paris2002-768x524.jpg 768w\" sizes=\"auto, (max-width: 767px) 89vw, (max-width: 1000px) 54vw, (max-width: 1071px) 543px, 580px\" \/><\/a><\/figure><\/li><li class=\"blocks-gallery-item\"><figure><a href=\"http:\/\/jkoehler.diskstation.me\/wordpress\/wp-content\/uploads\/2019\/04\/DIA_0025_k\u00f6ln-brussel-paris2002.jpg\"><img loading=\"lazy\" decoding=\"async\" width=\"1000\" height=\"682\" src=\"http:\/\/jkoehler.diskstation.me\/wordpress\/wp-content\/uploads\/2019\/04\/DIA_0025_k\u00f6ln-brussel-paris2002.jpg\" alt=\"\" data-id=\"6645\" data-link=\"http:\/\/jkoehler.diskstation.me\/wordpress\/diaries\/tgb-since-1993\/germany-2001-2003-steward-str-7-sporadic-notes\/2002-2\/dohle-koln-brussel-paris-ostern-2002\/dia_0025_koln-brussel-paris2002\/\" class=\"wp-image-6645\" srcset=\"http:\/\/jkoehler.diskstation.me\/wordpress\/wp-content\/uploads\/2019\/04\/DIA_0025_k\u00f6ln-brussel-paris2002.jpg 1000w, http:\/\/jkoehler.diskstation.me\/wordpress\/wp-content\/uploads\/2019\/04\/DIA_0025_k\u00f6ln-brussel-paris2002-300x205.jpg 300w, http:\/\/jkoehler.diskstation.me\/wordpress\/wp-content\/uploads\/2019\/04\/DIA_0025_k\u00f6ln-brussel-paris2002-768x524.jpg 768w\" sizes=\"auto, (max-width: 767px) 89vw, (max-width: 1000px) 54vw, (max-width: 1071px) 543px, 580px\" \/><\/a><\/figure><\/li><li class=\"blocks-gallery-item\"><figure><a href=\"http:\/\/jkoehler.diskstation.me\/wordpress\/wp-content\/uploads\/2019\/04\/DIA_0021_k\u00f6ln-brussel-paris2002.jpg\"><img loading=\"lazy\" decoding=\"async\" width=\"1000\" height=\"682\" src=\"http:\/\/jkoehler.diskstation.me\/wordpress\/wp-content\/uploads\/2019\/04\/DIA_0021_k\u00f6ln-brussel-paris2002.jpg\" alt=\"\" data-id=\"6644\" data-link=\"http:\/\/jkoehler.diskstation.me\/wordpress\/diaries\/tgb-since-1993\/germany-2001-2003-steward-str-7-sporadic-notes\/2002-2\/dohle-koln-brussel-paris-ostern-2002\/dia_0021_koln-brussel-paris2002\/\" class=\"wp-image-6644\" srcset=\"http:\/\/jkoehler.diskstation.me\/wordpress\/wp-content\/uploads\/2019\/04\/DIA_0021_k\u00f6ln-brussel-paris2002.jpg 1000w, http:\/\/jkoehler.diskstation.me\/wordpress\/wp-content\/uploads\/2019\/04\/DIA_0021_k\u00f6ln-brussel-paris2002-300x205.jpg 300w, http:\/\/jkoehler.diskstation.me\/wordpress\/wp-content\/uploads\/2019\/04\/DIA_0021_k\u00f6ln-brussel-paris2002-768x524.jpg 768w\" sizes=\"auto, (max-width: 767px) 89vw, (max-width: 1000px) 54vw, (max-width: 1071px) 543px, 580px\" \/><\/a><\/figure><\/li><li class=\"blocks-gallery-item\"><figure><a href=\"http:\/\/jkoehler.diskstation.me\/wordpress\/wp-content\/uploads\/2019\/04\/DIA_0016_k\u00f6ln-brussel-paris2002.jpg\"><img loading=\"lazy\" decoding=\"async\" width=\"1000\" height=\"682\" src=\"http:\/\/jkoehler.diskstation.me\/wordpress\/wp-content\/uploads\/2019\/04\/DIA_0016_k\u00f6ln-brussel-paris2002.jpg\" alt=\"\" data-id=\"6643\" data-link=\"http:\/\/jkoehler.diskstation.me\/wordpress\/diaries\/tgb-since-1993\/germany-2001-2003-steward-str-7-sporadic-notes\/2002-2\/dohle-koln-brussel-paris-ostern-2002\/dia_0016_koln-brussel-paris2002\/\" class=\"wp-image-6643\" srcset=\"http:\/\/jkoehler.diskstation.me\/wordpress\/wp-content\/uploads\/2019\/04\/DIA_0016_k\u00f6ln-brussel-paris2002.jpg 1000w, http:\/\/jkoehler.diskstation.me\/wordpress\/wp-content\/uploads\/2019\/04\/DIA_0016_k\u00f6ln-brussel-paris2002-300x205.jpg 300w, http:\/\/jkoehler.diskstation.me\/wordpress\/wp-content\/uploads\/2019\/04\/DIA_0016_k\u00f6ln-brussel-paris2002-768x524.jpg 768w\" sizes=\"auto, (max-width: 767px) 89vw, (max-width: 1000px) 54vw, (max-width: 1071px) 543px, 580px\" \/><\/a><\/figure><\/li><li class=\"blocks-gallery-item\"><figure><a href=\"http:\/\/jkoehler.diskstation.me\/wordpress\/wp-content\/uploads\/2019\/04\/DIA_0011_k\u00f6ln-brussel-paris2002.jpg\"><img loading=\"lazy\" decoding=\"async\" width=\"1000\" height=\"682\" src=\"http:\/\/jkoehler.diskstation.me\/wordpress\/wp-content\/uploads\/2019\/04\/DIA_0011_k\u00f6ln-brussel-paris2002.jpg\" alt=\"\" data-id=\"6642\" data-link=\"http:\/\/jkoehler.diskstation.me\/wordpress\/diaries\/tgb-since-1993\/germany-2001-2003-steward-str-7-sporadic-notes\/2002-2\/dohle-koln-brussel-paris-ostern-2002\/dia_0011_koln-brussel-paris2002\/\" class=\"wp-image-6642\" srcset=\"http:\/\/jkoehler.diskstation.me\/wordpress\/wp-content\/uploads\/2019\/04\/DIA_0011_k\u00f6ln-brussel-paris2002.jpg 1000w, http:\/\/jkoehler.diskstation.me\/wordpress\/wp-content\/uploads\/2019\/04\/DIA_0011_k\u00f6ln-brussel-paris2002-300x205.jpg 300w, http:\/\/jkoehler.diskstation.me\/wordpress\/wp-content\/uploads\/2019\/04\/DIA_0011_k\u00f6ln-brussel-paris2002-768x524.jpg 768w\" sizes=\"auto, (max-width: 767px) 89vw, (max-width: 1000px) 54vw, (max-width: 1071px) 543px, 580px\" \/><\/a><\/figure><\/li><li class=\"blocks-gallery-item\"><figure><a href=\"http:\/\/jkoehler.diskstation.me\/wordpress\/wp-content\/uploads\/2019\/04\/DIA_0051_k\u00f6ln-br\u00fcssel-paris2002.jpg\"><img loading=\"lazy\" decoding=\"async\" width=\"1000\" height=\"632\" src=\"http:\/\/jkoehler.diskstation.me\/wordpress\/wp-content\/uploads\/2019\/04\/DIA_0051_k\u00f6ln-br\u00fcssel-paris2002.jpg\" alt=\"\" data-id=\"6651\" data-link=\"http:\/\/jkoehler.diskstation.me\/wordpress\/diaries\/tgb-since-1993\/germany-2001-2003-steward-str-7-sporadic-notes\/2002-2\/dohle-koln-brussel-paris-ostern-2002\/dia_0051_koln-brussel-paris2002\/\" class=\"wp-image-6651\" srcset=\"http:\/\/jkoehler.diskstation.me\/wordpress\/wp-content\/uploads\/2019\/04\/DIA_0051_k\u00f6ln-br\u00fcssel-paris2002.jpg 1000w, http:\/\/jkoehler.diskstation.me\/wordpress\/wp-content\/uploads\/2019\/04\/DIA_0051_k\u00f6ln-br\u00fcssel-paris2002-300x190.jpg 300w, http:\/\/jkoehler.diskstation.me\/wordpress\/wp-content\/uploads\/2019\/04\/DIA_0051_k\u00f6ln-br\u00fcssel-paris2002-768x485.jpg 768w\" sizes=\"auto, (max-width: 767px) 89vw, (max-width: 1000px) 54vw, (max-width: 1071px) 543px, 580px\" \/><\/a><\/figure><\/li><li class=\"blocks-gallery-item\"><figure><a href=\"http:\/\/jkoehler.diskstation.me\/wordpress\/wp-content\/uploads\/2019\/04\/DIA_0005_k\u00f6ln-brussel-paris2002-1.jpg\"><img loading=\"lazy\" decoding=\"async\" width=\"1000\" height=\"682\" src=\"http:\/\/jkoehler.diskstation.me\/wordpress\/wp-content\/uploads\/2019\/04\/DIA_0005_k\u00f6ln-brussel-paris2002-1.jpg\" alt=\"\" data-id=\"6657\" data-link=\"http:\/\/jkoehler.diskstation.me\/wordpress\/diaries\/tgb-since-1993\/germany-2001-2003-steward-str-7-sporadic-notes\/2002-2\/dohle-koln-brussel-paris-ostern-2002\/dia_0005_koln-brussel-paris2002-2\/\" class=\"wp-image-6657\" srcset=\"http:\/\/jkoehler.diskstation.me\/wordpress\/wp-content\/uploads\/2019\/04\/DIA_0005_k\u00f6ln-brussel-paris2002-1.jpg 1000w, http:\/\/jkoehler.diskstation.me\/wordpress\/wp-content\/uploads\/2019\/04\/DIA_0005_k\u00f6ln-brussel-paris2002-1-300x205.jpg 300w, http:\/\/jkoehler.diskstation.me\/wordpress\/wp-content\/uploads\/2019\/04\/DIA_0005_k\u00f6ln-brussel-paris2002-1-768x524.jpg 768w\" sizes=\"auto, (max-width: 767px) 89vw, (max-width: 1000px) 54vw, (max-width: 1071px) 543px, 580px\" \/><\/a><\/figure><\/li><li class=\"blocks-gallery-item\"><figure><a href=\"http:\/\/jkoehler.diskstation.me\/wordpress\/wp-content\/uploads\/2019\/04\/DIA_0010_k\u00f6ln-brussel-paris2002.jpg\"><img loading=\"lazy\" decoding=\"async\" width=\"1000\" height=\"682\" src=\"http:\/\/jkoehler.diskstation.me\/wordpress\/wp-content\/uploads\/2019\/04\/DIA_0010_k\u00f6ln-brussel-paris2002.jpg\" alt=\"\" data-id=\"6641\" data-link=\"http:\/\/jkoehler.diskstation.me\/wordpress\/diaries\/tgb-since-1993\/germany-2001-2003-steward-str-7-sporadic-notes\/2002-2\/dohle-koln-brussel-paris-ostern-2002\/dia_0010_koln-brussel-paris2002\/\" class=\"wp-image-6641\" srcset=\"http:\/\/jkoehler.diskstation.me\/wordpress\/wp-content\/uploads\/2019\/04\/DIA_0010_k\u00f6ln-brussel-paris2002.jpg 1000w, http:\/\/jkoehler.diskstation.me\/wordpress\/wp-content\/uploads\/2019\/04\/DIA_0010_k\u00f6ln-brussel-paris2002-300x205.jpg 300w, http:\/\/jkoehler.diskstation.me\/wordpress\/wp-content\/uploads\/2019\/04\/DIA_0010_k\u00f6ln-brussel-paris2002-768x524.jpg 768w\" sizes=\"auto, (max-width: 767px) 89vw, (max-width: 1000px) 54vw, (max-width: 1071px) 543px, 580px\" \/><\/a><\/figure><\/li><li class=\"blocks-gallery-item\"><figure><a href=\"http:\/\/jkoehler.diskstation.me\/wordpress\/wp-content\/uploads\/2019\/04\/APS629-537_Br\u00fcssel-Paris_2001_0011.jpg\"><img loading=\"lazy\" decoding=\"async\" width=\"1000\" height=\"601\" src=\"http:\/\/jkoehler.diskstation.me\/wordpress\/wp-content\/uploads\/2019\/04\/APS629-537_Br\u00fcssel-Paris_2001_0011.jpg\" alt=\"\" data-id=\"6636\" data-link=\"http:\/\/jkoehler.diskstation.me\/wordpress\/diaries\/tgb-since-1993\/germany-2001-2003-steward-str-7-sporadic-notes\/2002-2\/dohle-koln-brussel-paris-ostern-2002\/aps629-537_brussel-paris_2001_0011\/\" class=\"wp-image-6636\" srcset=\"http:\/\/jkoehler.diskstation.me\/wordpress\/wp-content\/uploads\/2019\/04\/APS629-537_Br\u00fcssel-Paris_2001_0011.jpg 1000w, http:\/\/jkoehler.diskstation.me\/wordpress\/wp-content\/uploads\/2019\/04\/APS629-537_Br\u00fcssel-Paris_2001_0011-300x180.jpg 300w, http:\/\/jkoehler.diskstation.me\/wordpress\/wp-content\/uploads\/2019\/04\/APS629-537_Br\u00fcssel-Paris_2001_0011-768x462.jpg 768w\" sizes=\"auto, (max-width: 767px) 89vw, (max-width: 1000px) 54vw, (max-width: 1071px) 543px, 580px\" \/><\/a><\/figure><\/li><li class=\"blocks-gallery-item\"><figure><a href=\"http:\/\/jkoehler.diskstation.me\/wordpress\/wp-content\/uploads\/2019\/04\/NEG-KodakGold100_br\u00fcssel-paris_2001_0035.jpg\"><img loading=\"lazy\" decoding=\"async\" width=\"1000\" height=\"649\" src=\"http:\/\/jkoehler.diskstation.me\/wordpress\/wp-content\/uploads\/2019\/04\/NEG-KodakGold100_br\u00fcssel-paris_2001_0035.jpg\" alt=\"\" data-id=\"6633\" data-link=\"http:\/\/jkoehler.diskstation.me\/wordpress\/diaries\/tgb-since-1993\/germany-2001-2003-steward-str-7-sporadic-notes\/2002-2\/dohle-koln-brussel-paris-ostern-2002\/neg-kodakgold100_brussel-paris_2001_0035\/\" class=\"wp-image-6633\" srcset=\"http:\/\/jkoehler.diskstation.me\/wordpress\/wp-content\/uploads\/2019\/04\/NEG-KodakGold100_br\u00fcssel-paris_2001_0035.jpg 1000w, http:\/\/jkoehler.diskstation.me\/wordpress\/wp-content\/uploads\/2019\/04\/NEG-KodakGold100_br\u00fcssel-paris_2001_0035-300x195.jpg 300w, http:\/\/jkoehler.diskstation.me\/wordpress\/wp-content\/uploads\/2019\/04\/NEG-KodakGold100_br\u00fcssel-paris_2001_0035-768x498.jpg 768w\" sizes=\"auto, (max-width: 767px) 89vw, (max-width: 1000px) 54vw, (max-width: 1071px) 543px, 580px\" \/><\/a><\/figure><\/li><li class=\"blocks-gallery-item\"><figure><a href=\"http:\/\/jkoehler.diskstation.me\/wordpress\/wp-content\/uploads\/2019\/04\/APS629-521_AGFAFutura200_Br\u00fcssel-Paris2001_0017.jpg\"><img loading=\"lazy\" decoding=\"async\" width=\"591\" height=\"1000\" src=\"http:\/\/jkoehler.diskstation.me\/wordpress\/wp-content\/uploads\/2019\/04\/APS629-521_AGFAFutura200_Br\u00fcssel-Paris2001_0017.jpg\" alt=\"\" data-id=\"6635\" data-link=\"http:\/\/jkoehler.diskstation.me\/wordpress\/diaries\/tgb-since-1993\/germany-2001-2003-steward-str-7-sporadic-notes\/2002-2\/dohle-koln-brussel-paris-ostern-2002\/aps629-521_agfafutura200_brussel-paris2001_0017\/\" class=\"wp-image-6635\" srcset=\"http:\/\/jkoehler.diskstation.me\/wordpress\/wp-content\/uploads\/2019\/04\/APS629-521_AGFAFutura200_Br\u00fcssel-Paris2001_0017.jpg 591w, http:\/\/jkoehler.diskstation.me\/wordpress\/wp-content\/uploads\/2019\/04\/APS629-521_AGFAFutura200_Br\u00fcssel-Paris2001_0017-177x300.jpg 177w\" sizes=\"auto, (max-width: 591px) 100vw, 591px\" \/><\/a><\/figure><\/li><li class=\"blocks-gallery-item\"><figure><a href=\"http:\/\/jkoehler.diskstation.me\/wordpress\/wp-content\/uploads\/2019\/04\/APS629-521_AGFAFutura200_Br\u00fcssel-Paris2001_0015.jpg\"><img loading=\"lazy\" decoding=\"async\" width=\"591\" height=\"1000\" src=\"http:\/\/jkoehler.diskstation.me\/wordpress\/wp-content\/uploads\/2019\/04\/APS629-521_AGFAFutura200_Br\u00fcssel-Paris2001_0015.jpg\" alt=\"\" data-id=\"6634\" data-link=\"http:\/\/jkoehler.diskstation.me\/wordpress\/diaries\/tgb-since-1993\/germany-2001-2003-steward-str-7-sporadic-notes\/2002-2\/dohle-koln-brussel-paris-ostern-2002\/aps629-521_agfafutura200_brussel-paris2001_0015\/\" class=\"wp-image-6634\" srcset=\"http:\/\/jkoehler.diskstation.me\/wordpress\/wp-content\/uploads\/2019\/04\/APS629-521_AGFAFutura200_Br\u00fcssel-Paris2001_0015.jpg 591w, http:\/\/jkoehler.diskstation.me\/wordpress\/wp-content\/uploads\/2019\/04\/APS629-521_AGFAFutura200_Br\u00fcssel-Paris2001_0015-177x300.jpg 177w\" sizes=\"auto, (max-width: 591px) 100vw, 591px\" \/><\/a><\/figure><\/li><li class=\"blocks-gallery-item\"><figure><a href=\"http:\/\/jkoehler.diskstation.me\/wordpress\/wp-content\/uploads\/2019\/04\/DIA_0047_k\u00f6ln-brussel-paris2002.jpg\"><img loading=\"lazy\" decoding=\"async\" width=\"683\" height=\"1000\" src=\"http:\/\/jkoehler.diskstation.me\/wordpress\/wp-content\/uploads\/2019\/04\/DIA_0047_k\u00f6ln-brussel-paris2002.jpg\" alt=\"\" data-id=\"6650\" data-link=\"http:\/\/jkoehler.diskstation.me\/wordpress\/diaries\/tgb-since-1993\/germany-2001-2003-steward-str-7-sporadic-notes\/2002-2\/dohle-koln-brussel-paris-ostern-2002\/dia_0047_koln-brussel-paris2002\/\" class=\"wp-image-6650\" srcset=\"http:\/\/jkoehler.diskstation.me\/wordpress\/wp-content\/uploads\/2019\/04\/DIA_0047_k\u00f6ln-brussel-paris2002.jpg 683w, http:\/\/jkoehler.diskstation.me\/wordpress\/wp-content\/uploads\/2019\/04\/DIA_0047_k\u00f6ln-brussel-paris2002-205x300.jpg 205w\" sizes=\"auto, (max-width: 683px) 100vw, 683px\" \/><\/a><\/figure><\/li><li class=\"blocks-gallery-item\"><figure><a href=\"http:\/\/jkoehler.diskstation.me\/wordpress\/wp-content\/uploads\/2019\/04\/APS629-537_Br\u00fcssel-Paris_2001_0016-1.jpg\"><img loading=\"lazy\" decoding=\"async\" width=\"1000\" height=\"654\" src=\"http:\/\/jkoehler.diskstation.me\/wordpress\/wp-content\/uploads\/2019\/04\/APS629-537_Br\u00fcssel-Paris_2001_0016-1.jpg\" alt=\"\" data-id=\"6638\" data-link=\"http:\/\/jkoehler.diskstation.me\/wordpress\/diaries\/tgb-since-1993\/germany-2001-2003-steward-str-7-sporadic-notes\/2002-2\/dohle-koln-brussel-paris-ostern-2002\/aps629-537_brussel-paris_2001_0016-1\/\" class=\"wp-image-6638\" srcset=\"http:\/\/jkoehler.diskstation.me\/wordpress\/wp-content\/uploads\/2019\/04\/APS629-537_Br\u00fcssel-Paris_2001_0016-1.jpg 1000w, http:\/\/jkoehler.diskstation.me\/wordpress\/wp-content\/uploads\/2019\/04\/APS629-537_Br\u00fcssel-Paris_2001_0016-1-300x196.jpg 300w, http:\/\/jkoehler.diskstation.me\/wordpress\/wp-content\/uploads\/2019\/04\/APS629-537_Br\u00fcssel-Paris_2001_0016-1-768x502.jpg 768w\" sizes=\"auto, (max-width: 767px) 89vw, (max-width: 1000px) 54vw, (max-width: 1071px) 543px, 580px\" \/><\/a><\/figure><\/li><\/ul><\/figure>\n\n\n\n<p>&#8211;> <a href=\"http:\/\/jkoehler.diskstation.me\/wordpress\/diaries\/tgb-since-1993\/germany-2001-2003-steward-str-7-sporadic-notes\/2002-2\/berlin-2002-special-guests-parties\/\">next<\/a><\/p>\n\n\n\n<p> <a href=\"http:\/\/jkoehler.diskstation.me\/wordpress\/diaries\/tgb-since-1993\/germany-2001-2003-steward-str-7-sporadic-notes\/2002-2\/\">\u2191 One level up \u2191<\/a> <\/p>\n","protected":false},"excerpt":{"rendered":"<p>&#8211;> next \u2191 One level up \u2191<\/p>\n","protected":false},"author":1,"featured_media":6647,"parent":6629,"menu_order":3,"comment_status":"closed","ping_status":"closed","template":"","meta":{"footnotes":""},"class_list":["post-6632","page","type-page","status-publish","has-post-thumbnail","hentry"],"_links":{"self":[{"href":"http:\/\/jkoehler.diskstation.me\/wordpress\/wp-json\/wp\/v2\/pages\/6632","targetHints":{"allow":["GET"]}}],"collection":[{"href":"http:\/\/jkoehler.diskstation.me\/wordpress\/wp-json\/wp\/v2\/pages"}],"about":[{"href":"http:\/\/jkoehler.diskstation.me\/wordpress\/wp-json\/wp\/v2\/types\/page"}],"author":[{"embeddable":true,"href":"http:\/\/jkoehler.diskstation.me\/wordpress\/wp-json\/wp\/v2\/users\/1"}],"replies":[{"embeddable":true,"href":"http:\/\/jkoehler.diskstation.me\/wordpress\/wp-json\/wp\/v2\/comments?post=6632"}],"version-history":[{"count":5,"href":"http:\/\/jkoehler.diskstation.me\/wordpress\/wp-json\/wp\/v2\/pages\/6632\/revisions"}],"predecessor-version":[{"id":8996,"href":"http:\/\/jkoehler.diskstation.me\/wordpress\/wp-json\/wp\/v2\/pages\/6632\/revisions\/8996"}],"up":[{"embeddable":true,"href":"http:\/\/jkoehler.diskstation.me\/wordpress\/wp-json\/wp\/v2\/pages\/6629"}],"wp:featuredmedia":[{"embeddable":true,"href":"http:\/\/jkoehler.diskstation.me\/wordpress\/wp-json\/wp\/v2\/media\/6647"}],"wp:attachment":[{"href":"http:\/\/jkoehler.diskstation.me\/wordpress\/wp-json\/wp\/v2\/media?parent=6632"}],"curies":[{"name":"wp","href":"https:\/\/api.w.org\/{rel}","templated":true}]}}