{"id":6629,"date":"2019-04-25T18:41:11","date_gmt":"2019-04-25T16:41:11","guid":{"rendered":"http:\/\/jkoehler.diskstation.me\/wordpress\/?page_id=6629"},"modified":"2020-01-01T11:15:58","modified_gmt":"2020-01-01T10:15:58","slug":"2002-2","status":"publish","type":"page","link":"http:\/\/jkoehler.diskstation.me\/wordpress\/diaries\/tgb-since-1993\/germany-2001-2003-steward-str-7-sporadic-notes\/2002-2\/","title":{"rendered":"2002"},"content":{"rendered":"\n\n<!-- Page-list plugin v.5.9 wordpress.org\/plugins\/page-list\/ -->\n<ul class=\"page-list subpages-page-list \">\n<li class=\"page_item page-item-8019\"><a href=\"http:\/\/jkoehler.diskstation.me\/wordpress\/diaries\/tgb-since-1993\/germany-2001-2003-steward-str-7-sporadic-notes\/2002-2\/berlin-2002-exkursionen-besucher\/\">Berlin 2002 &#8211; Exkursionen &#038; Besucher<\/a><\/li>\n<li class=\"page_item page-item-6632\"><a href=\"http:\/\/jkoehler.diskstation.me\/wordpress\/diaries\/tgb-since-1993\/germany-2001-2003-steward-str-7-sporadic-notes\/2002-2\/dohle-koln-brussel-paris-ostern-2002\/\">D\u00f6hle-K\u00f6ln-Br\u00fcssel-Paris, Ostern 2002<\/a><\/li>\n<li class=\"page_item page-item-8024\"><a href=\"http:\/\/jkoehler.diskstation.me\/wordpress\/diaries\/tgb-since-1993\/germany-2001-2003-steward-str-7-sporadic-notes\/2002-2\/berlin-2002-special-guests-parties\/\">Berlin 2002 &#8211; Special Guests &#038; Parties<\/a><\/li>\n<li class=\"page_item page-item-8029\"><a href=\"http:\/\/jkoehler.diskstation.me\/wordpress\/diaries\/tgb-since-1993\/germany-2001-2003-steward-str-7-sporadic-notes\/2002-2\/berlin-2002-familie\/\">Berlin 2002 &#8211; Familie<\/a><\/li>\n<li class=\"page_item page-item-8031\"><a href=\"http:\/\/jkoehler.diskstation.me\/wordpress\/diaries\/tgb-since-1993\/germany-2001-2003-steward-str-7-sporadic-notes\/2002-2\/berlin-2002-firmengrundung-world-vision-georgien-auftrag\/\">Berlin 2002 &#8211; Firmengr\u00fcndung &#038; World Vision Georgien Auftrag<\/a><\/li>\n<li class=\"page_item page-item-8036\"><a href=\"http:\/\/jkoehler.diskstation.me\/wordpress\/diaries\/tgb-since-1993\/germany-2001-2003-steward-str-7-sporadic-notes\/2002-2\/dohle-2002-friends-family\/\">D\u00f6hle 2002 &#8211;  Friends &#038; Family<\/a><\/li>\n<li class=\"page_item page-item-8038\"><a href=\"http:\/\/jkoehler.diskstation.me\/wordpress\/diaries\/tgb-since-1993\/germany-2001-2003-steward-str-7-sporadic-notes\/2002-2\/schweden-2002-sommer-herbst-und-winter\/\">Schweden 2002 &#8211; Sommer, Herbst und Winter<\/a><\/li>\n<li class=\"page_item page-item-8241\"><a href=\"http:\/\/jkoehler.diskstation.me\/wordpress\/diaries\/tgb-since-1993\/germany-2001-2003-steward-str-7-sporadic-notes\/2002-2\/georgien-world-vision-german-icy\/\">Georgien World Vision Germany &#8211; ICY<\/a><\/li>\n<li class=\"page_item page-item-8245\"><a href=\"http:\/\/jkoehler.diskstation.me\/wordpress\/diaries\/tgb-since-1993\/germany-2001-2003-steward-str-7-sporadic-notes\/2002-2\/caucasus-gtz-frcs\/\">Caucasus GTZ FRCS<\/a><\/li>\n<li class=\"page_item page-item-8248\"><a href=\"http:\/\/jkoehler.diskstation.me\/wordpress\/diaries\/tgb-since-1993\/germany-2001-2003-steward-str-7-sporadic-notes\/2002-2\/world-bank-usa-case-studies-presentation\/\">World Bank USA &#8211; Case Studies presentation<\/a><\/li>\n\n<\/ul>\n\n\n\n<p> <a href=\"http:\/\/jkoehler.diskstation.me\/wordpress\/diaries\/tgb-since-1993\/germany-2001-2003-steward-str-7-sporadic-notes\/\">\u2191 One level up \u2191<\/a> <\/p>\n","protected":false},"excerpt":{"rendered":"<p>\u2191 One level up \u2191<\/p>\n","protected":false},"author":1,"featured_media":6630,"parent":3236,"menu_order":2,"comment_status":"closed","ping_status":"closed","template":"","meta":{"footnotes":""},"class_list":["post-6629","page","type-page","status-publish","has-post-thumbnail","hentry"],"_links":{"self":[{"href":"http:\/\/jkoehler.diskstation.me\/wordpress\/wp-json\/wp\/v2\/pages\/6629","targetHints":{"allow":["GET"]}}],"collection":[{"href":"http:\/\/jkoehler.diskstation.me\/wordpress\/wp-json\/wp\/v2\/pages"}],"about":[{"href":"http:\/\/jkoehler.diskstation.me\/wordpress\/wp-json\/wp\/v2\/types\/page"}],"author":[{"embeddable":true,"href":"http:\/\/jkoehler.diskstation.me\/wordpress\/wp-json\/wp\/v2\/users\/1"}],"replies":[{"embeddable":true,"href":"http:\/\/jkoehler.diskstation.me\/wordpress\/wp-json\/wp\/v2\/comments?post=6629"}],"version-history":[{"count":2,"href":"http:\/\/jkoehler.diskstation.me\/wordpress\/wp-json\/wp\/v2\/pages\/6629\/revisions"}],"predecessor-version":[{"id":8992,"href":"http:\/\/jkoehler.diskstation.me\/wordpress\/wp-json\/wp\/v2\/pages\/6629\/revisions\/8992"}],"up":[{"embeddable":true,"href":"http:\/\/jkoehler.diskstation.me\/wordpress\/wp-json\/wp\/v2\/pages\/3236"}],"wp:featuredmedia":[{"embeddable":true,"href":"http:\/\/jkoehler.diskstation.me\/wordpress\/wp-json\/wp\/v2\/media\/6630"}],"wp:attachment":[{"href":"http:\/\/jkoehler.diskstation.me\/wordpress\/wp-json\/wp\/v2\/media?parent=6629"}],"curies":[{"name":"wp","href":"https:\/\/api.w.org\/{rel}","templated":true}]}}