{"id":653,"date":"2018-01-30T11:02:00","date_gmt":"2018-01-30T10:02:00","guid":{"rendered":"http:\/\/jkoehler.diskstation.me\/wordpress\/?page_id=653"},"modified":"2019-03-16T14:15:39","modified_gmt":"2019-03-16T13:15:39","slug":"petersburg-23-01-1992","status":"publish","type":"page","link":"http:\/\/jkoehler.diskstation.me\/wordpress\/diaries\/tagebuch-leningrad-st-petersburg-tbilisi-1991-1993\/leningrad-zweiter-anlauf\/petersburg-23-01-1992\/","title":{"rendered":"Petersburg, 23.01.1992: Kontaktaufnahme Wissenschaft \/ Ethnologie"},"content":{"rendered":"<p>&#8211; Abend mit Vermittlern von Sprachkurs und Ethnologie-Lehrern verbracht. Sie boten mir eine private Vorlesungsrunde in Ethnologie an (&#8230;). Sie selbst scheinen aber keine materiellen Abitionen betreffs meines Aufenthaltes zu haben.<\/p>\n<p>Ljuba \u00e4u\u00dfert sich erstaunt dar\u00fcber, wie ich es in dieser Defizit-H\u00f6lle aushalte &#8211; ihre Wohnung ist gef\u00fcllt von West-Schrott, wie Video, Boom-Box, Kaffee-Machinen&#8230; . Sie wies mich darauf hin, da\u00df j\u00e4hrlich nur ca. 16 Studenten in Germanistik aufgenommen werden!! Kein Wunder, da\u00df Ausl\u00e4nder so viel Geld lassen m\u00fcssen.<\/p>\n<p>Au\u00dferdem n\u00f6tigten sie mich, zun\u00e4chst k\u00f6llsche Weihnacht auf privat-Video-Kassette zu sehen (da sie keine Anstalten machten dieses unertr\u00e4glichen Spie\u00dferfreuden auszumachen, selbst als wir anfingen uns beim Essen zu unterhalten, \u00fcbernahm ich das f\u00fcr sie) und danach irgendeine franz\u00f6sische teeny-wichs-Geschichte&#8230; .<\/p>\n<p>&#8211; B.M. schenkte mir durch Sascha, der sich erstmal f\u00fcr eine Woche ausquartiert hat, eine Karte f\u00fcr die Philharmonie (&#8230;), s\u00fc\u00dfe Leckereien von A.. Ich werde sie Morgen dort treffen.<\/p>\n<p>&#8211; Heute Vormittag traf ich Nurilia Schachanova, eine Ethnologin, die am Leningrader Institut f\u00fcr Ethnographie arbeitet. So war von ganz au\u00dfergew\u00f6hnlich offener Freundlichkeit. Keine Fallen der Hintergr\u00fcndigkeit vermute ich hier. Sie zeigte mir Museum (Partnermuseum des \u00dcberseemuseums in HH, soweit ich verstand), Institut und Bibliothek. All das macht einen recht profunden Eindruck auf mich Dilettanten. Au\u00dferdem stellte sie mich diversen Mitarbeitern ausf\u00fchrlich vor und er\u00f6ffnete mir Zugang zur Institutsbibliothek. Weiter bot sie mir an, sich um eine Teilnahme an einer Forschungsexpedition nach Kasachstan (ihren Forschungsgegenstand) unter der Leitung Dr. R\u00fcdiger Vossens (Leiter des Hamburger Museums) zu bem\u00fchen. Diese findet im Sommer statt. All dies und noch ein Buch \u00fcber \u00f6ko-kulturelle Entwicklungen in Zentralasien, pr\u00e4sentierte sie mir, obwohl ich immer wieder bem\u00fcht war, ihr deutlich zu machen, da\u00df ich nichts weiter als eine interessierte <em>nut <\/em>sei. Sie fand &#8211; wie Dr. Baar &#8211; da\u00df Interesse alleine schon die Unterst\u00fctzung w\u00fcrdige.<\/p>\n<p>Trotzdessen die oben genannten Personen alle einer der mir zu eigenen Fremdsprachen m\u00e4chtig sind, kommunizieren wir so weit als m\u00f6glich immer in Russisch.<\/p>\n<p>Apropos: Mein dritter Sprachkurs war weitaus erfolgreicher als der zweite. Ich bin guter Hoffnung&#8230; .<\/p>\n<p>&nbsp;<\/p>\n<p>Da es mittlerweile 1.30 ist, gestattete ich es mir, Mamas P\u00e4ckchen zu \u00f6ffnen; den Inhalt fand ich so r\u00fchrend, da\u00df mir etwas Feuchtigkeit aus Augen und Nase rann. Ja, ja, die wilden V\u00f6gel&#8230; &#8211; wenn ihr nur w\u00fc\u00dfted, wie wenig wild meine Rastlosigkeit ist. Ich bin ja so furchtsam; und es ist doch schlecht weglaufen, wenn man die Ursache seiner Furcht im Spiegel wei\u00df.<\/p>\n<p>&nbsp;<\/p>\n<p>&#8211;&gt; <a href=\"http:\/\/jkoehler.diskstation.me\/wordpress\/diaries\/tagebuch-leningrad-st-petersburg-tbilisi-1991-1993\/leningrad-zweiter-anlauf\/petersburg-25-01-1992\/\">next page<\/a><\/p>\n","protected":false},"excerpt":{"rendered":"<p>&#8211; Abend mit Vermittlern von Sprachkurs und Ethnologie-Lehrern verbracht. Sie boten mir eine private Vorlesungsrunde in Ethnologie an (&#8230;). Sie selbst scheinen aber keine materiellen Abitionen betreffs meines Aufenthaltes zu haben. Ljuba \u00e4u\u00dfert sich erstaunt dar\u00fcber, wie ich es in dieser Defizit-H\u00f6lle aushalte &#8211; ihre Wohnung ist gef\u00fcllt von West-Schrott, wie Video, Boom-Box, Kaffee-Machinen&#8230; . &hellip; <\/p>\n<p class=\"link-more\"><a href=\"http:\/\/jkoehler.diskstation.me\/wordpress\/diaries\/tagebuch-leningrad-st-petersburg-tbilisi-1991-1993\/leningrad-zweiter-anlauf\/petersburg-23-01-1992\/\" class=\"more-link\">Continue reading<span class=\"screen-reader-text\"> &#8220;Petersburg, 23.01.1992: Kontaktaufnahme Wissenschaft \/ Ethnologie&#8221;<\/span><\/a><\/p>\n","protected":false},"author":1,"featured_media":697,"parent":587,"menu_order":11,"comment_status":"closed","ping_status":"closed","template":"","meta":{"footnotes":""},"class_list":["post-653","page","type-page","status-publish","has-post-thumbnail","hentry"],"_links":{"self":[{"href":"http:\/\/jkoehler.diskstation.me\/wordpress\/wp-json\/wp\/v2\/pages\/653","targetHints":{"allow":["GET"]}}],"collection":[{"href":"http:\/\/jkoehler.diskstation.me\/wordpress\/wp-json\/wp\/v2\/pages"}],"about":[{"href":"http:\/\/jkoehler.diskstation.me\/wordpress\/wp-json\/wp\/v2\/types\/page"}],"author":[{"embeddable":true,"href":"http:\/\/jkoehler.diskstation.me\/wordpress\/wp-json\/wp\/v2\/users\/1"}],"replies":[{"embeddable":true,"href":"http:\/\/jkoehler.diskstation.me\/wordpress\/wp-json\/wp\/v2\/comments?post=653"}],"version-history":[{"count":5,"href":"http:\/\/jkoehler.diskstation.me\/wordpress\/wp-json\/wp\/v2\/pages\/653\/revisions"}],"predecessor-version":[{"id":1791,"href":"http:\/\/jkoehler.diskstation.me\/wordpress\/wp-json\/wp\/v2\/pages\/653\/revisions\/1791"}],"up":[{"embeddable":true,"href":"http:\/\/jkoehler.diskstation.me\/wordpress\/wp-json\/wp\/v2\/pages\/587"}],"wp:featuredmedia":[{"embeddable":true,"href":"http:\/\/jkoehler.diskstation.me\/wordpress\/wp-json\/wp\/v2\/media\/697"}],"wp:attachment":[{"href":"http:\/\/jkoehler.diskstation.me\/wordpress\/wp-json\/wp\/v2\/media?parent=653"}],"curies":[{"name":"wp","href":"https:\/\/api.w.org\/{rel}","templated":true}]}}