{"id":649,"date":"2018-01-30T10:36:31","date_gmt":"2018-01-30T09:36:31","guid":{"rendered":"http:\/\/jkoehler.diskstation.me\/wordpress\/?page_id=649"},"modified":"2019-03-16T14:15:39","modified_gmt":"2019-03-16T13:15:39","slug":"petersburg-20-01-1992","status":"publish","type":"page","link":"http:\/\/jkoehler.diskstation.me\/wordpress\/diaries\/tagebuch-leningrad-st-petersburg-tbilisi-1991-1993\/leningrad-zweiter-anlauf\/petersburg-20-01-1992\/","title":{"rendered":"Petersburg, 20.01.1992: Stra\u00dfenimpressionen, Russischunterricht"},"content":{"rendered":"<p>Die Engl\u00e4nder sind weg und ich bin seit langer Zeit wieder alleine mit mir, meiner Musik und dem von den Insulanern erneuerten Glenmorangie.<a href=\"http:\/\/jkoehler.diskstation.me\/wordpress\/wp-content\/uploads\/2018\/01\/DIA_o0059_su1991-93.jpg\"><img loading=\"lazy\" decoding=\"async\" class=\"alignleft size-full wp-image-691\" src=\"http:\/\/jkoehler.diskstation.me\/wordpress\/wp-content\/uploads\/2018\/01\/DIA_o0059_su1991-93.jpg\" alt=\"\" width=\"1000\" height=\"682\" srcset=\"http:\/\/jkoehler.diskstation.me\/wordpress\/wp-content\/uploads\/2018\/01\/DIA_o0059_su1991-93.jpg 1000w, http:\/\/jkoehler.diskstation.me\/wordpress\/wp-content\/uploads\/2018\/01\/DIA_o0059_su1991-93-300x205.jpg 300w, http:\/\/jkoehler.diskstation.me\/wordpress\/wp-content\/uploads\/2018\/01\/DIA_o0059_su1991-93-768x524.jpg 768w\" sizes=\"auto, (max-width: 767px) 89vw, (max-width: 1000px) 54vw, (max-width: 1071px) 543px, 580px\" \/><\/a><\/p>\n<p>Gestern und heute eine Abschrift des Tagebuches fertiggemacht und es mit kurzem Brief, B&amp;W-Film und der Bitte, den Verteiler zu machen, Steve f\u00fcr die Fee mitgegeben. Meinetwegen kann mein Tagebuch jeder lesen&#8230; . Menschen, die in meinem Leben Platz einger\u00e4umt bekommen m\u00f6chten, sollen doch wissen, woran sie sind. Wenn sie mir mehr glauben, als ihrem eigenen Erleben, so ist das doch nur charmant f\u00fcr mich.<\/p>\n<p>Weniger charmant war die zweite Lektion in Sachen Russisch. Diese Lehrerin findet mit entmutigender Treffsicherheit meine gr\u00f6\u00dften Schwierigkeiten und nagelt mich mit grausamen Durchhalteverm\u00f6gen darauf fest: Russisches R, Explosivlaute ohne Aspiration, Daten und Zahlen.<a href=\"http:\/\/jkoehler.diskstation.me\/wordpress\/wp-content\/uploads\/2018\/01\/D1_DIA_o0041_rest99-people.jpg\"><img loading=\"lazy\" decoding=\"async\" class=\"alignleft size-full wp-image-693\" src=\"http:\/\/jkoehler.diskstation.me\/wordpress\/wp-content\/uploads\/2018\/01\/D1_DIA_o0041_rest99-people.jpg\" alt=\"\" width=\"1000\" height=\"682\" srcset=\"http:\/\/jkoehler.diskstation.me\/wordpress\/wp-content\/uploads\/2018\/01\/D1_DIA_o0041_rest99-people.jpg 1000w, http:\/\/jkoehler.diskstation.me\/wordpress\/wp-content\/uploads\/2018\/01\/D1_DIA_o0041_rest99-people-300x205.jpg 300w, http:\/\/jkoehler.diskstation.me\/wordpress\/wp-content\/uploads\/2018\/01\/D1_DIA_o0041_rest99-people-768x524.jpg 768w\" sizes=\"auto, (max-width: 767px) 89vw, (max-width: 1000px) 54vw, (max-width: 1071px) 543px, 580px\" \/><\/a><\/p>\n<p>Da ich ein gewisses Schamgef\u00fchl entwickelt habe, was Blo\u00dfstellung von Dummheit und Unf\u00e4higkeit angeht, wird sie mich so vielleicht sogar zum Lernen bewegen. Die ersten Hausaufgaben habe ich trotz Besuch erledigt!<\/p>\n<p>8 Unterrichtsstunden die Woche, plus Hausaufgaben wird mir aber wohl doch etwas viel&#8230; &#8211; vielleicht den ersten Monat.<\/p>\n<p>&nbsp;<\/p>\n<p>Erw\u00e4nenswerte Szenen:<\/p>\n<p>Heute in einer Stalowaja die Inkarnation von meinem Kindheitssp\u00e4tsommer gesehen: Ein kleines M\u00e4dchen, das mit ihrer Freundin und deren Schwester Eis essen ging. Sie bewegte sich so frei in dieser matschiegen, dunklen H\u00f6hle, als w\u00fcrde sie barfu\u00df \u00fcber staubige Feldwege laufen, den Duft der Luft von versengenden, frisch gem\u00e4hten Feldern einatmend. Sie k\u00fcmmerte sich einen Dreck um die feindliche Umgebung (aggressive Kassiererin, l\u00fcsterne M\u00e4nner, pubertierende Jugend, deprimierte Penner&#8230;) und freute sich darauf, Mengen von Eis in dem na\u00dfkalten Raum verschlingen zu k\u00f6nnen &#8211; was sie dann auch tat.<a href=\"http:\/\/jkoehler.diskstation.me\/wordpress\/wp-content\/uploads\/2018\/01\/DIA_0271_preSSSR.jpg\"><img loading=\"lazy\" decoding=\"async\" class=\"alignleft size-full wp-image-694\" src=\"http:\/\/jkoehler.diskstation.me\/wordpress\/wp-content\/uploads\/2018\/01\/DIA_0271_preSSSR.jpg\" alt=\"\" width=\"682\" height=\"1000\" srcset=\"http:\/\/jkoehler.diskstation.me\/wordpress\/wp-content\/uploads\/2018\/01\/DIA_0271_preSSSR.jpg 682w, http:\/\/jkoehler.diskstation.me\/wordpress\/wp-content\/uploads\/2018\/01\/DIA_0271_preSSSR-205x300.jpg 205w\" sizes=\"auto, (max-width: 682px) 100vw, 682px\" \/><\/a><\/p>\n<p>Sie erinnerte mich irgendwie, f\u00e4llt mir gerade ein, an das intelligente blonde M\u00e4dchen, das ich w\u00e4hrend meiner VNP-Zeit kennen lernte. Beide waren wache Lebensfreude, die andere atmen konnten. Ein sch\u00f6nes Geschenk.<\/p>\n<p>&nbsp;<\/p>\n<p>&#8211;&gt; <a href=\"http:\/\/jkoehler.diskstation.me\/wordpress\/?page_id=653&amp;preview=true\">next page<\/a><\/p>\n","protected":false},"excerpt":{"rendered":"<p>Die Engl\u00e4nder sind weg und ich bin seit langer Zeit wieder alleine mit mir, meiner Musik und dem von den Insulanern erneuerten Glenmorangie. Gestern und heute eine Abschrift des Tagebuches fertiggemacht und es mit kurzem Brief, B&amp;W-Film und der Bitte, den Verteiler zu machen, Steve f\u00fcr die Fee mitgegeben. Meinetwegen kann mein Tagebuch jeder lesen&#8230; &hellip; <\/p>\n<p class=\"link-more\"><a href=\"http:\/\/jkoehler.diskstation.me\/wordpress\/diaries\/tagebuch-leningrad-st-petersburg-tbilisi-1991-1993\/leningrad-zweiter-anlauf\/petersburg-20-01-1992\/\" class=\"more-link\">Continue reading<span class=\"screen-reader-text\"> &#8220;Petersburg, 20.01.1992: Stra\u00dfenimpressionen, Russischunterricht&#8221;<\/span><\/a><\/p>\n","protected":false},"author":1,"featured_media":0,"parent":587,"menu_order":10,"comment_status":"closed","ping_status":"closed","template":"","meta":{"footnotes":""},"class_list":["post-649","page","type-page","status-publish","hentry"],"_links":{"self":[{"href":"http:\/\/jkoehler.diskstation.me\/wordpress\/wp-json\/wp\/v2\/pages\/649","targetHints":{"allow":["GET"]}}],"collection":[{"href":"http:\/\/jkoehler.diskstation.me\/wordpress\/wp-json\/wp\/v2\/pages"}],"about":[{"href":"http:\/\/jkoehler.diskstation.me\/wordpress\/wp-json\/wp\/v2\/types\/page"}],"author":[{"embeddable":true,"href":"http:\/\/jkoehler.diskstation.me\/wordpress\/wp-json\/wp\/v2\/users\/1"}],"replies":[{"embeddable":true,"href":"http:\/\/jkoehler.diskstation.me\/wordpress\/wp-json\/wp\/v2\/comments?post=649"}],"version-history":[{"count":6,"href":"http:\/\/jkoehler.diskstation.me\/wordpress\/wp-json\/wp\/v2\/pages\/649\/revisions"}],"predecessor-version":[{"id":1790,"href":"http:\/\/jkoehler.diskstation.me\/wordpress\/wp-json\/wp\/v2\/pages\/649\/revisions\/1790"}],"up":[{"embeddable":true,"href":"http:\/\/jkoehler.diskstation.me\/wordpress\/wp-json\/wp\/v2\/pages\/587"}],"wp:attachment":[{"href":"http:\/\/jkoehler.diskstation.me\/wordpress\/wp-json\/wp\/v2\/media?parent=649"}],"curies":[{"name":"wp","href":"https:\/\/api.w.org\/{rel}","templated":true}]}}