{"id":643,"date":"2018-01-30T09:20:34","date_gmt":"2018-01-30T08:20:34","guid":{"rendered":"http:\/\/jkoehler.diskstation.me\/wordpress\/?page_id=643"},"modified":"2019-03-16T14:15:39","modified_gmt":"2019-03-16T13:15:39","slug":"moskau-11-01-1992","status":"publish","type":"page","link":"http:\/\/jkoehler.diskstation.me\/wordpress\/diaries\/tagebuch-leningrad-st-petersburg-tbilisi-1991-1993\/leningrad-zweiter-anlauf\/moskau-11-01-1992\/","title":{"rendered":"Moskau, 11.01.1992: Zukunftspl\u00e4ne und Moskaureise"},"content":{"rendered":"<p>&nbsp;<\/p>\n<p>Die letzten Tage:<\/p>\n<p>&#8211; Briefe an Omas, Nicky, Mum, Andi Dedolph, Susan, Oelkers abgeschickt.<\/p>\n<p>&#8211; Meinen grippalen Anfall auskuriert.<\/p>\n<p>&#8211; Meine n\u00e4here Zukunft unter folgenden Sternen geplant:<\/p>\n<ol>\n<li style=\"padding-left: 30px;\">Zweimal die Woche 1 1\/2 Stunden Sprachunterricht bei Bekannter von Bekannter Dr. Baars f\u00fcr Rubel,<\/li>\n<li style=\"padding-left: 30px;\">Ethnologen von Museum f\u00fcr Ethnologie kennenlernen,<\/li>\n<li style=\"padding-left: 30px;\">Kontakt mit Freundin von Svjetlana aufnehmen, wegen Volleyballspielm\u00f6glichkeiten.<\/li>\n<\/ol>\n<p>&#8211; Mit B.M. interessante Filme gesehen: Murnaus &#8220;Kabinett des Dr. &#8230;&#8221; und &#8220;Phantom&#8221;, au\u00dferdem zwei Teile einer Serie hier im russischen Fernsehen Namens &#8220;My&#8221;, von einem estnischen Regief\u00fchrer.<\/p>\n<p>&#8211; Die Einladungen f\u00fcr Mischa und Oleg (Sohn von einem Mitarbeiter B.M.&#8217;s) besorgt.<\/p>\n<p>&#8211; B.M. veranla\u00dft, die Einladungen f\u00fcr Bernd, Alexandra, Mama+Albrecht, Waps, Marie Caroline in Auftrag zu geben.<\/p>\n<p>&nbsp;<\/p>\n<p><u>Zugfahrt:<\/u><\/p>\n<p>Das Abteil mit zwei angenehm distanzierten M\u00e4nnern mittleren Alters und einem konversationshungrigen Ru\u00dfland-Popper geteilt. Kaum ein Wort mit ihnen gewechselt.<\/p>\n<p>Im Zugrestaurant, das durchaus verzehrbares Essen im Mensa-Stil servierte, viel die unverbindliche Freundlichkeit der Serviererin angenehm auf. Aber auch sie vermochte es, eindrucksvoll barsch zu werden, als ein nicht besonders wohlerzogener Fahrgast nachdem das Restaurant schon geschlossen hatte, noch etwas zu trinken verlangte.<\/p>\n<p>Ansonsten fielen zwei Vietnamesen(?) auf, die mit breit grinsender Frankenstein-Freundlichkeit aufwarteten, und afrikanischer (nord-) Vater mit Sohn, die sich beide sehr laut unterhielten. Das schien aber niemanden besonders zu st\u00f6ren, \u00fcberhaupt wurde diese Ansammlung von offensichtlichen Ausl\u00e4ndern von allen anwesenden Russen als ganz selbst-verst\u00e4ndlich aufgenommen, sie wurden sogar freundlich und interessiert mit in Gespr\u00e4che integriert.<\/p>\n<p>&nbsp;<\/p>\n<p>&#8211;&gt; <a href=\"http:\/\/jkoehler.diskstation.me\/wordpress\/?page_id=645&amp;preview=true\">next page<\/a><\/p>\n","protected":false},"excerpt":{"rendered":"<p>&nbsp; Die letzten Tage: &#8211; Briefe an Omas, Nicky, Mum, Andi Dedolph, Susan, Oelkers abgeschickt. &#8211; Meinen grippalen Anfall auskuriert. &#8211; Meine n\u00e4here Zukunft unter folgenden Sternen geplant: Zweimal die Woche 1 1\/2 Stunden Sprachunterricht bei Bekannter von Bekannter Dr. Baars f\u00fcr Rubel, Ethnologen von Museum f\u00fcr Ethnologie kennenlernen, Kontakt mit Freundin von Svjetlana aufnehmen, &hellip; <\/p>\n<p class=\"link-more\"><a href=\"http:\/\/jkoehler.diskstation.me\/wordpress\/diaries\/tagebuch-leningrad-st-petersburg-tbilisi-1991-1993\/leningrad-zweiter-anlauf\/moskau-11-01-1992\/\" class=\"more-link\">Continue reading<span class=\"screen-reader-text\"> &#8220;Moskau, 11.01.1992: Zukunftspl\u00e4ne und Moskaureise&#8221;<\/span><\/a><\/p>\n","protected":false},"author":1,"featured_media":0,"parent":587,"menu_order":8,"comment_status":"closed","ping_status":"closed","template":"","meta":{"footnotes":""},"class_list":["post-643","page","type-page","status-publish","hentry"],"_links":{"self":[{"href":"http:\/\/jkoehler.diskstation.me\/wordpress\/wp-json\/wp\/v2\/pages\/643","targetHints":{"allow":["GET"]}}],"collection":[{"href":"http:\/\/jkoehler.diskstation.me\/wordpress\/wp-json\/wp\/v2\/pages"}],"about":[{"href":"http:\/\/jkoehler.diskstation.me\/wordpress\/wp-json\/wp\/v2\/types\/page"}],"author":[{"embeddable":true,"href":"http:\/\/jkoehler.diskstation.me\/wordpress\/wp-json\/wp\/v2\/users\/1"}],"replies":[{"embeddable":true,"href":"http:\/\/jkoehler.diskstation.me\/wordpress\/wp-json\/wp\/v2\/comments?post=643"}],"version-history":[{"count":3,"href":"http:\/\/jkoehler.diskstation.me\/wordpress\/wp-json\/wp\/v2\/pages\/643\/revisions"}],"predecessor-version":[{"id":1788,"href":"http:\/\/jkoehler.diskstation.me\/wordpress\/wp-json\/wp\/v2\/pages\/643\/revisions\/1788"}],"up":[{"embeddable":true,"href":"http:\/\/jkoehler.diskstation.me\/wordpress\/wp-json\/wp\/v2\/pages\/587"}],"wp:attachment":[{"href":"http:\/\/jkoehler.diskstation.me\/wordpress\/wp-json\/wp\/v2\/media?parent=643"}],"curies":[{"name":"wp","href":"https:\/\/api.w.org\/{rel}","templated":true}]}}