{"id":634,"date":"2018-01-29T20:22:32","date_gmt":"2018-01-29T19:22:32","guid":{"rendered":"http:\/\/jkoehler.diskstation.me\/wordpress\/?page_id=634"},"modified":"2019-03-16T14:15:39","modified_gmt":"2019-03-16T13:15:39","slug":"petersburg-05-01-1992","status":"publish","type":"page","link":"http:\/\/jkoehler.diskstation.me\/wordpress\/diaries\/tagebuch-leningrad-st-petersburg-tbilisi-1991-1993\/leningrad-zweiter-anlauf\/petersburg-05-01-1992\/","title":{"rendered":"Petersburg, 05.01.1992: Kindheitsgef\u00fchle"},"content":{"rendered":"<p>Nostalgie hat mich mit einem Anflug siffiger Sentimentalit\u00e4t in ihren F\u00e4ngen.<\/p>\n<p>Drei Gef\u00fchle vergleichbarer Intensit\u00e4t kenne ich aus meiner Kindheit:<\/p>\n<ol>\n<li style=\"padding-left: 30px;\">Angst. Das zeitlich best\u00e4ndigste Gef\u00fchl.<\/li>\n<li style=\"padding-left: 30px;\">Traurigkeit. Erinnerungen an die Endlichkeit aller gro\u00dfer Regungen.<\/li>\n<li style=\"padding-left: 30px;\">Freude. Eine irrationale Lebensfreude, durchdrungen von Zuversicht und \u00a0Kraft.<\/li>\n<\/ol>\n<p>Wenn mich irgendetwas zum unertr\u00e4glichen Arschloch macht, dann sind es bekenntnisw\u00fctige Minderwertigkeitskomplexe (&#8220;Schlag mich, tritt mich, ich bin ja ein solcher Wurm!&#8221;). Ich bin dann immer geneigt, so lange reinzuschlagen, bis sich endlich aller Kraftlosigkeit zum Trotz, ein \u00dcberlebenswille bemerkbar macht. Bei Sascha, der ein unglaublicher Ascherezeptor ist, kommt es zu leidenschaftlichen Gegenreaktionen erst, wenn man ihm liebe Literatur angreift. Vorgestern Nacht haben wir uns mehrere Stunden \u00fcber die richtige Art zu lesen gestritten. Ihm ist eine sehr stark romantisch\/pseudoreligi\u00f6s verkl\u00e4rte Sichtweise von Schriftstellern, die er als gro\u00df begreift, zueigen. Er differenziert zwischen dem Dichter und dem Autoren eines St\u00fcckes und meint, ein wahrer Dichter m\u00fc\u00dfte sein ganzes Leben lang nichts schreiben, und w\u00e4re doch ein Dichter (writer, poet). Der Dichter als metaphysisches Wesen nicht von Fleisch und Blut, dem der Leser gr\u00f6\u00dften Respekt zu zollen hat, indem er so nah als m\u00f6glich im Sinne dieses Astral-Wesens liest.<\/p>\n<p>Au\u00dferdem macht mich seine Ungeschicklichkeit und Nachl\u00e4ssigkeit mitunter w\u00fctend. Das ganze Haus klebt von verschmiertem Honig und Marmeladen. B.M. geht zwar in \u00e4hnlicher <em>food-fight-Manier<\/em> mit klebrigen Nahrungsmitteln um, macht aber immer gleich wieder sauber. Diese Eigenart kann ich weder bei Sascha, noch bei mir verzeichnen. <em>And I hate stickyness.<\/em><\/p>\n<p>&#8211;&gt; <a href=\"http:\/\/jkoehler.diskstation.me\/wordpress\/diaries\/tagebuch-leningrad-st-petersburg-tbilisi-1991-1993\/leningrad-zweiter-anlauf\/petersburg-07-01-1992\/\">next page<\/a><\/p>\n","protected":false},"excerpt":{"rendered":"<p>Nostalgie hat mich mit einem Anflug siffiger Sentimentalit\u00e4t in ihren F\u00e4ngen. Drei Gef\u00fchle vergleichbarer Intensit\u00e4t kenne ich aus meiner Kindheit: Angst. Das zeitlich best\u00e4ndigste Gef\u00fchl. Traurigkeit. Erinnerungen an die Endlichkeit aller gro\u00dfer Regungen. Freude. Eine irrationale Lebensfreude, durchdrungen von Zuversicht und \u00a0Kraft. Wenn mich irgendetwas zum unertr\u00e4glichen Arschloch macht, dann sind es bekenntnisw\u00fctige Minderwertigkeitskomplexe (&#8220;Schlag &hellip; <\/p>\n<p class=\"link-more\"><a href=\"http:\/\/jkoehler.diskstation.me\/wordpress\/diaries\/tagebuch-leningrad-st-petersburg-tbilisi-1991-1993\/leningrad-zweiter-anlauf\/petersburg-05-01-1992\/\" class=\"more-link\">Continue reading<span class=\"screen-reader-text\"> &#8220;Petersburg, 05.01.1992: Kindheitsgef\u00fchle&#8221;<\/span><\/a><\/p>\n","protected":false},"author":1,"featured_media":1223,"parent":587,"menu_order":6,"comment_status":"closed","ping_status":"closed","template":"","meta":{"footnotes":""},"class_list":["post-634","page","type-page","status-publish","has-post-thumbnail","hentry"],"_links":{"self":[{"href":"http:\/\/jkoehler.diskstation.me\/wordpress\/wp-json\/wp\/v2\/pages\/634","targetHints":{"allow":["GET"]}}],"collection":[{"href":"http:\/\/jkoehler.diskstation.me\/wordpress\/wp-json\/wp\/v2\/pages"}],"about":[{"href":"http:\/\/jkoehler.diskstation.me\/wordpress\/wp-json\/wp\/v2\/types\/page"}],"author":[{"embeddable":true,"href":"http:\/\/jkoehler.diskstation.me\/wordpress\/wp-json\/wp\/v2\/users\/1"}],"replies":[{"embeddable":true,"href":"http:\/\/jkoehler.diskstation.me\/wordpress\/wp-json\/wp\/v2\/comments?post=634"}],"version-history":[{"count":3,"href":"http:\/\/jkoehler.diskstation.me\/wordpress\/wp-json\/wp\/v2\/pages\/634\/revisions"}],"predecessor-version":[{"id":1786,"href":"http:\/\/jkoehler.diskstation.me\/wordpress\/wp-json\/wp\/v2\/pages\/634\/revisions\/1786"}],"up":[{"embeddable":true,"href":"http:\/\/jkoehler.diskstation.me\/wordpress\/wp-json\/wp\/v2\/pages\/587"}],"wp:featuredmedia":[{"embeddable":true,"href":"http:\/\/jkoehler.diskstation.me\/wordpress\/wp-json\/wp\/v2\/media\/1223"}],"wp:attachment":[{"href":"http:\/\/jkoehler.diskstation.me\/wordpress\/wp-json\/wp\/v2\/media?parent=634"}],"curies":[{"name":"wp","href":"https:\/\/api.w.org\/{rel}","templated":true}]}}