{"id":630,"date":"2018-01-29T20:16:39","date_gmt":"2018-01-29T19:16:39","guid":{"rendered":"http:\/\/jkoehler.diskstation.me\/wordpress\/?page_id=630"},"modified":"2019-03-16T14:14:52","modified_gmt":"2019-03-16T13:14:52","slug":"petersburg-04-01-1992","status":"publish","type":"page","link":"http:\/\/jkoehler.diskstation.me\/wordpress\/diaries\/tagebuch-leningrad-st-petersburg-tbilisi-1991-1993\/leningrad-zweiter-anlauf\/petersburg-04-01-1992\/","title":{"rendered":"Petersburg, 04.01.1992: Grippe"},"content":{"rendered":"<p>Die Grippe hat mich jetzt richtig in ihren Klauen&#8230; daher nur ein paar Notizen:<\/p>\n<ul>\n<li>Liebe als der Wunsch, das Selbstbildnis betrachtet zu wissen. Von wem?<\/li>\n<li>Der Leser schuldet dem Autoren Respekt in seinem Lesen?<\/li>\n<li>Aleksander und Russische Orthodoxie (Taufe, Dogmen, Mystik, Erkenntnis- oder Glaubensreligion)<\/li>\n<li>Ich liebe das Leben (mein Leben?) und nicht einzelne Personen exklusiv?<\/li>\n<li>Wie lieben Garance und Florence (?) im Vergleich zu obigem Vanity Fair?<\/li>\n<li>Wie kann man das Selbstbildnis gegen eine Selbsterkenntnis eintauschen? Worin besteht der Unterschied?<\/li>\n<li>Kann es ein Selbstbewu\u00dftsein geben, ohne ein Bewu\u00dftsein von Gut und B\u00f6se? (S\u00fcndenfall: War die ers\u00fcndigte Erkenntnisf\u00e4higkeit die F\u00e4higkeit zur Selbsterkenntnis oder zur Erkenntnis von Gut und B\u00f6se?)<\/li>\n<\/ul>\n<p>&#8211;&gt; <a href=\"http:\/\/jkoehler.diskstation.me\/wordpress\/?page_id=634&amp;preview=true\">next page<\/a><\/p>\n","protected":false},"excerpt":{"rendered":"<p>Die Grippe hat mich jetzt richtig in ihren Klauen&#8230; daher nur ein paar Notizen: Liebe als der Wunsch, das Selbstbildnis betrachtet zu wissen. Von wem? Der Leser schuldet dem Autoren Respekt in seinem Lesen? Aleksander und Russische Orthodoxie (Taufe, Dogmen, Mystik, Erkenntnis- oder Glaubensreligion) Ich liebe das Leben (mein Leben?) und nicht einzelne Personen exklusiv? &hellip; <\/p>\n<p class=\"link-more\"><a href=\"http:\/\/jkoehler.diskstation.me\/wordpress\/diaries\/tagebuch-leningrad-st-petersburg-tbilisi-1991-1993\/leningrad-zweiter-anlauf\/petersburg-04-01-1992\/\" class=\"more-link\">Continue reading<span class=\"screen-reader-text\"> &#8220;Petersburg, 04.01.1992: Grippe&#8221;<\/span><\/a><\/p>\n","protected":false},"author":1,"featured_media":0,"parent":587,"menu_order":5,"comment_status":"closed","ping_status":"closed","template":"","meta":{"footnotes":""},"class_list":["post-630","page","type-page","status-publish","hentry"],"_links":{"self":[{"href":"http:\/\/jkoehler.diskstation.me\/wordpress\/wp-json\/wp\/v2\/pages\/630","targetHints":{"allow":["GET"]}}],"collection":[{"href":"http:\/\/jkoehler.diskstation.me\/wordpress\/wp-json\/wp\/v2\/pages"}],"about":[{"href":"http:\/\/jkoehler.diskstation.me\/wordpress\/wp-json\/wp\/v2\/types\/page"}],"author":[{"embeddable":true,"href":"http:\/\/jkoehler.diskstation.me\/wordpress\/wp-json\/wp\/v2\/users\/1"}],"replies":[{"embeddable":true,"href":"http:\/\/jkoehler.diskstation.me\/wordpress\/wp-json\/wp\/v2\/comments?post=630"}],"version-history":[{"count":4,"href":"http:\/\/jkoehler.diskstation.me\/wordpress\/wp-json\/wp\/v2\/pages\/630\/revisions"}],"predecessor-version":[{"id":1785,"href":"http:\/\/jkoehler.diskstation.me\/wordpress\/wp-json\/wp\/v2\/pages\/630\/revisions\/1785"}],"up":[{"embeddable":true,"href":"http:\/\/jkoehler.diskstation.me\/wordpress\/wp-json\/wp\/v2\/pages\/587"}],"wp:attachment":[{"href":"http:\/\/jkoehler.diskstation.me\/wordpress\/wp-json\/wp\/v2\/media?parent=630"}],"curies":[{"name":"wp","href":"https:\/\/api.w.org\/{rel}","templated":true}]}}