{"id":6088,"date":"2019-02-26T17:07:12","date_gmt":"2019-02-26T16:07:12","guid":{"rendered":"http:\/\/jkoehler.diskstation.me\/wordpress\/?page_id=6088"},"modified":"2020-04-11T18:17:27","modified_gmt":"2020-04-11T16:17:27","slug":"dato-short-story-written-in-russian","status":"publish","type":"page","link":"http:\/\/jkoehler.diskstation.me\/wordpress\/texte\/dato-short-story-written-in-russian\/","title":{"rendered":"Dato &#8211; short story written in Russian [1993]"},"content":{"rendered":"\n<p>Die Geschichte entstand aus einer Mischung aus teilnehmender Beobachtung, den ziemlich nah am Erlebten ausgerichteten R\u00e4uberpistolen eines Freundes und dem Wunsch, mein Schriftrussisch literarisch etwas aufzupolieren. <\/p>\n\n\n\n<p>Die Geschichte entwickelte dann ein interessantes Eigenleben und entsprechend sehen die Bl\u00e4tter auch aus. Zun\u00e4chst fand eine junge russische Tramperin, die Sch\u00f6ne Katrin bei mir in Berlin f\u00fcr eine Nacht untergebracht hatte, den Text unter dem Sofa auf dem sie schlafen sollte. Sie war so begeistert von der &#8220;Chernukha&#8221;, dass sie die erste handschriftliche Rohkorrektur \u00fcbernahm. <\/p>\n\n\n\n<figure class=\"wp-block-image\"><img loading=\"lazy\" decoding=\"async\" width=\"1000\" height=\"659\" src=\"http:\/\/jkoehler.diskstation.me\/wordpress\/wp-content\/uploads\/2018\/03\/H\u00fcbsches-M\u00e4dchen-auf-dem-Dach-Natascha.jpg\" alt=\"\" class=\"wp-image-1570\" srcset=\"http:\/\/jkoehler.diskstation.me\/wordpress\/wp-content\/uploads\/2018\/03\/H\u00fcbsches-M\u00e4dchen-auf-dem-Dach-Natascha.jpg 1000w, http:\/\/jkoehler.diskstation.me\/wordpress\/wp-content\/uploads\/2018\/03\/H\u00fcbsches-M\u00e4dchen-auf-dem-Dach-Natascha-300x198.jpg 300w, http:\/\/jkoehler.diskstation.me\/wordpress\/wp-content\/uploads\/2018\/03\/H\u00fcbsches-M\u00e4dchen-auf-dem-Dach-Natascha-768x506.jpg 768w\" sizes=\"auto, (max-width: 767px) 89vw, (max-width: 1000px) 54vw, (max-width: 1071px) 543px, 580px\" \/><figcaption>Die Erstlektorin auf einem Foto, das sie mir zu Erinnerung hinterlie\u00df (mit einem russischen Musiker auf einem Petersburger Dach)<\/figcaption><\/figure>\n\n\n\n<p>Wenig sp\u00e4ter stellte sich der Held der Geschichte &#8211; Dato &#8211; selbst ein und nahm den Text in Kopie mit nach Paris. Seiner eigenen Darstellung zufolge war die Geschichte f\u00fcr ihn in den folgenden Jahrzehnten der Aufmacher f\u00fcr diverse sexuelle, intellektuelle und bisweilen auch romantische Abenteuer mit beeindruckbaren russischsprachigen jungen Frauen. <\/p>\n\n\n\n<figure class=\"wp-block-image\"><img loading=\"lazy\" decoding=\"async\" width=\"1000\" height=\"665\" src=\"http:\/\/jkoehler.diskstation.me\/wordpress\/wp-content\/uploads\/2019\/02\/JK95220.jpg\" alt=\"\" class=\"wp-image-6220\" srcset=\"http:\/\/jkoehler.diskstation.me\/wordpress\/wp-content\/uploads\/2019\/02\/JK95220.jpg 1000w, http:\/\/jkoehler.diskstation.me\/wordpress\/wp-content\/uploads\/2019\/02\/JK95220-300x200.jpg 300w, http:\/\/jkoehler.diskstation.me\/wordpress\/wp-content\/uploads\/2019\/02\/JK95220-768x511.jpg 768w\" sizes=\"auto, (max-width: 767px) 89vw, (max-width: 1000px) 54vw, (max-width: 1071px) 543px, 580px\" \/><figcaption>Dato in seiner Pariser Stammkneipe, der Guillotine, inmitten einer Gruppe von Kriminalbeamten beim Feierabendbier, kurz bevor er sich mit einem von ihnen anlegt, weil dieser der Ansicht war, dass Dato die Tochter eines Freundes verf\u00fchrt habe. <\/figcaption><\/figure>\n\n\n\n<!-- Page-list plugin v.5.9 wordpress.org\/plugins\/page-list\/ -->\n<ul class=\"page-list subpages-page-list \">\n<li class=\"page_item page-item-6091\"><a href=\"http:\/\/jkoehler.diskstation.me\/wordpress\/texte\/dato-short-story-written-in-russian\/page-1-lucky-numbers\/\">Page 1 &#8211; Lucky numbers<\/a><\/li>\n<li class=\"page_item page-item-6097\"><a href=\"http:\/\/jkoehler.diskstation.me\/wordpress\/texte\/dato-short-story-written-in-russian\/page-2-moods\/\">Page 2: Moods<\/a><\/li>\n<li class=\"page_item page-item-6101\"><a href=\"http:\/\/jkoehler.diskstation.me\/wordpress\/texte\/dato-short-story-written-in-russian\/page-3-satanic-games\/\">Page 3: Satanic games<\/a><\/li>\n<li class=\"page_item page-item-6108\"><a href=\"http:\/\/jkoehler.diskstation.me\/wordpress\/texte\/dato-short-story-written-in-russian\/page-4-victoria\/\">Page 4: Victoria<\/a><\/li>\n<li class=\"page_item page-item-6112\"><a href=\"http:\/\/jkoehler.diskstation.me\/wordpress\/texte\/dato-short-story-written-in-russian\/page-5-lerka\/\">Page 5: Lerka<\/a><\/li>\n<li class=\"page_item page-item-6116\"><a href=\"http:\/\/jkoehler.diskstation.me\/wordpress\/texte\/dato-short-story-written-in-russian\/page-6-the-lighter\/\">Page 6: Platon and the lighter<\/a><\/li>\n<li class=\"page_item page-item-6121\"><a href=\"http:\/\/jkoehler.diskstation.me\/wordpress\/texte\/dato-short-story-written-in-russian\/page-7-the-lighter-cont\/\">Page 7: The lighter cont.<\/a><\/li>\n<li class=\"page_item page-item-6126\"><a href=\"http:\/\/jkoehler.diskstation.me\/wordpress\/texte\/dato-short-story-written-in-russian\/page-8-the-street\/\">Page 8: The street<\/a><\/li>\n<li class=\"page_item page-item-6130\"><a href=\"http:\/\/jkoehler.diskstation.me\/wordpress\/texte\/dato-short-story-written-in-russian\/page-9-motives-and-motivation\/\">Page 9: Motives and motivation<\/a><\/li>\n<li class=\"page_item page-item-6134\"><a href=\"http:\/\/jkoehler.diskstation.me\/wordpress\/texte\/dato-short-story-written-in-russian\/page-10-lenas-story\/\">Page 10: Lena&#8217;s story<\/a><\/li>\n<li class=\"page_item page-item-6139\"><a href=\"http:\/\/jkoehler.diskstation.me\/wordpress\/texte\/dato-short-story-written-in-russian\/page-11-planning-for-the-confrontation\/\">Page 11: Planning for the confrontation<\/a><\/li>\n<li class=\"page_item page-item-6143\"><a href=\"http:\/\/jkoehler.diskstation.me\/wordpress\/texte\/dato-short-story-written-in-russian\/page-12-the-russian\/\">Page 12: The Russian<\/a><\/li>\n<li class=\"page_item page-item-6147\"><a href=\"http:\/\/jkoehler.diskstation.me\/wordpress\/texte\/dato-short-story-written-in-russian\/page-13-love-and-the-value-of-women\/\">Page 13: Love and the value of women<\/a><\/li>\n<li class=\"page_item page-item-6151 page_item_has_children\"><a href=\"http:\/\/jkoehler.diskstation.me\/wordpress\/texte\/dato-short-story-written-in-russian\/page-14-mother-and-whore\/\">Page 14: Mother and whore<\/a>\n<ul class='children'>\n\t<li class=\"page_item page-item-6156\"><a href=\"http:\/\/jkoehler.diskstation.me\/wordpress\/texte\/dato-short-story-written-in-russian\/page-14-mother-and-whore\/page-14-later-addition\/\">Page 14&#8242;: later addition<\/a><\/li>\n<\/ul>\n<\/li>\n<li class=\"page_item page-item-6160\"><a href=\"http:\/\/jkoehler.diskstation.me\/wordpress\/texte\/dato-short-story-written-in-russian\/page-15-the-trap\/\">Page 15: The trap<\/a><\/li>\n<li class=\"page_item page-item-6165\"><a href=\"http:\/\/jkoehler.diskstation.me\/wordpress\/texte\/dato-short-story-written-in-russian\/page-16-flight-and-argo\/\">Page 16: Flight and Argo<\/a><\/li>\n<li class=\"page_item page-item-6169\"><a href=\"http:\/\/jkoehler.diskstation.me\/wordpress\/texte\/dato-short-story-written-in-russian\/page-17-argo\/\">Page 17: Argo<\/a><\/li>\n<li class=\"page_item page-item-6173\"><a href=\"http:\/\/jkoehler.diskstation.me\/wordpress\/texte\/dato-short-story-written-in-russian\/page-18-killing-and-dying\/\">Page 18: Killing and dying<\/a><\/li>\n<li class=\"page_item page-item-6177\"><a href=\"http:\/\/jkoehler.diskstation.me\/wordpress\/texte\/dato-short-story-written-in-russian\/page-19-decisive-violence\/\">Page 19: Decisive violence<\/a><\/li>\n<li class=\"page_item page-item-6181\"><a href=\"http:\/\/jkoehler.diskstation.me\/wordpress\/texte\/dato-short-story-written-in-russian\/page-20\/\">Page 20: Left behind<\/a><\/li>\n<li class=\"page_item page-item-6185\"><a href=\"http:\/\/jkoehler.diskstation.me\/wordpress\/texte\/dato-short-story-written-in-russian\/page-22-the-common-touch\/\">Page 22: The common touch<\/a><\/li>\n<li class=\"page_item page-item-6192\"><a href=\"http:\/\/jkoehler.diskstation.me\/wordpress\/texte\/dato-short-story-written-in-russian\/page-23-the-dog\/\">Page 23: The dog<\/a><\/li>\n<li class=\"page_item page-item-6198\"><a href=\"http:\/\/jkoehler.diskstation.me\/wordpress\/texte\/dato-short-story-written-in-russian\/handwritten-notes\/\">Handwritten notes<\/a><\/li>\n\n<\/ul>\n\n\n\n<p><\/p>\n","protected":false},"excerpt":{"rendered":"<p>Die Geschichte entstand aus einer Mischung aus teilnehmender Beobachtung, den ziemlich nah am Erlebten ausgerichteten R\u00e4uberpistolen eines Freundes und dem Wunsch, mein Schriftrussisch literarisch etwas aufzupolieren. Die Geschichte entwickelte dann ein interessantes Eigenleben und entsprechend sehen die Bl\u00e4tter auch aus. Zun\u00e4chst fand eine junge russische Tramperin, die Sch\u00f6ne Katrin bei mir in Berlin f\u00fcr eine &hellip; <\/p>\n<p class=\"link-more\"><a href=\"http:\/\/jkoehler.diskstation.me\/wordpress\/texte\/dato-short-story-written-in-russian\/\" class=\"more-link\">Continue reading<span class=\"screen-reader-text\"> &#8220;Dato &#8211; short story written in Russian [1993]&#8221;<\/span><\/a><\/p>\n","protected":false},"author":1,"featured_media":6089,"parent":1902,"menu_order":4,"comment_status":"closed","ping_status":"closed","template":"","meta":{"footnotes":""},"class_list":["post-6088","page","type-page","status-publish","has-post-thumbnail","hentry"],"_links":{"self":[{"href":"http:\/\/jkoehler.diskstation.me\/wordpress\/wp-json\/wp\/v2\/pages\/6088","targetHints":{"allow":["GET"]}}],"collection":[{"href":"http:\/\/jkoehler.diskstation.me\/wordpress\/wp-json\/wp\/v2\/pages"}],"about":[{"href":"http:\/\/jkoehler.diskstation.me\/wordpress\/wp-json\/wp\/v2\/types\/page"}],"author":[{"embeddable":true,"href":"http:\/\/jkoehler.diskstation.me\/wordpress\/wp-json\/wp\/v2\/users\/1"}],"replies":[{"embeddable":true,"href":"http:\/\/jkoehler.diskstation.me\/wordpress\/wp-json\/wp\/v2\/comments?post=6088"}],"version-history":[{"count":6,"href":"http:\/\/jkoehler.diskstation.me\/wordpress\/wp-json\/wp\/v2\/pages\/6088\/revisions"}],"predecessor-version":[{"id":9204,"href":"http:\/\/jkoehler.diskstation.me\/wordpress\/wp-json\/wp\/v2\/pages\/6088\/revisions\/9204"}],"up":[{"embeddable":true,"href":"http:\/\/jkoehler.diskstation.me\/wordpress\/wp-json\/wp\/v2\/pages\/1902"}],"wp:featuredmedia":[{"embeddable":true,"href":"http:\/\/jkoehler.diskstation.me\/wordpress\/wp-json\/wp\/v2\/media\/6089"}],"wp:attachment":[{"href":"http:\/\/jkoehler.diskstation.me\/wordpress\/wp-json\/wp\/v2\/media?parent=6088"}],"curies":[{"name":"wp","href":"https:\/\/api.w.org\/{rel}","templated":true}]}}