{"id":6078,"date":"2019-02-26T16:33:45","date_gmt":"2019-02-26T15:33:45","guid":{"rendered":"http:\/\/jkoehler.diskstation.me\/wordpress\/?page_id=6078"},"modified":"2019-10-07T07:38:53","modified_gmt":"2019-10-07T05:38:53","slug":"07-06-1993-mestia-gold-sklaven-gender-gewalt","status":"publish","type":"page","link":"http:\/\/jkoehler.diskstation.me\/wordpress\/diaries\/field-diaries-notes\/feldtagebucher-tonaufzeichnungen-1993-bis-1998-studium-magisterarbeit\/07-06-1993-mestia-gold-sklaven-gender-gewalt\/","title":{"rendered":"Buch 1 &#8211; 07.06.1993, Mestia: Gold, Sklaven, Gender &#038; Gewalt"},"content":{"rendered":"\n<ul class=\"wp-block-list\"><li>G: Raub in Ieli<\/li><li> G: Ieli; J\u00e4ger, der Gold in der N\u00e4he von Uschguli fand <\/li><li> E: Mestianer -&gt; Bergler <\/li><li> B: Russen in Svanetien <\/li><li> B: Hexenjagt auf Georgierinnen, die in die T\u00fcrkei reisten <\/li><li> Zitat: Der Tod von Schotas Eltern <\/li><li> Meinung: Georgierinnen in der T\u00fcrkei<\/li><li>Eindruck: Russinnen <\/li><li> Zitat: Achtung vor Frauen im Westen u. in Georgien<\/li><li>M;Z: Schlampen, Geschlechtskrankheiten <\/li><\/ul>\n\n\n\n<figure class=\"wp-block-image\"><a href=\"http:\/\/jkoehler.diskstation.me\/wordpress\/wp-content\/uploads\/2019\/02\/image-16.png\"><img loading=\"lazy\" decoding=\"async\" width=\"765\" height=\"1024\" src=\"http:\/\/jkoehler.diskstation.me\/wordpress\/wp-content\/uploads\/2019\/02\/image-16-765x1024.png\" alt=\"\" class=\"wp-image-6079\" srcset=\"http:\/\/jkoehler.diskstation.me\/wordpress\/wp-content\/uploads\/2019\/02\/image-16-765x1024.png 765w, http:\/\/jkoehler.diskstation.me\/wordpress\/wp-content\/uploads\/2019\/02\/image-16-224x300.png 224w, http:\/\/jkoehler.diskstation.me\/wordpress\/wp-content\/uploads\/2019\/02\/image-16-768x1027.png 768w, http:\/\/jkoehler.diskstation.me\/wordpress\/wp-content\/uploads\/2019\/02\/image-16.png 1406w\" sizes=\"auto, (max-width: 706px) 89vw, (max-width: 767px) 82vw, 740px\" \/><\/a><\/figure>\n\n\n\n<figure class=\"wp-block-image\"><a href=\"blob:http:\/\/jkoehler.diskstation.me\/5a9901a2-c2e7-41d0-bf12-3b4abee15d2b\"><img loading=\"lazy\" decoding=\"async\" width=\"1024\" height=\"705\" src=\"http:\/\/jkoehler.diskstation.me\/wordpress\/wp-content\/uploads\/2019\/02\/image-17-1024x705.png\" alt=\"\" class=\"wp-image-6080\" srcset=\"http:\/\/jkoehler.diskstation.me\/wordpress\/wp-content\/uploads\/2019\/02\/image-17-1024x705.png 1024w, http:\/\/jkoehler.diskstation.me\/wordpress\/wp-content\/uploads\/2019\/02\/image-17-300x206.png 300w, http:\/\/jkoehler.diskstation.me\/wordpress\/wp-content\/uploads\/2019\/02\/image-17-768x528.png 768w\" sizes=\"auto, (max-width: 767px) 89vw, (max-width: 1000px) 54vw, (max-width: 1071px) 543px, 580px\" \/><\/a><\/figure>\n\n\n\n<figure class=\"wp-block-image\"><a href=\"http:\/\/jkoehler.diskstation.me\/wordpress\/wp-content\/uploads\/2019\/02\/image-18.png\"><img loading=\"lazy\" decoding=\"async\" width=\"1024\" height=\"542\" src=\"http:\/\/jkoehler.diskstation.me\/wordpress\/wp-content\/uploads\/2019\/02\/image-18-1024x542.png\" alt=\"\" class=\"wp-image-6081\" srcset=\"http:\/\/jkoehler.diskstation.me\/wordpress\/wp-content\/uploads\/2019\/02\/image-18-1024x542.png 1024w, http:\/\/jkoehler.diskstation.me\/wordpress\/wp-content\/uploads\/2019\/02\/image-18-300x159.png 300w, http:\/\/jkoehler.diskstation.me\/wordpress\/wp-content\/uploads\/2019\/02\/image-18-768x407.png 768w, http:\/\/jkoehler.diskstation.me\/wordpress\/wp-content\/uploads\/2019\/02\/image-18.png 1375w\" sizes=\"auto, (max-width: 767px) 89vw, (max-width: 1000px) 54vw, (max-width: 1071px) 543px, 580px\" \/><\/a><\/figure>\n\n\n\n<figure class=\"wp-block-image size-large\"><img loading=\"lazy\" decoding=\"async\" width=\"1000\" height=\"662\" src=\"http:\/\/jkoehler.diskstation.me\/wordpress\/wp-content\/uploads\/2019\/08\/DIA-Fuji-100_Georgia_1997_0036.jpg\" alt=\"\" class=\"wp-image-7545\" srcset=\"http:\/\/jkoehler.diskstation.me\/wordpress\/wp-content\/uploads\/2019\/08\/DIA-Fuji-100_Georgia_1997_0036.jpg 1000w, http:\/\/jkoehler.diskstation.me\/wordpress\/wp-content\/uploads\/2019\/08\/DIA-Fuji-100_Georgia_1997_0036-300x199.jpg 300w, http:\/\/jkoehler.diskstation.me\/wordpress\/wp-content\/uploads\/2019\/08\/DIA-Fuji-100_Georgia_1997_0036-768x508.jpg 768w\" sizes=\"auto, (max-width: 767px) 89vw, (max-width: 1000px) 54vw, (max-width: 1071px) 543px, 580px\" \/><\/figure>\n\n\n\n<p>&#8211;> <a href=\"http:\/\/jkoehler.diskstation.me\/wordpress\/diaries\/field-diaries-notes\/feldtagebucher-tonaufzeichnungen-1993-bis-1998-studium-magisterarbeit\/10-06-1993-alltag-und-geschichte\/\">next<\/a><\/p>\n\n\n\n<p> <a href=\"http:\/\/jkoehler.diskstation.me\/wordpress\/diaries\/field-diaries-notes\/feldtagebucher-tonaufzeichnungen-1993-bis-1998-studium-magisterarbeit\/\">\u2191 One level up \u2191<\/a> <\/p>\n","protected":false},"excerpt":{"rendered":"<p>G: Raub in Ieli G: Ieli; J\u00e4ger, der Gold in der N\u00e4he von Uschguli fand E: Mestianer -&gt; Bergler B: Russen in Svanetien B: Hexenjagt auf Georgierinnen, die in die T\u00fcrkei reisten Zitat: Der Tod von Schotas Eltern Meinung: Georgierinnen in der T\u00fcrkei Eindruck: Russinnen Zitat: Achtung vor Frauen im Westen u. in Georgien M;Z: &hellip; <\/p>\n<p class=\"link-more\"><a href=\"http:\/\/jkoehler.diskstation.me\/wordpress\/diaries\/field-diaries-notes\/feldtagebucher-tonaufzeichnungen-1993-bis-1998-studium-magisterarbeit\/07-06-1993-mestia-gold-sklaven-gender-gewalt\/\" class=\"more-link\">Continue reading<span class=\"screen-reader-text\"> &#8220;Buch 1 &#8211; 07.06.1993, Mestia: Gold, Sklaven, Gender &#038; Gewalt&#8221;<\/span><\/a><\/p>\n","protected":false},"author":1,"featured_media":6083,"parent":5859,"menu_order":11,"comment_status":"closed","ping_status":"closed","template":"","meta":{"footnotes":""},"class_list":["post-6078","page","type-page","status-publish","has-post-thumbnail","hentry"],"_links":{"self":[{"href":"http:\/\/jkoehler.diskstation.me\/wordpress\/wp-json\/wp\/v2\/pages\/6078","targetHints":{"allow":["GET"]}}],"collection":[{"href":"http:\/\/jkoehler.diskstation.me\/wordpress\/wp-json\/wp\/v2\/pages"}],"about":[{"href":"http:\/\/jkoehler.diskstation.me\/wordpress\/wp-json\/wp\/v2\/types\/page"}],"author":[{"embeddable":true,"href":"http:\/\/jkoehler.diskstation.me\/wordpress\/wp-json\/wp\/v2\/users\/1"}],"replies":[{"embeddable":true,"href":"http:\/\/jkoehler.diskstation.me\/wordpress\/wp-json\/wp\/v2\/comments?post=6078"}],"version-history":[{"count":7,"href":"http:\/\/jkoehler.diskstation.me\/wordpress\/wp-json\/wp\/v2\/pages\/6078\/revisions"}],"predecessor-version":[{"id":8169,"href":"http:\/\/jkoehler.diskstation.me\/wordpress\/wp-json\/wp\/v2\/pages\/6078\/revisions\/8169"}],"up":[{"embeddable":true,"href":"http:\/\/jkoehler.diskstation.me\/wordpress\/wp-json\/wp\/v2\/pages\/5859"}],"wp:featuredmedia":[{"embeddable":true,"href":"http:\/\/jkoehler.diskstation.me\/wordpress\/wp-json\/wp\/v2\/media\/6083"}],"wp:attachment":[{"href":"http:\/\/jkoehler.diskstation.me\/wordpress\/wp-json\/wp\/v2\/media?parent=6078"}],"curies":[{"name":"wp","href":"https:\/\/api.w.org\/{rel}","templated":true}]}}