{"id":5859,"date":"2019-02-20T18:23:46","date_gmt":"2019-02-20T17:23:46","guid":{"rendered":"http:\/\/jkoehler.diskstation.me\/wordpress\/?page_id=5859"},"modified":"2019-10-06T22:30:24","modified_gmt":"2019-10-06T20:30:24","slug":"feldtagebucher-tonaufzeichnungen-1993-bis-1998-studium-magisterarbeit","status":"publish","type":"page","link":"http:\/\/jkoehler.diskstation.me\/wordpress\/diaries\/field-diaries-notes\/feldtagebucher-tonaufzeichnungen-1993-bis-1998-studium-magisterarbeit\/","title":{"rendered":"Feldtageb\u00fccher &#038; Tonaufzeichnungen 1993 bis 1998"},"content":{"rendered":"\n<p>Die Aufzeichnungen aus dieser Zeit sind \u00fcberwiegend handschriftlich, wurden aber f\u00fcr die Magisterarbeit von mir in einer Access-Datenbank referenziert. Diese 406 Verweise auf Tageb\u00fccher, Tonbandinterviews und Diktaphonnotizen sind die Grundlage f\u00fcr die Zusammenstellung hier.<\/p>\n\n\n\n<p>[under construction]<\/p>\n\n\n\n<!-- Page-list plugin v.5.9 wordpress.org\/plugins\/page-list\/ -->\n<ul class=\"page-list subpages-page-list \">\n<li class=\"page_item page-item-5865\"><a href=\"http:\/\/jkoehler.diskstation.me\/wordpress\/diaries\/field-diaries-notes\/feldtagebucher-tonaufzeichnungen-1993-bis-1998-studium-magisterarbeit\/29-05-1993-tbilisi-gewalt-junge-generation\/\">Buch 1 &#8211; 29.05.1993, Tbilisi: Gewalt; junge Generation; Gang<\/a><\/li>\n<li class=\"page_item page-item-5878\"><a href=\"http:\/\/jkoehler.diskstation.me\/wordpress\/diaries\/field-diaries-notes\/feldtagebucher-tonaufzeichnungen-1993-bis-1998-studium-magisterarbeit\/31-05-1993-mestia-personen\/\">Buch 1 &#8211; 31.05.1993, Mestia: Personen, Heiler<\/a><\/li>\n<li class=\"page_item page-item-5899\"><a href=\"http:\/\/jkoehler.diskstation.me\/wordpress\/diaries\/field-diaries-notes\/feldtagebucher-tonaufzeichnungen-1993-bis-1998-studium-magisterarbeit\/02-06-1993-mestia-lokalpolitik-pflugen-begriffe\/\">Buch 1 &#8211; 02.06.1993, Mest&#8217;ia: Lokalpolitik, Pfl\u00fcgen, Begriffe<\/a><\/li>\n<li class=\"page_item page-item-5913\"><a href=\"http:\/\/jkoehler.diskstation.me\/wordpress\/diaries\/field-diaries-notes\/feldtagebucher-tonaufzeichnungen-1993-bis-1998-studium-magisterarbeit\/03-06-1993-mestia-stechapfel-in-zone-jan-als-heiler\/\">Buch 1 &#8211; 03.06.1993, Mestia: Stechapfel in Zone, Jan als Heiler<\/a><\/li>\n<li class=\"page_item page-item-6042\"><a href=\"http:\/\/jkoehler.diskstation.me\/wordpress\/diaries\/field-diaries-notes\/feldtagebucher-tonaufzeichnungen-1993-bis-1998-studium-magisterarbeit\/05-06-1993-mestia-heilpflanzen-sonnenbrand-worter\/\">Buch 1 &#8211; 05.06.1993, Mestia: Heilpflanzen, Sonnenbrand, W\u00f6rter<\/a><\/li>\n<li class=\"page_item page-item-6078\"><a href=\"http:\/\/jkoehler.diskstation.me\/wordpress\/diaries\/field-diaries-notes\/feldtagebucher-tonaufzeichnungen-1993-bis-1998-studium-magisterarbeit\/07-06-1993-mestia-gold-sklaven-gender-gewalt\/\">Buch 1 &#8211; 07.06.1993, Mestia: Gold, Sklaven, Gender &#038; Gewalt<\/a><\/li>\n<li class=\"page_item page-item-7341\"><a href=\"http:\/\/jkoehler.diskstation.me\/wordpress\/diaries\/field-diaries-notes\/feldtagebucher-tonaufzeichnungen-1993-bis-1998-studium-magisterarbeit\/10-06-1993-alltag-und-geschichte\/\">Buch 1 &#8211; 10.06.1993: Alltag und Geschichte<\/a><\/li>\n<li class=\"page_item page-item-7349\"><a href=\"http:\/\/jkoehler.diskstation.me\/wordpress\/diaries\/field-diaries-notes\/feldtagebucher-tonaufzeichnungen-1993-bis-1998-studium-magisterarbeit\/12-06-1993-mestia-erste-schritte-fur-ruckkehr-nach-tbilissi-tourismus-museum-rolf-schrade\/\">Buch 1 &#8211; 12.06.1993, R\u00fcckreise: Erste Schritte f\u00fcr R\u00fcckkehr nach Tbilissi; Tourismus, Museum, Rolf Schrade<\/a><\/li>\n<li class=\"page_item page-item-7357\"><a href=\"http:\/\/jkoehler.diskstation.me\/wordpress\/diaries\/field-diaries-notes\/feldtagebucher-tonaufzeichnungen-1993-bis-1998-studium-magisterarbeit\/28-06-1993-st-petersburg-achtung\/\">Buch 1 &#8211; 28.06.1993 St. Petersburg: Achtung<\/a><\/li>\n<li class=\"page_item page-item-7362\"><a href=\"http:\/\/jkoehler.diskstation.me\/wordpress\/diaries\/field-diaries-notes\/feldtagebucher-tonaufzeichnungen-1993-bis-1998-studium-magisterarbeit\/29-06-1993-st-petersburg-soziale-umgebung-welt-der-diebe\/\">Buch 1 &#8211; 29.06.1993 R\u00fcckreise St. Petersburg: soziale Umgebung, Welt der Diebe<\/a><\/li>\n<li class=\"page_item page-item-7374\"><a href=\"http:\/\/jkoehler.diskstation.me\/wordpress\/diaries\/field-diaries-notes\/feldtagebucher-tonaufzeichnungen-1993-bis-1998-studium-magisterarbeit\/notizen-und-medikamente-psychospiele\/\">Buch 1 &#8211; Notizen und Medikamente &#038; Psychospiele<\/a><\/li>\n<li class=\"page_item page-item-7385\"><a href=\"http:\/\/jkoehler.diskstation.me\/wordpress\/diaries\/field-diaries-notes\/feldtagebucher-tonaufzeichnungen-1993-bis-1998-studium-magisterarbeit\/notizen-abreise-erste-geschaftsideen\/\">Buch 1 &#8211; Notizen Abreise &#038; erste Gesch\u00e4ftsideen<\/a><\/li>\n<li class=\"page_item page-item-7409\"><a href=\"http:\/\/jkoehler.diskstation.me\/wordpress\/diaries\/field-diaries-notes\/feldtagebucher-tonaufzeichnungen-1993-bis-1998-studium-magisterarbeit\/1992-april-georgien-first-encounter\/\">Buch 2 &#8211; 1992 April Georgien first encounter<\/a><\/li>\n<li class=\"page_item page-item-7419\"><a href=\"http:\/\/jkoehler.diskstation.me\/wordpress\/diaries\/field-diaries-notes\/feldtagebucher-tonaufzeichnungen-1993-bis-1998-studium-magisterarbeit\/1992-weltenrausch\/\">Buch 2 \u2013 1992 &#8211; Weltenrausch<\/a><\/li>\n<li class=\"page_item page-item-7424\"><a href=\"http:\/\/jkoehler.diskstation.me\/wordpress\/diaries\/field-diaries-notes\/feldtagebucher-tonaufzeichnungen-1993-bis-1998-studium-magisterarbeit\/16-01-1993-moskau-reiseimpressionen\/\">Buch 2 \u2013 16.01.1993 Moskau &#8211; Reiseimpressionen<\/a><\/li>\n<li class=\"page_item page-item-7429\"><a href=\"http:\/\/jkoehler.diskstation.me\/wordpress\/diaries\/field-diaries-notes\/feldtagebucher-tonaufzeichnungen-1993-bis-1998-studium-magisterarbeit\/18-03-1993-tbilisi-verfall\/\">Buch 2 \u2013 18.03.1993 Tbilisi &#8211; Verfall<\/a><\/li>\n<li class=\"page_item page-item-7436\"><a href=\"http:\/\/jkoehler.diskstation.me\/wordpress\/diaries\/field-diaries-notes\/feldtagebucher-tonaufzeichnungen-1993-bis-1998-studium-magisterarbeit\/1994-st-petersburg-geschaftssondierungen-fur-mkf-volodya\/\">Buch 2 \u2013 1994 St. Petersburg &#8211; Gesch\u00e4ftssondierungen f\u00fcr MKF \/ Volodya<\/a><\/li>\n<li class=\"page_item page-item-7443\"><a href=\"http:\/\/jkoehler.diskstation.me\/wordpress\/diaries\/field-diaries-notes\/feldtagebucher-tonaufzeichnungen-1993-bis-1998-studium-magisterarbeit\/26-07-1994-tbilisi-notizen-plane\/\">Buch 2 \u2013 26.07.1994 Tbilisi &#8211; Notizen, Pl\u00e4ne<\/a><\/li>\n<li class=\"page_item page-item-7448\"><a href=\"http:\/\/jkoehler.diskstation.me\/wordpress\/diaries\/field-diaries-notes\/feldtagebucher-tonaufzeichnungen-1993-bis-1998-studium-magisterarbeit\/26-07-1994-tbilissi-literatur\/\">Buch 2 \u2013 26.07.1994 Tbilissi &#8211; Literatur<\/a><\/li>\n<li class=\"page_item page-item-7453\"><a href=\"http:\/\/jkoehler.diskstation.me\/wordpress\/diaries\/field-diaries-notes\/feldtagebucher-tonaufzeichnungen-1993-bis-1998-studium-magisterarbeit\/30-07-1994-shatili-wanderung-nach-shatili-mit-tiniko-interviews-mit-shota-tsintsarauri-und-familie\/\">Buch 2 \u2013 30.07.1994 Shatili &#8211; Wanderung nach Shatili mit Tiniko, Shota Tsintsarauri und Familie<\/a><\/li>\n<li class=\"page_item page-item-7460\"><a href=\"http:\/\/jkoehler.diskstation.me\/wordpress\/diaries\/field-diaries-notes\/feldtagebucher-tonaufzeichnungen-1993-bis-1998-studium-magisterarbeit\/30-07-1994-shatili-interviews\/\">Buch 2 \u2013 30.07.1994 Shatili &#8211; Interviews<\/a><\/li>\n<li class=\"page_item page-item-7469\"><a href=\"http:\/\/jkoehler.diskstation.me\/wordpress\/diaries\/field-diaries-notes\/feldtagebucher-tonaufzeichnungen-1993-bis-1998-studium-magisterarbeit\/01-08-1994-mutso-castle-blood-revenge-tragedy\/\">Buch 2 \u2013 01.08.1994 Mutso &#8211; Castle, blood revenge, tragedy<\/a><\/li>\n<li class=\"page_item page-item-7477\"><a href=\"http:\/\/jkoehler.diskstation.me\/wordpress\/diaries\/field-diaries-notes\/feldtagebucher-tonaufzeichnungen-1993-bis-1998-studium-magisterarbeit\/august-1994-tbilisi-uddapno-svaneti-verwandtschaft-und-blutrache\/\">Buch 2 \u2013 August 1994 &#8211; Tbilisi &#8211; Uddapno &#8211; Svaneti, Verwandtschaft und Blutrache<\/a><\/li>\n<li class=\"page_item page-item-7484\"><a href=\"http:\/\/jkoehler.diskstation.me\/wordpress\/diaries\/field-diaries-notes\/feldtagebucher-tonaufzeichnungen-1993-bis-1998-studium-magisterarbeit\/19-20-08-1994-aufbruch-nach-svanetien-anfahrt\/\">Buch 2 \u2013 19.-20.08.1994 &#8211; Aufbruch nach Svanetien &#038; Anfahrt<\/a><\/li>\n<li class=\"page_item page-item-7485\"><a href=\"http:\/\/jkoehler.diskstation.me\/wordpress\/diaries\/field-diaries-notes\/feldtagebucher-tonaufzeichnungen-1993-bis-1998-studium-magisterarbeit\/21-08-1994-mestia-mord-an-mchedliani\/\">Buch 2 \u2013 21.08.1994 Mestia &#8211; Mord an Mchedliani<\/a><\/li>\n<li class=\"page_item page-item-7494\"><a href=\"http:\/\/jkoehler.diskstation.me\/wordpress\/diaries\/field-diaries-notes\/feldtagebucher-tonaufzeichnungen-1993-bis-1998-studium-magisterarbeit\/22-23-08-1994-wanderung-nach-ushguli\/\">Buch 2 \u2013 22.-23.08.1994 Wanderung nach Ushguli<\/a><\/li>\n<li class=\"page_item page-item-7507\"><a href=\"http:\/\/jkoehler.diskstation.me\/wordpress\/diaries\/field-diaries-notes\/feldtagebucher-tonaufzeichnungen-1993-bis-1998-studium-magisterarbeit\/25-08-1994-mestia-verhaltnis-zu-deutschland-rituale-jungs\/\">Buch 2 \u2013 25.08.1994 Mestia &#8211; Verh\u00e4ltnis zu Deutschland, Rituale, Jungs, Argo<\/a><\/li>\n<li class=\"page_item page-item-7510\"><a href=\"http:\/\/jkoehler.diskstation.me\/wordpress\/diaries\/field-diaries-notes\/feldtagebucher-tonaufzeichnungen-1993-bis-1998-studium-magisterarbeit\/01-09-1994-mestia-tbilisi\/\">Buch 2 \u2013 01.09.1994 Mestia-Tbilisi<\/a><\/li>\n<li class=\"page_item page-item-7522\"><a href=\"http:\/\/jkoehler.diskstation.me\/wordpress\/diaries\/field-diaries-notes\/feldtagebucher-tonaufzeichnungen-1993-bis-1998-studium-magisterarbeit\/september-1994-tbilisi-minderjahn-vorschlage\/\">Buch 2 \u2013 September 1994 Tbilisi &#8211; Minderjahn Vorschl\u00e4ge<\/a><\/li>\n<li class=\"page_item page-item-7526\"><a href=\"http:\/\/jkoehler.diskstation.me\/wordpress\/diaries\/field-diaries-notes\/feldtagebucher-tonaufzeichnungen-1993-bis-1998-studium-magisterarbeit\/04-09-1994-tbilisi-poti-batumi-moskau-st-petersburg-lamentieren-uber-verlorene-freiheit-reisemischmasch\/\">Buch 2 \u2013 04.09.1994 Tbilisi, Poti, Batumi, Moskau, St. Petersburg &#8211; Lamentieren \u00fcber verlorene Freiheit, Reisemischmasch<\/a><\/li>\n<li class=\"page_item page-item-7534\"><a href=\"http:\/\/jkoehler.diskstation.me\/wordpress\/diaries\/field-diaries-notes\/feldtagebucher-tonaufzeichnungen-1993-bis-1998-studium-magisterarbeit\/23-09-1994-st-petersburg-notizen-ideen\/\">Buch 2 \u2013 23.09.1994 St. Petersburg Notizen, Ideen<\/a><\/li>\n<li class=\"page_item page-item-7540\"><a href=\"http:\/\/jkoehler.diskstation.me\/wordpress\/diaries\/field-diaries-notes\/feldtagebucher-tonaufzeichnungen-1993-bis-1998-studium-magisterarbeit\/30-09-1994-st-petersburg-gang-und-rede\/\">Buch 2 \u2013 30.09.1994 St. Petersburg &#8211; Gang und Rede<\/a><\/li>\n\n<\/ul>\n\n\n\n<p> <a href=\"http:\/\/jkoehler.diskstation.me\/wordpress\/diaries\/field-diaries-notes\/\">\u2191 One level up \u2191<\/a> <\/p>\n","protected":false},"excerpt":{"rendered":"<p>Die Aufzeichnungen aus dieser Zeit sind \u00fcberwiegend handschriftlich, wurden aber f\u00fcr die Magisterarbeit von mir in einer Access-Datenbank referenziert. Diese 406 Verweise auf Tageb\u00fccher, Tonbandinterviews und Diktaphonnotizen sind die Grundlage f\u00fcr die Zusammenstellung hier. [under construction] \u2191 One level up \u2191<\/p>\n","protected":false},"author":1,"featured_media":5861,"parent":5737,"menu_order":1,"comment_status":"closed","ping_status":"closed","template":"","meta":{"footnotes":""},"class_list":["post-5859","page","type-page","status-publish","has-post-thumbnail","hentry"],"_links":{"self":[{"href":"http:\/\/jkoehler.diskstation.me\/wordpress\/wp-json\/wp\/v2\/pages\/5859","targetHints":{"allow":["GET"]}}],"collection":[{"href":"http:\/\/jkoehler.diskstation.me\/wordpress\/wp-json\/wp\/v2\/pages"}],"about":[{"href":"http:\/\/jkoehler.diskstation.me\/wordpress\/wp-json\/wp\/v2\/types\/page"}],"author":[{"embeddable":true,"href":"http:\/\/jkoehler.diskstation.me\/wordpress\/wp-json\/wp\/v2\/users\/1"}],"replies":[{"embeddable":true,"href":"http:\/\/jkoehler.diskstation.me\/wordpress\/wp-json\/wp\/v2\/comments?post=5859"}],"version-history":[{"count":4,"href":"http:\/\/jkoehler.diskstation.me\/wordpress\/wp-json\/wp\/v2\/pages\/5859\/revisions"}],"predecessor-version":[{"id":8163,"href":"http:\/\/jkoehler.diskstation.me\/wordpress\/wp-json\/wp\/v2\/pages\/5859\/revisions\/8163"}],"up":[{"embeddable":true,"href":"http:\/\/jkoehler.diskstation.me\/wordpress\/wp-json\/wp\/v2\/pages\/5737"}],"wp:featuredmedia":[{"embeddable":true,"href":"http:\/\/jkoehler.diskstation.me\/wordpress\/wp-json\/wp\/v2\/media\/5861"}],"wp:attachment":[{"href":"http:\/\/jkoehler.diskstation.me\/wordpress\/wp-json\/wp\/v2\/media?parent=5859"}],"curies":[{"name":"wp","href":"https:\/\/api.w.org\/{rel}","templated":true}]}}