{"id":584,"date":"2018-01-29T15:54:34","date_gmt":"2018-01-29T14:54:34","guid":{"rendered":"http:\/\/jkoehler.diskstation.me\/wordpress\/?page_id=584"},"modified":"2019-03-16T14:14:52","modified_gmt":"2019-03-16T13:14:52","slug":"23-12-1991","status":"publish","type":"page","link":"http:\/\/jkoehler.diskstation.me\/wordpress\/diaries\/tagebuch-leningrad-st-petersburg-tbilisi-1991-1993\/sanatorium-germania\/23-12-1991\/","title":{"rendered":"D\u00f6hle, 23.12.1991: Carolins Zukunftsprognose"},"content":{"rendered":"<p>Carolin war eben f\u00fcr ein paar k\u00f6rperliche Stunden da. Sie sagte, da\u00df sie nicht glaube, ich w\u00fcrde einmal auf der Stra\u00dfe in unterster Nomadenkultur enden, weil ich wolle, da\u00df man mir zuh\u00f6re &#8211; und als Penner t\u00e4te man das wohl kaum.<a href=\"http:\/\/jkoehler.diskstation.me\/wordpress\/wp-content\/uploads\/2018\/01\/DIA-Fuji100_preSSR_198x_0117.jpg\"><img loading=\"lazy\" decoding=\"async\" class=\"alignleft size-full wp-image-585\" src=\"http:\/\/jkoehler.diskstation.me\/wordpress\/wp-content\/uploads\/2018\/01\/DIA-Fuji100_preSSR_198x_0117.jpg\" alt=\"\" width=\"648\" height=\"1000\" srcset=\"http:\/\/jkoehler.diskstation.me\/wordpress\/wp-content\/uploads\/2018\/01\/DIA-Fuji100_preSSR_198x_0117.jpg 648w, http:\/\/jkoehler.diskstation.me\/wordpress\/wp-content\/uploads\/2018\/01\/DIA-Fuji100_preSSR_198x_0117-194x300.jpg 194w\" sizes=\"auto, (max-width: 648px) 100vw, 648px\" \/><\/a><\/p>\n<p>&nbsp;<\/p>\n<p>&#8211;&gt; <a href=\"http:\/\/jkoehler.diskstation.me\/wordpress\/diaries\/tagebuch-leningrad-st-petersburg-tbilisi-1991-1993\/leningrad-zweiter-anlauf\/\">next page<\/a><\/p>\n","protected":false},"excerpt":{"rendered":"<p>Carolin war eben f\u00fcr ein paar k\u00f6rperliche Stunden da. Sie sagte, da\u00df sie nicht glaube, ich w\u00fcrde einmal auf der Stra\u00dfe in unterster Nomadenkultur enden, weil ich wolle, da\u00df man mir zuh\u00f6re &#8211; und als Penner t\u00e4te man das wohl kaum. &nbsp; &#8211;&gt; next page<\/p>\n","protected":false},"author":1,"featured_media":589,"parent":505,"menu_order":36,"comment_status":"closed","ping_status":"closed","template":"","meta":{"footnotes":""},"class_list":["post-584","page","type-page","status-publish","has-post-thumbnail","hentry"],"_links":{"self":[{"href":"http:\/\/jkoehler.diskstation.me\/wordpress\/wp-json\/wp\/v2\/pages\/584","targetHints":{"allow":["GET"]}}],"collection":[{"href":"http:\/\/jkoehler.diskstation.me\/wordpress\/wp-json\/wp\/v2\/pages"}],"about":[{"href":"http:\/\/jkoehler.diskstation.me\/wordpress\/wp-json\/wp\/v2\/types\/page"}],"author":[{"embeddable":true,"href":"http:\/\/jkoehler.diskstation.me\/wordpress\/wp-json\/wp\/v2\/users\/1"}],"replies":[{"embeddable":true,"href":"http:\/\/jkoehler.diskstation.me\/wordpress\/wp-json\/wp\/v2\/comments?post=584"}],"version-history":[{"count":6,"href":"http:\/\/jkoehler.diskstation.me\/wordpress\/wp-json\/wp\/v2\/pages\/584\/revisions"}],"predecessor-version":[{"id":1780,"href":"http:\/\/jkoehler.diskstation.me\/wordpress\/wp-json\/wp\/v2\/pages\/584\/revisions\/1780"}],"up":[{"embeddable":true,"href":"http:\/\/jkoehler.diskstation.me\/wordpress\/wp-json\/wp\/v2\/pages\/505"}],"wp:featuredmedia":[{"embeddable":true,"href":"http:\/\/jkoehler.diskstation.me\/wordpress\/wp-json\/wp\/v2\/media\/589"}],"wp:attachment":[{"href":"http:\/\/jkoehler.diskstation.me\/wordpress\/wp-json\/wp\/v2\/media?parent=584"}],"curies":[{"name":"wp","href":"https:\/\/api.w.org\/{rel}","templated":true}]}}