{"id":5764,"date":"2019-02-13T22:13:18","date_gmt":"2019-02-13T21:13:18","guid":{"rendered":"http:\/\/jkoehler.diskstation.me\/wordpress\/?page_id=5764"},"modified":"2019-10-07T18:50:39","modified_gmt":"2019-10-07T16:50:39","slug":"eriwan-donnerstag-23-dezember-1999","status":"publish","type":"page","link":"http:\/\/jkoehler.diskstation.me\/wordpress\/diaries\/field-diaries-notes\/osze-2000\/eriwan-donnerstag-23-dezember-1999\/","title":{"rendered":"Eriwan, Donnerstag, 23. Dezember 1999"},"content":{"rendered":"\n<p>Wir befinden uns anscheinend doch noch im Mittelspiel des Machtkampfes\nin Armenien. Die strategischen Positionen f\u00fcr das Endspiel werden austariert.\nDer President, der selbst keine eigene Machtbasis in Form einer Partei oder\nbewaffneten Gruppe hat, macht Gewinne in Karabakh (Rhukassian setzt sich gegen\nBabajan durch) und m\u00f6glicherweise im Verh\u00e4ltnis zu Ru\u00dfland (Serzh Sarkisians\nVertrauensbonus bei seinem Spezi Putin; im vergangenen Monat reiste er drei (?)\nmal nach Moskau) \u2013 zwei Faktoren, der im Falle eines Putsches oder\nB\u00fcrgerkrieges entscheidend w\u00e4re. In Erewan hingegen hat Kocharian tempor\u00e4re Verluste\nzu verzeichnen. Die Eckpfeiler seiner Macht im Parlament und unter den\nbewaffneten Verb\u00e4nden \u2013 Vazgen Sarkisian (Premierminister, Vorsitzender von\nEKRAPA und der Republikanischen Partei, der politische Fl\u00fcgel EKRAPAs und\nAutorit\u00e4t f\u00fcr die staatlichen Gewaltdienstleister) und Demichan\n(Parlamentssprecher, ehemaliger Parteipo\u00df a la Shevardnadze und Oliev,\nVorsitzender sehr popul\u00e4ren der Demokratischen Partei und politisches\nSchwergewicht) wurden am 27. Oktober im Parlament erschossen. Serzh S.\nvermutet, da\u00df das Attentat aus dem n\u00e4heren Dunstkreis Vazgen S. heraus\nentstanden ist. Die erste Dem\u00fctigung Babajans hatte er im Juni selbst\ndurchgef\u00fchrt (Erste Hilfe Aktion). Au\u00dferdem machte er Anstalten, den Staat\ngegen die Netzwerke, aus denen er selbst hervorgegangen war, zu st\u00e4rken.\nM\u00f6glicherweise war er dem Netz als Ikone willkommener denn als aktiver\nPolitiker. Wenige Stunden nach dem Attentat legten f\u00fchrende Armees dem\nPr\u00e4sidenten eine Liste mit einer erw\u00fcnschten Regierungsumbildung vor, in der\nihre Leute die absolute Oberhand gehabt h\u00e4tten. Kocharian erreichte einen\nKompromi\u00df. Entscheidende Niederlagen waren allerdings<\/p>\n\n\n\n<ol class=\"wp-block-list\"><li>Mit\nder Aufkl\u00e4rung des Attentates befa\u00dft sich die Milit\u00e4rstaatsanwaltschaft\n(geleitet von einem EKRAPA Getreuen).<\/li><li>Die\nGefangenen wurden vom KGB-Gef\u00e4ngnis (MNB) ins MID Gef\u00e4ngnis verlegt; seit der\nVerlegung werden von verschiedener Seite Folterbeschwerden erhoben.<\/li><li>Die\nbeiden engsten Vertrauten des Pr\u00e4sidenten, Serzh S. (Minister MNB) und\nHarutunian (Chef des Pr\u00e4s. Apparates) mu\u00dften ihre Stellen R\u00e4umen \u2013 sie wurden\nallerdings nicht wie gefordert von EKRAPA-Leuten ersetzt: Serzh S. wurde Chef\ndes Apparats und MNB wurde ein politisch neutraler Profi-Polizist\/Jurist (laut\nAloian, Chef der Au\u00dfenabteilung des MNB, meinte der neue Minister Petrosian zur\nThematik POW: \u201eWas, wir haben noch welche? Die sind doch viel zu teuer; la\u00dft\nsie uns umgehend freilassen.\u201c Darauf hingewiesen, da\u00df er das vielleicht erst\nmit dem Pr\u00e4sidenten besprechen m\u00fc\u00dfte, meinte er verwundert: \u201eMu\u00df ich daf\u00fcr den\nPr\u00e4sidenten fragen?\u201c). Harutunian wurde Berater des Pr\u00e4sidenten f\u00fcr\nAu\u00dfenpolitik.<\/li><li>Harutunian\ntrat am 17.12. zur\u00fcck und wurde am selben Abend auf Betreiben des\nMilit\u00e4rstaatsanwaltes festgenommen. Angeblich hatte ihn Hunanian als\nDrahtzieher des Terroraktes genannt. Hunanian hatte allerdings vorher schon\neine Reihe sehr unterschiedlicher Politiker derselben Tat bezichtigt, unter\nanderen einen Parteig\u00e4nger Babajans, der zur Tatzeit im Ausland war. Harutunian\nund Hunanian waren tats\u00e4chlich Studienfreunde und Harutunian hatte sich als\nUnterh\u00e4ndler w\u00e4hrend des Geiseldramas zur Verf\u00fcgung gestellt.<\/li><\/ol>\n\n\n\n<p>&#8211;> <a href=\"http:\/\/jkoehler.diskstation.me\/wordpress\/diaries\/field-diaries-notes\/osze-2000\/eriwan-montag-6-marz-2000\/\">next<\/a><\/p>\n\n\n\n<p> <a href=\"http:\/\/jkoehler.diskstation.me\/wordpress\/diaries\/field-diaries-notes\/osze-2000\/\">\u2191 One level up \u2191<\/a> <\/p>\n","protected":false},"excerpt":{"rendered":"<p>Wir befinden uns anscheinend doch noch im Mittelspiel des Machtkampfes in Armenien. Die strategischen Positionen f\u00fcr das Endspiel werden austariert. Der President, der selbst keine eigene Machtbasis in Form einer Partei oder bewaffneten Gruppe hat, macht Gewinne in Karabakh (Rhukassian setzt sich gegen Babajan durch) und m\u00f6glicherweise im Verh\u00e4ltnis zu Ru\u00dfland (Serzh Sarkisians Vertrauensbonus bei &hellip; <\/p>\n<p class=\"link-more\"><a href=\"http:\/\/jkoehler.diskstation.me\/wordpress\/diaries\/field-diaries-notes\/osze-2000\/eriwan-donnerstag-23-dezember-1999\/\" class=\"more-link\">Continue reading<span class=\"screen-reader-text\"> &#8220;Eriwan, Donnerstag, 23. Dezember 1999&#8221;<\/span><\/a><\/p>\n","protected":false},"author":1,"featured_media":0,"parent":5757,"menu_order":3,"comment_status":"closed","ping_status":"closed","template":"","meta":{"footnotes":""},"class_list":["post-5764","page","type-page","status-publish","hentry"],"_links":{"self":[{"href":"http:\/\/jkoehler.diskstation.me\/wordpress\/wp-json\/wp\/v2\/pages\/5764","targetHints":{"allow":["GET"]}}],"collection":[{"href":"http:\/\/jkoehler.diskstation.me\/wordpress\/wp-json\/wp\/v2\/pages"}],"about":[{"href":"http:\/\/jkoehler.diskstation.me\/wordpress\/wp-json\/wp\/v2\/types\/page"}],"author":[{"embeddable":true,"href":"http:\/\/jkoehler.diskstation.me\/wordpress\/wp-json\/wp\/v2\/users\/1"}],"replies":[{"embeddable":true,"href":"http:\/\/jkoehler.diskstation.me\/wordpress\/wp-json\/wp\/v2\/comments?post=5764"}],"version-history":[{"count":3,"href":"http:\/\/jkoehler.diskstation.me\/wordpress\/wp-json\/wp\/v2\/pages\/5764\/revisions"}],"predecessor-version":[{"id":8214,"href":"http:\/\/jkoehler.diskstation.me\/wordpress\/wp-json\/wp\/v2\/pages\/5764\/revisions\/8214"}],"up":[{"embeddable":true,"href":"http:\/\/jkoehler.diskstation.me\/wordpress\/wp-json\/wp\/v2\/pages\/5757"}],"wp:attachment":[{"href":"http:\/\/jkoehler.diskstation.me\/wordpress\/wp-json\/wp\/v2\/media?parent=5764"}],"curies":[{"name":"wp","href":"https:\/\/api.w.org\/{rel}","templated":true}]}}