{"id":5762,"date":"2019-02-13T22:10:49","date_gmt":"2019-02-13T21:10:49","guid":{"rendered":"http:\/\/jkoehler.diskstation.me\/wordpress\/?page_id=5762"},"modified":"2019-10-07T18:49:58","modified_gmt":"2019-10-07T16:49:58","slug":"eriwan-dienstag-21-dezember-1999","status":"publish","type":"page","link":"http:\/\/jkoehler.diskstation.me\/wordpress\/diaries\/field-diaries-notes\/osze-2000\/eriwan-dienstag-21-dezember-1999\/","title":{"rendered":"Eriwan, Dienstag, 21. Dezember 1999"},"content":{"rendered":"\n<p>Fahrt mit Vartan zum Schlachtfeld &#8230; 1919 und Ethnographischen Museum\nin &#8230; . Die Gegend gleicht einem Ruinenfeld. Im Smog eines na\u00dfkalten\nDezembertages hat man den Eindruck, man f\u00fchre durch eine vom Krieg heimgesuchte\nLandschaft. Kolchosen und andere Staatsbetriebe sind vollkommen demontiert,\nteilweise einschlie\u00dflich der Mauern. Von Investitionen, einheimischen, Diaspora\noder ausl\u00e4ndischen kann jenseits des Zentrums Erewans \u00fcberhaupt keine Rede\nsein. Autowracks, umfunktioniert in Unterst\u00e4nde f\u00fcr die Hirten (meist Kurden)\noder geschmackvoll eingeflochten in Z\u00e4une \u00fcberall am Stra\u00dfenrand. Die\nBev\u00f6lkerung ist weitgehend apathisch. <\/p>\n\n\n\n<p>Anders als in Aserbaidschan oder Georgien konnten sich zivile Kr\u00e4fte\n(auch dort nicht demokratisch) nicht gegen das rechte schlagfertige Milit\u00e4r,\ndas seit den Kardinalfehlern Elchibejs russische Unterst\u00fctzung genie\u00dft,\ndurchsetzen. Die Armee beteiligt sich schamlos an Schutzgelderpressung und\nkorrumpierter Politik auf allen Ebenen (von Rekruten, die sich von Schikanen\nfreikaufen m\u00fcssen, bis hin zur Anklagestrategie des Milit\u00e4rchefankl\u00e4gers, der\nden Pr\u00e4sidenten unter Feuer nimmt).<\/p>\n\n\n\n<p>Geschichten<\/p>\n\n\n\n<ol class=\"wp-block-list\"><li>Vano\nst\u00fcrmte kurze Zeit nach dem Attentat auf Sarkisian und Co die Franz\u00f6siche\nBotschaft, die Stiefel bis zum Schaft voll von Hosenschi\u00df. Der Franz\u00f6sische\nBotschafter war nicht am\u00fcsiert (Info HE). Dies kann grunds\u00e4tzlich zwei Gr\u00fcnde\nhaben: Entweder w\u00e4hnte sich Vano nach dem Tod des Premiers schutzlos den\nOrdnungsh\u00fctern ausgeliefert \u2013 letzterer hatte immerhin daf\u00fcr gesorgt, da\u00df Vano,\ndem eine Reihe hochkar\u00e4tige Morde w\u00e4hrend seiner Zeit als Innenminister\nvorgeworfen werden (Generalstaatsanwalt, Eisenbahnchef, Stellvertretender\nVerteidigungsminister, ehem. KGB-Chef&#8230;), wohlbehalten mit seiner Familie nach\nFrankreich ausreisen konnte. Das Parlament hatte es abgelehnt, Vanos Immunit\u00e4t\naufzuheben und Serge S. brachte ihn daraufhin zum Flughafen. Oder Vano ist\nselbst in das Attentat verwickelt und hatte h\u00f6here Ziele, die sich allerdings nicht\nerf\u00fcllten (Putsch). <\/li><\/ol>\n\n\n\n<ul class=\"wp-block-list\"><li>Vano\nwar seinerzeit eine h\u00f6chst unangenehme Figur f\u00fcr viele normalsterbliche\nArmenier. Seines Zeichens Schriftsteller (Djaba l\u00e4\u00dft gr\u00fc\u00dfen) hatte er zusammen\nmit dem Akademiker (Vostochnovedine) Ter-Petrossian das Karabach-Komitee ger\u00fcndet\n(mit von der Partie auch Sarkisian). Vano kommt wie die Mehrzahl der\nKriegstreiber aus l\u00e4ndlichen Verh\u00e4ltnissen. Als Innenminister machte er sich\nzun\u00e4chst dadurch einen Namen, da\u00df er mehrfach \u00f6ffentlich erkl\u00e4rte, er sei jetzt\nder entscheidende Dieb im Gesetze und alle anderen Diebe haben sich entweder zu\nverpissen (na xui) oder werden fertig gemacht. Er unterstrich die Drohung indem\ner eine Privatcheka gr\u00fcndete und den verbliebenen Autorit\u00e4ten auf den Hals\nschickte. Die Meisten suchten das Weite; die anderen wurden get\u00f6tet.<br>\nVano schickte seine Jungs auch zu diversen Fabriken und lie\u00df erkl\u00e4ren, da\u00df sie\nbestimmte Summen in Dollar zu zahlen h\u00e4tten. Wenn sie nicht in bar zahlen\nwollten oder konnten, wurde ihnen auch angeboten, das Geld auf ein bestimmtes\nKonto in Erewan einzuzahlen. <br>\n<br>\n<\/li><\/ul>\n\n\n\n<ul class=\"wp-block-list\"><li>Auch\nder dahingeschiedene Premierminister Sarkisian hatte eigene Methoden, die\nPolizei zu disziplinieren. Als zwei LIMITs in v\u00f6lliger Unkenntnis der\nrelevanten Nummernschilder und Automarken f\u00e4lschlicherweise den Merzedes von\nSarkissian anhielten, wurden sie von dessen Leibw\u00e4chtern krankenhausreif\ngepr\u00fcgelt und mit dem Tode bedroht.<br>\n<br>\n<\/li><\/ul>\n\n\n\n<ul class=\"wp-block-list\"><li>Vartans Guter Chechene und B\u00f6ser Chechene<br>  <\/li><li>Russen, Alkohol und Br\u00e4ute<br>  <\/li><li>Die doppelte Immobiliensteuer<br>  <\/li><li>Professionelle Biographie Vartans<\/li><\/ul>\n\n\n\n<ul class=\"wp-block-list\"><li>Vazgen\nSarkisian aquiriert\/liquidiert Buntmetallexporteur <\/li><\/ul>\n\n\n\n<ul class=\"wp-block-list\"><li>Die\nAbschreibung der Volkswirtschaft; Privatisierung in Armenien<\/li><\/ul>\n\n\n\n<p>&#8211;> <a href=\"http:\/\/jkoehler.diskstation.me\/wordpress\/diaries\/field-diaries-notes\/osze-2000\/eriwan-donnerstag-23-dezember-1999\/\">next<\/a><\/p>\n\n\n\n<p> <a href=\"http:\/\/jkoehler.diskstation.me\/wordpress\/diaries\/field-diaries-notes\/osze-2000\/\">\u2191 One level up \u2191<\/a> <\/p>\n","protected":false},"excerpt":{"rendered":"<p>Fahrt mit Vartan zum Schlachtfeld &#8230; 1919 und Ethnographischen Museum in &#8230; . Die Gegend gleicht einem Ruinenfeld. Im Smog eines na\u00dfkalten Dezembertages hat man den Eindruck, man f\u00fchre durch eine vom Krieg heimgesuchte Landschaft. Kolchosen und andere Staatsbetriebe sind vollkommen demontiert, teilweise einschlie\u00dflich der Mauern. Von Investitionen, einheimischen, Diaspora oder ausl\u00e4ndischen kann jenseits des &hellip; <\/p>\n<p class=\"link-more\"><a href=\"http:\/\/jkoehler.diskstation.me\/wordpress\/diaries\/field-diaries-notes\/osze-2000\/eriwan-dienstag-21-dezember-1999\/\" class=\"more-link\">Continue reading<span class=\"screen-reader-text\"> &#8220;Eriwan, Dienstag, 21. Dezember 1999&#8221;<\/span><\/a><\/p>\n","protected":false},"author":1,"featured_media":0,"parent":5757,"menu_order":2,"comment_status":"closed","ping_status":"closed","template":"","meta":{"footnotes":""},"class_list":["post-5762","page","type-page","status-publish","hentry"],"_links":{"self":[{"href":"http:\/\/jkoehler.diskstation.me\/wordpress\/wp-json\/wp\/v2\/pages\/5762","targetHints":{"allow":["GET"]}}],"collection":[{"href":"http:\/\/jkoehler.diskstation.me\/wordpress\/wp-json\/wp\/v2\/pages"}],"about":[{"href":"http:\/\/jkoehler.diskstation.me\/wordpress\/wp-json\/wp\/v2\/types\/page"}],"author":[{"embeddable":true,"href":"http:\/\/jkoehler.diskstation.me\/wordpress\/wp-json\/wp\/v2\/users\/1"}],"replies":[{"embeddable":true,"href":"http:\/\/jkoehler.diskstation.me\/wordpress\/wp-json\/wp\/v2\/comments?post=5762"}],"version-history":[{"count":3,"href":"http:\/\/jkoehler.diskstation.me\/wordpress\/wp-json\/wp\/v2\/pages\/5762\/revisions"}],"predecessor-version":[{"id":8213,"href":"http:\/\/jkoehler.diskstation.me\/wordpress\/wp-json\/wp\/v2\/pages\/5762\/revisions\/8213"}],"up":[{"embeddable":true,"href":"http:\/\/jkoehler.diskstation.me\/wordpress\/wp-json\/wp\/v2\/pages\/5757"}],"wp:attachment":[{"href":"http:\/\/jkoehler.diskstation.me\/wordpress\/wp-json\/wp\/v2\/media?parent=5762"}],"curies":[{"name":"wp","href":"https:\/\/api.w.org\/{rel}","templated":true}]}}