{"id":5717,"date":"2019-02-12T22:55:08","date_gmt":"2019-02-12T21:55:08","guid":{"rendered":"http:\/\/jkoehler.diskstation.me\/wordpress\/?page_id=5717"},"modified":"2019-10-07T18:45:22","modified_gmt":"2019-10-07T16:45:22","slug":"3-mai-1996","status":"publish","type":"page","link":"http:\/\/jkoehler.diskstation.me\/wordpress\/diaries\/field-diaries-notes\/georgien-marz-april-1996\/3-mai-1996\/","title":{"rendered":"3. Mai 1996"},"content":{"rendered":"\n<p>Heute mit dem\nBruder von Medea, einem Kapitan des KGB, gespro\u00adchen. Er war sehr gespr\u00e4chig. <\/p>\n\n\n\n<p>Die\nhochorganisierte Struktur der v.v.s. der Sowjetunion h\u00e4lt er f\u00fcr zumindest\nKGB-unterst\u00fctzt. Er selbst war in der Anwerbung von Autorit\u00e4ten und V-M\u00e4nnern\nin der Verbrecherwelt Abchasiens t\u00e4tig. Auch wenn die Befehle aus Moskau mitunter\ndurch Planwirt\u00adschaft auch in den Informationsdiensten absurd war (z.B. inner\u00adhalb\nvon drei Wochen 2 Diebe zu werben und 15 Informationen zu bekommen)\nfunktionierte das Prinzip der &#8220;indirect rule&#8221; sehr gut. Informationen\nwurden in beide Richtungen getauscht und \u00fcber das Netzwerk konnte die riesige\nVerbrecherwelt der gesamten Sowjetunion im Auge behalten werden. Organisationen\nund Aktio\u00adnen, die den Staat gef\u00e4hrdeten, konnte so ausgeschlossen werden. Nach\ndem 2. Weltkrieg und 1992 konnte der KGB durch geschickt gestreutes Gift die\nMacht der v.v.s. durch interne Kriege weit\u00adgehend zerschlagen. 1992 waren sie\nunn\u00fctz geworden, da sie die Aufstrebende junge Verbrechergeneration nicht mehr\nzu kontrol\u00adlieren vermochten. Die diskutierte Alternative sei es gewesen, alle\nalten Autorit\u00e4ten schlicht zu liquidieren. Die Institution in Moskau, die sich\nseit dem Untergang der SU mit dem neuen Verh\u00e4ltnis zwischen Verbrecherwelt und\nStaat befa\u00dft, l\u00e4uft unter dem Deckmantel &#8220;Ru\u00dfland-Amerika Institut&#8221;\nund ist mit alten Kadern des KGB besetzt. Es gibt die Diebesnetzwerke stark ge\u00adschw\u00e4cht\nalso noch, doch scheinen die Sportler unter der neuen Patronage der\nSicherheitsdienste auf dem Vormarsch zu sein.<\/p>\n\n\n\n<p>Mit dem\nZusammenbruch der SU kamem neue Verbrechergenerationen an die Macht: Mit der\nAusnahme der B\u00fcrgerkriegsregionen waren es \u00fcberall mafi\u00f6se Strukturen. In\nGeorgien hingegen ist die Organi\u00adsation der Mchedrionzi bezeichnend gewesen f\u00fcr\ndie Hybride aus Krieg, Waffen und Verbrechen. Die alten Autorit\u00e4ten der krimi\u00adnellen\nWelt waren schon vorher aus Georgien verschwunden &#8211; an\u00adgeblich, weil es nicht\nehrenhaft war, in einem verarmten Land zu rauben. Ca. 1 mill. Menschen\nverlie\u00dfen Georgien, die meisten davon Leute mit Wohlstand. Da mit den neuen\nKr\u00e4ften die Rahmen von Verbrechen, die den Dieben ihre Macht gaben,\nverschwanden (Staatsdienst, Krieg und Verbrechen verschmolzen miteinander),\nwurden sie zu den absoluten Feinden der Diebesdiaspora. Letztere war machtlos,\nsolange Jaba mit seiner Privatarmee uneinge\u00adschr\u00e4nkte Handlungsfreiheit hatte\n(einige aus Moskau entsandte Diebe wurden sofort nach ihrer Ankunft umgebracht\n&#8211; siehe Inter\u00adview mit Gia). Nachdem die Mchedrioni entmachtet wurden, begann\nnicht nur der erstarkende Staat sie zu jagen, sondern auch die Diebesdiaspora.\nMein Informant wei\u00df von ca. 60 F\u00e4llen, in denen Mchedrioni im Gef\u00e4ngnis von\nspeziell gesandten Killern (die sich f\u00fcr Lapalien einlochen lie\u00dfen) umgebracht\nwurden, obwohl sie nach Artikel 0630 (?) der Sondergesetze isoliert zum eigenen\nSchutz einsitzen. <\/p>\n\n\n\n<p>Interessant\nist, da\u00df der KGB sich offensichtlich als Staat im Staat verstand und die\ninterne Spionage nach den gleichen Regeln betrieb, wie die Auslandsspionage.\nAlles, was die Macht des Staates nicht gef\u00e4hrdete, wurde nur beobachtet und\nindirekt kontrolliert. Organisiertes Verbrechen, da\u00df dem Staat Ressour\u00adsen\nabspenstig machte (z.B. Steuern) ist ein recht neues Ph\u00e4no\u00admen in der SU. Die\nRessoursen Gerechtigkeit und in Teilen Gewalt wurden vom KGB hier wohl nicht\nals relevant eingestuft.<\/p>\n\n\n\n<p>Einen\nweiteren Grund f\u00fcr den Aufstieg und Fall der Mchedrioni und Garde sieht der\nInformant darin, da\u00df Moskau sie f\u00fcr den Sturz der nationalen Kr\u00e4fte (Sviad)\nfunktionalisieren konnte, weiter zum Zerschlagen der Diebeswelt in der Provinz\nund f\u00fcr die steuerbaren Kriege in Ossetien und Abchasien. Nachdem sie ihre\nRolle gespielt hatten, wurden sie vernichtet. <\/p>\n\n\n\n<p>Mein\nInformant, der selbst von Anfang bis zum Ende in Abchasien k\u00e4mpfte, h\u00e4lt gerade\ndie pl\u00fcndernden Lumpen aus Mchedrioni und Garde in der alleine Moskau\ngewinnbringenden Eskalation in Ab\u00adchasien f\u00fcr Hauptschuldige. Sie lie\u00dfen von\nAnfang an alle Frie\u00addensverhandlungen (die es in seri\u00f6ser Form mit den\nSicherheits\u00adstrukturen, in denen er war, gab) scheitern und k\u00e4mpten nur solange\nes sich lohnte.<\/p>\n\n\n\n<p>Die\nDiaspora-Diebe sollen diese Kr\u00e4fte offiziell aufgefordert haben, entweder das\nKrieg spielen sein zu lassen, oder aber sich nicht mehr als Verbrecher\n(prestupniki) zu bezeichnen.<\/p>\n\n\n\n<p>&#8211;> <a href=\"http:\/\/jkoehler.diskstation.me\/wordpress\/diaries\/field-diaries-notes\/\">back<\/a><\/p>\n\n\n\n<p> <a href=\"http:\/\/jkoehler.diskstation.me\/wordpress\/diaries\/field-diaries-notes\/georgien-marz-april-1996\/\">\u2191 One level up \u2191<\/a> <\/p>\n","protected":false},"excerpt":{"rendered":"<p>Heute mit dem Bruder von Medea, einem Kapitan des KGB, gespro\u00adchen. Er war sehr gespr\u00e4chig. Die hochorganisierte Struktur der v.v.s. der Sowjetunion h\u00e4lt er f\u00fcr zumindest KGB-unterst\u00fctzt. Er selbst war in der Anwerbung von Autorit\u00e4ten und V-M\u00e4nnern in der Verbrecherwelt Abchasiens t\u00e4tig. Auch wenn die Befehle aus Moskau mitunter durch Planwirt\u00adschaft auch in den Informationsdiensten &hellip; <\/p>\n<p class=\"link-more\"><a href=\"http:\/\/jkoehler.diskstation.me\/wordpress\/diaries\/field-diaries-notes\/georgien-marz-april-1996\/3-mai-1996\/\" class=\"more-link\">Continue reading<span class=\"screen-reader-text\"> &#8220;3. Mai 1996&#8221;<\/span><\/a><\/p>\n","protected":false},"author":1,"featured_media":0,"parent":5685,"menu_order":11,"comment_status":"closed","ping_status":"closed","template":"","meta":{"footnotes":""},"class_list":["post-5717","page","type-page","status-publish","hentry"],"_links":{"self":[{"href":"http:\/\/jkoehler.diskstation.me\/wordpress\/wp-json\/wp\/v2\/pages\/5717","targetHints":{"allow":["GET"]}}],"collection":[{"href":"http:\/\/jkoehler.diskstation.me\/wordpress\/wp-json\/wp\/v2\/pages"}],"about":[{"href":"http:\/\/jkoehler.diskstation.me\/wordpress\/wp-json\/wp\/v2\/types\/page"}],"author":[{"embeddable":true,"href":"http:\/\/jkoehler.diskstation.me\/wordpress\/wp-json\/wp\/v2\/users\/1"}],"replies":[{"embeddable":true,"href":"http:\/\/jkoehler.diskstation.me\/wordpress\/wp-json\/wp\/v2\/comments?post=5717"}],"version-history":[{"count":4,"href":"http:\/\/jkoehler.diskstation.me\/wordpress\/wp-json\/wp\/v2\/pages\/5717\/revisions"}],"predecessor-version":[{"id":8210,"href":"http:\/\/jkoehler.diskstation.me\/wordpress\/wp-json\/wp\/v2\/pages\/5717\/revisions\/8210"}],"up":[{"embeddable":true,"href":"http:\/\/jkoehler.diskstation.me\/wordpress\/wp-json\/wp\/v2\/pages\/5685"}],"wp:attachment":[{"href":"http:\/\/jkoehler.diskstation.me\/wordpress\/wp-json\/wp\/v2\/media?parent=5717"}],"curies":[{"name":"wp","href":"https:\/\/api.w.org\/{rel}","templated":true}]}}