{"id":5715,"date":"2019-02-12T22:53:25","date_gmt":"2019-02-12T21:53:25","guid":{"rendered":"http:\/\/jkoehler.diskstation.me\/wordpress\/?page_id=5715"},"modified":"2019-10-07T18:43:05","modified_gmt":"2019-10-07T16:43:05","slug":"1-mai-1996","status":"publish","type":"page","link":"http:\/\/jkoehler.diskstation.me\/wordpress\/diaries\/field-diaries-notes\/georgien-marz-april-1996\/1-mai-1996\/","title":{"rendered":"1. Mai 1996"},"content":{"rendered":"\n<p>&#8211; Tito\nerz\u00e4hlte mir, da\u00df sie in seiner Klasse (er ist 10 Jahre alt) die dswelis\nhassen. Diese sind \u00e4lter, rauchen und stechen sich gegenseitig mit Messern ab.\nEs sind ihrer viele. In seiner Klasse wird am meisten ein M\u00e4dchen geachtet,\nweil sie gut lernt und kultiviert ist. Tito hat sich einmal mit dem\nKlassenst\u00e4rk\u00adsten geschlagen, weil dieser ihm schlechte Worte gesagt hatte. Er\nwar schlechter Junge, Tito ein guter Junge.<\/p>\n\n\n\n<p>&#8211; Die\nGeschichte vor vier Jahren, als meine Wohnung ausgeraubt wurde, nachdem ich auf\nfreir-Eigenschaften gepr\u00fcft worden war und Knias mir dann die H\u00e4lfte-H\u00e4lfte\nVergeltung anbgeboten hat\u00adte, war mein erstes Zusammentreffen mit den neuen\nGegensatzpaa\u00adren Diebe-R\u00e4uber\/Soldadeska.<\/p>\n\n\n\n<p>&#8211; Wie werden\ndie \u00dcberg\u00e4nge von Stra\u00dfenkultur zu den verschiede\u00adnen Erwachsenenwelten\n(Arbeitsalltag, Universit\u00e4t, Familie, Diebeswelt, Staatsdienst) markiert?\nWelche Trennungsrituale gibt es?<\/p>\n\n\n\n<p>&#8211; F\u00fcr die\nJungs, die nach Abchasien in den Krieg gingen, gab es vier m\u00f6gliche\nMotivationen: <\/p>\n\n\n\n<p>&nbsp;&nbsp;&nbsp;&nbsp;&nbsp;&nbsp;&nbsp;&nbsp;&nbsp;&nbsp;&nbsp; 1.\nWehrpflicht f\u00fcr die Bl\u00f6den<\/p>\n\n\n\n<p>&nbsp;&nbsp;&nbsp;&nbsp;&nbsp;&nbsp;&nbsp;&nbsp;&nbsp;&nbsp;&nbsp; 2.\nBereicherung durch Raub<\/p>\n\n\n\n<p>&nbsp;&nbsp;&nbsp;&nbsp;&nbsp;&nbsp;&nbsp;&nbsp;&nbsp;&nbsp;&nbsp; 3.\nPatriotismus\/Nationalismus (die Sviadisten vielen al\u00adlerdings aus!)<\/p>\n\n\n\n<p>&nbsp;&nbsp;&nbsp;&nbsp;&nbsp;&nbsp;&nbsp;&nbsp;&nbsp;&nbsp;&nbsp; 4. Vor\nallem: Solidarit\u00e4t zu Freunden, die gegangen sind (und eventuell gefallen sind)<\/p>\n\n\n\n<p>Von Nino\nalleine sind in den letzten vier Jahren um die 20 junge M\u00e4nner gewaltt\u00e4tig ums\nLeben gekommen.<\/p>\n\n\n\n<p>&#8211; Der\nMilizion\u00e4r heute im Ethnographischen Freilichtmuseum er\u00adz\u00e4hlte \u00fcberzeugend\nr\u00fchrend seine existentiellen Sorgen: Er be\u00adzieht 56 Lari Gehalt im Monat, wovon\ner eine schwangere Frau und ein Kleinkind unterhalten mu\u00df. Die Geburt im\nKrankenhaus kostet 250 Lari + 100 Lari f\u00fcr An\u00e4sthesisten (bei Kaiserschnitt) +\nMedizin +++. An einen guten Arzt kommt man nur \u00fcber Bekannt\u00adschaft ran. Er\nselbst wurde vor sieben Jahren Milizion\u00e4r, been\u00addete vor einem Jahr sein\nStudium als Jurist. Um seiner Ausbil\u00addung angemessen aufzusteigen m\u00fc\u00dfte er\nallerdings 1500$ Beste\u00adchungsgeld an die Beamten des Innenministeriums (Kader)\nzahlen. Das wurde ihm ganz klar \u00fcber dritte mitgeteilt. Korrupt werden will er\nnicht &#8211; es w\u00e4re bei seinem Dienstgrad wohl auch kaum eintr\u00e4glich. Rauben will\ner auch nicht, da er Familie hat, seine Frau liebt und deshalb nicht ins\nGef\u00e4ngnis will. Au\u00dferdem sucht er nach Nebenjobs als Packer oder Bauarbeiter.\nAuf dem Basar habe er sich auch schon 4 Tage versucht und 24 Lari Gewinn ge\u00admacht.\nEr mu\u00dfte aber feststellen, da\u00df er kein Talent daf\u00fcr hat\u00adte. Wenn er nicht etwas\nLand in Kachetien bes\u00e4\u00dfe, w\u00fcrde er ganz katastrophal dastehen. Vor wenigen\nTagen hatte er nicht einmal Geld f\u00fcr Brot und mu\u00dfte einen Freund anpumpen.\nKleidung habe er schon seit Jahren nicht mehr gekauft (sein aufgetragenes Hemd\nmit viel zu kleinem Kragen schienen das zu best\u00e4tigen). Der zust\u00e4ndige Minister\nsoll k\u00fcrzlich gesagt haben, da\u00df ein armer Milizion\u00e4r schlimmer als ein\nhungriger Wolf sei. <\/p>\n\n\n\n<p>R\u00fchrend wie\ner, die Kalaschnikow umgeh\u00e4ngt, mit Nastia spielte und f\u00fcr sie Blumen pfl\u00fcckte.<\/p>\n\n\n\n<p>&#8211;> <a href=\"http:\/\/jkoehler.diskstation.me\/wordpress\/diaries\/tgb-since-1993\/georgien-marz-april-1996\/3-mai-1996\/\">next<\/a><\/p>\n\n\n\n<p> <a href=\"http:\/\/jkoehler.diskstation.me\/wordpress\/diaries\/field-diaries-notes\/georgien-marz-april-1996\/\">\u2191 One level up \u2191<\/a> <\/p>\n","protected":false},"excerpt":{"rendered":"<p>&#8211; Tito erz\u00e4hlte mir, da\u00df sie in seiner Klasse (er ist 10 Jahre alt) die dswelis hassen. Diese sind \u00e4lter, rauchen und stechen sich gegenseitig mit Messern ab. Es sind ihrer viele. In seiner Klasse wird am meisten ein M\u00e4dchen geachtet, weil sie gut lernt und kultiviert ist. Tito hat sich einmal mit dem Klassenst\u00e4rk\u00adsten &hellip; <\/p>\n<p class=\"link-more\"><a href=\"http:\/\/jkoehler.diskstation.me\/wordpress\/diaries\/field-diaries-notes\/georgien-marz-april-1996\/1-mai-1996\/\" class=\"more-link\">Continue reading<span class=\"screen-reader-text\"> &#8220;1. Mai 1996&#8221;<\/span><\/a><\/p>\n","protected":false},"author":1,"featured_media":0,"parent":5685,"menu_order":10,"comment_status":"closed","ping_status":"closed","template":"","meta":{"footnotes":""},"class_list":["post-5715","page","type-page","status-publish","hentry"],"_links":{"self":[{"href":"http:\/\/jkoehler.diskstation.me\/wordpress\/wp-json\/wp\/v2\/pages\/5715","targetHints":{"allow":["GET"]}}],"collection":[{"href":"http:\/\/jkoehler.diskstation.me\/wordpress\/wp-json\/wp\/v2\/pages"}],"about":[{"href":"http:\/\/jkoehler.diskstation.me\/wordpress\/wp-json\/wp\/v2\/types\/page"}],"author":[{"embeddable":true,"href":"http:\/\/jkoehler.diskstation.me\/wordpress\/wp-json\/wp\/v2\/users\/1"}],"replies":[{"embeddable":true,"href":"http:\/\/jkoehler.diskstation.me\/wordpress\/wp-json\/wp\/v2\/comments?post=5715"}],"version-history":[{"count":3,"href":"http:\/\/jkoehler.diskstation.me\/wordpress\/wp-json\/wp\/v2\/pages\/5715\/revisions"}],"predecessor-version":[{"id":8209,"href":"http:\/\/jkoehler.diskstation.me\/wordpress\/wp-json\/wp\/v2\/pages\/5715\/revisions\/8209"}],"up":[{"embeddable":true,"href":"http:\/\/jkoehler.diskstation.me\/wordpress\/wp-json\/wp\/v2\/pages\/5685"}],"wp:attachment":[{"href":"http:\/\/jkoehler.diskstation.me\/wordpress\/wp-json\/wp\/v2\/media?parent=5715"}],"curies":[{"name":"wp","href":"https:\/\/api.w.org\/{rel}","templated":true}]}}