{"id":5704,"date":"2019-02-12T22:46:20","date_gmt":"2019-02-12T21:46:20","guid":{"rendered":"http:\/\/jkoehler.diskstation.me\/wordpress\/?page_id=5704"},"modified":"2019-10-07T18:36:48","modified_gmt":"2019-10-07T16:36:48","slug":"4-april-1996","status":"publish","type":"page","link":"http:\/\/jkoehler.diskstation.me\/wordpress\/diaries\/field-diaries-notes\/georgien-marz-april-1996\/4-april-1996\/","title":{"rendered":"4. April 1996"},"content":{"rendered":"\n<p>Gela\nerz\u00e4hlte, da\u00df es in seiner Jugend nur zwei F\u00e4lle in Tbilis\u00adsi gegeben habe, in\ndenen ein Mensch mit einem Messer t\u00f6dlich verletzt wurde. In einem Fall handelt\nes sich um Loda K&#8217;ok&#8217;ia\u00adschwili, ca.1957. Im Rahmen eines Razborka&#8217;s sagte der\nstarke, gro\u00dfe und sch\u00f6ne Loda dem kleinen, mikrigen Beleidiger, da\u00df er im\nUnrecht sei und schweigen m\u00f6ge, da er sonste eine f\u00e4ngt. Der Kleine antwortete,\nda\u00df Lado genau an die Stelle, an die er ihn schlagen w\u00fcrde, ein Messer empfinge.\nLado schubste ihn beiseite und bekam prompt das Messer in den Bauch.<\/p>\n\n\n\n<p>Gela: Die\nbi^\u00b0cebi spielten nicht mehr. Fr\u00fcher traf man sich an der B\u00f6rse, um etwas\ngemeinsam zu machen (Sport, Kino, Spiele&#8230;). Heute h\u00e4ngen die Jungs einfach\nab.<\/p>\n\n\n\n<p>Es ist\nerstaunlich, wie viele Gewaltmythen auch den intelligen\u00adteren Jungens im Kopf\nherumspuken (z.B. Interview mit Artschil, dem Sohn Salikos). Es sind die\nge\u00fcbten Aufschneiderein der B\u00f6r\u00adse, die v\u00f6llig eigenm\u00e4chtig sogar vor einem\ndeutschen Gringo heraussprudeln. <\/p>\n\n\n\n<p>Ich sollte\nunbedingt noch mit den infantil gebliebenen alt-k.b. Interviews machen (z.B.\nGoga).<\/p>\n\n\n\n<p>Die\nausf\u00fchrlichsten Heldensagen lieferte mir wohl damals der Kleine Dato mit den\ngro\u00dfen Augen, als ich v\u00f6llig fertig im Janu\u00adar 1993 zur\u00fcck ins r\u00fcmplige dom\nkultury imenni Jana Koehlera kam. Ich erinnere mich an folgende Leitmotive:<\/p>\n\n\n\n<p>&nbsp;&nbsp;&nbsp;&nbsp;&nbsp;&nbsp;&nbsp;&nbsp;&nbsp;&nbsp;&nbsp; 1. Auch\nich war eine der Autorit\u00e4ten in der Welt der ds.b.\/in der dunklen Welt.<\/p>\n\n\n\n<p>&nbsp;&nbsp;&nbsp;&nbsp;&nbsp;&nbsp;&nbsp;&nbsp;&nbsp;&nbsp;&nbsp; 2. Ich\nwar da richtig fit. Jeden Tag Liegest\u00fctze, Karat und so.<\/p>\n\n\n\n<p>&nbsp;&nbsp;&nbsp;&nbsp;&nbsp;&nbsp;&nbsp;&nbsp;&nbsp;&nbsp;&nbsp; 3. Wir\nkonnten jede T\u00fcr mit links aufmachen&#8230; . Auch Stahlt\u00fcren knackten wir in\nMinutenschnelle.<\/p>\n\n\n\n<p>&nbsp;&nbsp;&nbsp;&nbsp;&nbsp;&nbsp;&nbsp;&nbsp;&nbsp;&nbsp;&nbsp; 4. Ich\nhatte \u00fcber Drogen richtig Geld in H\u00e4nden.<\/p>\n\n\n\n<p>&nbsp;&nbsp;&nbsp;&nbsp;&nbsp;&nbsp;&nbsp;&nbsp;&nbsp;&nbsp;&nbsp; 5.\nEinmal habe ich Schei\u00dfe gebaut (einen Katong mit hoch\u00adwertigen Narkotika aus\ndem Autofenster geworfen, weil ich glaubte, da\u00df wir in eine Polizeirazzia\nk\u00e4men), aber eine Autorit\u00e4t in der kriminellen Welt erkannte meine Klasse und\nUnschuld an.<\/p>\n\n\n\n<p>&nbsp;&nbsp;&nbsp;&nbsp;&nbsp;&nbsp;&nbsp;&nbsp;&nbsp;&nbsp;&nbsp; 6. Als\nich meine Schwester gegen b\u00f6se Jungs verteidigt habe, die aber immer mehr und\nb\u00f6ser wurden, hat ein Geset\u00adzesdieb \u00fcber eine Ohrfeige recht gesprochen.<\/p>\n\n\n\n<p>&#8211;> <a href=\"http:\/\/jkoehler.diskstation.me\/wordpress\/diaries\/tgb-since-1993\/georgien-marz-april-1996\/5-april-1996\/\">next<\/a><\/p>\n\n\n\n<p> <a href=\"http:\/\/jkoehler.diskstation.me\/wordpress\/diaries\/field-diaries-notes\/georgien-marz-april-1996\/\">\u2191 One level up \u2191<\/a> <\/p>\n","protected":false},"excerpt":{"rendered":"<p>Gela erz\u00e4hlte, da\u00df es in seiner Jugend nur zwei F\u00e4lle in Tbilis\u00adsi gegeben habe, in denen ein Mensch mit einem Messer t\u00f6dlich verletzt wurde. In einem Fall handelt es sich um Loda K&#8217;ok&#8217;ia\u00adschwili, ca.1957. Im Rahmen eines Razborka&#8217;s sagte der starke, gro\u00dfe und sch\u00f6ne Loda dem kleinen, mikrigen Beleidiger, da\u00df er im Unrecht sei und &hellip; <\/p>\n<p class=\"link-more\"><a href=\"http:\/\/jkoehler.diskstation.me\/wordpress\/diaries\/field-diaries-notes\/georgien-marz-april-1996\/4-april-1996\/\" class=\"more-link\">Continue reading<span class=\"screen-reader-text\"> &#8220;4. April 1996&#8221;<\/span><\/a><\/p>\n","protected":false},"author":1,"featured_media":0,"parent":5685,"menu_order":7,"comment_status":"closed","ping_status":"closed","template":"","meta":{"footnotes":""},"class_list":["post-5704","page","type-page","status-publish","hentry"],"_links":{"self":[{"href":"http:\/\/jkoehler.diskstation.me\/wordpress\/wp-json\/wp\/v2\/pages\/5704","targetHints":{"allow":["GET"]}}],"collection":[{"href":"http:\/\/jkoehler.diskstation.me\/wordpress\/wp-json\/wp\/v2\/pages"}],"about":[{"href":"http:\/\/jkoehler.diskstation.me\/wordpress\/wp-json\/wp\/v2\/types\/page"}],"author":[{"embeddable":true,"href":"http:\/\/jkoehler.diskstation.me\/wordpress\/wp-json\/wp\/v2\/users\/1"}],"replies":[{"embeddable":true,"href":"http:\/\/jkoehler.diskstation.me\/wordpress\/wp-json\/wp\/v2\/comments?post=5704"}],"version-history":[{"count":3,"href":"http:\/\/jkoehler.diskstation.me\/wordpress\/wp-json\/wp\/v2\/pages\/5704\/revisions"}],"predecessor-version":[{"id":8205,"href":"http:\/\/jkoehler.diskstation.me\/wordpress\/wp-json\/wp\/v2\/pages\/5704\/revisions\/8205"}],"up":[{"embeddable":true,"href":"http:\/\/jkoehler.diskstation.me\/wordpress\/wp-json\/wp\/v2\/pages\/5685"}],"wp:attachment":[{"href":"http:\/\/jkoehler.diskstation.me\/wordpress\/wp-json\/wp\/v2\/media?parent=5704"}],"curies":[{"name":"wp","href":"https:\/\/api.w.org\/{rel}","templated":true}]}}