{"id":5702,"date":"2019-02-12T22:44:04","date_gmt":"2019-02-12T21:44:04","guid":{"rendered":"http:\/\/jkoehler.diskstation.me\/wordpress\/?page_id=5702"},"modified":"2019-10-07T18:35:02","modified_gmt":"2019-10-07T16:35:02","slug":"3-april-1996","status":"publish","type":"page","link":"http:\/\/jkoehler.diskstation.me\/wordpress\/diaries\/field-diaries-notes\/georgien-marz-april-1996\/3-april-1996\/","title":{"rendered":"3. April 1996"},"content":{"rendered":"\n<p>Gespr\u00e4ch mit\nNana:<\/p>\n\n\n\n<p>kazuris kazi: Ein Mann, der seine Frauen gekleidet hat, der mit\nseinem exklusiven Kreis in ein Restaurant gehen kann und es f\u00fcr andere\nschlie\u00dfen kann, der reich ist, der seine Frau nicht in\u00adformiert, wenn er die\nnacht mit Freunden durchs\u00e4uft (vgl. georgische Schwuchtel bei Misch&amp;Thea in\nBerlin) &#8211; ja eto i eto delal i nikto ni^cego ne mogli delat&#8217;.<\/p>\n\n\n\n<p>Gela und Nana\nnannte man Romeo und Julia. Gela hielt sich in solchen Gesellschaften aus,\nhatte aber die Kraft eine Ausnahme zu sein. Nana wei\u00df sehr gut, da\u00df man Gela\ndaf\u00fcr im besten Fall verehrt, da\u00df er sie nicht verlassen hat, als sie ihm keine\nKin\u00adder mehr zeugen konnte, sie aber verachtet (z.B. Gias Frau). Frauen werden\nwie Vieh abgestellt. Wenn eine Frau ihrem Mann keine Kinder schenken kann, ist\ndas ihre Schuld und die Gesell\u00adschaft dr\u00e4ngt auf Trennung. Geht die Frau zum\nArzt und l\u00e4\u00dft sich untersuchen, ist das ein Zeichen f\u00fcr die Schw\u00e4che des\nMannes.<\/p>\n\n\n\n<p>Begriffe, die\nbei uns der christliche Humanismus und die Auf\u00adkl\u00e4rung gepr\u00e4gt hat, sind nicht\n1:1 zu \u00fcbersetzten: Demuth, Vergebung, Liebe, Achtung. <\/p>\n\n\n\n<p>&#8211;> <a href=\"http:\/\/jkoehler.diskstation.me\/wordpress\/diaries\/tgb-since-1993\/georgien-marz-april-1996\/4-april-1996\/\">next<\/a><\/p>\n\n\n\n<p> <a href=\"http:\/\/jkoehler.diskstation.me\/wordpress\/diaries\/field-diaries-notes\/georgien-marz-april-1996\/\">\u2191 One level up \u2191<\/a> <\/p>\n","protected":false},"excerpt":{"rendered":"<p>Gespr\u00e4ch mit Nana: kazuris kazi: Ein Mann, der seine Frauen gekleidet hat, der mit seinem exklusiven Kreis in ein Restaurant gehen kann und es f\u00fcr andere schlie\u00dfen kann, der reich ist, der seine Frau nicht in\u00adformiert, wenn er die nacht mit Freunden durchs\u00e4uft (vgl. georgische Schwuchtel bei Misch&amp;Thea in Berlin) &#8211; ja eto i eto &hellip; <\/p>\n<p class=\"link-more\"><a href=\"http:\/\/jkoehler.diskstation.me\/wordpress\/diaries\/field-diaries-notes\/georgien-marz-april-1996\/3-april-1996\/\" class=\"more-link\">Continue reading<span class=\"screen-reader-text\"> &#8220;3. April 1996&#8221;<\/span><\/a><\/p>\n","protected":false},"author":1,"featured_media":0,"parent":5685,"menu_order":6,"comment_status":"closed","ping_status":"closed","template":"","meta":{"footnotes":""},"class_list":["post-5702","page","type-page","status-publish","hentry"],"_links":{"self":[{"href":"http:\/\/jkoehler.diskstation.me\/wordpress\/wp-json\/wp\/v2\/pages\/5702","targetHints":{"allow":["GET"]}}],"collection":[{"href":"http:\/\/jkoehler.diskstation.me\/wordpress\/wp-json\/wp\/v2\/pages"}],"about":[{"href":"http:\/\/jkoehler.diskstation.me\/wordpress\/wp-json\/wp\/v2\/types\/page"}],"author":[{"embeddable":true,"href":"http:\/\/jkoehler.diskstation.me\/wordpress\/wp-json\/wp\/v2\/users\/1"}],"replies":[{"embeddable":true,"href":"http:\/\/jkoehler.diskstation.me\/wordpress\/wp-json\/wp\/v2\/comments?post=5702"}],"version-history":[{"count":3,"href":"http:\/\/jkoehler.diskstation.me\/wordpress\/wp-json\/wp\/v2\/pages\/5702\/revisions"}],"predecessor-version":[{"id":8204,"href":"http:\/\/jkoehler.diskstation.me\/wordpress\/wp-json\/wp\/v2\/pages\/5702\/revisions\/8204"}],"up":[{"embeddable":true,"href":"http:\/\/jkoehler.diskstation.me\/wordpress\/wp-json\/wp\/v2\/pages\/5685"}],"wp:attachment":[{"href":"http:\/\/jkoehler.diskstation.me\/wordpress\/wp-json\/wp\/v2\/media?parent=5702"}],"curies":[{"name":"wp","href":"https:\/\/api.w.org\/{rel}","templated":true}]}}