{"id":5691,"date":"2019-02-12T22:18:45","date_gmt":"2019-02-12T21:18:45","guid":{"rendered":"http:\/\/jkoehler.diskstation.me\/wordpress\/?page_id=5691"},"modified":"2019-10-07T18:30:38","modified_gmt":"2019-10-07T16:30:38","slug":"24-marz-1996","status":"publish","type":"page","link":"http:\/\/jkoehler.diskstation.me\/wordpress\/diaries\/field-diaries-notes\/georgien-marz-april-1996\/24-marz-1996\/","title":{"rendered":"24. M\u00e4rz 1996"},"content":{"rendered":"\n<p>Zusammenschrift:<\/p>\n\n\n\n<p>&#8211; Das\nbeliebte georgische Idiom von der &#8220;Schule der Stra\u00dfe&#8221; als\n\u00dcbergangsritual. Schaffen gerade Gewalt, Gefahr, Drogen den besonderen\nWirklichkeitsraum der Heiligkeit, aus dem im Dazwi\u00adschen Gesellschaft gemacht\nwird?<\/p>\n\n\n\n<p>&#8211; Tengis\nKitowani war selbst gewichtiger ds.b., der vor allem Waffen und die eigenen\nMuskeln liebte. Seine Garde formte er mit seinen ds.b.-Kollegen aus der jungen\nGeneration der guten Jungs. Es waren beim Sturz Gamsach. nicht mehr als 300\nMann.<\/p>\n\n\n\n<p>Zun\u00e4chst sah\nes so aus als w\u00fcrden die v\u00f6llig unerfahrenen Stra\u00ad\u00dfenkinder, die sich im Hotel\nTbilissi verschanzt hatten, den Kampf verlieren. Nach Aussagen eines\nAugenzeugens (Bekannter und ehem. Parteimitglied Gelas, der dann \u00fcber die\nKontakte seiner Eltern, die F\u00fchrungspositionen in der russischen Armee innehat\u00adten,\nden Kader und Waffenkanal f\u00fcr die Rebellen \u00f6ffnete) brach Kitowani heulend\nzusammen und wollte fliehen. Daran hinderten ihn seine eigenen Leute.<\/p>\n\n\n\n<p>Gela meint,\nKitowani sei daran interessiert gewesen, die Front in Abchasien f\u00fcr eine Weile\nzum stehen zu bringen, um den Pl\u00fcn\u00adderungskrieg zu perpetuieren. Dabei h\u00e4tte er\naber die milit\u00e4ri\u00adschen Konsequenzen (vor allem Abchasen und Gratchow)\ngr\u00fcndlich untersch\u00e4tzt.<\/p>\n\n\n\n<p>Gela war mit\ndem Vater von Tengis gut bekannt. Sie waren gemein\u00adsam an dem Aufbau einer\nGew\u00fcrzfabrik beteiligt.<\/p>\n\n\n\n<p>&#8211; Jaba\nJussiljanis Image des Diebes war in den sp\u00e4ten 80&#8217;er Jahren l\u00e4ngst verbla\u00dft,\nals er seiner T\u00e4tigkeit als Professer der Theaterwissenschaften an der\nTbilissier Universit\u00e4t nach\u00adging. Auch er baute seine Mchedrioni aus der jungen\nGeneration der ds.b. auf. <\/p>\n\n\n\n<p>Nach seiner\nBefreiung aus dem Gef\u00e4ngnis machten seine Jungs, zusammen mit russischen\nEliteeinheiten und den ca. 100 Afganen den Erfolg des Sturzes Gamsach. aus.\nErst jetzt polierte er seine einstige Reputation wieder auf und sollte so zum\nInbegriff des neuen R\u00e4ubers werden.<\/p>\n\n\n\n<p>&#8211; Die B\u00f6rse\nist der Ort, an dem mit der einzig konvertierbaren Valuta &#8220;Ehre&#8221;\ngehandelt wird. Auch f\u00fcr Gela spielte und spielt der Ehrbegriff eine\nentscheidende Rolle, gerade auch f\u00fcr den Gewalthaushalt, auf den er als\nehemaliger Boxer mit erheblicher Schlagkraft (Meister des Sportes, Champion\nGeorgiens, 3 bei den Sowjetischen Meisterschaften&#8230;) zugriff hatte. <\/p>\n\n\n\n<p>Er erz\u00e4hlte\nvon vier Situationen, in denen er M\u00e4nner nieder\u00adschlug. Immer ging es um Ehre\n(vgl. Irmas Bruder), meist um Frauen als Katasysatoren der Ehre.<\/p>\n\n\n\n<p>&nbsp;&nbsp;&nbsp;&nbsp;&nbsp;&nbsp;&nbsp;&nbsp;&nbsp;&nbsp;&nbsp; 1. In\nMoskau im Restaurant, als der Abchase Frauen zum tanzen zwingen wollte und eine\ndann sogar ohrfeigte;<\/p>\n\n\n\n<p>&nbsp;&nbsp;&nbsp;&nbsp;&nbsp;&nbsp;&nbsp;&nbsp;&nbsp;&nbsp;&nbsp; 2. Im\nmoskauer Restaurant, als ein Russe ihn provozierte (der einzige Fall, in dem es\num Selbstverteidigung ging);<\/p>\n\n\n\n<p>&nbsp;&nbsp;&nbsp;&nbsp;&nbsp;&nbsp;&nbsp;&nbsp;&nbsp;&nbsp;&nbsp; 3. In\nder Unterf\u00fchrung beim Hauptelegrafenamt in Moskau, als ein Russe im Vorbeigehen\nseine weibliche Begleitung anrempelte;<\/p>\n\n\n\n<p>&nbsp;&nbsp;&nbsp;&nbsp;&nbsp;&nbsp;&nbsp;&nbsp;&nbsp;&nbsp;&nbsp; 4. Als\nNana vor dem Hauseingang (alleine) von einem schr\u00e4\u00adgen Typen t\u00e4tlich angemacht\nwurde;<\/p>\n\n\n\n<p>Interessant\nist, da\u00df Gela die Stra\u00dfe radikal meidet (Restaurants, sich ohne Auto\nfortbewegen&#8230;), seitdem sie von M\u00e4nnern mit todbringenden Waffen dominiert\nwird. Er gab mir Recht, als ich bemerkte, da\u00df es f\u00fcr M\u00e4nner wie ihn in den letz\u00adten\nJahren entweder furchtbar gef\u00e4hrlich oder furchtbar dem\u00fcti\u00adgend auf der Stra\u00dfe\ngeworden sei. Sie h\u00e4tten Gewalt und Ehre doch weitgehend als ein Spiel\nbetrieben, in dem der Einsatz &#8220;Leben&#8221; nicht gedacht wurde. Auch Gia\nJaparidse meidet seit Jahren die Stra\u00dfe.<\/p>\n\n\n\n<p>&#8211; Die\ninformellen Verpflichtungsneztwerke zwischen politischer Klasse des\nsowjetischen Georgiens und der Bev\u00f6lkerung hatten nicht nur die negativen\nAspekt der Korruption. Im Unterschied zu M\u00fctterchen Ru\u00dfland brach so der\nKontakt zwischen Nomenklatura und Volk &#8211; gerade auch was die wirtschaftlichen\nBed\u00fcrfnisse letzterer anging &#8211; nicht ab. Auch Gela tat als Direktor des\nBau-Trestes (eine Station unter dem Bauminister) sein m\u00f6gliches, um annehmbaren\nBitten nachzukommen.<\/p>\n\n\n\n<p>&#8211; In der Propaganda\ndes georgischen &#8220;Pressedienstes Abchasien&#8221; geht es jetzt auch gegen\ndie Armenier: Ein armenischer Arzt (Mikrochirug) soll in Erewan und sogar in\nSuchumi die Frechheit besessen haben, Abchasische K\u00e4mpfer zu heilen. Er selbst\nund die Armenische Botschaft in Tbilissi streiten das ab und behaupten, er habe\nausschlie\u00dflich Frauen operiert (seine Bedingung). Im Hinblick auf die armenische\nBev\u00f6lkerung Georgiens bracht der georgische Staat erheblich mehr\nFingerspitzengef\u00fchl, um weitere Katastrophen f\u00fcr das Land, das er verwaltet, zu\nvermeiden.<\/p>\n\n\n\n<p>&#8211; Jaba soll\nvor Jahren das GUM ausgeraubt haben und daf\u00fcr zum Vor v Sakonje getauft worden\nsein.<\/p>\n\n\n\n<p>Au\u00dferdem soll\ner, nachdem er aus dem Gef\u00e4ngnis befreit worden war (woran Gela mit seiner Partei\nmit beteiligt war), Moskauer obtschak-Geld zweckentfremdet verprasst haben. Als\ndie Moskauer Diebe den Vermittler Makaladse (?) in geheimer Mission schick\u00adten,\nwurde dieser umgehend ermordet. Die Diebe sind seither eher betr\u00fcbt, wenn sie\nden Namen Jaba h\u00f6ren.<\/p>\n\n\n\n<p>&#8211; Drei in\nMoskau ermordete georgische Diebe wurden in Tbilissi beigesetzt. F\u00fcr jeden\nangereisten Dieb, der zu dem riesigen Begr\u00e4bnis kam, wurde eine horrende Summe\nSchutzgeld aus dem obtschk an die Polizei bezahlt.<\/p>\n\n\n\n<p>&#8211; Der\nermordete Diebesfreund von Gia J. sch\u00f6ner Tochter sei darin typisch gewesen,\nda\u00df er <\/p>\n\n\n\n<p>&nbsp;&nbsp;&nbsp;&nbsp;&nbsp;&nbsp;&nbsp;&nbsp;&nbsp;&nbsp;&nbsp; 1. ein\nguter Dieb war, der G\u00e4sten von Freunden die gestoh\u00adlenen Autos\nwiederbeschaffte;<\/p>\n\n\n\n<p>&nbsp;&nbsp;&nbsp;&nbsp;&nbsp;&nbsp;&nbsp;&nbsp;&nbsp;&nbsp;&nbsp; 2. mit\nWikingerhaltung ein kurzes, aber m\u00e4chtiges, ruhmrei\u00adches Leben einem langen langweiligen\nvorzog;<\/p>\n\n\n\n<p>&nbsp;&nbsp;&nbsp;&nbsp;&nbsp;&nbsp;&nbsp;&nbsp;&nbsp;&nbsp;&nbsp; 3.\nseinen j\u00fcngeren Bruder, der zu b\u00f6sen Dieb mutierte, heftig pr\u00fcgelte, damit\ndieser gar kein Dieb werde.<\/p>\n\n\n\n<p>&#8211; Jaba und\ndie Mchedrioni sind kaum als Pate und Mafia zu ver\u00adstehen: Es bestand zumindes\nin der Endphase kein Interesse an einem stabilen Markt der Gewalt, sondern eher\nan einer Perpetu\u00adierung der Instabilit\u00e4t des Staates. Es gab keine M\u00f6glichkeit\nf\u00fcr Gesch\u00e4ftsl\u00e4ute bei Jaba Schutz zu kaufen.<\/p>\n\n\n\n<p>Das Gesch\u00e4ft\nwar der Raub, nicht der Schutz.<\/p>\n\n\n\n<p>&#8211;> <a href=\"http:\/\/jkoehler.diskstation.me\/wordpress\/diaries\/tgb-since-1993\/georgien-marz-april-1996\/26-marz-1996\/\">next<\/a><\/p>\n\n\n\n<p> <a href=\"http:\/\/jkoehler.diskstation.me\/wordpress\/diaries\/field-diaries-notes\/georgien-marz-april-1996\/\">\u2191 One level up \u2191<\/a> <\/p>\n","protected":false},"excerpt":{"rendered":"<p>Zusammenschrift: &#8211; Das beliebte georgische Idiom von der &#8220;Schule der Stra\u00dfe&#8221; als \u00dcbergangsritual. Schaffen gerade Gewalt, Gefahr, Drogen den besonderen Wirklichkeitsraum der Heiligkeit, aus dem im Dazwi\u00adschen Gesellschaft gemacht wird? &#8211; Tengis Kitowani war selbst gewichtiger ds.b., der vor allem Waffen und die eigenen Muskeln liebte. Seine Garde formte er mit seinen ds.b.-Kollegen aus der &hellip; <\/p>\n<p class=\"link-more\"><a href=\"http:\/\/jkoehler.diskstation.me\/wordpress\/diaries\/field-diaries-notes\/georgien-marz-april-1996\/24-marz-1996\/\" class=\"more-link\">Continue reading<span class=\"screen-reader-text\"> &#8220;24. M\u00e4rz 1996&#8221;<\/span><\/a><\/p>\n","protected":false},"author":1,"featured_media":0,"parent":5685,"menu_order":2,"comment_status":"closed","ping_status":"closed","template":"","meta":{"footnotes":""},"class_list":["post-5691","page","type-page","status-publish","hentry"],"_links":{"self":[{"href":"http:\/\/jkoehler.diskstation.me\/wordpress\/wp-json\/wp\/v2\/pages\/5691","targetHints":{"allow":["GET"]}}],"collection":[{"href":"http:\/\/jkoehler.diskstation.me\/wordpress\/wp-json\/wp\/v2\/pages"}],"about":[{"href":"http:\/\/jkoehler.diskstation.me\/wordpress\/wp-json\/wp\/v2\/types\/page"}],"author":[{"embeddable":true,"href":"http:\/\/jkoehler.diskstation.me\/wordpress\/wp-json\/wp\/v2\/users\/1"}],"replies":[{"embeddable":true,"href":"http:\/\/jkoehler.diskstation.me\/wordpress\/wp-json\/wp\/v2\/comments?post=5691"}],"version-history":[{"count":3,"href":"http:\/\/jkoehler.diskstation.me\/wordpress\/wp-json\/wp\/v2\/pages\/5691\/revisions"}],"predecessor-version":[{"id":8200,"href":"http:\/\/jkoehler.diskstation.me\/wordpress\/wp-json\/wp\/v2\/pages\/5691\/revisions\/8200"}],"up":[{"embeddable":true,"href":"http:\/\/jkoehler.diskstation.me\/wordpress\/wp-json\/wp\/v2\/pages\/5685"}],"wp:attachment":[{"href":"http:\/\/jkoehler.diskstation.me\/wordpress\/wp-json\/wp\/v2\/media?parent=5691"}],"curies":[{"name":"wp","href":"https:\/\/api.w.org\/{rel}","templated":true}]}}