{"id":5689,"date":"2019-02-12T22:16:45","date_gmt":"2019-02-12T21:16:45","guid":{"rendered":"http:\/\/jkoehler.diskstation.me\/wordpress\/?page_id=5689"},"modified":"2019-10-07T18:29:35","modified_gmt":"2019-10-07T16:29:35","slug":"tbilissi-14-marz-1996","status":"publish","type":"page","link":"http:\/\/jkoehler.diskstation.me\/wordpress\/diaries\/field-diaries-notes\/georgien-marz-april-1996\/tbilissi-14-marz-1996\/","title":{"rendered":"Tbilissi, 14. M\u00e4rz 1996"},"content":{"rendered":"\n<p>Gestern Morgen\nangekommen. Flug mit ORBI um 24 1\/2 Stunden ver\u00adsp\u00e4tet und weder zu essen noch\nzu trinken in der merkw\u00fcrdigen Maschine.<\/p>\n\n\n\n<p>Mit Gela\nwurde dann stehenden Fu\u00dfes der mitgebrachte Wodka test\u00adgetrunken &#8211; ein w\u00fcrdiger\nEinstieg.<\/p>\n\n\n\n<p>Besprochen:<\/p>\n\n\n\n<p>&nbsp;&nbsp;&nbsp;&nbsp;&nbsp;&nbsp;&nbsp;&nbsp;&nbsp;&nbsp;&nbsp; &#8211; Wir\nsollten f\u00fcr Jo eine \u00fcberzeugende umfassende Strategie entwickeln, in der\nfolgender Handlungsablauf ausgearbeitet wird: 1. Firmengr\u00fcndung; 2. Werbekampagne\nunter Namen\/Em\u00adblem f\u00fcr Lebensmittel: Hohe Qualit\u00e4t, preiswerte Produkte,\nGarantie, Dauerhaftigkeit; 3. Verkaufslager: Die Ohren Adropows sind ungewi\u00df,\naber ein anderes, zweist\u00f6ckiges Geb\u00e4ude zentrumsnah mit Boxen f\u00fcr LKW kann\ngekauft werden. <\/p>\n\n\n\n<p>&nbsp;&nbsp;&nbsp;&nbsp;&nbsp;&nbsp;&nbsp;&nbsp;&nbsp;&nbsp;&nbsp; &#8211;\nAndere, privatisierte verkaufsfertige Geb\u00e4ude (m2 ca. 1000$; vor einem Jahr\nnoch 250$!) im Verlaufe von Rustaveli und Tschawtschawadse.<\/p>\n\n\n\n<p>&nbsp;&nbsp;&nbsp;&nbsp;&nbsp;&nbsp;&nbsp;&nbsp;&nbsp;&nbsp;&nbsp; &#8211; Die\nH\u00fcnerfabrik kann in der beschriebenen Weise f\u00fcr 35.000$ gekauft werden! Das ist\ngeschenkt. Jo sollte hier t\u00e4tig werden.<\/p>\n\n\n\n<p>Ansonsten\nInga, Tiniko, Olga und Gia Japaridse mit Familie gese\u00adhen:<\/p>\n\n\n\n<p>&nbsp;&nbsp;&nbsp;&nbsp;&nbsp;&nbsp;&nbsp;&nbsp;&nbsp;&nbsp;&nbsp; &#8211; An\nJaba und Kitiowani ist schlecht rankommen; nur \u00fcber Anwalt und Staatsanwalt.\nDer Proze\u00df gegen Kobalia l\u00e4uft, die Untersuchungen zu Kitowani sind fast\nabgeschlossen und laufen gegen Iosseliani.<\/p>\n\n\n\n<p>&nbsp;&nbsp;&nbsp;&nbsp;&nbsp;&nbsp;&nbsp;&nbsp;&nbsp;&nbsp;&nbsp; &#8211; Inga\nund Tiniko wollen auf Einladung Kachas nach Phila\u00addelphia fl\u00fcchten.<\/p>\n\n\n\n<p>&nbsp;&nbsp;&nbsp;&nbsp;&nbsp;&nbsp;&nbsp;&nbsp;&nbsp;&nbsp;&nbsp; &#8211; F\u00fcr\nGia ist es entscheidend zu wissen, ob die Skulptur in Georgien gefertigt werden\nkann, oder ob sie in Dresden gebaut werden soll. Er nimmt im April an einer\nAusstellung in Essen teil. Seine Tochter mit den gro\u00dfen Augen (Tiniko) wird am\n27. April heiraten.<\/p>\n\n\n\n<p>Djimtscher\ngetroffen und mit ihm bei Sauri Tschartolani, dem Bruder von Dschemal (?)\ngewesen. Dieser ist stellvertretender Direktor bei der gesamtgeorgischen\nSteuerfahndung. War auch Mchedrioni in Abchasien, kennt wohl Gia Gelowani.<\/p>\n\n\n\n<p>&#8211;> <a href=\"http:\/\/jkoehler.diskstation.me\/wordpress\/diaries\/tgb-since-1993\/georgien-marz-april-1996\/24-marz-1996\/\">next<\/a><\/p>\n\n\n\n<p> <a href=\"http:\/\/jkoehler.diskstation.me\/wordpress\/diaries\/field-diaries-notes\/georgien-marz-april-1996\/\">\u2191 One level up \u2191<\/a> <\/p>\n","protected":false},"excerpt":{"rendered":"<p>Gestern Morgen angekommen. Flug mit ORBI um 24 1\/2 Stunden ver\u00adsp\u00e4tet und weder zu essen noch zu trinken in der merkw\u00fcrdigen Maschine. Mit Gela wurde dann stehenden Fu\u00dfes der mitgebrachte Wodka test\u00adgetrunken &#8211; ein w\u00fcrdiger Einstieg. Besprochen: &nbsp;&nbsp;&nbsp;&nbsp;&nbsp;&nbsp;&nbsp;&nbsp;&nbsp;&nbsp;&nbsp; &#8211; Wir sollten f\u00fcr Jo eine \u00fcberzeugende umfassende Strategie entwickeln, in der folgender Handlungsablauf ausgearbeitet wird: 1. &hellip; <\/p>\n<p class=\"link-more\"><a href=\"http:\/\/jkoehler.diskstation.me\/wordpress\/diaries\/field-diaries-notes\/georgien-marz-april-1996\/tbilissi-14-marz-1996\/\" class=\"more-link\">Continue reading<span class=\"screen-reader-text\"> &#8220;Tbilissi, 14. M\u00e4rz 1996&#8221;<\/span><\/a><\/p>\n","protected":false},"author":1,"featured_media":0,"parent":5685,"menu_order":1,"comment_status":"closed","ping_status":"closed","template":"","meta":{"footnotes":""},"class_list":["post-5689","page","type-page","status-publish","hentry"],"_links":{"self":[{"href":"http:\/\/jkoehler.diskstation.me\/wordpress\/wp-json\/wp\/v2\/pages\/5689","targetHints":{"allow":["GET"]}}],"collection":[{"href":"http:\/\/jkoehler.diskstation.me\/wordpress\/wp-json\/wp\/v2\/pages"}],"about":[{"href":"http:\/\/jkoehler.diskstation.me\/wordpress\/wp-json\/wp\/v2\/types\/page"}],"author":[{"embeddable":true,"href":"http:\/\/jkoehler.diskstation.me\/wordpress\/wp-json\/wp\/v2\/users\/1"}],"replies":[{"embeddable":true,"href":"http:\/\/jkoehler.diskstation.me\/wordpress\/wp-json\/wp\/v2\/comments?post=5689"}],"version-history":[{"count":3,"href":"http:\/\/jkoehler.diskstation.me\/wordpress\/wp-json\/wp\/v2\/pages\/5689\/revisions"}],"predecessor-version":[{"id":8199,"href":"http:\/\/jkoehler.diskstation.me\/wordpress\/wp-json\/wp\/v2\/pages\/5689\/revisions\/8199"}],"up":[{"embeddable":true,"href":"http:\/\/jkoehler.diskstation.me\/wordpress\/wp-json\/wp\/v2\/pages\/5685"}],"wp:attachment":[{"href":"http:\/\/jkoehler.diskstation.me\/wordpress\/wp-json\/wp\/v2\/media?parent=5689"}],"curies":[{"name":"wp","href":"https:\/\/api.w.org\/{rel}","templated":true}]}}