{"id":542,"date":"2018-01-28T17:27:31","date_gmt":"2018-01-28T16:27:31","guid":{"rendered":"http:\/\/jkoehler.diskstation.me\/wordpress\/?page_id=542"},"modified":"2019-03-16T14:14:51","modified_gmt":"2019-03-16T13:14:51","slug":"dohle-13-12-1991","status":"publish","type":"page","link":"http:\/\/jkoehler.diskstation.me\/wordpress\/diaries\/tagebuch-leningrad-st-petersburg-tbilisi-1991-1993\/sanatorium-germania\/dohle-13-12-1991\/","title":{"rendered":"D\u00f6hle, 13.12.1991: Nicky und die samtenen Shit-Kicker"},"content":{"rendered":"<p>Wie&#8217;s eben immer so ist&#8230; .<\/p>\n<p>Nachdem ich liebend von der Fee nach Hause zur\u00fcckgekehrt war, trat Nicky mit samtenen Shit-Kickern in mein gelassenes Leben.<\/p>\n<p>Ich halte meine Phantasie f\u00fcr gro\u00df &#8211; und doch tritt oft gerade das ein, was ich gar nicht bedenke.<\/p>\n<p>Nachdem ich die Schwestern am Bahnsteig verpa\u00dft hatte, obwohl wir aneinander vorbei gelaufen sein m\u00fcssen, kam es zu einem recht unbeherzten Empfang mit belangloser Umarmung.<a href=\"http:\/\/jkoehler.diskstation.me\/wordpress\/wp-content\/uploads\/2018\/01\/Moscow93-8.jpg\"><img loading=\"lazy\" decoding=\"async\" class=\"alignleft size-full wp-image-544\" src=\"http:\/\/jkoehler.diskstation.me\/wordpress\/wp-content\/uploads\/2018\/01\/Moscow93-8.jpg\" alt=\"\" width=\"1000\" height=\"654\" srcset=\"http:\/\/jkoehler.diskstation.me\/wordpress\/wp-content\/uploads\/2018\/01\/Moscow93-8.jpg 1000w, http:\/\/jkoehler.diskstation.me\/wordpress\/wp-content\/uploads\/2018\/01\/Moscow93-8-300x196.jpg 300w, http:\/\/jkoehler.diskstation.me\/wordpress\/wp-content\/uploads\/2018\/01\/Moscow93-8-768x502.jpg 768w\" sizes=\"auto, (max-width: 767px) 89vw, (max-width: 1000px) 54vw, (max-width: 1071px) 543px, 580px\" \/><\/a><\/p>\n<p>Ich zog es konsequent vor, die Situation erst einmal zu versachlichen und gemeinsame Aufmerksamkeit auf Au\u00dfenstehendes zu lenken; wir gingen in die mir liebe Kunsthalle. Dort versuchte ich unsere Nervosit\u00e4t in einem run durch die europ\u00e4ische Kunstgeschichte zu ertr\u00e4nken, worauf aber vor allem Marie und ich ansprachen.<\/p>\n<p>Beim gro\u00dfartigen Abry dann, blieb die Situation \u00f6ffentlich, bis mich Nicola beim Coma-Italiener (von Abry ausgesucht) kurz und klar auf ihre Unzufriedenheit aufmerksam machte. Sie fand mich defensiv, nachdem ich bei dem Versuch mein Beziehungsverst\u00e4ndni\u00df zu erl\u00e4utern, rot angelaufen war.<a href=\"http:\/\/jkoehler.diskstation.me\/wordpress\/wp-content\/uploads\/2018\/01\/D\u00f6hle-90-5.jpg\"><img loading=\"lazy\" decoding=\"async\" class=\"alignleft size-full wp-image-581\" src=\"http:\/\/jkoehler.diskstation.me\/wordpress\/wp-content\/uploads\/2018\/01\/D\u00f6hle-90-5.jpg\" alt=\"\" width=\"1000\" height=\"650\" srcset=\"http:\/\/jkoehler.diskstation.me\/wordpress\/wp-content\/uploads\/2018\/01\/D\u00f6hle-90-5.jpg 1000w, http:\/\/jkoehler.diskstation.me\/wordpress\/wp-content\/uploads\/2018\/01\/D\u00f6hle-90-5-300x195.jpg 300w, http:\/\/jkoehler.diskstation.me\/wordpress\/wp-content\/uploads\/2018\/01\/D\u00f6hle-90-5-768x499.jpg 768w\" sizes=\"auto, (max-width: 767px) 89vw, (max-width: 1000px) 54vw, (max-width: 1071px) 543px, 580px\" \/><\/a><\/p>\n<p>Da uns beiden ein \u00f6ffentlicher Meinungsaustausch nicht lag, vereinbarten wir eine pers\u00f6nliche Aussprache sp\u00e4ter abends.<\/p>\n<p>Diese war dann, wie halt immer so, sehr viel herzlicher und leichter verst\u00e4ndig als die vorangegangenen &#8211; und durchschauten &#8211; Inszenierungen.<\/p>\n<p>We spoke very soft and slow, bis sie ohne Vorwarnung und f\u00fcr mich v\u00f6llig unerwartet aufstand, und ihre Arme um mich schlang. Da sie es nicht bei dieser mit der Phrase \u201efreundschaftliche Umarmung\u201c entsch\u00e4rfbaren Geste belie\u00df, sondern bei mir auf der Bank sitzen blieb und meine reflexartig wiedergeborenen Z\u00e4rtlichkeit offensichtlich geno\u00df, fand ich mich damit ab, auch diese Beziehung nicht mit meinem Regelsatz laufen lassen zu werden, und belie\u00df es bei ihrer \u00dcberschrift &#8220;Z\u00e4rtlichkeit&#8221;. Dabei sollte sie es nicht lassen.<\/p>\n<p>Sie lie\u00df sich in dieser ersten Nacht so schnell ganz auf meinen K\u00f6rper ein, da\u00df es mir den Atem nahm. Ich war v\u00f6llig verwirrt und wu\u00dfte nur soviel, da\u00df mich meine neugeborenen zarten Gef\u00fchle zu ihr derma\u00dfen berauschten, da\u00df f\u00fcr Leidenschaft bei mir nicht der geringste Raum war. Und obwohl ich sie als sehr sch\u00f6n empfand, obwohl ich die Ver\u00e4u\u00dferungen ihrer Leidenschaft \u00e4sthetisch geno\u00df, obwohl sie mich zum ersten Mal als ein eigener Mensch einnahm, kam es nicht einmal zu ausgelassenen Intimk\u00fcssen oder dem Verlust irgendwelcher Klamotten. Auch schlief sie &#8211; wie alle weiteren N\u00e4chte &#8211; im Nebenzimmer.<\/p>\n<p>Der Morgen fand mich tief ber\u00fchrt, und ich war recht froh \u00fcber mich.<\/p>\n<p>&#8211;&gt; <a href=\"http:\/\/jkoehler.diskstation.me\/wordpress\/diaries\/tagebuch-leningrad-st-petersburg-tbilisi-1991-1993\/sanatorium-germania\/dohle-15-12-1991\/\">next page<\/a><\/p>\n","protected":false},"excerpt":{"rendered":"<p>Wie&#8217;s eben immer so ist&#8230; . Nachdem ich liebend von der Fee nach Hause zur\u00fcckgekehrt war, trat Nicky mit samtenen Shit-Kickern in mein gelassenes Leben. Ich halte meine Phantasie f\u00fcr gro\u00df &#8211; und doch tritt oft gerade das ein, was ich gar nicht bedenke. Nachdem ich die Schwestern am Bahnsteig verpa\u00dft hatte, obwohl wir aneinander &hellip; <\/p>\n<p class=\"link-more\"><a href=\"http:\/\/jkoehler.diskstation.me\/wordpress\/diaries\/tagebuch-leningrad-st-petersburg-tbilisi-1991-1993\/sanatorium-germania\/dohle-13-12-1991\/\" class=\"more-link\">Continue reading<span class=\"screen-reader-text\"> &#8220;D\u00f6hle, 13.12.1991: Nicky und die samtenen Shit-Kicker&#8221;<\/span><\/a><\/p>\n","protected":false},"author":1,"featured_media":543,"parent":505,"menu_order":33,"comment_status":"closed","ping_status":"closed","template":"","meta":{"footnotes":""},"class_list":["post-542","page","type-page","status-publish","has-post-thumbnail","hentry"],"_links":{"self":[{"href":"http:\/\/jkoehler.diskstation.me\/wordpress\/wp-json\/wp\/v2\/pages\/542","targetHints":{"allow":["GET"]}}],"collection":[{"href":"http:\/\/jkoehler.diskstation.me\/wordpress\/wp-json\/wp\/v2\/pages"}],"about":[{"href":"http:\/\/jkoehler.diskstation.me\/wordpress\/wp-json\/wp\/v2\/types\/page"}],"author":[{"embeddable":true,"href":"http:\/\/jkoehler.diskstation.me\/wordpress\/wp-json\/wp\/v2\/users\/1"}],"replies":[{"embeddable":true,"href":"http:\/\/jkoehler.diskstation.me\/wordpress\/wp-json\/wp\/v2\/comments?post=542"}],"version-history":[{"count":8,"href":"http:\/\/jkoehler.diskstation.me\/wordpress\/wp-json\/wp\/v2\/pages\/542\/revisions"}],"predecessor-version":[{"id":1776,"href":"http:\/\/jkoehler.diskstation.me\/wordpress\/wp-json\/wp\/v2\/pages\/542\/revisions\/1776"}],"up":[{"embeddable":true,"href":"http:\/\/jkoehler.diskstation.me\/wordpress\/wp-json\/wp\/v2\/pages\/505"}],"wp:featuredmedia":[{"embeddable":true,"href":"http:\/\/jkoehler.diskstation.me\/wordpress\/wp-json\/wp\/v2\/media\/543"}],"wp:attachment":[{"href":"http:\/\/jkoehler.diskstation.me\/wordpress\/wp-json\/wp\/v2\/media?parent=542"}],"curies":[{"name":"wp","href":"https:\/\/api.w.org\/{rel}","templated":true}]}}