{"id":535,"date":"2018-01-28T17:06:15","date_gmt":"2018-01-28T16:06:15","guid":{"rendered":"http:\/\/jkoehler.diskstation.me\/wordpress\/?page_id=535"},"modified":"2019-03-16T14:14:51","modified_gmt":"2019-03-16T13:14:51","slug":"havelklinik-26-11-1991","status":"publish","type":"page","link":"http:\/\/jkoehler.diskstation.me\/wordpress\/diaries\/tagebuch-leningrad-st-petersburg-tbilisi-1991-1993\/sanatorium-germania\/havelklinik-26-11-1991\/","title":{"rendered":"Havelklinik, 26.11.1991: melancholische Endzeitstimmung"},"content":{"rendered":"<p>Res\u00fcmee der letzten Tage:<\/p>\n<p>Seltsame Stimmung zwischen Fee und mir; eine leicht melancholische Endzeitstimmung. Wir trauen uns gegenseitig immer mehr Indifferenz zu, als realistisch, scheint\u2019s. Ich kam jetzt \u00f6fter n\u00f6rgelich bis boshaft ab und verwies zu oft scheinbar scherzend auf ihre Markel. Unn\u00f6tig.<\/p>\n<p>Ansonsten fallen die Diskrepanzen zwischen der Behandlung von Privat-Patienten und staatlich versicherten recht deutlich und unangenehm auf. Nicht nur durch Extras wie Einzelbett, Telefon (wir m\u00fc\u00dften unseres f\u00fcr Kneipentarief erst anmelden lassen) sondern auch die \u00e4rztliche Versorgung ist bei uns um einiges laxer. Ich mache auf jeden Fall morgen einen Abgang.<\/p>\n<p>Ein netter junger Krankenpfleger bat mich noch, Informationen \u00fcber Arbeitsm\u00f6glichkeiten in seinem Metie in Ru\u00dfland auszukunschaften. Seine Adresse:<\/p>\n<p><em>Andreas F\u00fccker,\u00a0<\/em><em>Breitenhornweg 23,\u00a0<\/em><em>1000 Berlin 22,\u00a0<\/em><em>030\/3652086<\/em><\/p>\n<p>&#8211;&gt; <a href=\"http:\/\/jkoehler.diskstation.me\/wordpress\/diaries\/tagebuch-leningrad-st-petersburg-tbilisi-1991-1993\/sanatorium-germania\/berlin-30-11-1991\/\">next page<\/a><\/p>\n","protected":false},"excerpt":{"rendered":"<p>Res\u00fcmee der letzten Tage: Seltsame Stimmung zwischen Fee und mir; eine leicht melancholische Endzeitstimmung. Wir trauen uns gegenseitig immer mehr Indifferenz zu, als realistisch, scheint\u2019s. Ich kam jetzt \u00f6fter n\u00f6rgelich bis boshaft ab und verwies zu oft scheinbar scherzend auf ihre Markel. Unn\u00f6tig. Ansonsten fallen die Diskrepanzen zwischen der Behandlung von Privat-Patienten und staatlich versicherten &hellip; <\/p>\n<p class=\"link-more\"><a href=\"http:\/\/jkoehler.diskstation.me\/wordpress\/diaries\/tagebuch-leningrad-st-petersburg-tbilisi-1991-1993\/sanatorium-germania\/havelklinik-26-11-1991\/\" class=\"more-link\">Continue reading<span class=\"screen-reader-text\"> &#8220;Havelklinik, 26.11.1991: melancholische Endzeitstimmung&#8221;<\/span><\/a><\/p>\n","protected":false},"author":1,"featured_media":0,"parent":505,"menu_order":31,"comment_status":"closed","ping_status":"closed","template":"","meta":{"footnotes":""},"class_list":["post-535","page","type-page","status-publish","hentry"],"_links":{"self":[{"href":"http:\/\/jkoehler.diskstation.me\/wordpress\/wp-json\/wp\/v2\/pages\/535","targetHints":{"allow":["GET"]}}],"collection":[{"href":"http:\/\/jkoehler.diskstation.me\/wordpress\/wp-json\/wp\/v2\/pages"}],"about":[{"href":"http:\/\/jkoehler.diskstation.me\/wordpress\/wp-json\/wp\/v2\/types\/page"}],"author":[{"embeddable":true,"href":"http:\/\/jkoehler.diskstation.me\/wordpress\/wp-json\/wp\/v2\/users\/1"}],"replies":[{"embeddable":true,"href":"http:\/\/jkoehler.diskstation.me\/wordpress\/wp-json\/wp\/v2\/comments?post=535"}],"version-history":[{"count":5,"href":"http:\/\/jkoehler.diskstation.me\/wordpress\/wp-json\/wp\/v2\/pages\/535\/revisions"}],"predecessor-version":[{"id":1774,"href":"http:\/\/jkoehler.diskstation.me\/wordpress\/wp-json\/wp\/v2\/pages\/535\/revisions\/1774"}],"up":[{"embeddable":true,"href":"http:\/\/jkoehler.diskstation.me\/wordpress\/wp-json\/wp\/v2\/pages\/505"}],"wp:attachment":[{"href":"http:\/\/jkoehler.diskstation.me\/wordpress\/wp-json\/wp\/v2\/media?parent=535"}],"curies":[{"name":"wp","href":"https:\/\/api.w.org\/{rel}","templated":true}]}}