{"id":505,"date":"2018-01-28T12:18:36","date_gmt":"2018-01-28T11:18:36","guid":{"rendered":"http:\/\/jkoehler.diskstation.me\/wordpress\/?page_id=505"},"modified":"2019-03-16T14:14:51","modified_gmt":"2019-03-16T13:14:51","slug":"sanatorium-germania","status":"publish","type":"page","link":"http:\/\/jkoehler.diskstation.me\/wordpress\/diaries\/tagebuch-leningrad-st-petersburg-tbilisi-1991-1993\/sanatorium-germania\/","title":{"rendered":"Sanatorium Germania"},"content":{"rendered":"\n<ul class=\"wp-block-list\"><li>Berlin Lost &amp; Found; OP<\/li><li>Leipzig<\/li><li>K\u00f6ln<\/li><li>Hamburg<\/li><li>D\u00f6hle<\/li><\/ul>\n\n\n\n<p>&#8211;&gt; <a href=\"http:\/\/jkoehler.diskstation.me\/wordpress\/diaries\/tagebuch-leningrad-st-petersburg-tbilisi-1991-1993\/sanatorium-germania\/berlin-09-11-1991\/\">zum Tagebuch<\/a><\/p>\n\n\n\n<p>Struktur der Tagebuchsektion (in Teilen passwortgesch\u00fctzt)<\/p>\n\n\n\n<!-- Page-list plugin v.5.9 wordpress.org\/plugins\/page-list\/ -->\n<ul class=\"page-list subpages-page-list \">\n<li class=\"page_item page-item-462\"><a href=\"http:\/\/jkoehler.diskstation.me\/wordpress\/diaries\/tagebuch-leningrad-st-petersburg-tbilisi-1991-1993\/sanatorium-germania\/berlin-09-11-1991\/\">Berlin, 09.11.1991: Zur\u00fcck in der Moderne<\/a><\/li>\n<li class=\"page_item page-item-470\"><a href=\"http:\/\/jkoehler.diskstation.me\/wordpress\/diaries\/tagebuch-leningrad-st-petersburg-tbilisi-1991-1993\/sanatorium-germania\/berlin-10-11-1991\/\">Berlin, 10.11.1991: Vater im Stress<\/a><\/li>\n<li class=\"page_item page-item-475\"><a href=\"http:\/\/jkoehler.diskstation.me\/wordpress\/diaries\/tagebuch-leningrad-st-petersburg-tbilisi-1991-1993\/sanatorium-germania\/475-2\/\">Berlin, 11.11.1991: Arztbesuch, Horst verzweifelt im Beruf<\/a><\/li>\n<li class=\"page_item page-item-480\"><a href=\"http:\/\/jkoehler.diskstation.me\/wordpress\/diaries\/tagebuch-leningrad-st-petersburg-tbilisi-1991-1993\/sanatorium-germania\/berlin-14-11-1991\/\">Berlin, 14.11.1991: Nachtleben und Abwehrarbeit gegen Eindringlinge<\/a><\/li>\n<li class=\"page_item page-item-494\"><a href=\"http:\/\/jkoehler.diskstation.me\/wordpress\/diaries\/tagebuch-leningrad-st-petersburg-tbilisi-1991-1993\/sanatorium-germania\/berlin-15-11-1991\/\">Berlin, 15.11.1991: Ringen um mein Beziehungsverst\u00e4ndnis zu Alexandra<\/a><\/li>\n<li class=\"page_item page-item-527\"><a href=\"http:\/\/jkoehler.diskstation.me\/wordpress\/diaries\/tagebuch-leningrad-st-petersburg-tbilisi-1991-1993\/sanatorium-germania\/16-18-11-1991-berlin-leipzig\/\">16.-18.11.1991, Berlin &#8211; Leipzig<\/a><\/li>\n<li class=\"page_item page-item-533\"><a href=\"http:\/\/jkoehler.diskstation.me\/wordpress\/diaries\/tagebuch-leningrad-st-petersburg-tbilisi-1991-1993\/sanatorium-germania\/havelklinik-25-11-1991\/\">Havelklinik, 25.11.1991: Arthroskopie<\/a><\/li>\n<li class=\"page_item page-item-535\"><a href=\"http:\/\/jkoehler.diskstation.me\/wordpress\/diaries\/tagebuch-leningrad-st-petersburg-tbilisi-1991-1993\/sanatorium-germania\/havelklinik-26-11-1991\/\">Havelklinik, 26.11.1991: melancholische Endzeitstimmung<\/a><\/li>\n<li class=\"page_item page-item-539\"><a href=\"http:\/\/jkoehler.diskstation.me\/wordpress\/diaries\/tagebuch-leningrad-st-petersburg-tbilisi-1991-1993\/sanatorium-germania\/berlin-30-11-1991\/\">Berlin, 30.11.1991: Dr. Heartbreaks sinnlose Geschichten<\/a><\/li>\n<li class=\"page_item page-item-542\"><a href=\"http:\/\/jkoehler.diskstation.me\/wordpress\/diaries\/tagebuch-leningrad-st-petersburg-tbilisi-1991-1993\/sanatorium-germania\/dohle-13-12-1991\/\">D\u00f6hle, 13.12.1991: Nicky und die samtenen Shit-Kicker<\/a><\/li>\n<li class=\"page_item page-item-552\"><a href=\"http:\/\/jkoehler.diskstation.me\/wordpress\/diaries\/tagebuch-leningrad-st-petersburg-tbilisi-1991-1993\/sanatorium-germania\/dohle-15-12-1991\/\">D\u00f6hle, 15.12.1991: Nicky, Inga &#038; Abrys Foto Session in Nicks Sorgenbrecher<\/a><\/li>\n<li class=\"page_item page-item-561\"><a href=\"http:\/\/jkoehler.diskstation.me\/wordpress\/diaries\/tagebuch-leningrad-st-petersburg-tbilisi-1991-1993\/sanatorium-germania\/dohle-22-12-1991\/\">D\u00f6hle, 22.12.1991: Heide, K\u00f6ln &#038; HH 439<\/a><\/li>\n<li class=\"page_item page-item-584\"><a href=\"http:\/\/jkoehler.diskstation.me\/wordpress\/diaries\/tagebuch-leningrad-st-petersburg-tbilisi-1991-1993\/sanatorium-germania\/23-12-1991\/\">D\u00f6hle, 23.12.1991: Carolins Zukunftsprognose<\/a><\/li>\n\n<\/ul>\n","protected":false},"excerpt":{"rendered":"<p>Berlin Lost &amp; Found; OP Leipzig K\u00f6ln Hamburg D\u00f6hle &#8211;&gt; zum Tagebuch Struktur der Tagebuchsektion (in Teilen passwortgesch\u00fctzt)<\/p>\n","protected":false},"author":1,"featured_media":507,"parent":214,"menu_order":3,"comment_status":"closed","ping_status":"closed","template":"","meta":{"footnotes":""},"class_list":["post-505","page","type-page","status-publish","has-post-thumbnail","hentry"],"_links":{"self":[{"href":"http:\/\/jkoehler.diskstation.me\/wordpress\/wp-json\/wp\/v2\/pages\/505","targetHints":{"allow":["GET"]}}],"collection":[{"href":"http:\/\/jkoehler.diskstation.me\/wordpress\/wp-json\/wp\/v2\/pages"}],"about":[{"href":"http:\/\/jkoehler.diskstation.me\/wordpress\/wp-json\/wp\/v2\/types\/page"}],"author":[{"embeddable":true,"href":"http:\/\/jkoehler.diskstation.me\/wordpress\/wp-json\/wp\/v2\/users\/1"}],"replies":[{"embeddable":true,"href":"http:\/\/jkoehler.diskstation.me\/wordpress\/wp-json\/wp\/v2\/comments?post=505"}],"version-history":[{"count":4,"href":"http:\/\/jkoehler.diskstation.me\/wordpress\/wp-json\/wp\/v2\/pages\/505\/revisions"}],"predecessor-version":[{"id":5594,"href":"http:\/\/jkoehler.diskstation.me\/wordpress\/wp-json\/wp\/v2\/pages\/505\/revisions\/5594"}],"up":[{"embeddable":true,"href":"http:\/\/jkoehler.diskstation.me\/wordpress\/wp-json\/wp\/v2\/pages\/214"}],"wp:featuredmedia":[{"embeddable":true,"href":"http:\/\/jkoehler.diskstation.me\/wordpress\/wp-json\/wp\/v2\/media\/507"}],"wp:attachment":[{"href":"http:\/\/jkoehler.diskstation.me\/wordpress\/wp-json\/wp\/v2\/media?parent=505"}],"curies":[{"name":"wp","href":"https:\/\/api.w.org\/{rel}","templated":true}]}}