{"id":4998,"date":"2018-10-14T00:14:44","date_gmt":"2018-10-13T22:14:44","guid":{"rendered":"http:\/\/jkoehler.diskstation.me\/wordpress\/?page_id=4998"},"modified":"2019-03-16T14:17:09","modified_gmt":"2019-03-16T13:17:09","slug":"georgien-bau","status":"publish","type":"page","link":"http:\/\/jkoehler.diskstation.me\/wordpress\/diaries\/tgb-since-1993\/germany-1996-1999-steward-str-7-sporadic-notes\/1998-2\/georgien-bau\/","title":{"rendered":"Georgien Bau"},"content":{"rendered":"<p>Das schwarze Viertel<a href=\"http:\/\/jkoehler.diskstation.me\/wordpress\/wp-content\/uploads\/2018\/10\/IMG0008.jpg\"><img loading=\"lazy\" decoding=\"async\" class=\"alignleft size-full wp-image-5004\" src=\"http:\/\/jkoehler.diskstation.me\/wordpress\/wp-content\/uploads\/2018\/10\/IMG0008.jpg\" alt=\"\" width=\"1000\" height=\"667\" srcset=\"http:\/\/jkoehler.diskstation.me\/wordpress\/wp-content\/uploads\/2018\/10\/IMG0008.jpg 1000w, http:\/\/jkoehler.diskstation.me\/wordpress\/wp-content\/uploads\/2018\/10\/IMG0008-300x200.jpg 300w, http:\/\/jkoehler.diskstation.me\/wordpress\/wp-content\/uploads\/2018\/10\/IMG0008-768x512.jpg 768w\" sizes=\"auto, (max-width: 767px) 89vw, (max-width: 1000px) 54vw, (max-width: 1071px) 543px, 580px\" \/><\/a><\/p>\n<p>&nbsp;<\/p>\n<p>Richtfest<a href=\"http:\/\/jkoehler.diskstation.me\/wordpress\/wp-content\/uploads\/2018\/10\/IMG0012.jpg\"><img loading=\"lazy\" decoding=\"async\" class=\"alignleft size-full wp-image-5001\" src=\"http:\/\/jkoehler.diskstation.me\/wordpress\/wp-content\/uploads\/2018\/10\/IMG0012.jpg\" alt=\"\" width=\"1000\" height=\"630\" srcset=\"http:\/\/jkoehler.diskstation.me\/wordpress\/wp-content\/uploads\/2018\/10\/IMG0012.jpg 1000w, http:\/\/jkoehler.diskstation.me\/wordpress\/wp-content\/uploads\/2018\/10\/IMG0012-300x189.jpg 300w, http:\/\/jkoehler.diskstation.me\/wordpress\/wp-content\/uploads\/2018\/10\/IMG0012-768x484.jpg 768w\" sizes=\"auto, (max-width: 767px) 89vw, (max-width: 1000px) 54vw, (max-width: 1071px) 543px, 580px\" \/><\/a><\/p>\n<p>&nbsp;<\/p>\n<p>Architektur<a href=\"http:\/\/jkoehler.diskstation.me\/wordpress\/wp-content\/uploads\/2018\/10\/DIA_008_GEO1998.jpg\"><img loading=\"lazy\" decoding=\"async\" class=\"alignleft size-full wp-image-5003\" src=\"http:\/\/jkoehler.diskstation.me\/wordpress\/wp-content\/uploads\/2018\/10\/DIA_008_GEO1998.jpg\" alt=\"\" width=\"1000\" height=\"675\" srcset=\"http:\/\/jkoehler.diskstation.me\/wordpress\/wp-content\/uploads\/2018\/10\/DIA_008_GEO1998.jpg 1000w, http:\/\/jkoehler.diskstation.me\/wordpress\/wp-content\/uploads\/2018\/10\/DIA_008_GEO1998-300x203.jpg 300w, http:\/\/jkoehler.diskstation.me\/wordpress\/wp-content\/uploads\/2018\/10\/DIA_008_GEO1998-768x518.jpg 768w\" sizes=\"auto, (max-width: 767px) 89vw, (max-width: 1000px) 54vw, (max-width: 1071px) 543px, 580px\" \/><\/a><\/p>\n<p>&nbsp;<\/p>\n<p>Deutschland Besuche<a href=\"http:\/\/jkoehler.diskstation.me\/wordpress\/wp-content\/uploads\/2018\/10\/APS273-1480028germ98_summer.jpg\"><img loading=\"lazy\" decoding=\"async\" class=\"alignleft size-full wp-image-5002\" src=\"http:\/\/jkoehler.diskstation.me\/wordpress\/wp-content\/uploads\/2018\/10\/APS273-1480028germ98_summer.jpg\" alt=\"\" width=\"1000\" height=\"655\" srcset=\"http:\/\/jkoehler.diskstation.me\/wordpress\/wp-content\/uploads\/2018\/10\/APS273-1480028germ98_summer.jpg 1000w, http:\/\/jkoehler.diskstation.me\/wordpress\/wp-content\/uploads\/2018\/10\/APS273-1480028germ98_summer-300x197.jpg 300w, http:\/\/jkoehler.diskstation.me\/wordpress\/wp-content\/uploads\/2018\/10\/APS273-1480028germ98_summer-768x503.jpg 768w\" sizes=\"auto, (max-width: 767px) 89vw, (max-width: 1000px) 54vw, (max-width: 1071px) 543px, 580px\" \/><\/a><\/p>\n<p>&nbsp;<\/p>\n<p>S\u00f6hngen<a href=\"http:\/\/jkoehler.diskstation.me\/wordpress\/wp-content\/uploads\/2018\/10\/APS0001geo1998.jpg\"><img loading=\"lazy\" decoding=\"async\" class=\"alignleft size-full wp-image-5007\" src=\"http:\/\/jkoehler.diskstation.me\/wordpress\/wp-content\/uploads\/2018\/10\/APS0001geo1998.jpg\" alt=\"\" width=\"632\" height=\"1000\" srcset=\"http:\/\/jkoehler.diskstation.me\/wordpress\/wp-content\/uploads\/2018\/10\/APS0001geo1998.jpg 632w, http:\/\/jkoehler.diskstation.me\/wordpress\/wp-content\/uploads\/2018\/10\/APS0001geo1998-190x300.jpg 190w\" sizes=\"auto, (max-width: 632px) 100vw, 632px\" \/><\/a><\/p>\n<p>&nbsp;<\/p>\n<p>T\u00e4ubler<a href=\"http:\/\/jkoehler.diskstation.me\/wordpress\/wp-content\/uploads\/2018\/10\/IMG0017.jpg\"><img loading=\"lazy\" decoding=\"async\" class=\"alignleft size-full wp-image-5008\" src=\"http:\/\/jkoehler.diskstation.me\/wordpress\/wp-content\/uploads\/2018\/10\/IMG0017.jpg\" alt=\"\" width=\"1000\" height=\"640\" srcset=\"http:\/\/jkoehler.diskstation.me\/wordpress\/wp-content\/uploads\/2018\/10\/IMG0017.jpg 1000w, http:\/\/jkoehler.diskstation.me\/wordpress\/wp-content\/uploads\/2018\/10\/IMG0017-300x192.jpg 300w, http:\/\/jkoehler.diskstation.me\/wordpress\/wp-content\/uploads\/2018\/10\/IMG0017-768x492.jpg 768w\" sizes=\"auto, (max-width: 767px) 89vw, (max-width: 1000px) 54vw, (max-width: 1071px) 543px, 580px\" \/><\/a><\/p>\n<p>&nbsp;<\/p>\n<p>Pniower<a href=\"http:\/\/jkoehler.diskstation.me\/wordpress\/wp-content\/uploads\/2018\/10\/APS514-731__0006_geo1998.jpg\"><img loading=\"lazy\" decoding=\"async\" class=\"alignleft size-full wp-image-5005\" src=\"http:\/\/jkoehler.diskstation.me\/wordpress\/wp-content\/uploads\/2018\/10\/APS514-731__0006_geo1998.jpg\" alt=\"\" width=\"1000\" height=\"655\" srcset=\"http:\/\/jkoehler.diskstation.me\/wordpress\/wp-content\/uploads\/2018\/10\/APS514-731__0006_geo1998.jpg 1000w, http:\/\/jkoehler.diskstation.me\/wordpress\/wp-content\/uploads\/2018\/10\/APS514-731__0006_geo1998-300x197.jpg 300w, http:\/\/jkoehler.diskstation.me\/wordpress\/wp-content\/uploads\/2018\/10\/APS514-731__0006_geo1998-768x503.jpg 768w\" sizes=\"auto, (max-width: 767px) 89vw, (max-width: 1000px) 54vw, (max-width: 1071px) 543px, 580px\" \/><\/a><\/p>\n<p>&nbsp;<\/p>\n<p>Tschavtschavadse<a href=\"http:\/\/jkoehler.diskstation.me\/wordpress\/wp-content\/uploads\/2018\/10\/IMG0081_3.jpg\"><img loading=\"lazy\" decoding=\"async\" class=\"alignleft size-full wp-image-5000\" src=\"http:\/\/jkoehler.diskstation.me\/wordpress\/wp-content\/uploads\/2018\/10\/IMG0081_3.jpg\" alt=\"\" width=\"1000\" height=\"653\" srcset=\"http:\/\/jkoehler.diskstation.me\/wordpress\/wp-content\/uploads\/2018\/10\/IMG0081_3.jpg 1000w, http:\/\/jkoehler.diskstation.me\/wordpress\/wp-content\/uploads\/2018\/10\/IMG0081_3-300x196.jpg 300w, http:\/\/jkoehler.diskstation.me\/wordpress\/wp-content\/uploads\/2018\/10\/IMG0081_3-768x502.jpg 768w\" sizes=\"auto, (max-width: 767px) 89vw, (max-width: 1000px) 54vw, (max-width: 1071px) 543px, 580px\" \/><\/a><\/p>\n<p>&nbsp;<\/p>\n<p>Ausfl\u00fcge<a href=\"http:\/\/jkoehler.diskstation.me\/wordpress\/wp-content\/uploads\/2018\/10\/APS514-731__0004_geo1998.jpg\"><img loading=\"lazy\" decoding=\"async\" class=\"alignleft size-full wp-image-5006\" src=\"http:\/\/jkoehler.diskstation.me\/wordpress\/wp-content\/uploads\/2018\/10\/APS514-731__0004_geo1998.jpg\" alt=\"\" width=\"1000\" height=\"655\" srcset=\"http:\/\/jkoehler.diskstation.me\/wordpress\/wp-content\/uploads\/2018\/10\/APS514-731__0004_geo1998.jpg 1000w, http:\/\/jkoehler.diskstation.me\/wordpress\/wp-content\/uploads\/2018\/10\/APS514-731__0004_geo1998-300x197.jpg 300w, http:\/\/jkoehler.diskstation.me\/wordpress\/wp-content\/uploads\/2018\/10\/APS514-731__0004_geo1998-768x503.jpg 768w\" sizes=\"auto, (max-width: 767px) 89vw, (max-width: 1000px) 54vw, (max-width: 1071px) 543px, 580px\" \/><\/a><\/p>\n<p>&nbsp;<\/p>\n<p>&#8211;&gt; <a href=\"http:\/\/jkoehler.diskstation.me\/wordpress\/diaries\/tgb-since-1993\/germany-1996-1999-steward-str-7-sporadic-notes\/1998-2\/rundreise-congressman-conland-eltern\/\">next<\/a><\/p>\n","protected":false},"excerpt":{"rendered":"<p>Das schwarze Viertel &nbsp; Richtfest &nbsp; Architektur &nbsp; Deutschland Besuche &nbsp; S\u00f6hngen &nbsp; T\u00e4ubler &nbsp; Pniower &nbsp; Tschavtschavadse &nbsp; Ausfl\u00fcge &nbsp; &#8211;&gt; next<\/p>\n","protected":false},"author":1,"featured_media":4999,"parent":4851,"menu_order":25,"comment_status":"closed","ping_status":"closed","template":"","meta":{"footnotes":""},"class_list":["post-4998","page","type-page","status-publish","has-post-thumbnail","hentry"],"_links":{"self":[{"href":"http:\/\/jkoehler.diskstation.me\/wordpress\/wp-json\/wp\/v2\/pages\/4998","targetHints":{"allow":["GET"]}}],"collection":[{"href":"http:\/\/jkoehler.diskstation.me\/wordpress\/wp-json\/wp\/v2\/pages"}],"about":[{"href":"http:\/\/jkoehler.diskstation.me\/wordpress\/wp-json\/wp\/v2\/types\/page"}],"author":[{"embeddable":true,"href":"http:\/\/jkoehler.diskstation.me\/wordpress\/wp-json\/wp\/v2\/users\/1"}],"replies":[{"embeddable":true,"href":"http:\/\/jkoehler.diskstation.me\/wordpress\/wp-json\/wp\/v2\/comments?post=4998"}],"version-history":[{"count":2,"href":"http:\/\/jkoehler.diskstation.me\/wordpress\/wp-json\/wp\/v2\/pages\/4998\/revisions"}],"predecessor-version":[{"id":5026,"href":"http:\/\/jkoehler.diskstation.me\/wordpress\/wp-json\/wp\/v2\/pages\/4998\/revisions\/5026"}],"up":[{"embeddable":true,"href":"http:\/\/jkoehler.diskstation.me\/wordpress\/wp-json\/wp\/v2\/pages\/4851"}],"wp:featuredmedia":[{"embeddable":true,"href":"http:\/\/jkoehler.diskstation.me\/wordpress\/wp-json\/wp\/v2\/media\/4999"}],"wp:attachment":[{"href":"http:\/\/jkoehler.diskstation.me\/wordpress\/wp-json\/wp\/v2\/media?parent=4998"}],"curies":[{"name":"wp","href":"https:\/\/api.w.org\/{rel}","templated":true}]}}