{"id":455,"date":"2018-01-28T01:04:33","date_gmt":"2018-01-28T00:04:33","guid":{"rendered":"http:\/\/jkoehler.diskstation.me\/wordpress\/?page_id=455"},"modified":"2019-03-16T14:14:51","modified_gmt":"2019-03-16T13:14:51","slug":"leningrad-08-11-1991","status":"publish","type":"page","link":"http:\/\/jkoehler.diskstation.me\/wordpress\/diaries\/tagebuch-leningrad-st-petersburg-tbilisi-1991-1993\/leningrad-erster-versuch\/leningrad-08-11-1991\/","title":{"rendered":"Leningrad, 08.11.1991: Auf bald"},"content":{"rendered":"\n<p>Letzter Abend heute in der Heiligen St\u00e4tte. Alles ist gepackt und morgen fr\u00fch geht&#8217;s ab mit Nickita und seinem Vater um 8.45 Richtung Flughafen.<\/p>\n\n\n\n<p>Gestern und vorgestern scheint Nickita damit zugebracht zu haben, in der gottverdammten <em>oseritsch<\/em> zu stehen, um mir das schon vorbestellte Ticket abzuholen. Er \u00fcberspielt alles, Hilfsbereitschaft, wie herausragende Intelligenz mit seiner Narrenkappe. Er bat mich, ihm ein Buch mit Namen &#8220;Das Ohr des Malchus&#8221; von Gustav Regler mitzubringen (ca. 1953 ersch.).<\/p>\n\n\n\n<figure class=\"wp-block-image\"><img loading=\"lazy\" decoding=\"async\" width=\"1000\" height=\"680\" src=\"http:\/\/jkoehler.diskstation.me\/wordpress\/wp-content\/uploads\/2018\/01\/DIA-Fuji100_russia_1991_.jpg\" alt=\"\" class=\"wp-image-457\" srcset=\"http:\/\/jkoehler.diskstation.me\/wordpress\/wp-content\/uploads\/2018\/01\/DIA-Fuji100_russia_1991_.jpg 1000w, http:\/\/jkoehler.diskstation.me\/wordpress\/wp-content\/uploads\/2018\/01\/DIA-Fuji100_russia_1991_-300x204.jpg 300w, http:\/\/jkoehler.diskstation.me\/wordpress\/wp-content\/uploads\/2018\/01\/DIA-Fuji100_russia_1991_-768x522.jpg 768w\" sizes=\"auto, (max-width: 767px) 89vw, (max-width: 1000px) 54vw, (max-width: 1071px) 543px, 580px\" \/><figcaption>Lesha und Marina<\/figcaption><\/figure>\n\n\n\n<p>Neben ihm und Marina mit Lj\u00f6tschik, waren Svjetlana und &#8230; da, brachten Leckereien von Mamutschka mit und baten mich zwei Briefe so schnell wie m\u00f6glich abzusenden.<\/p>\n\n\n\n<p>Die Uni zwecks Abmeldung und Paketmitnahme nicht mehr erreicht, Waljeri hat sich leider auch nicht mehr gemeldet, um f\u00fcr ihn noch den Brief an potentielle Dokumentarfilmabk\u00e4ufer mitzunehmen.<\/p>\n\n\n\n<p>Irina war auch noch unverhofft da, und m\u00f6chte ein Sovinier und Postkarte aus Deutschland mitgebracht bekommen. Ich h\u00e4tte ernstlich Lust, von Vladivostock noch einen Bootsabstecher auf die Vulkaninsel Kamtschatka zu machen, n\u00e4chstes Jahr. Von da dann mit dem Schiff nach Shanghai! I want to see it all.<\/p>\n\n\n\n<p><strong>AUF BALD, SANCT PETERSBURG !!!<\/strong><\/p>\n\n\n\n<p>&#8211;&gt; <a href=\"http:\/\/jkoehler.diskstation.me\/wordpress\/diaries\/tagebuch-leningrad-st-petersburg-tbilisi-1991-1993\/sanatorium-germania\/\">next page<\/a><\/p>\n","protected":false},"excerpt":{"rendered":"<p>Letzter Abend heute in der Heiligen St\u00e4tte. Alles ist gepackt und morgen fr\u00fch geht&#8217;s ab mit Nickita und seinem Vater um 8.45 Richtung Flughafen. Gestern und vorgestern scheint Nickita damit zugebracht zu haben, in der gottverdammten oseritsch zu stehen, um mir das schon vorbestellte Ticket abzuholen. Er \u00fcberspielt alles, Hilfsbereitschaft, wie herausragende Intelligenz mit seiner &hellip; <\/p>\n<p class=\"link-more\"><a href=\"http:\/\/jkoehler.diskstation.me\/wordpress\/diaries\/tagebuch-leningrad-st-petersburg-tbilisi-1991-1993\/leningrad-erster-versuch\/leningrad-08-11-1991\/\" class=\"more-link\">Continue reading<span class=\"screen-reader-text\"> &#8220;Leningrad, 08.11.1991: Auf bald&#8221;<\/span><\/a><\/p>\n","protected":false},"author":1,"featured_media":459,"parent":503,"menu_order":23,"comment_status":"closed","ping_status":"closed","template":"","meta":{"footnotes":""},"class_list":["post-455","page","type-page","status-publish","has-post-thumbnail","hentry"],"_links":{"self":[{"href":"http:\/\/jkoehler.diskstation.me\/wordpress\/wp-json\/wp\/v2\/pages\/455","targetHints":{"allow":["GET"]}}],"collection":[{"href":"http:\/\/jkoehler.diskstation.me\/wordpress\/wp-json\/wp\/v2\/pages"}],"about":[{"href":"http:\/\/jkoehler.diskstation.me\/wordpress\/wp-json\/wp\/v2\/types\/page"}],"author":[{"embeddable":true,"href":"http:\/\/jkoehler.diskstation.me\/wordpress\/wp-json\/wp\/v2\/users\/1"}],"replies":[{"embeddable":true,"href":"http:\/\/jkoehler.diskstation.me\/wordpress\/wp-json\/wp\/v2\/comments?post=455"}],"version-history":[{"count":7,"href":"http:\/\/jkoehler.diskstation.me\/wordpress\/wp-json\/wp\/v2\/pages\/455\/revisions"}],"predecessor-version":[{"id":5593,"href":"http:\/\/jkoehler.diskstation.me\/wordpress\/wp-json\/wp\/v2\/pages\/455\/revisions\/5593"}],"up":[{"embeddable":true,"href":"http:\/\/jkoehler.diskstation.me\/wordpress\/wp-json\/wp\/v2\/pages\/503"}],"wp:featuredmedia":[{"embeddable":true,"href":"http:\/\/jkoehler.diskstation.me\/wordpress\/wp-json\/wp\/v2\/media\/459"}],"wp:attachment":[{"href":"http:\/\/jkoehler.diskstation.me\/wordpress\/wp-json\/wp\/v2\/media?parent=455"}],"curies":[{"name":"wp","href":"https:\/\/api.w.org\/{rel}","templated":true}]}}