{"id":439,"date":"2018-01-27T23:59:01","date_gmt":"2018-01-27T22:59:01","guid":{"rendered":"http:\/\/jkoehler.diskstation.me\/wordpress\/?page_id=439"},"modified":"2019-03-16T14:14:51","modified_gmt":"2019-03-16T13:14:51","slug":"leningrad-03-11-1991","status":"publish","type":"page","link":"http:\/\/jkoehler.diskstation.me\/wordpress\/diaries\/tagebuch-leningrad-st-petersburg-tbilisi-1991-1993\/leningrad-erster-versuch\/leningrad-03-11-1991\/","title":{"rendered":"Leningrad, 03.11.1991: Bettgebunden"},"content":{"rendered":"\n<p>Heute nacht davon getr\u00e4umt, da\u00df die Sonne im Zenit stehen bleibt. Bin im Glauben daran und an die katastrophalen Auswirkungen aufgewacht.<\/p>\n\n\n\n<p>Sonst fest gelegen, Irina aufgrund akuten Klingelausfalls nicht geh\u00f6rt, den klopfenden Mischa aber empfangen. Er war sehr nett, trank meinen Whiskey und Kaffee und wollte von mir nach Deutschland eingeladen werden. Endlich mal ein rational handelnder Mensch.<\/p>\n\n\n\n<p>Es klingelte heute auch noch das Telephon und eine kaum verst\u00e4ndliche Stimme kr\u00e4chzte schreckliche Laute in mein Ohr. Ich konnte zun\u00e4chst nicht ausmachen, ob es sich um einen Mann oder eine Frau handelt, bis ich nach einer ganzen Weile die gestern schon etwas erk\u00e4ltete B.M. erkannte. Es gelang ihr dann doch noch mir klar zu machen, da\u00df mich morgen irgendjemand abholen w\u00fcrde, um mich zum Krankenhaus zu fahren.<\/p>\n\n\n\n<p>Das Knie hat trotz gro\u00dfer Selbstdisziplin einen beachtlichen Umfang erreicht. Ich habe mir versprochen, bis Donnerstag zu entscheiden, ob ich fliege oder hier zugrunde gehe.<\/p>\n\n\n\n<p>Ich werde auf jeden Fall solange bleiben, bis die zubereiteten Leckereien verspeist sind.<\/p>\n\n\n\n<p>&#8211;&gt; <a href=\"http:\/\/jkoehler.diskstation.me\/wordpress\/diaries\/tagebuch-leningrad-st-petersburg-tbilisi-1991-1993\/leningrad-04-11-1991\/\">next page<\/a><\/p>\n","protected":false},"excerpt":{"rendered":"<p>Heute nacht davon getr\u00e4umt, da\u00df die Sonne im Zenit stehen bleibt. Bin im Glauben daran und an die katastrophalen Auswirkungen aufgewacht. Sonst fest gelegen, Irina aufgrund akuten Klingelausfalls nicht geh\u00f6rt, den klopfenden Mischa aber empfangen. Er war sehr nett, trank meinen Whiskey und Kaffee und wollte von mir nach Deutschland eingeladen werden. Endlich mal ein &hellip; <\/p>\n<p class=\"link-more\"><a href=\"http:\/\/jkoehler.diskstation.me\/wordpress\/diaries\/tagebuch-leningrad-st-petersburg-tbilisi-1991-1993\/leningrad-erster-versuch\/leningrad-03-11-1991\/\" class=\"more-link\">Continue reading<span class=\"screen-reader-text\"> &#8220;Leningrad, 03.11.1991: Bettgebunden&#8221;<\/span><\/a><\/p>\n","protected":false},"author":1,"featured_media":0,"parent":503,"menu_order":20,"comment_status":"closed","ping_status":"closed","template":"","meta":{"footnotes":""},"class_list":["post-439","page","type-page","status-publish","hentry"],"_links":{"self":[{"href":"http:\/\/jkoehler.diskstation.me\/wordpress\/wp-json\/wp\/v2\/pages\/439","targetHints":{"allow":["GET"]}}],"collection":[{"href":"http:\/\/jkoehler.diskstation.me\/wordpress\/wp-json\/wp\/v2\/pages"}],"about":[{"href":"http:\/\/jkoehler.diskstation.me\/wordpress\/wp-json\/wp\/v2\/types\/page"}],"author":[{"embeddable":true,"href":"http:\/\/jkoehler.diskstation.me\/wordpress\/wp-json\/wp\/v2\/users\/1"}],"replies":[{"embeddable":true,"href":"http:\/\/jkoehler.diskstation.me\/wordpress\/wp-json\/wp\/v2\/comments?post=439"}],"version-history":[{"count":4,"href":"http:\/\/jkoehler.diskstation.me\/wordpress\/wp-json\/wp\/v2\/pages\/439\/revisions"}],"predecessor-version":[{"id":5589,"href":"http:\/\/jkoehler.diskstation.me\/wordpress\/wp-json\/wp\/v2\/pages\/439\/revisions\/5589"}],"up":[{"embeddable":true,"href":"http:\/\/jkoehler.diskstation.me\/wordpress\/wp-json\/wp\/v2\/pages\/503"}],"wp:attachment":[{"href":"http:\/\/jkoehler.diskstation.me\/wordpress\/wp-json\/wp\/v2\/media?parent=439"}],"curies":[{"name":"wp","href":"https:\/\/api.w.org\/{rel}","templated":true}]}}