{"id":410,"date":"2018-01-27T22:08:45","date_gmt":"2018-01-27T21:08:45","guid":{"rendered":"http:\/\/jkoehler.diskstation.me\/wordpress\/?page_id=410"},"modified":"2019-03-16T14:14:50","modified_gmt":"2019-03-16T13:14:50","slug":"leningrad-29-10-1991","status":"publish","type":"page","link":"http:\/\/jkoehler.diskstation.me\/wordpress\/diaries\/tagebuch-leningrad-st-petersburg-tbilisi-1991-1993\/leningrad-erster-versuch\/leningrad-29-10-1991\/","title":{"rendered":"Leningrad, 29.10.1991: Uni, T\u00fcrschloss, BM &#038; Fotototem"},"content":{"rendered":"\n<p>Heute wieder an der Uni gewesen, um die 3200R + 22$ + 3R zu bezahlen und das neue Visum in Auftrag zu geben, mit dem ich dann vielleicht tats\u00e4chlich aus- und wieder einreisen k\u00f6nnen werde. Da es ein Visum f\u00fcr ein Jahr ist, habe ich gute Chancen, Tickets f\u00fcr Rubel zu bekommen.<\/p>\n\n\n\n<p>Ansonsten habe ich heute ein Schlo\u00df gekauft und im Moment wetteifern gerade drei Parteien im mir Helfen. B.M., die rechtm\u00e4\u00dfigen Besitzer (die ich als Einzige vermochte auszuladen) und meine Nachbarn, die ich gegen Bezahlung am liebsten verdient machen w\u00fcrde. F\u00fcr das Schlo\u00df brauche ich vor allem nur Werkzeuge, den Rest k\u00f6nnte ich auch alleine.<\/p>\n\n\n\n<p>Die vierte hat gewonnen; morgen fr\u00fch kommt irgend so ein Profi-Schlosser (Bekannter von B.M.) und baut den Schei\u00df f\u00fcr 100R ein, nachdem ich schon alle Werkzeuge, die n\u00f6tig waren, besorgt hatte. Ist bequemer so.<\/p>\n\n\n\n<figure class=\"wp-block-image\"><img loading=\"lazy\" decoding=\"async\" width=\"1000\" height=\"651\" src=\"http:\/\/jkoehler.diskstation.me\/wordpress\/wp-content\/uploads\/2018\/01\/IMG0002-1.jpg\" alt=\"\" class=\"wp-image-421\" srcset=\"http:\/\/jkoehler.diskstation.me\/wordpress\/wp-content\/uploads\/2018\/01\/IMG0002-1.jpg 1000w, http:\/\/jkoehler.diskstation.me\/wordpress\/wp-content\/uploads\/2018\/01\/IMG0002-1-300x195.jpg 300w, http:\/\/jkoehler.diskstation.me\/wordpress\/wp-content\/uploads\/2018\/01\/IMG0002-1-768x500.jpg 768w\" sizes=\"auto, (max-width: 767px) 89vw, (max-width: 1000px) 54vw, (max-width: 1071px) 543px, 580px\" \/><figcaption>BM macht Tee in meinem Pullover; rechts mein Totempfahl<\/figcaption><\/figure>\n\n\n\n<p>W\u00e4hrend ich mit den Schl\u00f6ssern besch\u00e4ftigt war, hat B.M. mir f\u00fcr sieben Tage Essen zubereitet. Sehr schmackhaft. Die Menschen in diesem Land verf\u00fcgen \u00fcber die aggressivste Gastfreundschaft, die ich je gef\u00fcrchtet habe. Denn die einzige f\u00fcr mich sichtbare Alternative ist der konsequente Abbruch aller freundschaftlichen Beziehungen hier. Die Kunst des distanziert sterben lassen, verstehen die Menschen hier \u00fcberhaupt nicht. Andererseits verrecken die Penner auch hier auf den Stra\u00dfen.<\/p>\n\n\n\n<p>Au\u00dferdem sah B.M. die Bilder von Fee und verliebte sich gleich so in sie, da\u00df sie ihr gestern Nacht um 2.00, nach einem f\u00fcr sie sehr eindrucksvollen Theatererlebnis, einen Brief schrieb, indem sie von dem Theaterst\u00fcck (&#8220;Puschkin und Anna&#8221;) und von Puschkin selbst schrieb. Wenn dieser Brief erst einmal ins Englische \u00fcbersetzt ist, wird Alexandra ihn bestimmt auch erhalten.<\/p>\n\n\n\n<p>&#8211;&gt; <a href=\"http:\/\/jkoehler.diskstation.me\/wordpress\/diaries\/tagebuch-leningrad-st-petersburg-tbilisi-1991-1993\/leningrad-30-10-1991\/\">next page<\/a><\/p>\n","protected":false},"excerpt":{"rendered":"<p>Heute wieder an der Uni gewesen, um die 3200R + 22$ + 3R zu bezahlen und das neue Visum in Auftrag zu geben, mit dem ich dann vielleicht tats\u00e4chlich aus- und wieder einreisen k\u00f6nnen werde. Da es ein Visum f\u00fcr ein Jahr ist, habe ich gute Chancen, Tickets f\u00fcr Rubel zu bekommen. Ansonsten habe ich &hellip; <\/p>\n<p class=\"link-more\"><a href=\"http:\/\/jkoehler.diskstation.me\/wordpress\/diaries\/tagebuch-leningrad-st-petersburg-tbilisi-1991-1993\/leningrad-erster-versuch\/leningrad-29-10-1991\/\" class=\"more-link\">Continue reading<span class=\"screen-reader-text\"> &#8220;Leningrad, 29.10.1991: Uni, T\u00fcrschloss, BM &#038; Fotototem&#8221;<\/span><\/a><\/p>\n","protected":false},"author":1,"featured_media":412,"parent":503,"menu_order":16,"comment_status":"closed","ping_status":"closed","template":"","meta":{"footnotes":""},"class_list":["post-410","page","type-page","status-publish","has-post-thumbnail","hentry"],"_links":{"self":[{"href":"http:\/\/jkoehler.diskstation.me\/wordpress\/wp-json\/wp\/v2\/pages\/410","targetHints":{"allow":["GET"]}}],"collection":[{"href":"http:\/\/jkoehler.diskstation.me\/wordpress\/wp-json\/wp\/v2\/pages"}],"about":[{"href":"http:\/\/jkoehler.diskstation.me\/wordpress\/wp-json\/wp\/v2\/types\/page"}],"author":[{"embeddable":true,"href":"http:\/\/jkoehler.diskstation.me\/wordpress\/wp-json\/wp\/v2\/users\/1"}],"replies":[{"embeddable":true,"href":"http:\/\/jkoehler.diskstation.me\/wordpress\/wp-json\/wp\/v2\/comments?post=410"}],"version-history":[{"count":6,"href":"http:\/\/jkoehler.diskstation.me\/wordpress\/wp-json\/wp\/v2\/pages\/410\/revisions"}],"predecessor-version":[{"id":5583,"href":"http:\/\/jkoehler.diskstation.me\/wordpress\/wp-json\/wp\/v2\/pages\/410\/revisions\/5583"}],"up":[{"embeddable":true,"href":"http:\/\/jkoehler.diskstation.me\/wordpress\/wp-json\/wp\/v2\/pages\/503"}],"wp:featuredmedia":[{"embeddable":true,"href":"http:\/\/jkoehler.diskstation.me\/wordpress\/wp-json\/wp\/v2\/media\/412"}],"wp:attachment":[{"href":"http:\/\/jkoehler.diskstation.me\/wordpress\/wp-json\/wp\/v2\/media?parent=410"}],"curies":[{"name":"wp","href":"https:\/\/api.w.org\/{rel}","templated":true}]}}