{"id":3236,"date":"2018-09-04T00:28:54","date_gmt":"2018-09-03T22:28:54","guid":{"rendered":"http:\/\/jkoehler.diskstation.me\/wordpress\/?page_id=3236"},"modified":"2019-11-01T20:20:33","modified_gmt":"2019-11-01T19:20:33","slug":"germany-2001-2003-steward-str-7-sporadic-notes","status":"publish","type":"page","link":"http:\/\/jkoehler.diskstation.me\/wordpress\/diaries\/tgb-since-1993\/germany-2001-2003-steward-str-7-sporadic-notes\/","title":{"rendered":"Germany 2001-2003"},"content":{"rendered":"<p>Steward Str. 7, sporadic notes<\/p>\n\n<!-- Page-list plugin v.5.9 wordpress.org\/plugins\/page-list\/ -->\n<ul class=\"page-list subpages-page-list \">\n<li class=\"page_item page-item-6566 page_item_has_children\"><a href=\"http:\/\/jkoehler.diskstation.me\/wordpress\/diaries\/tgb-since-1993\/germany-2001-2003-steward-str-7-sporadic-notes\/2001-2\/\">2001<\/a>\n<ul class='children'>\n\t<li class=\"page_item page-item-7844\"><a href=\"http:\/\/jkoehler.diskstation.me\/wordpress\/diaries\/tgb-since-1993\/germany-2001-2003-steward-str-7-sporadic-notes\/2001-2\/berlin-2001-nastia-schule\/\">Berlin 2001 &#8211; Nastia Schule<\/a><\/li>\n\t<li class=\"page_item page-item-6569\"><a href=\"http:\/\/jkoehler.diskstation.me\/wordpress\/diaries\/tgb-since-1993\/germany-2001-2003-steward-str-7-sporadic-notes\/2001-2\/italienreise-fruhling-2001\/\">Italienreise Fr\u00fchling 2001<\/a><\/li>\n\t<li class=\"page_item page-item-7865\"><a href=\"http:\/\/jkoehler.diskstation.me\/wordpress\/diaries\/tgb-since-1993\/germany-2001-2003-steward-str-7-sporadic-notes\/2001-2\/berlin-2001-schwangerschaft-geburt-xenia\/\">Berlin 2001 &#8211; Schwangerschaft &#038; Geburt Xenia<\/a><\/li>\n\t<li class=\"page_item page-item-7932\"><a href=\"http:\/\/jkoehler.diskstation.me\/wordpress\/diaries\/tgb-since-1993\/germany-2001-2003-steward-str-7-sporadic-notes\/2001-2\/berlin-2001-familie-freunde-kollegen\/\">Berlin 2001 &#8211; Familie, Freunde &#038; Kollegen<\/a><\/li>\n\t<li class=\"page_item page-item-8003\"><a href=\"http:\/\/jkoehler.diskstation.me\/wordpress\/diaries\/tgb-since-1993\/germany-2001-2003-steward-str-7-sporadic-notes\/2001-2\/deutschland-2001-ausfluge-trips\/\">Deutschland 2001 &#8211; Ausfl\u00fcge &#038; Trips<\/a><\/li>\n\t<li class=\"page_item page-item-8005\"><a href=\"http:\/\/jkoehler.diskstation.me\/wordpress\/diaries\/tgb-since-1993\/germany-2001-2003-steward-str-7-sporadic-notes\/2001-2\/berlin-2001-progulki\/\">Berlin 2001 &#8211; Progulki<\/a><\/li>\n\t<li class=\"page_item page-item-8009\"><a href=\"http:\/\/jkoehler.diskstation.me\/wordpress\/diaries\/tgb-since-1993\/germany-2001-2003-steward-str-7-sporadic-notes\/2001-2\/berlin-2001-parties\/\">Berlin 2001 &#8211; Parties<\/a><\/li>\n\t<li class=\"page_item page-item-8013\"><a href=\"http:\/\/jkoehler.diskstation.me\/wordpress\/diaries\/tgb-since-1993\/germany-2001-2003-steward-str-7-sporadic-notes\/2001-2\/kaukasus-2001-world-bank-case-studies\/\">Kaukasus 2001 (World Bank case studies)<\/a><\/li>\n\t<li class=\"page_item page-item-8011\"><a href=\"http:\/\/jkoehler.diskstation.me\/wordpress\/diaries\/tgb-since-1993\/germany-2001-2003-steward-str-7-sporadic-notes\/2001-2\/kosovo-2001\/\">Kosovo 2001<\/a><\/li>\n\t<li class=\"page_item page-item-8015\"><a href=\"http:\/\/jkoehler.diskstation.me\/wordpress\/diaries\/tgb-since-1993\/germany-2001-2003-steward-str-7-sporadic-notes\/2001-2\/dohle-2001-sommer\/\">D\u00f6hle 2001 Sommer<\/a><\/li>\n\t<li class=\"page_item page-item-8017\"><a href=\"http:\/\/jkoehler.diskstation.me\/wordpress\/diaries\/tgb-since-1993\/germany-2001-2003-steward-str-7-sporadic-notes\/2001-2\/schweden-2001-winter\/\">Schweden 2001 Ostern, Sommer &#038; Winter<\/a><\/li>\n\t<li class=\"page_item page-item-8034\"><a href=\"http:\/\/jkoehler.diskstation.me\/wordpress\/diaries\/tgb-since-1993\/germany-2001-2003-steward-str-7-sporadic-notes\/2001-2\/georgien-2001-bau\/\">Georgien 2001 &#8211; Bau<\/a><\/li>\n<\/ul>\n<\/li>\n<li class=\"page_item page-item-6629 page_item_has_children\"><a href=\"http:\/\/jkoehler.diskstation.me\/wordpress\/diaries\/tgb-since-1993\/germany-2001-2003-steward-str-7-sporadic-notes\/2002-2\/\">2002<\/a>\n<ul class='children'>\n\t<li class=\"page_item page-item-8019\"><a href=\"http:\/\/jkoehler.diskstation.me\/wordpress\/diaries\/tgb-since-1993\/germany-2001-2003-steward-str-7-sporadic-notes\/2002-2\/berlin-2002-exkursionen-besucher\/\">Berlin 2002 &#8211; Exkursionen &#038; Besucher<\/a><\/li>\n\t<li class=\"page_item page-item-6632\"><a href=\"http:\/\/jkoehler.diskstation.me\/wordpress\/diaries\/tgb-since-1993\/germany-2001-2003-steward-str-7-sporadic-notes\/2002-2\/dohle-koln-brussel-paris-ostern-2002\/\">D\u00f6hle-K\u00f6ln-Br\u00fcssel-Paris, Ostern 2002<\/a><\/li>\n\t<li class=\"page_item page-item-8024\"><a href=\"http:\/\/jkoehler.diskstation.me\/wordpress\/diaries\/tgb-since-1993\/germany-2001-2003-steward-str-7-sporadic-notes\/2002-2\/berlin-2002-special-guests-parties\/\">Berlin 2002 &#8211; Special Guests &#038; Parties<\/a><\/li>\n\t<li class=\"page_item page-item-8029\"><a href=\"http:\/\/jkoehler.diskstation.me\/wordpress\/diaries\/tgb-since-1993\/germany-2001-2003-steward-str-7-sporadic-notes\/2002-2\/berlin-2002-familie\/\">Berlin 2002 &#8211; Familie<\/a><\/li>\n\t<li class=\"page_item page-item-8031\"><a href=\"http:\/\/jkoehler.diskstation.me\/wordpress\/diaries\/tgb-since-1993\/germany-2001-2003-steward-str-7-sporadic-notes\/2002-2\/berlin-2002-firmengrundung-world-vision-georgien-auftrag\/\">Berlin 2002 &#8211; Firmengr\u00fcndung &#038; World Vision Georgien Auftrag<\/a><\/li>\n\t<li class=\"page_item page-item-8036\"><a href=\"http:\/\/jkoehler.diskstation.me\/wordpress\/diaries\/tgb-since-1993\/germany-2001-2003-steward-str-7-sporadic-notes\/2002-2\/dohle-2002-friends-family\/\">D\u00f6hle 2002 &#8211;  Friends &#038; Family<\/a><\/li>\n\t<li class=\"page_item page-item-8038\"><a href=\"http:\/\/jkoehler.diskstation.me\/wordpress\/diaries\/tgb-since-1993\/germany-2001-2003-steward-str-7-sporadic-notes\/2002-2\/schweden-2002-sommer-herbst-und-winter\/\">Schweden 2002 &#8211; Sommer, Herbst und Winter<\/a><\/li>\n\t<li class=\"page_item page-item-8241\"><a href=\"http:\/\/jkoehler.diskstation.me\/wordpress\/diaries\/tgb-since-1993\/germany-2001-2003-steward-str-7-sporadic-notes\/2002-2\/georgien-world-vision-german-icy\/\">Georgien World Vision Germany &#8211; ICY<\/a><\/li>\n\t<li class=\"page_item page-item-8245\"><a href=\"http:\/\/jkoehler.diskstation.me\/wordpress\/diaries\/tgb-since-1993\/germany-2001-2003-steward-str-7-sporadic-notes\/2002-2\/caucasus-gtz-frcs\/\">Caucasus GTZ FRCS<\/a><\/li>\n\t<li class=\"page_item page-item-8248\"><a href=\"http:\/\/jkoehler.diskstation.me\/wordpress\/diaries\/tgb-since-1993\/germany-2001-2003-steward-str-7-sporadic-notes\/2002-2\/world-bank-usa-case-studies-presentation\/\">World Bank USA &#8211; Case Studies presentation<\/a><\/li>\n<\/ul>\n<\/li>\n<li class=\"page_item page-item-8608 page_item_has_children\"><a href=\"http:\/\/jkoehler.diskstation.me\/wordpress\/diaries\/tgb-since-1993\/germany-2001-2003-steward-str-7-sporadic-notes\/2003-2\/\">2003<\/a>\n<ul class='children'>\n\t<li class=\"page_item page-item-8611\"><a href=\"http:\/\/jkoehler.diskstation.me\/wordpress\/diaries\/tgb-since-1993\/germany-2001-2003-steward-str-7-sporadic-notes\/2003-2\/first-vw-foundation-project-takes-shape-cscca\/\">First VW-Foundation project takes shape: CSCCA<\/a><\/li>\n\t<li class=\"page_item page-item-8635\"><a href=\"http:\/\/jkoehler.diskstation.me\/wordpress\/diaries\/tgb-since-1993\/germany-2001-2003-steward-str-7-sporadic-notes\/2003-2\/exkursionen\/\">Exkursionen<\/a><\/li>\n\t<li class=\"page_item page-item-8643\"><a href=\"http:\/\/jkoehler.diskstation.me\/wordpress\/diaries\/tgb-since-1993\/germany-2001-2003-steward-str-7-sporadic-notes\/2003-2\/parties\/\">Parties<\/a><\/li>\n\t<li class=\"page_item page-item-8647\"><a href=\"http:\/\/jkoehler.diskstation.me\/wordpress\/diaries\/tgb-since-1993\/germany-2001-2003-steward-str-7-sporadic-notes\/2003-2\/reisen-tajikistan-fruhjahr-2003\/\">Reisen: Tajikistan Fr\u00fchjahr 2003<\/a><\/li>\n\t<li class=\"page_item page-item-8673\"><a href=\"http:\/\/jkoehler.diskstation.me\/wordpress\/diaries\/tgb-since-1993\/germany-2001-2003-steward-str-7-sporadic-notes\/2003-2\/reisen-central-asia-and-afghanistan-august-november-2003\/\">Reisen: Central Asia and Afghanistan August-November 2003<\/a><\/li>\n\t<li class=\"page_item page-item-8681\"><a href=\"http:\/\/jkoehler.diskstation.me\/wordpress\/diaries\/tgb-since-1993\/germany-2001-2003-steward-str-7-sporadic-notes\/2003-2\/reisen-usa-soyus-konferenz\/\">Reisen: USA SOYUS Konferenz<\/a><\/li>\n\t<li class=\"page_item page-item-8702\"><a href=\"http:\/\/jkoehler.diskstation.me\/wordpress\/diaries\/tgb-since-1993\/germany-2001-2003-steward-str-7-sporadic-notes\/2003-2\/reisen-schweden-sommer-winter\/\">Reisen: Schweden Sommer &#038; Winter<\/a><\/li>\n<\/ul>\n<\/li>\n\n<\/ul>\n\n\n<p> <a href=\"http:\/\/jkoehler.diskstation.me\/wordpress\/diaries\/tgb-since-1993\/\">\u2191 One level up \u2191<\/a> <\/p>\n","protected":false},"excerpt":{"rendered":"<p>Steward Str. 7, sporadic notes \u2191 One level up \u2191<\/p>\n","protected":false},"author":1,"featured_media":3330,"parent":3190,"menu_order":9,"comment_status":"closed","ping_status":"closed","template":"","meta":{"footnotes":""},"class_list":["post-3236","page","type-page","status-publish","has-post-thumbnail","hentry"],"_links":{"self":[{"href":"http:\/\/jkoehler.diskstation.me\/wordpress\/wp-json\/wp\/v2\/pages\/3236","targetHints":{"allow":["GET"]}}],"collection":[{"href":"http:\/\/jkoehler.diskstation.me\/wordpress\/wp-json\/wp\/v2\/pages"}],"about":[{"href":"http:\/\/jkoehler.diskstation.me\/wordpress\/wp-json\/wp\/v2\/types\/page"}],"author":[{"embeddable":true,"href":"http:\/\/jkoehler.diskstation.me\/wordpress\/wp-json\/wp\/v2\/users\/1"}],"replies":[{"embeddable":true,"href":"http:\/\/jkoehler.diskstation.me\/wordpress\/wp-json\/wp\/v2\/comments?post=3236"}],"version-history":[{"count":3,"href":"http:\/\/jkoehler.diskstation.me\/wordpress\/wp-json\/wp\/v2\/pages\/3236\/revisions"}],"predecessor-version":[{"id":8346,"href":"http:\/\/jkoehler.diskstation.me\/wordpress\/wp-json\/wp\/v2\/pages\/3236\/revisions\/8346"}],"up":[{"embeddable":true,"href":"http:\/\/jkoehler.diskstation.me\/wordpress\/wp-json\/wp\/v2\/pages\/3190"}],"wp:featuredmedia":[{"embeddable":true,"href":"http:\/\/jkoehler.diskstation.me\/wordpress\/wp-json\/wp\/v2\/media\/3330"}],"wp:attachment":[{"href":"http:\/\/jkoehler.diskstation.me\/wordpress\/wp-json\/wp\/v2\/media?parent=3236"}],"curies":[{"name":"wp","href":"https:\/\/api.w.org\/{rel}","templated":true}]}}