{"id":3201,"date":"2018-08-27T09:45:30","date_gmt":"2018-08-27T07:45:30","guid":{"rendered":"http:\/\/jkoehler.diskstation.me\/wordpress\/?page_id=3201"},"modified":"2019-03-16T14:19:26","modified_gmt":"2019-03-16T13:19:26","slug":"topical-tgb-since-2018","status":"publish","type":"page","link":"http:\/\/jkoehler.diskstation.me\/wordpress\/diaries\/tgb-since-1993\/topical-tgb-since-2018\/","title":{"rendered":"Topical -TGB since 2018"},"content":{"rendered":"<p>Aufzeichnungen f\u00fcr die Ewigkeit &#8211; aber nicht f\u00fcr die \u00d6ffentlichkeit<\/p>\n\n<!-- Page-list plugin v.5.9 wordpress.org\/plugins\/page-list\/ -->\n<ul class=\"page-list subpages-page-list \">\n<li class=\"page_item page-item-3177\"><a href=\"http:\/\/jkoehler.diskstation.me\/wordpress\/diaries\/tgb-since-1993\/topical-tgb-since-2018\/26-08-2018-berlin-meinungsrulpser\/\">26.08.2018 Berlin &#8211; Meinungsaufsto\u00dfen<\/a><\/li>\n<li class=\"page_item page-item-3391\"><a href=\"http:\/\/jkoehler.diskstation.me\/wordpress\/diaries\/tgb-since-1993\/topical-tgb-since-2018\/als-meine-worte-ihr-gewicht-verloren-hatten\/\">07.09.2018, Berlin: Als meine Worte ihr Gewicht verloren hatten<\/a><\/li>\n<li class=\"page_item page-item-6362\"><a href=\"http:\/\/jkoehler.diskstation.me\/wordpress\/diaries\/tgb-since-1993\/topical-tgb-since-2018\/08-04-1919-dato-und-der-feixende-gott\/\">08.04.2019: Dato und der feixende Gott<\/a><\/li>\n<li class=\"page_item page-item-7115\"><a href=\"http:\/\/jkoehler.diskstation.me\/wordpress\/diaries\/tgb-since-1993\/topical-tgb-since-2018\/29-06-2019-iccs-kaukasusabschlussreise-im-mai\/\">29.06.2019: ICCS Kaukasusabschlussreise im Mai<\/a><\/li>\n<li class=\"page_item page-item-7821\"><a href=\"http:\/\/jkoehler.diskstation.me\/wordpress\/diaries\/tgb-since-1993\/topical-tgb-since-2018\/15-09-2019-restlebensplanung\/\">15.09.2019 Restlebensplanung<\/a><\/li>\n\n<\/ul>\n","protected":false},"excerpt":{"rendered":"<p>Aufzeichnungen f\u00fcr die Ewigkeit &#8211; aber nicht f\u00fcr die \u00d6ffentlichkeit<\/p>\n","protected":false},"author":1,"featured_media":3208,"parent":3190,"menu_order":13,"comment_status":"closed","ping_status":"closed","template":"","meta":{"footnotes":""},"class_list":["post-3201","page","type-page","status-publish","has-post-thumbnail","hentry"],"_links":{"self":[{"href":"http:\/\/jkoehler.diskstation.me\/wordpress\/wp-json\/wp\/v2\/pages\/3201","targetHints":{"allow":["GET"]}}],"collection":[{"href":"http:\/\/jkoehler.diskstation.me\/wordpress\/wp-json\/wp\/v2\/pages"}],"about":[{"href":"http:\/\/jkoehler.diskstation.me\/wordpress\/wp-json\/wp\/v2\/types\/page"}],"author":[{"embeddable":true,"href":"http:\/\/jkoehler.diskstation.me\/wordpress\/wp-json\/wp\/v2\/users\/1"}],"replies":[{"embeddable":true,"href":"http:\/\/jkoehler.diskstation.me\/wordpress\/wp-json\/wp\/v2\/comments?post=3201"}],"version-history":[{"count":3,"href":"http:\/\/jkoehler.diskstation.me\/wordpress\/wp-json\/wp\/v2\/pages\/3201\/revisions"}],"predecessor-version":[{"id":3209,"href":"http:\/\/jkoehler.diskstation.me\/wordpress\/wp-json\/wp\/v2\/pages\/3201\/revisions\/3209"}],"up":[{"embeddable":true,"href":"http:\/\/jkoehler.diskstation.me\/wordpress\/wp-json\/wp\/v2\/pages\/3190"}],"wp:featuredmedia":[{"embeddable":true,"href":"http:\/\/jkoehler.diskstation.me\/wordpress\/wp-json\/wp\/v2\/media\/3208"}],"wp:attachment":[{"href":"http:\/\/jkoehler.diskstation.me\/wordpress\/wp-json\/wp\/v2\/media?parent=3201"}],"curies":[{"name":"wp","href":"https:\/\/api.w.org\/{rel}","templated":true}]}}