{"id":271,"date":"2017-12-27T22:36:40","date_gmt":"2017-12-27T21:36:40","guid":{"rendered":"http:\/\/jkoehler.diskstation.me\/wordpress\/?page_id=271"},"modified":"2019-10-16T20:57:46","modified_gmt":"2019-10-16T18:57:46","slug":"leningrad-20-10-1991-poslje-djen-roschdenie","status":"publish","type":"page","link":"http:\/\/jkoehler.diskstation.me\/wordpress\/diaries\/tagebuch-leningrad-st-petersburg-tbilisi-1991-1993\/leningrad-erster-versuch\/leningrad-20-10-1991-poslje-djen-roschdenie\/","title":{"rendered":"Leningrad, 20.10.1991: poslje djen [dnya] roschdenie[ya] &#8211; Witalii, Stra\u00dfenoperns\u00e4nger"},"content":{"rendered":"\n<p>Netter Abend. Drei erw\u00e4hnenswerte Menschen getroffen:<\/p>\n\n\n\n<p>&#8211; Witalij zum zweiten Mal. Manchmal unterhaltsames, geltungsneurotisches Auftreten. Bis zur Kehle voll von Worten, die er weitaus besser singend artikuliert als sprechend. Endlos langes Zarenoffiziersgetue mit noch endloseren Tischreden verbunden. Im Heim aufgewachsen. Singt sch\u00f6ne Lieder, in denen S\u00fcnderinnen heilig gesprochen werden. Hat mir gestattet ihn n\u00e4chsten Dienstag bei einem Stra\u00dfenauftritt zu fotografieren. Er war die letzten Wochen im Ural bei Verwandten und hat sich dort eine beachtliche Plauze und weiche Stimme angefressen.<\/p>\n\n\n\n<p>&#8211; Olga. Deutsch-Russisch \u00dcbersetzerin. spezialisiert im Porzellansektor. &nbsp; Dick, lebhaft und nett. Ausgesprochen konversationsintelligent. F\u00fcr Samstag den ca. 02.11.&#8217;91 zur Einweihungsfeier ihrer neuen Wohnung eingeladen.<\/p>\n\n\n\n<p>&#8211; Werdende Bibliothekarin. Eventuell photogen.<\/p>\n\n\n\n<p>Ansonsten wurde viel gesungen, gegessen und wenig getrunken. Auch wurden viele bekannte Partiespiele gespielt.<\/p>\n\n\n\n<p>&#8211;> <a href=\"http:\/\/jkoehler.diskstation.me\/wordpress\/tagebuch-leningrad-st-petersburg-tbilisi-1991-1993\/leningrad-21-10-1991\/\">next page<\/a><\/p>\n\n\n\n<p> <a href=\"http:\/\/jkoehler.diskstation.me\/wordpress\/diaries\/tagebuch-leningrad-st-petersburg-tbilisi-1991-1993\/leningrad-erster-versuch\/\">\u2191 One level up \u2191<\/a> <\/p>\n","protected":false},"excerpt":{"rendered":"<p>Netter Abend. Drei erw\u00e4hnenswerte Menschen getroffen: &#8211; Witalij zum zweiten Mal. Manchmal unterhaltsames, geltungsneurotisches Auftreten. Bis zur Kehle voll von Worten, die er weitaus besser singend artikuliert als sprechend. Endlos langes Zarenoffiziersgetue mit noch endloseren Tischreden verbunden. Im Heim aufgewachsen. Singt sch\u00f6ne Lieder, in denen S\u00fcnderinnen heilig gesprochen werden. Hat mir gestattet ihn n\u00e4chsten Dienstag &hellip; <\/p>\n<p class=\"link-more\"><a href=\"http:\/\/jkoehler.diskstation.me\/wordpress\/diaries\/tagebuch-leningrad-st-petersburg-tbilisi-1991-1993\/leningrad-erster-versuch\/leningrad-20-10-1991-poslje-djen-roschdenie\/\" class=\"more-link\">Continue reading<span class=\"screen-reader-text\"> &#8220;Leningrad, 20.10.1991: poslje djen [dnya] roschdenie[ya] &#8211; Witalii, Stra\u00dfenoperns\u00e4nger&#8221;<\/span><\/a><\/p>\n","protected":false},"author":1,"featured_media":380,"parent":503,"menu_order":8,"comment_status":"closed","ping_status":"closed","template":"","meta":{"footnotes":""},"class_list":["post-271","page","type-page","status-publish","has-post-thumbnail","hentry"],"_links":{"self":[{"href":"http:\/\/jkoehler.diskstation.me\/wordpress\/wp-json\/wp\/v2\/pages\/271","targetHints":{"allow":["GET"]}}],"collection":[{"href":"http:\/\/jkoehler.diskstation.me\/wordpress\/wp-json\/wp\/v2\/pages"}],"about":[{"href":"http:\/\/jkoehler.diskstation.me\/wordpress\/wp-json\/wp\/v2\/types\/page"}],"author":[{"embeddable":true,"href":"http:\/\/jkoehler.diskstation.me\/wordpress\/wp-json\/wp\/v2\/users\/1"}],"replies":[{"embeddable":true,"href":"http:\/\/jkoehler.diskstation.me\/wordpress\/wp-json\/wp\/v2\/comments?post=271"}],"version-history":[{"count":7,"href":"http:\/\/jkoehler.diskstation.me\/wordpress\/wp-json\/wp\/v2\/pages\/271\/revisions"}],"predecessor-version":[{"id":8273,"href":"http:\/\/jkoehler.diskstation.me\/wordpress\/wp-json\/wp\/v2\/pages\/271\/revisions\/8273"}],"up":[{"embeddable":true,"href":"http:\/\/jkoehler.diskstation.me\/wordpress\/wp-json\/wp\/v2\/pages\/503"}],"wp:featuredmedia":[{"embeddable":true,"href":"http:\/\/jkoehler.diskstation.me\/wordpress\/wp-json\/wp\/v2\/media\/380"}],"wp:attachment":[{"href":"http:\/\/jkoehler.diskstation.me\/wordpress\/wp-json\/wp\/v2\/media?parent=271"}],"curies":[{"name":"wp","href":"https:\/\/api.w.org\/{rel}","templated":true}]}}