{"id":2581,"date":"2018-05-11T19:55:29","date_gmt":"2018-05-11T17:55:29","guid":{"rendered":"http:\/\/jkoehler.diskstation.me\/wordpress\/?page_id=2581"},"modified":"2019-10-16T19:23:32","modified_gmt":"2019-10-16T17:23:32","slug":"mailand-1987-italientramptouren-1986-1988-kleine-reisen","status":"publish","type":"page","link":"http:\/\/jkoehler.diskstation.me\/wordpress\/diaries\/aufzeichnungen-1985-1990\/mailand-1987-italientramptouren-1986-1988-kleine-reisen\/","title":{"rendered":"Mailand 1988 &#038; Italientramptouren 1986 &#038; 1988, kleine Reisen"},"content":{"rendered":"\n<h2 class=\"wp-block-heading\">Fan\u00f6 nach Chernobyl (Ostern 1986), mit Kaya, Jessa und Bernds Freunden<\/h2>\n\n\n\n<h2 class=\"wp-block-heading\">\u00dcber M\u00fcnchen zum W\u00f6rthersee mit Bernd und Dorle (1986)<\/h2>\n\n\n\n<figure class=\"wp-block-image\"><img loading=\"lazy\" decoding=\"async\" width=\"1000\" height=\"651\" src=\"http:\/\/jkoehler.diskstation.me\/wordpress\/wp-content\/uploads\/2018\/05\/Fan\u00f6-86x-20.jpg\" alt=\"\" class=\"wp-image-2613\" srcset=\"http:\/\/jkoehler.diskstation.me\/wordpress\/wp-content\/uploads\/2018\/05\/Fan\u00f6-86x-20.jpg 1000w, http:\/\/jkoehler.diskstation.me\/wordpress\/wp-content\/uploads\/2018\/05\/Fan\u00f6-86x-20-300x195.jpg 300w, http:\/\/jkoehler.diskstation.me\/wordpress\/wp-content\/uploads\/2018\/05\/Fan\u00f6-86x-20-768x500.jpg 768w\" sizes=\"auto, (max-width: 767px) 89vw, (max-width: 1000px) 54vw, (max-width: 1071px) 543px, 580px\" \/><\/figure>\n\n\n\n<figure class=\"wp-block-gallery columns-3 is-cropped wp-block-gallery-1 is-layout-flex wp-block-gallery-is-layout-flex\"><ul class=\"blocks-gallery-grid\"><li class=\"blocks-gallery-item\"><figure><a href=\"http:\/\/jkoehler.diskstation.me\/wordpress\/wp-content\/uploads\/2018\/05\/Fan\u00f6-86x-24.jpg\"><img loading=\"lazy\" decoding=\"async\" width=\"1000\" height=\"644\" src=\"http:\/\/jkoehler.diskstation.me\/wordpress\/wp-content\/uploads\/2018\/05\/Fan\u00f6-86x-24.jpg\" alt=\"\" data-id=\"2614\" class=\"wp-image-2614\" srcset=\"http:\/\/jkoehler.diskstation.me\/wordpress\/wp-content\/uploads\/2018\/05\/Fan\u00f6-86x-24.jpg 1000w, http:\/\/jkoehler.diskstation.me\/wordpress\/wp-content\/uploads\/2018\/05\/Fan\u00f6-86x-24-300x193.jpg 300w, http:\/\/jkoehler.diskstation.me\/wordpress\/wp-content\/uploads\/2018\/05\/Fan\u00f6-86x-24-768x495.jpg 768w\" sizes=\"auto, (max-width: 767px) 89vw, (max-width: 1000px) 54vw, (max-width: 1071px) 543px, 580px\" \/><\/a><\/figure><\/li><li class=\"blocks-gallery-item\"><figure><a href=\"http:\/\/jkoehler.diskstation.me\/wordpress\/wp-content\/uploads\/2018\/05\/Fan\u00f6-86x-25.jpg\"><img loading=\"lazy\" decoding=\"async\" width=\"1000\" height=\"644\" src=\"http:\/\/jkoehler.diskstation.me\/wordpress\/wp-content\/uploads\/2018\/05\/Fan\u00f6-86x-25.jpg\" alt=\"\" data-id=\"2615\" class=\"wp-image-2615\" srcset=\"http:\/\/jkoehler.diskstation.me\/wordpress\/wp-content\/uploads\/2018\/05\/Fan\u00f6-86x-25.jpg 1000w, http:\/\/jkoehler.diskstation.me\/wordpress\/wp-content\/uploads\/2018\/05\/Fan\u00f6-86x-25-300x193.jpg 300w, http:\/\/jkoehler.diskstation.me\/wordpress\/wp-content\/uploads\/2018\/05\/Fan\u00f6-86x-25-768x495.jpg 768w\" sizes=\"auto, (max-width: 767px) 89vw, (max-width: 1000px) 54vw, (max-width: 1071px) 543px, 580px\" \/><\/a><\/figure><\/li><li class=\"blocks-gallery-item\"><figure><a href=\"http:\/\/jkoehler.diskstation.me\/wordpress\/wp-content\/uploads\/2018\/05\/Fan\u00f6-86x-26.jpg\"><img loading=\"lazy\" decoding=\"async\" width=\"1000\" height=\"644\" src=\"http:\/\/jkoehler.diskstation.me\/wordpress\/wp-content\/uploads\/2018\/05\/Fan\u00f6-86x-26.jpg\" alt=\"\" data-id=\"2616\" class=\"wp-image-2616\" srcset=\"http:\/\/jkoehler.diskstation.me\/wordpress\/wp-content\/uploads\/2018\/05\/Fan\u00f6-86x-26.jpg 1000w, http:\/\/jkoehler.diskstation.me\/wordpress\/wp-content\/uploads\/2018\/05\/Fan\u00f6-86x-26-300x193.jpg 300w, http:\/\/jkoehler.diskstation.me\/wordpress\/wp-content\/uploads\/2018\/05\/Fan\u00f6-86x-26-768x495.jpg 768w\" sizes=\"auto, (max-width: 767px) 89vw, (max-width: 1000px) 54vw, (max-width: 1071px) 543px, 580px\" \/><\/a><\/figure><\/li><\/ul><\/figure>\n\n\n\n<h2 class=\"wp-block-heading\">\u00dcber Schweinfurt nach Salzburg (April 1987)<\/h2>\n\n\n\n<figure class=\"wp-block-image\"><img loading=\"lazy\" decoding=\"async\" width=\"1000\" height=\"653\" src=\"http:\/\/jkoehler.diskstation.me\/wordpress\/wp-content\/uploads\/2018\/05\/Schweinfurt-87-6.jpg\" alt=\"\" class=\"wp-image-2631\" srcset=\"http:\/\/jkoehler.diskstation.me\/wordpress\/wp-content\/uploads\/2018\/05\/Schweinfurt-87-6.jpg 1000w, http:\/\/jkoehler.diskstation.me\/wordpress\/wp-content\/uploads\/2018\/05\/Schweinfurt-87-6-300x196.jpg 300w, http:\/\/jkoehler.diskstation.me\/wordpress\/wp-content\/uploads\/2018\/05\/Schweinfurt-87-6-768x502.jpg 768w\" sizes=\"auto, (max-width: 767px) 89vw, (max-width: 1000px) 54vw, (max-width: 1071px) 543px, 580px\" \/><\/figure>\n\n\n\n<figure class=\"wp-block-gallery columns-3 is-cropped wp-block-gallery-2 is-layout-flex wp-block-gallery-is-layout-flex\"><ul class=\"blocks-gallery-grid\"><li class=\"blocks-gallery-item\"><figure><a href=\"http:\/\/jkoehler.diskstation.me\/wordpress\/wp-content\/uploads\/2018\/05\/Schweinfurt-87-4.jpg\"><img loading=\"lazy\" decoding=\"async\" width=\"1000\" height=\"653\" src=\"http:\/\/jkoehler.diskstation.me\/wordpress\/wp-content\/uploads\/2018\/05\/Schweinfurt-87-4.jpg\" alt=\"\" data-id=\"2632\" class=\"wp-image-2632\" srcset=\"http:\/\/jkoehler.diskstation.me\/wordpress\/wp-content\/uploads\/2018\/05\/Schweinfurt-87-4.jpg 1000w, http:\/\/jkoehler.diskstation.me\/wordpress\/wp-content\/uploads\/2018\/05\/Schweinfurt-87-4-300x196.jpg 300w, http:\/\/jkoehler.diskstation.me\/wordpress\/wp-content\/uploads\/2018\/05\/Schweinfurt-87-4-768x502.jpg 768w\" sizes=\"auto, (max-width: 767px) 89vw, (max-width: 1000px) 54vw, (max-width: 1071px) 543px, 580px\" \/><\/a><\/figure><\/li><li class=\"blocks-gallery-item\"><figure><a href=\"http:\/\/jkoehler.diskstation.me\/wordpress\/wp-content\/uploads\/2018\/05\/Schweinfurt-87.jpg\"><img loading=\"lazy\" decoding=\"async\" width=\"1000\" height=\"653\" src=\"http:\/\/jkoehler.diskstation.me\/wordpress\/wp-content\/uploads\/2018\/05\/Schweinfurt-87.jpg\" alt=\"\" data-id=\"2634\" class=\"wp-image-2634\" srcset=\"http:\/\/jkoehler.diskstation.me\/wordpress\/wp-content\/uploads\/2018\/05\/Schweinfurt-87.jpg 1000w, http:\/\/jkoehler.diskstation.me\/wordpress\/wp-content\/uploads\/2018\/05\/Schweinfurt-87-300x196.jpg 300w, http:\/\/jkoehler.diskstation.me\/wordpress\/wp-content\/uploads\/2018\/05\/Schweinfurt-87-768x502.jpg 768w\" sizes=\"auto, (max-width: 767px) 89vw, (max-width: 1000px) 54vw, (max-width: 1071px) 543px, 580px\" \/><\/a><\/figure><\/li><li class=\"blocks-gallery-item\"><figure><a href=\"http:\/\/jkoehler.diskstation.me\/wordpress\/wp-content\/uploads\/2018\/05\/Schweinfurt-87-3.jpg\"><img loading=\"lazy\" decoding=\"async\" width=\"1000\" height=\"653\" src=\"http:\/\/jkoehler.diskstation.me\/wordpress\/wp-content\/uploads\/2018\/05\/Schweinfurt-87-3.jpg\" alt=\"\" data-id=\"2635\" class=\"wp-image-2635\" srcset=\"http:\/\/jkoehler.diskstation.me\/wordpress\/wp-content\/uploads\/2018\/05\/Schweinfurt-87-3.jpg 1000w, http:\/\/jkoehler.diskstation.me\/wordpress\/wp-content\/uploads\/2018\/05\/Schweinfurt-87-3-300x196.jpg 300w, http:\/\/jkoehler.diskstation.me\/wordpress\/wp-content\/uploads\/2018\/05\/Schweinfurt-87-3-768x502.jpg 768w\" sizes=\"auto, (max-width: 767px) 89vw, (max-width: 1000px) 54vw, (max-width: 1071px) 543px, 580px\" \/><\/a><\/figure><\/li><\/ul><\/figure>\n\n\n\n<h2 class=\"wp-block-heading\">Alleine durch Italien nach Sizilien (Sommer 1987)<\/h2>\n\n\n\n<figure class=\"wp-block-image\"><img loading=\"lazy\" decoding=\"async\" width=\"1000\" height=\"650\" src=\"http:\/\/jkoehler.diskstation.me\/wordpress\/wp-content\/uploads\/2018\/05\/Italien-87x-8.jpg\" alt=\"\" class=\"wp-image-2637\" srcset=\"http:\/\/jkoehler.diskstation.me\/wordpress\/wp-content\/uploads\/2018\/05\/Italien-87x-8.jpg 1000w, http:\/\/jkoehler.diskstation.me\/wordpress\/wp-content\/uploads\/2018\/05\/Italien-87x-8-300x195.jpg 300w, http:\/\/jkoehler.diskstation.me\/wordpress\/wp-content\/uploads\/2018\/05\/Italien-87x-8-768x499.jpg 768w\" sizes=\"auto, (max-width: 767px) 89vw, (max-width: 1000px) 54vw, (max-width: 1071px) 543px, 580px\" \/><\/figure>\n\n\n\n<figure class=\"wp-block-gallery columns-3 is-cropped wp-block-gallery-3 is-layout-flex wp-block-gallery-is-layout-flex\"><ul class=\"blocks-gallery-grid\"><li class=\"blocks-gallery-item\"><figure><a href=\"http:\/\/jkoehler.diskstation.me\/wordpress\/wp-content\/uploads\/2018\/05\/scan-9.jpg\"><img loading=\"lazy\" decoding=\"async\" width=\"650\" height=\"1000\" src=\"http:\/\/jkoehler.diskstation.me\/wordpress\/wp-content\/uploads\/2018\/05\/scan-9.jpg\" alt=\"\" data-id=\"2638\" class=\"wp-image-2638\" srcset=\"http:\/\/jkoehler.diskstation.me\/wordpress\/wp-content\/uploads\/2018\/05\/scan-9.jpg 650w, http:\/\/jkoehler.diskstation.me\/wordpress\/wp-content\/uploads\/2018\/05\/scan-9-195x300.jpg 195w\" sizes=\"auto, (max-width: 650px) 100vw, 650px\" \/><\/a><\/figure><\/li><li class=\"blocks-gallery-item\"><figure><a href=\"http:\/\/jkoehler.diskstation.me\/wordpress\/wp-content\/uploads\/2018\/05\/Italien-87x-6.jpg\"><img loading=\"lazy\" decoding=\"async\" width=\"1000\" height=\"650\" src=\"http:\/\/jkoehler.diskstation.me\/wordpress\/wp-content\/uploads\/2018\/05\/Italien-87x-6.jpg\" alt=\"\" data-id=\"2641\" class=\"wp-image-2641\" srcset=\"http:\/\/jkoehler.diskstation.me\/wordpress\/wp-content\/uploads\/2018\/05\/Italien-87x-6.jpg 1000w, http:\/\/jkoehler.diskstation.me\/wordpress\/wp-content\/uploads\/2018\/05\/Italien-87x-6-300x195.jpg 300w, http:\/\/jkoehler.diskstation.me\/wordpress\/wp-content\/uploads\/2018\/05\/Italien-87x-6-768x499.jpg 768w\" sizes=\"auto, (max-width: 767px) 89vw, (max-width: 1000px) 54vw, (max-width: 1071px) 543px, 580px\" \/><\/a><\/figure><\/li><li class=\"blocks-gallery-item\"><figure><a href=\"http:\/\/jkoehler.diskstation.me\/wordpress\/wp-content\/uploads\/2018\/05\/Italien-87x-17.jpg\"><img loading=\"lazy\" decoding=\"async\" width=\"1000\" height=\"650\" src=\"http:\/\/jkoehler.diskstation.me\/wordpress\/wp-content\/uploads\/2018\/05\/Italien-87x-17.jpg\" alt=\"\" data-id=\"2647\" class=\"wp-image-2647\" srcset=\"http:\/\/jkoehler.diskstation.me\/wordpress\/wp-content\/uploads\/2018\/05\/Italien-87x-17.jpg 1000w, http:\/\/jkoehler.diskstation.me\/wordpress\/wp-content\/uploads\/2018\/05\/Italien-87x-17-300x195.jpg 300w, http:\/\/jkoehler.diskstation.me\/wordpress\/wp-content\/uploads\/2018\/05\/Italien-87x-17-768x499.jpg 768w\" sizes=\"auto, (max-width: 767px) 89vw, (max-width: 1000px) 54vw, (max-width: 1071px) 543px, 580px\" \/><\/a><\/figure><\/li><\/ul><\/figure>\n\n\n\n<h2 class=\"wp-block-heading\">Skilaufen am Gro\u00dfgl\u00f6ckner (1986) und mit Bernd in Mittenwald (1987\/88)<\/h2>\n\n\n\n<h2 class=\"wp-block-heading\">Betriebsspionage bei Europlastic Italiana &amp; Mail\u00e4nder Modelwelt (Sommer 1988)<\/h2>\n\n\n\n<figure class=\"wp-block-image\"><img loading=\"lazy\" decoding=\"async\" width=\"1000\" height=\"667\" src=\"http:\/\/jkoehler.diskstation.me\/wordpress\/wp-content\/uploads\/2018\/05\/IMG0100.jpg\" alt=\"\" class=\"wp-image-2660\" srcset=\"http:\/\/jkoehler.diskstation.me\/wordpress\/wp-content\/uploads\/2018\/05\/IMG0100.jpg 1000w, http:\/\/jkoehler.diskstation.me\/wordpress\/wp-content\/uploads\/2018\/05\/IMG0100-300x200.jpg 300w, http:\/\/jkoehler.diskstation.me\/wordpress\/wp-content\/uploads\/2018\/05\/IMG0100-768x512.jpg 768w\" sizes=\"auto, (max-width: 767px) 89vw, (max-width: 1000px) 54vw, (max-width: 1071px) 543px, 580px\" \/><\/figure>\n\n\n\n<figure class=\"wp-block-gallery columns-3 is-cropped wp-block-gallery-4 is-layout-flex wp-block-gallery-is-layout-flex\"><ul class=\"blocks-gallery-grid\"><li class=\"blocks-gallery-item\"><figure><a href=\"http:\/\/jkoehler.diskstation.me\/wordpress\/wp-content\/uploads\/2018\/05\/jan.jpg\"><img loading=\"lazy\" decoding=\"async\" width=\"1000\" height=\"693\" src=\"http:\/\/jkoehler.diskstation.me\/wordpress\/wp-content\/uploads\/2018\/05\/jan.jpg\" alt=\"\" data-id=\"2661\" class=\"wp-image-2661\" srcset=\"http:\/\/jkoehler.diskstation.me\/wordpress\/wp-content\/uploads\/2018\/05\/jan.jpg 1000w, http:\/\/jkoehler.diskstation.me\/wordpress\/wp-content\/uploads\/2018\/05\/jan-300x208.jpg 300w, http:\/\/jkoehler.diskstation.me\/wordpress\/wp-content\/uploads\/2018\/05\/jan-768x532.jpg 768w\" sizes=\"auto, (max-width: 767px) 89vw, (max-width: 1000px) 54vw, (max-width: 1071px) 543px, 580px\" \/><\/a><\/figure><\/li><li class=\"blocks-gallery-item\"><figure><a href=\"http:\/\/jkoehler.diskstation.me\/wordpress\/wp-content\/uploads\/2018\/05\/DIA_0008_preSSSR.jpg\"><img loading=\"lazy\" decoding=\"async\" width=\"682\" height=\"1000\" src=\"http:\/\/jkoehler.diskstation.me\/wordpress\/wp-content\/uploads\/2018\/05\/DIA_0008_preSSSR.jpg\" alt=\"\" data-id=\"2662\" class=\"wp-image-2662\" srcset=\"http:\/\/jkoehler.diskstation.me\/wordpress\/wp-content\/uploads\/2018\/05\/DIA_0008_preSSSR.jpg 682w, http:\/\/jkoehler.diskstation.me\/wordpress\/wp-content\/uploads\/2018\/05\/DIA_0008_preSSSR-205x300.jpg 205w\" sizes=\"auto, (max-width: 682px) 100vw, 682px\" \/><\/a><\/figure><\/li><li class=\"blocks-gallery-item\"><figure><a href=\"http:\/\/jkoehler.diskstation.me\/wordpress\/wp-content\/uploads\/2018\/05\/DIA_0056_preSSSR.jpg\"><img loading=\"lazy\" decoding=\"async\" width=\"654\" height=\"1000\" src=\"http:\/\/jkoehler.diskstation.me\/wordpress\/wp-content\/uploads\/2018\/05\/DIA_0056_preSSSR.jpg\" alt=\"\" data-id=\"2664\" class=\"wp-image-2664\" srcset=\"http:\/\/jkoehler.diskstation.me\/wordpress\/wp-content\/uploads\/2018\/05\/DIA_0056_preSSSR.jpg 654w, http:\/\/jkoehler.diskstation.me\/wordpress\/wp-content\/uploads\/2018\/05\/DIA_0056_preSSSR-196x300.jpg 196w\" sizes=\"auto, (max-width: 654px) 100vw, 654px\" \/><\/a><\/figure><\/li><\/ul><\/figure>\n\n\n\n<h2 class=\"wp-block-heading\">Tramptour zur\u00fcck nach Mailand (Herbst 1988)<\/h2>\n\n\n\n<figure class=\"wp-block-image\"><img loading=\"lazy\" decoding=\"async\" width=\"1000\" height=\"682\" src=\"http:\/\/jkoehler.diskstation.me\/wordpress\/wp-content\/uploads\/2018\/05\/DIA_o0054_preSU.jpg\" alt=\"\" class=\"wp-image-2680\" srcset=\"http:\/\/jkoehler.diskstation.me\/wordpress\/wp-content\/uploads\/2018\/05\/DIA_o0054_preSU.jpg 1000w, http:\/\/jkoehler.diskstation.me\/wordpress\/wp-content\/uploads\/2018\/05\/DIA_o0054_preSU-300x205.jpg 300w, http:\/\/jkoehler.diskstation.me\/wordpress\/wp-content\/uploads\/2018\/05\/DIA_o0054_preSU-768x524.jpg 768w\" sizes=\"auto, (max-width: 767px) 89vw, (max-width: 1000px) 54vw, (max-width: 1071px) 543px, 580px\" \/><\/figure>\n\n\n\n<figure class=\"wp-block-gallery columns-3 is-cropped wp-block-gallery-5 is-layout-flex wp-block-gallery-is-layout-flex\"><ul class=\"blocks-gallery-grid\"><li class=\"blocks-gallery-item\"><figure><a href=\"http:\/\/jkoehler.diskstation.me\/wordpress\/wp-content\/uploads\/2018\/05\/IMG231.jpg\"><img loading=\"lazy\" decoding=\"async\" width=\"654\" height=\"1000\" src=\"http:\/\/jkoehler.diskstation.me\/wordpress\/wp-content\/uploads\/2018\/05\/IMG231.jpg\" alt=\"\" data-id=\"2681\" class=\"wp-image-2681\" srcset=\"http:\/\/jkoehler.diskstation.me\/wordpress\/wp-content\/uploads\/2018\/05\/IMG231.jpg 654w, http:\/\/jkoehler.diskstation.me\/wordpress\/wp-content\/uploads\/2018\/05\/IMG231-196x300.jpg 196w\" sizes=\"auto, (max-width: 654px) 100vw, 654px\" \/><\/a><\/figure><\/li><li class=\"blocks-gallery-item\"><figure><a href=\"http:\/\/jkoehler.diskstation.me\/wordpress\/wp-content\/uploads\/2018\/05\/DIA_o0053_preSU.jpg\"><img loading=\"lazy\" decoding=\"async\" width=\"683\" height=\"1000\" src=\"http:\/\/jkoehler.diskstation.me\/wordpress\/wp-content\/uploads\/2018\/05\/DIA_o0053_preSU.jpg\" alt=\"\" data-id=\"2683\" class=\"wp-image-2683\" srcset=\"http:\/\/jkoehler.diskstation.me\/wordpress\/wp-content\/uploads\/2018\/05\/DIA_o0053_preSU.jpg 683w, http:\/\/jkoehler.diskstation.me\/wordpress\/wp-content\/uploads\/2018\/05\/DIA_o0053_preSU-205x300.jpg 205w\" sizes=\"auto, (max-width: 683px) 100vw, 683px\" \/><\/a><\/figure><\/li><li class=\"blocks-gallery-item\"><figure><a href=\"http:\/\/jkoehler.diskstation.me\/wordpress\/wp-content\/uploads\/2018\/05\/DIA_o0055_preSU-1.jpg\"><img loading=\"lazy\" decoding=\"async\" width=\"1000\" height=\"682\" src=\"http:\/\/jkoehler.diskstation.me\/wordpress\/wp-content\/uploads\/2018\/05\/DIA_o0055_preSU-1.jpg\" alt=\"\" data-id=\"2684\" class=\"wp-image-2684\" srcset=\"http:\/\/jkoehler.diskstation.me\/wordpress\/wp-content\/uploads\/2018\/05\/DIA_o0055_preSU-1.jpg 1000w, http:\/\/jkoehler.diskstation.me\/wordpress\/wp-content\/uploads\/2018\/05\/DIA_o0055_preSU-1-300x205.jpg 300w, http:\/\/jkoehler.diskstation.me\/wordpress\/wp-content\/uploads\/2018\/05\/DIA_o0055_preSU-1-768x524.jpg 768w\" sizes=\"auto, (max-width: 767px) 89vw, (max-width: 1000px) 54vw, (max-width: 1071px) 543px, 580px\" \/><\/a><\/figure><\/li><\/ul><\/figure>\n\n\n\n<p>&#8211;> <a href=\"http:\/\/jkoehler.diskstation.me\/wordpress\/diaries\/aufzeichnungen-1985-1990\/zivildienst-luneburger-heide-1989-90\/\">next section<\/a><\/p>\n\n\n\n<p> <a href=\"http:\/\/jkoehler.diskstation.me\/wordpress\/diaries\/aufzeichnungen-1985-1990\/\">\u2191 One level up \u2191<\/a> <\/p>\n","protected":false},"excerpt":{"rendered":"<p>Fan\u00f6 nach Chernobyl (Ostern 1986), mit Kaya, Jessa und Bernds Freunden \u00dcber M\u00fcnchen zum W\u00f6rthersee mit Bernd und Dorle (1986) \u00dcber Schweinfurt nach Salzburg (April 1987) Alleine durch Italien nach Sizilien (Sommer 1987) Skilaufen am Gro\u00dfgl\u00f6ckner (1986) und mit Bernd in Mittenwald (1987\/88) Betriebsspionage bei Europlastic Italiana &amp; Mail\u00e4nder Modelwelt (Sommer 1988) Tramptour zur\u00fcck nach &hellip; <\/p>\n<p class=\"link-more\"><a href=\"http:\/\/jkoehler.diskstation.me\/wordpress\/diaries\/aufzeichnungen-1985-1990\/mailand-1987-italientramptouren-1986-1988-kleine-reisen\/\" class=\"more-link\">Continue reading<span class=\"screen-reader-text\"> &#8220;Mailand 1988 &#038; Italientramptouren 1986 &#038; 1988, kleine Reisen&#8221;<\/span><\/a><\/p>\n","protected":false},"author":1,"featured_media":2587,"parent":2084,"menu_order":4,"comment_status":"closed","ping_status":"closed","template":"","meta":{"footnotes":""},"class_list":["post-2581","page","type-page","status-publish","has-post-thumbnail","hentry"],"_links":{"self":[{"href":"http:\/\/jkoehler.diskstation.me\/wordpress\/wp-json\/wp\/v2\/pages\/2581","targetHints":{"allow":["GET"]}}],"collection":[{"href":"http:\/\/jkoehler.diskstation.me\/wordpress\/wp-json\/wp\/v2\/pages"}],"about":[{"href":"http:\/\/jkoehler.diskstation.me\/wordpress\/wp-json\/wp\/v2\/types\/page"}],"author":[{"embeddable":true,"href":"http:\/\/jkoehler.diskstation.me\/wordpress\/wp-json\/wp\/v2\/users\/1"}],"replies":[{"embeddable":true,"href":"http:\/\/jkoehler.diskstation.me\/wordpress\/wp-json\/wp\/v2\/comments?post=2581"}],"version-history":[{"count":16,"href":"http:\/\/jkoehler.diskstation.me\/wordpress\/wp-json\/wp\/v2\/pages\/2581\/revisions"}],"predecessor-version":[{"id":8257,"href":"http:\/\/jkoehler.diskstation.me\/wordpress\/wp-json\/wp\/v2\/pages\/2581\/revisions\/8257"}],"up":[{"embeddable":true,"href":"http:\/\/jkoehler.diskstation.me\/wordpress\/wp-json\/wp\/v2\/pages\/2084"}],"wp:featuredmedia":[{"embeddable":true,"href":"http:\/\/jkoehler.diskstation.me\/wordpress\/wp-json\/wp\/v2\/media\/2587"}],"wp:attachment":[{"href":"http:\/\/jkoehler.diskstation.me\/wordpress\/wp-json\/wp\/v2\/media?parent=2581"}],"curies":[{"name":"wp","href":"https:\/\/api.w.org\/{rel}","templated":true}]}}