{"id":258,"date":"2017-12-27T19:03:26","date_gmt":"2017-12-27T18:03:26","guid":{"rendered":"http:\/\/jkoehler.diskstation.me\/wordpress\/?page_id=258"},"modified":"2019-10-16T20:50:07","modified_gmt":"2019-10-16T18:50:07","slug":"leningrad-20-10-1991","status":"publish","type":"page","link":"http:\/\/jkoehler.diskstation.me\/wordpress\/diaries\/tagebuch-leningrad-st-petersburg-tbilisi-1991-1993\/leningrad-erster-versuch\/leningrad-20-10-1991\/","title":{"rendered":"Leningrad, 20.10.1991: esoterische Pfadfinderspiele"},"content":{"rendered":"\n<p>Gestern einen interessanten Tag mit Walerij bei Filmarbeiten zu einem Dokumentarfilm \u00fcber einen russ. orth. Heiler verbracht:<\/p>\n\n\n\n<p>Ich traf mich um 12.00 mit dem Team (ca. 20 Leute) vor dem Filmstudio am Krjukovkanal, das nach Aussagen Aleksanders das kleinste seiner Art in der SU sei, um mit einem Intourist-Bus in das ca. 50km entfernt liegende Dorf an der Njva zu fahren. Da W. als Regief\u00fchrer mit der nur mit Hindernissen klappenden Organisation genug zu tun hatte, k\u00fcmmerte ich mich um sein energiegeladenes Wunderkind Jana. Das war anstrengend, hat aber auch Spa\u00df gemacht und meinen Russisch-Kenntnissen einiges gebracht (sie nimmt jetzt schon Schauspielunterricht und so am\u00fcsierten wir uns dabei, bestimmte Stimmungslagen zu simulieren und sie dann zu benennen &#8211; als ich sp\u00e4ter im W\u00f6rterbuch nachschaute, stellte sich heraus, da\u00df alle W\u00f6rter von mir durch ihre Darstellung erkannt worden waren! Es waren W\u00f6rter wie: Launisch, Trauer, ausgelassene Freude, Freude, Wut.).<\/p>\n\n\n\n<p>Nachdem wir dann mit einiger Versp\u00e4tung und den w\u00fctenden Gesichtern der gewartet Habenden (der Strom f\u00fcr die Trolljebusse war mal wieder ausgefallen) alle eingesammelt hatten, kamen wir so gegen 14.00 bei dem Multitalent, mit Namen Rosonelow Iwanow, an.<\/p>\n\n\n\n<p>Ein etwas gedrungender, kr\u00e4ftiger Typ, so um die 55, mit grauem Bart und wenigen wei\u00dfen Haaren. Erdig, kraftvoll, waches Gesicht und listige Augen. Frohsinn ausstrahlendes Auftreten. Er kannte die Crew offenbar und begr\u00fc\u00dfte jeden mit Umarmungen, einige auch mit K\u00fcssen (so auch W.). Neben seiner T\u00e4tigkeit als Heiler malt er auch und schreibt Gedichte, die der <em>narodnikamy iskustwu<\/em> verwandt sind, wie ich zun\u00e4chst von W. und sp\u00e4ter auch von ihm selbst erfuhr.<\/p>\n\n\n\n<figure class=\"wp-block-image\"><img loading=\"lazy\" decoding=\"async\" width=\"1000\" height=\"682\" src=\"http:\/\/jkoehler.diskstation.me\/wordpress\/wp-content\/uploads\/2017\/12\/DIA_o0012_su1991-93.jpg\" alt=\"\" class=\"wp-image-260\" srcset=\"http:\/\/jkoehler.diskstation.me\/wordpress\/wp-content\/uploads\/2017\/12\/DIA_o0012_su1991-93.jpg 1000w, http:\/\/jkoehler.diskstation.me\/wordpress\/wp-content\/uploads\/2017\/12\/DIA_o0012_su1991-93-300x205.jpg 300w, http:\/\/jkoehler.diskstation.me\/wordpress\/wp-content\/uploads\/2017\/12\/DIA_o0012_su1991-93-768x524.jpg 768w\" sizes=\"auto, (max-width: 767px) 89vw, (max-width: 1000px) 54vw, (max-width: 1071px) 543px, 580px\" \/><figcaption>Das Haus des Heilers<\/figcaption><\/figure>\n\n\n\n<p>Wir luden dann Holz ein, um einen &#8211; so W. &#8211; <em>Scheiterhaufen<\/em> <em>\/ po ruskihj: kastjor <\/em>zu errichten. Ich war mir zun\u00e4cht nicht ganz sicher, wie orthodox der <em>Hudorschnik<\/em> sei [Unsinn: Hexenverbrennungen hat es in der Vergangenheit der russ.orth. Kirche nie oder so gut wie nicht gegeben], stellte dann aber fest, da\u00df ein &#8220;bonfire&#8221; gemeint war, das auf einer Anh\u00f6he \u00fcber der Uferb\u00f6schung der Njeva entz\u00fcndet wurde die wir nach einer abenteuerlichen Busfahrt durch die Pampe (es hatte, wie immer vorher geregnet) erreichten.<\/p>\n\n\n\n<p>Dort ging dann der Punk ab, in dem ich mich zun\u00e4chst selbst involviert sah:<\/p>\n\n\n\n<figure class=\"wp-block-image\"><img loading=\"lazy\" decoding=\"async\" width=\"1000\" height=\"682\" src=\"http:\/\/jkoehler.diskstation.me\/wordpress\/wp-content\/uploads\/2017\/12\/DIA_o0015_su1991-93.jpg\" alt=\"\" class=\"wp-image-261\" srcset=\"http:\/\/jkoehler.diskstation.me\/wordpress\/wp-content\/uploads\/2017\/12\/DIA_o0015_su1991-93.jpg 1000w, http:\/\/jkoehler.diskstation.me\/wordpress\/wp-content\/uploads\/2017\/12\/DIA_o0015_su1991-93-300x205.jpg 300w, http:\/\/jkoehler.diskstation.me\/wordpress\/wp-content\/uploads\/2017\/12\/DIA_o0015_su1991-93-768x524.jpg 768w\" sizes=\"auto, (max-width: 767px) 89vw, (max-width: 1000px) 54vw, (max-width: 1071px) 543px, 580px\" \/><figcaption>Vibrationsheilung<\/figcaption><\/figure>\n\n\n\n<p>Der Meister forderte uns auf, einen Kreis zu bilden, wir fa\u00dften uns auf sein Gehei\u00df hin an den H\u00e4nden und er sprach ein Gebet. Dann lie\u00dfen wir uns wieder los und er begann mit seiner Heilmethode, die \u00e4u\u00dferlich an ein Zwischending aus Kindergeburtstagsspielen und Hippi-Naturspektakel anmutet. Wir begannen unter seiner Anleitung zun\u00e4chst mit Atem\u00fcbungen, wobei der Atem in kurzen, harten Z\u00fcgen (schn\u00fcffelnd) eingesogen wird. Darauf wurden gemeinsam Vokale und Vokalkombinationen gesungen, teilweise mit konsonantischen, harten Auskl\u00e4ngen (o, o-a-ng) in verschiedenen K\u00f6rperposen, die sich manchmal auch w\u00e4hrend der Ges\u00e4nge \u00e4nderten. Es war ein eindrucksvolles Klangerlebnis. Nachdem, was ich von dem Meister selbst und fr\u00fcher schon von W. erfahren hatte, geht es darum, das K\u00f6rperteil, auf das man sich konzentriert, als Resonanzk\u00f6rper zu benutzen und so immer neue Schwingungen zu erzeugen. Das konnte ich bei mir nicht nachvollziehen, aber die Kl\u00e4nge waren trotzdem erstaunlich. Trotzdem von keinem der Beteiligten eine feierliche oder etwa dramatische Stimmung angestrebt wurde und die Atmosph\u00e4re eher heiter war, hatten die Kl\u00e4nge selbst, wenn sie erzeugt wurden (die eigenen im Zusammenhang mit den anderen, aber auch separat) eine mystische Dimension. Solange ich Teil des Bannkreises war, erinnerten sie mich stark an alte georgische Kirchench\u00f6re.<\/p>\n\n\n\n<p>Ich verlie\u00df den Kreis dann aber doch, um Photos zu machen, allerdings auch, weil mir nicht ganz wohl bei der Sache war &#8211; nicht nur weil ich seinen Anweisungen nicht immer folgen konnte.<\/p>\n\n\n\n<figure class=\"wp-block-image\"><img loading=\"lazy\" decoding=\"async\" width=\"1000\" height=\"682\" src=\"http:\/\/jkoehler.diskstation.me\/wordpress\/wp-content\/uploads\/2017\/12\/DIA_o0026_su1991-93.jpg\" alt=\"\" class=\"wp-image-262\" srcset=\"http:\/\/jkoehler.diskstation.me\/wordpress\/wp-content\/uploads\/2017\/12\/DIA_o0026_su1991-93.jpg 1000w, http:\/\/jkoehler.diskstation.me\/wordpress\/wp-content\/uploads\/2017\/12\/DIA_o0026_su1991-93-300x205.jpg 300w, http:\/\/jkoehler.diskstation.me\/wordpress\/wp-content\/uploads\/2017\/12\/DIA_o0026_su1991-93-768x524.jpg 768w\" sizes=\"auto, (max-width: 767px) 89vw, (max-width: 1000px) 54vw, (max-width: 1071px) 543px, 580px\" \/><\/figure>\n\n\n\n<p>Ich schlo\u00df mich dem Kamerateam an und beobachtete von au\u00dfen, was einen komplett anderen Eindruck vermittelte. Da war es dann wirklich nur noch der etwas peinliche Versuch Erwachsener, die Ausgelassenheit eines Kindergeburtstages zu imitieren.<\/p>\n\n\n\n<p>Zu guter Letzt sprangen Meister und ein Freak vom Team noch zweimal (beim ersten Mal war die Kamera nicht zugegen) in die eiskalte Njeva. F\u00fcr Ru\u00dfland bemerkenswert ungeniert trockneten sie sich danach nackt vor Kamera und Photoapparat am Feuer.<\/p>\n\n\n\n<figure class=\"wp-block-image\"><img loading=\"lazy\" decoding=\"async\" width=\"1000\" height=\"682\" src=\"http:\/\/jkoehler.diskstation.me\/wordpress\/wp-content\/uploads\/2017\/12\/DIA_o0011_su1991-93.jpg\" alt=\"\" class=\"wp-image-263\" srcset=\"http:\/\/jkoehler.diskstation.me\/wordpress\/wp-content\/uploads\/2017\/12\/DIA_o0011_su1991-93.jpg 1000w, http:\/\/jkoehler.diskstation.me\/wordpress\/wp-content\/uploads\/2017\/12\/DIA_o0011_su1991-93-300x205.jpg 300w, http:\/\/jkoehler.diskstation.me\/wordpress\/wp-content\/uploads\/2017\/12\/DIA_o0011_su1991-93-768x524.jpg 768w\" sizes=\"auto, (max-width: 767px) 89vw, (max-width: 1000px) 54vw, (max-width: 1071px) 543px, 580px\" \/><\/figure>\n\n\n\n<p>Die Kinder spackten auch bei den Filmarbeiten ungehindert, wie sie wollten, herum.<\/p>\n\n\n\n<p>Auf dem Heimweg hielten wir (W. f\u00fcr mich) den Bus noch eine Weile auf, weil mir der K\u00fcnstler Teile seines Werks zeigen wollte: Auf den ersten Blick w\u00fcrde ich sagen recht eigenwillige, religi\u00f6se Bilder, einige der Portr\u00e4ts ikonenartig. Nach \u00e4sthetischen Gesichtspunkten beurteilt durchaus ansehnlich. Kein Kitsch.<\/p>\n\n\n\n<p>Nat\u00fcrlich wurde ich wieder eingeladen, und es wurden uns ein paar tausend leckere Pfannkuchen mitgegeben.<\/p>\n\n\n\n<p>Heute vor allem lange geschlafen, Russisch gemacht und Tagebuch geschrieben.<\/p>\n\n\n\n<p>Heute Abend feiert W. Frau (Irina) Geburtstag.<\/p>\n\n\n\n<p>&#8211;> <a href=\"http:\/\/jkoehler.diskstation.me\/wordpress\/tagebuch-leningrad-st-petersburg-tbilisi-1991-1993\/leningrad-20-10-1991-poslje-djen-roschdenie\/\">next page<\/a><\/p>\n\n\n\n<p> <a href=\"http:\/\/jkoehler.diskstation.me\/wordpress\/diaries\/tagebuch-leningrad-st-petersburg-tbilisi-1991-1993\/leningrad-erster-versuch\/\">\u2191 One level up \u2191<\/a> <\/p>\n","protected":false},"excerpt":{"rendered":"<p>Gestern einen interessanten Tag mit Walerij bei Filmarbeiten zu einem Dokumentarfilm \u00fcber einen russ. orth. Heiler verbracht: Ich traf mich um 12.00 mit dem Team (ca. 20 Leute) vor dem Filmstudio am Krjukovkanal, das nach Aussagen Aleksanders das kleinste seiner Art in der SU sei, um mit einem Intourist-Bus in das ca. 50km entfernt liegende &hellip; <\/p>\n<p class=\"link-more\"><a href=\"http:\/\/jkoehler.diskstation.me\/wordpress\/diaries\/tagebuch-leningrad-st-petersburg-tbilisi-1991-1993\/leningrad-erster-versuch\/leningrad-20-10-1991\/\" class=\"more-link\">Continue reading<span class=\"screen-reader-text\"> &#8220;Leningrad, 20.10.1991: esoterische Pfadfinderspiele&#8221;<\/span><\/a><\/p>\n","protected":false},"author":1,"featured_media":259,"parent":503,"menu_order":7,"comment_status":"closed","ping_status":"closed","template":"","meta":{"footnotes":""},"class_list":["post-258","page","type-page","status-publish","has-post-thumbnail","hentry"],"_links":{"self":[{"href":"http:\/\/jkoehler.diskstation.me\/wordpress\/wp-json\/wp\/v2\/pages\/258","targetHints":{"allow":["GET"]}}],"collection":[{"href":"http:\/\/jkoehler.diskstation.me\/wordpress\/wp-json\/wp\/v2\/pages"}],"about":[{"href":"http:\/\/jkoehler.diskstation.me\/wordpress\/wp-json\/wp\/v2\/types\/page"}],"author":[{"embeddable":true,"href":"http:\/\/jkoehler.diskstation.me\/wordpress\/wp-json\/wp\/v2\/users\/1"}],"replies":[{"embeddable":true,"href":"http:\/\/jkoehler.diskstation.me\/wordpress\/wp-json\/wp\/v2\/comments?post=258"}],"version-history":[{"count":6,"href":"http:\/\/jkoehler.diskstation.me\/wordpress\/wp-json\/wp\/v2\/pages\/258\/revisions"}],"predecessor-version":[{"id":8272,"href":"http:\/\/jkoehler.diskstation.me\/wordpress\/wp-json\/wp\/v2\/pages\/258\/revisions\/8272"}],"up":[{"embeddable":true,"href":"http:\/\/jkoehler.diskstation.me\/wordpress\/wp-json\/wp\/v2\/pages\/503"}],"wp:featuredmedia":[{"embeddable":true,"href":"http:\/\/jkoehler.diskstation.me\/wordpress\/wp-json\/wp\/v2\/media\/259"}],"wp:attachment":[{"href":"http:\/\/jkoehler.diskstation.me\/wordpress\/wp-json\/wp\/v2\/media?parent=258"}],"curies":[{"name":"wp","href":"https:\/\/api.w.org\/{rel}","templated":true}]}}