{"id":250,"date":"2017-12-27T18:17:45","date_gmt":"2017-12-27T17:17:45","guid":{"rendered":"http:\/\/jkoehler.diskstation.me\/wordpress\/?page_id=250"},"modified":"2019-10-16T20:43:06","modified_gmt":"2019-10-16T18:43:06","slug":"leningrad-18-10-1991","status":"publish","type":"page","link":"http:\/\/jkoehler.diskstation.me\/wordpress\/diaries\/tagebuch-leningrad-st-petersburg-tbilisi-1991-1993\/leningrad-erster-versuch\/leningrad-18-10-1991\/","title":{"rendered":"Leningrad, 18.10.1991: Valeriis Familie"},"content":{"rendered":"\n<p>&#8211; Fee rief gestern an und mag mich wohl ganz gerne.<\/p>\n\n\n\n<p>Ansonsten zu Hause gewesen und Korrespondenz gemacht (Susan+B.M.).<\/p>\n\n\n\n<p>&#8211; Heute &#8216;nen bl\u00f6des Fernet Branca Photo von mir f\u00fcr Fee gemacht, Walerij besucht und Kinderkram vorbeigebracht. Etwas eingekauft.<\/p>\n\n\n\n<figure class=\"wp-block-image\"><a href=\"http:\/\/jkoehler.diskstation.me\/wordpress\/wp-content\/uploads\/2017\/12\/DIA_o0008_su1991-93.jpg\"><img loading=\"lazy\" decoding=\"async\" width=\"205\" height=\"300\" src=\"http:\/\/jkoehler.diskstation.me\/wordpress\/wp-content\/uploads\/2017\/12\/DIA_o0008_su1991-93-205x300.jpg\" alt=\"\" class=\"wp-image-252\" srcset=\"http:\/\/jkoehler.diskstation.me\/wordpress\/wp-content\/uploads\/2017\/12\/DIA_o0008_su1991-93-205x300.jpg 205w, http:\/\/jkoehler.diskstation.me\/wordpress\/wp-content\/uploads\/2017\/12\/DIA_o0008_su1991-93.jpg 682w\" sizes=\"auto, (max-width: 205px) 100vw, 205px\" \/><\/a><\/figure>\n\n\n\n<p>Der Familienverband obiger Familie scheint ziemlich genial zu sein. Obwohl die hohe Anzahl der Spr\u00f6\u00dflinge b\u00f6sen Zungen zufolge vor allem etwas mit der katholischen Religiosit\u00e4t zu tun hat, habe ich noch nie sich so frei bewegende Kinder gesehen. Sie k\u00f6nnen so ziemlich alles ausprobieren, ob es nun kaputt geht (die Gitarre Wal.) oder sie sich dabei etwas wehtun. Trotz des etwas verklemmten Eindrucks, den beide Elternteile auf mich machen, sind die drei Kinder, die ich bisher kennen lernte (1J., 2J. und 6J.) v\u00f6llig ausgelassen und harmonisch untereinander. Besonders erstaunt war ich \u00fcber den intensiven K\u00f6rperkontakt, den die beiden \u00e4lteren fast sofort mit mir, der ich ihre Sprache noch nicht einmal spreche, aufgenommen haben. Wenn ich nicht v\u00f6llig derangiert bin in meinen Rezeptionen, waren besonders die Ber\u00fchrungen der \u00c4ltesten sehr innig.<\/p>\n\n\n\n<p>Auch ist es seltsam, da\u00df es zwischen dem 1j\u00e4hrigen und dem 2j\u00e4hrigen Kind anscheinend keine Eifersucht oder Boswillen gibt: Als der Kleinste auf den B\u00fcrostuhl pinkelte, w\u00e4hrend Walerij mit mir unger\u00fchrt Tischtennis auf einem winzigen E\u00dfzimmertisch weiterspielte, ging der andere Zwerg nach einer kurzen Weile auf die Bitte des Vaters hin in die K\u00fcche und wischte selbst Bruder, Stuhl und Boden trocken.<\/p>\n\n\n\n<figure class=\"wp-block-image\"><img loading=\"lazy\" decoding=\"async\" width=\"1000\" height=\"682\" src=\"http:\/\/jkoehler.diskstation.me\/wordpress\/wp-content\/uploads\/2017\/12\/DIA_o0021_su1991-93.jpg\" alt=\"\" class=\"wp-image-253\" srcset=\"http:\/\/jkoehler.diskstation.me\/wordpress\/wp-content\/uploads\/2017\/12\/DIA_o0021_su1991-93.jpg 1000w, http:\/\/jkoehler.diskstation.me\/wordpress\/wp-content\/uploads\/2017\/12\/DIA_o0021_su1991-93-300x205.jpg 300w, http:\/\/jkoehler.diskstation.me\/wordpress\/wp-content\/uploads\/2017\/12\/DIA_o0021_su1991-93-768x524.jpg 768w\" sizes=\"auto, (max-width: 767px) 89vw, (max-width: 1000px) 54vw, (max-width: 1071px) 543px, 580px\" \/><\/figure>\n\n\n\n<p>Auf der Metro-Fahrt dorthin, beobachtete ich schon eine andere sehr sch\u00f6ne Familien-Begebenheit:<\/p>\n\n\n\n<p>Eine Tochter, ca. 12 Jahre alt, die lebhaft mit ihrer Mutter redete und w\u00e4hrend des offensichtlich wohlwollenden Gespr\u00e4ches beide pl\u00f6tzlich und einnehmend nat\u00fcrlich die Nasen aneinander rieben. Ich freute mich sehr und dachte sofort an meine Schildkr\u00f6ten.<\/p>\n\n\n\n<p>Auf der R\u00fcckfahrt kam ein stinkendes, fettes Wrack herein, dessen optischer Zustand sich zu beschreiben lohnt: Ca. 20 Jahre alte Soviet-Klamotten, die auch ungef\u00e4hr ebenso lange nicht gewaschen oder geflickt worden waren. Die haarige, nur vom Ausschlag manchmal rot durchsetzte, wei\u00dfe Haut, sah unter dem zerschlissenem Rollkragen hervor, der seine enorme Plauze sowieso kaum verbarg. Ansonsten aufgeweichtes Bulldoggengesicht, in dem \u00fcber dem rechten Auge ein Hagelkorn in der Gr\u00f6\u00dfe des Auges selbst herausquoll; dann ein riesiges, in Zeitungspapier eingewickeltes, angefressenes Gebilde unter dem Arm.<\/p>\n\n\n\n<p>An sich also eine ganz normale Metro-Gestalt, die sich von den vielen anderen seines Kalibers nur darin unterschied, da\u00df sein Gesicht von oben nach unten neben allen m\u00f6glichen anderen Resignationsformen auch in aggressivem Selbstmitleid zerflo\u00df.<\/p>\n\n\n\n<p>Als dann zwei ihm gegen\u00fcbersitzende Turtelt\u00e4ubchen doch auf sein St\u00f6hnen und Wimmern hin reagierten, indem sie auf die unglaubliche Wurst l\u00e4chelnd zeigten (man zeigt hier, will man keinen \u00c4rger haben, auf Nichts und Niemanden), entschied er sich doch &#8211; wohl angesichts der betr\u00e4chtlichen Masse, die er h\u00e4tte bewegen m\u00fcssen &#8211; gegen&#8217;s aufstehen und \u00c4rger machen und st\u00f6hnte nur etwas aggressiver weiter, w\u00e4hrend er dem M\u00e4dchen lange und versunken zwischen die Beine starrte, an all die M\u00f6sen denkend, von denen er in seiner Vergangenheit getr\u00e4umt hatte.<\/p>\n\n\n\n<p>&#8211;> <a href=\"http:\/\/jkoehler.diskstation.me\/wordpress\/tagebuch-leningrad-st-petersburg-tbilisi-1991-1993\/leningrad-20-10-1991\/\">next page<\/a><\/p>\n\n\n\n<p> <a href=\"http:\/\/jkoehler.diskstation.me\/wordpress\/diaries\/tagebuch-leningrad-st-petersburg-tbilisi-1991-1993\/leningrad-erster-versuch\/\">\u2191 One level up \u2191<\/a> <\/p>\n","protected":false},"excerpt":{"rendered":"<p>&#8211; Fee rief gestern an und mag mich wohl ganz gerne. Ansonsten zu Hause gewesen und Korrespondenz gemacht (Susan+B.M.). &#8211; Heute &#8216;nen bl\u00f6des Fernet Branca Photo von mir f\u00fcr Fee gemacht, Walerij besucht und Kinderkram vorbeigebracht. Etwas eingekauft. Der Familienverband obiger Familie scheint ziemlich genial zu sein. Obwohl die hohe Anzahl der Spr\u00f6\u00dflinge b\u00f6sen Zungen &hellip; <\/p>\n<p class=\"link-more\"><a href=\"http:\/\/jkoehler.diskstation.me\/wordpress\/diaries\/tagebuch-leningrad-st-petersburg-tbilisi-1991-1993\/leningrad-erster-versuch\/leningrad-18-10-1991\/\" class=\"more-link\">Continue reading<span class=\"screen-reader-text\"> &#8220;Leningrad, 18.10.1991: Valeriis Familie&#8221;<\/span><\/a><\/p>\n","protected":false},"author":1,"featured_media":251,"parent":503,"menu_order":6,"comment_status":"closed","ping_status":"closed","template":"","meta":{"footnotes":""},"class_list":["post-250","page","type-page","status-publish","has-post-thumbnail","hentry"],"_links":{"self":[{"href":"http:\/\/jkoehler.diskstation.me\/wordpress\/wp-json\/wp\/v2\/pages\/250","targetHints":{"allow":["GET"]}}],"collection":[{"href":"http:\/\/jkoehler.diskstation.me\/wordpress\/wp-json\/wp\/v2\/pages"}],"about":[{"href":"http:\/\/jkoehler.diskstation.me\/wordpress\/wp-json\/wp\/v2\/types\/page"}],"author":[{"embeddable":true,"href":"http:\/\/jkoehler.diskstation.me\/wordpress\/wp-json\/wp\/v2\/users\/1"}],"replies":[{"embeddable":true,"href":"http:\/\/jkoehler.diskstation.me\/wordpress\/wp-json\/wp\/v2\/comments?post=250"}],"version-history":[{"count":8,"href":"http:\/\/jkoehler.diskstation.me\/wordpress\/wp-json\/wp\/v2\/pages\/250\/revisions"}],"predecessor-version":[{"id":8271,"href":"http:\/\/jkoehler.diskstation.me\/wordpress\/wp-json\/wp\/v2\/pages\/250\/revisions\/8271"}],"up":[{"embeddable":true,"href":"http:\/\/jkoehler.diskstation.me\/wordpress\/wp-json\/wp\/v2\/pages\/503"}],"wp:featuredmedia":[{"embeddable":true,"href":"http:\/\/jkoehler.diskstation.me\/wordpress\/wp-json\/wp\/v2\/media\/251"}],"wp:attachment":[{"href":"http:\/\/jkoehler.diskstation.me\/wordpress\/wp-json\/wp\/v2\/media?parent=250"}],"curies":[{"name":"wp","href":"https:\/\/api.w.org\/{rel}","templated":true}]}}