{"id":2482,"date":"2018-04-13T13:56:55","date_gmt":"2018-04-13T11:56:55","guid":{"rendered":"http:\/\/jkoehler.diskstation.me\/wordpress\/?page_id=2482"},"modified":"2019-10-07T19:53:06","modified_gmt":"2019-10-07T17:53:06","slug":"return-the-late-teen-and-victor","status":"publish","type":"page","link":"http:\/\/jkoehler.diskstation.me\/wordpress\/diaries\/aufzeichnungen-1985-1990\/australia-january-to-december-1985\/return-the-late-teen-and-victor\/","title":{"rendered":"Return, the late teen and victor"},"content":{"rendered":"\n<h2 class=\"wp-block-heading\">Farewell<\/h2>\n\n\n\n<figure class=\"wp-block-gallery columns-3 is-cropped wp-block-gallery-1 is-layout-flex wp-block-gallery-is-layout-flex\"><ul class=\"blocks-gallery-grid\"><li class=\"blocks-gallery-item\"><figure><a href=\"http:\/\/jkoehler.diskstation.me\/wordpress\/wp-content\/uploads\/2018\/04\/NEG_0154_australia1985.jpg\"><img loading=\"lazy\" decoding=\"async\" width=\"1000\" height=\"662\" src=\"http:\/\/jkoehler.diskstation.me\/wordpress\/wp-content\/uploads\/2018\/04\/NEG_0154_australia1985.jpg\" alt=\"\" data-id=\"2495\" class=\"wp-image-2495\" srcset=\"http:\/\/jkoehler.diskstation.me\/wordpress\/wp-content\/uploads\/2018\/04\/NEG_0154_australia1985.jpg 1000w, http:\/\/jkoehler.diskstation.me\/wordpress\/wp-content\/uploads\/2018\/04\/NEG_0154_australia1985-300x199.jpg 300w, http:\/\/jkoehler.diskstation.me\/wordpress\/wp-content\/uploads\/2018\/04\/NEG_0154_australia1985-768x508.jpg 768w\" sizes=\"auto, (max-width: 767px) 89vw, (max-width: 1000px) 54vw, (max-width: 1071px) 543px, 580px\" \/><\/a><\/figure><\/li><li class=\"blocks-gallery-item\"><figure><a href=\"http:\/\/jkoehler.diskstation.me\/wordpress\/wp-content\/uploads\/2018\/04\/NEG_0150_australia1985.jpg\"><img loading=\"lazy\" decoding=\"async\" width=\"1000\" height=\"686\" src=\"http:\/\/jkoehler.diskstation.me\/wordpress\/wp-content\/uploads\/2018\/04\/NEG_0150_australia1985.jpg\" alt=\"\" data-id=\"2492\" class=\"wp-image-2492\" srcset=\"http:\/\/jkoehler.diskstation.me\/wordpress\/wp-content\/uploads\/2018\/04\/NEG_0150_australia1985.jpg 1000w, http:\/\/jkoehler.diskstation.me\/wordpress\/wp-content\/uploads\/2018\/04\/NEG_0150_australia1985-300x206.jpg 300w, http:\/\/jkoehler.diskstation.me\/wordpress\/wp-content\/uploads\/2018\/04\/NEG_0150_australia1985-768x527.jpg 768w\" sizes=\"auto, (max-width: 767px) 89vw, (max-width: 1000px) 54vw, (max-width: 1071px) 543px, 580px\" \/><\/a><\/figure><\/li><li class=\"blocks-gallery-item\"><figure><a href=\"http:\/\/jkoehler.diskstation.me\/wordpress\/wp-content\/uploads\/2018\/04\/NEG_0141_australia1985.jpg\"><img loading=\"lazy\" decoding=\"async\" width=\"1000\" height=\"662\" src=\"http:\/\/jkoehler.diskstation.me\/wordpress\/wp-content\/uploads\/2018\/04\/NEG_0141_australia1985.jpg\" alt=\"\" data-id=\"2487\" class=\"wp-image-2487\" srcset=\"http:\/\/jkoehler.diskstation.me\/wordpress\/wp-content\/uploads\/2018\/04\/NEG_0141_australia1985.jpg 1000w, http:\/\/jkoehler.diskstation.me\/wordpress\/wp-content\/uploads\/2018\/04\/NEG_0141_australia1985-300x199.jpg 300w, http:\/\/jkoehler.diskstation.me\/wordpress\/wp-content\/uploads\/2018\/04\/NEG_0141_australia1985-768x508.jpg 768w\" sizes=\"auto, (max-width: 767px) 89vw, (max-width: 1000px) 54vw, (max-width: 1071px) 543px, 580px\" \/><\/a><\/figure><\/li><\/ul><\/figure>\n\n\n\n<h2 class=\"wp-block-heading\">Arrival<\/h2>\n\n\n\n<figure class=\"wp-block-gallery columns-3 is-cropped wp-block-gallery-2 is-layout-flex wp-block-gallery-is-layout-flex\"><ul class=\"blocks-gallery-grid\"><li class=\"blocks-gallery-item\"><figure><a href=\"http:\/\/jkoehler.diskstation.me\/wordpress\/wp-content\/uploads\/2018\/04\/NEG_0196_australia1985.jpg\"><img loading=\"lazy\" decoding=\"async\" width=\"1000\" height=\"662\" src=\"http:\/\/jkoehler.diskstation.me\/wordpress\/wp-content\/uploads\/2018\/04\/NEG_0196_australia1985.jpg\" alt=\"\" data-id=\"2510\" class=\"wp-image-2510\" srcset=\"http:\/\/jkoehler.diskstation.me\/wordpress\/wp-content\/uploads\/2018\/04\/NEG_0196_australia1985.jpg 1000w, http:\/\/jkoehler.diskstation.me\/wordpress\/wp-content\/uploads\/2018\/04\/NEG_0196_australia1985-300x199.jpg 300w, http:\/\/jkoehler.diskstation.me\/wordpress\/wp-content\/uploads\/2018\/04\/NEG_0196_australia1985-768x508.jpg 768w\" sizes=\"auto, (max-width: 767px) 89vw, (max-width: 1000px) 54vw, (max-width: 1071px) 543px, 580px\" \/><\/a><\/figure><\/li><li class=\"blocks-gallery-item\"><figure><a href=\"http:\/\/jkoehler.diskstation.me\/wordpress\/wp-content\/uploads\/2018\/04\/NEG_0176_australia1985.jpg\"><img loading=\"lazy\" decoding=\"async\" width=\"662\" height=\"1000\" src=\"http:\/\/jkoehler.diskstation.me\/wordpress\/wp-content\/uploads\/2018\/04\/NEG_0176_australia1985.jpg\" alt=\"\" data-id=\"2504\" class=\"wp-image-2504\" srcset=\"http:\/\/jkoehler.diskstation.me\/wordpress\/wp-content\/uploads\/2018\/04\/NEG_0176_australia1985.jpg 662w, http:\/\/jkoehler.diskstation.me\/wordpress\/wp-content\/uploads\/2018\/04\/NEG_0176_australia1985-199x300.jpg 199w\" sizes=\"auto, (max-width: 662px) 100vw, 662px\" \/><\/a><\/figure><\/li><li class=\"blocks-gallery-item\"><figure><a href=\"http:\/\/jkoehler.diskstation.me\/wordpress\/wp-content\/uploads\/2018\/04\/NEG_0197_australia1985.jpg\"><img loading=\"lazy\" decoding=\"async\" width=\"662\" height=\"1000\" src=\"http:\/\/jkoehler.diskstation.me\/wordpress\/wp-content\/uploads\/2018\/04\/NEG_0197_australia1985.jpg\" alt=\"\" data-id=\"2511\" class=\"wp-image-2511\" srcset=\"http:\/\/jkoehler.diskstation.me\/wordpress\/wp-content\/uploads\/2018\/04\/NEG_0197_australia1985.jpg 662w, http:\/\/jkoehler.diskstation.me\/wordpress\/wp-content\/uploads\/2018\/04\/NEG_0197_australia1985-199x300.jpg 199w\" sizes=\"auto, (max-width: 662px) 100vw, 662px\" \/><\/a><\/figure><\/li><\/ul><\/figure>\n\n\n\n<h2 class=\"wp-block-heading\">Fallout<\/h2>\n\n\n\n<p>Zur\u00fcck aus Australien lud YFU zu einem Nachbereitungstreffen mit einigen R\u00fcckkehrern und Austauschsch\u00fclern in Deutschland nach Berlin ein. Ich lernte beim ausgelassenen Tanzen mit Stripeinlage auf der extra er\u00f6ffneten Spiegelb\u00fchne in der Touristendisko <em>Big Apple<\/em> die Austauschsch\u00fcler Susan &#8220;aus die USA&#8221; und Alisha aus Philadelphia kennen. Susan sollte lange und pr\u00e4gend in meinem Leben bleiben. Denkw\u00fcrdig war dieser Berlinbesuch aber auch durch die Bekanntschaft mit einem auffallend sch\u00f6nen gro\u00dfgewachsenen amerikanischen Juden (den Namen habe ich vergessen). Mit ihm, Arne und Schwester mischten wir zun\u00e4chst Ostberlin auf (ich erinnere mich vor allem an \u00fcble und weniger \u00fcble Streiche, die wir dem immer hysterisch lachenden Arne spielten). Zur\u00fcck in Westberlin gelang es meinem j\u00fcdischen Kumpel und mir dann im Reichstag (damals Museum) zwei h\u00fcbsche israelische Sch\u00fclerinnen von ihrer durch das BKA bewachte Gruppe abzutrennen und mit ihnen einen Tag und eine Nacht zu verbringen. Das BKA und die israelische Reiseleitung war am n\u00e4chsten Morgen in heller Aufregung und \u00fcber diesen Stunt nicht wirklich erfreut. Konsequenzen hatte das f\u00fcr uns allerdings nicht.<\/p>\n\n\n\n<p>&#8211;> <a href=\"http:\/\/jkoehler.diskstation.me\/wordpress\/diaries\/aufzeichnungen-1985-1990\/reiseonkel-jurgen-tunesien-zypern\/\">next section<\/a><\/p>\n\n\n\n<p> <a href=\"http:\/\/jkoehler.diskstation.me\/wordpress\/diaries\/aufzeichnungen-1985-1990\/\">\u2191 One level up \u2191<\/a> <\/p>\n","protected":false},"excerpt":{"rendered":"<p>Farewell Arrival Fallout Zur\u00fcck aus Australien lud YFU zu einem Nachbereitungstreffen mit einigen R\u00fcckkehrern und Austauschsch\u00fclern in Deutschland nach Berlin ein. Ich lernte beim ausgelassenen Tanzen mit Stripeinlage auf der extra er\u00f6ffneten Spiegelb\u00fchne in der Touristendisko Big Apple die Austauschsch\u00fcler Susan &#8220;aus die USA&#8221; und Alisha aus Philadelphia kennen. Susan sollte lange und pr\u00e4gend in &hellip; <\/p>\n<p class=\"link-more\"><a href=\"http:\/\/jkoehler.diskstation.me\/wordpress\/diaries\/aufzeichnungen-1985-1990\/australia-january-to-december-1985\/return-the-late-teen-and-victor\/\" class=\"more-link\">Continue reading<span class=\"screen-reader-text\"> &#8220;Return, the late teen and victor&#8221;<\/span><\/a><\/p>\n","protected":false},"author":1,"featured_media":2514,"parent":2089,"menu_order":7,"comment_status":"closed","ping_status":"closed","template":"","meta":{"footnotes":""},"class_list":["post-2482","page","type-page","status-publish","has-post-thumbnail","hentry"],"_links":{"self":[{"href":"http:\/\/jkoehler.diskstation.me\/wordpress\/wp-json\/wp\/v2\/pages\/2482","targetHints":{"allow":["GET"]}}],"collection":[{"href":"http:\/\/jkoehler.diskstation.me\/wordpress\/wp-json\/wp\/v2\/pages"}],"about":[{"href":"http:\/\/jkoehler.diskstation.me\/wordpress\/wp-json\/wp\/v2\/types\/page"}],"author":[{"embeddable":true,"href":"http:\/\/jkoehler.diskstation.me\/wordpress\/wp-json\/wp\/v2\/users\/1"}],"replies":[{"embeddable":true,"href":"http:\/\/jkoehler.diskstation.me\/wordpress\/wp-json\/wp\/v2\/comments?post=2482"}],"version-history":[{"count":9,"href":"http:\/\/jkoehler.diskstation.me\/wordpress\/wp-json\/wp\/v2\/pages\/2482\/revisions"}],"predecessor-version":[{"id":8232,"href":"http:\/\/jkoehler.diskstation.me\/wordpress\/wp-json\/wp\/v2\/pages\/2482\/revisions\/8232"}],"up":[{"embeddable":true,"href":"http:\/\/jkoehler.diskstation.me\/wordpress\/wp-json\/wp\/v2\/pages\/2089"}],"wp:featuredmedia":[{"embeddable":true,"href":"http:\/\/jkoehler.diskstation.me\/wordpress\/wp-json\/wp\/v2\/media\/2514"}],"wp:attachment":[{"href":"http:\/\/jkoehler.diskstation.me\/wordpress\/wp-json\/wp\/v2\/media?parent=2482"}],"curies":[{"name":"wp","href":"https:\/\/api.w.org\/{rel}","templated":true}]}}