{"id":2167,"date":"2018-04-12T10:48:11","date_gmt":"2018-04-12T08:48:11","guid":{"rendered":"http:\/\/jkoehler.diskstation.me\/wordpress\/?page_id=2167"},"modified":"2019-03-16T14:16:33","modified_gmt":"2019-03-16T13:16:33","slug":"14-juni-1995-feminismus-politische-korrektheit-und-japan","status":"publish","type":"page","link":"http:\/\/jkoehler.diskstation.me\/wordpress\/diaries\/tgb-since-1993\/berlin-neuanfang-1993-95-familiengrundung-studium\/1995-2\/14-juni-1995-feminismus-politische-korrektheit-und-japan\/","title":{"rendered":"14. Juni 1995: Feminismus, politische Korrektheit und Japan"},"content":{"rendered":"<p>\u00dcber die emanzipierte Pariser Professorin Couroucli, die in Griechenland verha\u00dfte Machos studiert, die lesbische<a href=\"https:\/\/theconversation.com\/profiles\/jennifer-robertson-331811\" target=\"_blank\" rel=\"noopener\"> Jenifer Robertson<\/a> mit Freundin kennengelernt. Jenifer ist 42, sieht aber knabenhaft alterslos aus. Ihre Arbeiten \u00fcber Japan, das Land in dem sie aufgewachsen ist, sind interessant (in general: the making and permanent remaking of Japan and being Japanese in modern times). Doch auch sie interpretiert Frauen nur als Opfer, als ohnm\u00e4chtige Katalysatoren der l\u00e4cherlichen Handlungen der M\u00e4nner (z.B. social functionalising of nostalgia).<br \/>\nFrau Couroucl i mag mediterrane M\u00e4nner vor allem deshalb nicht, weil sie feige seien.. . Einer einzelnen Frau gegen\u00fcber verhielten sie sich aus Feigheit anders, als einer Frau in m\u00e4nnlicher Begleitung gegen\u00fcber. Lustig, wie sie in ihrem Feminismus (&#8220;M\u00e4nner besitzen 95% all dessen, was besessen werden kann auf dieser Welt&#8221;) nach wahren ritterlichen Idealen sucht.<\/p>\n<p>&#8211;&gt; <a href=\"http:\/\/jkoehler.diskstation.me\/wordpress\/diaries\/berlin-neuanfang-1993-95-familiengrundung-studium\/17-juni-1995-stephan-feuchtwang\/\">new page<\/a><\/p>\n","protected":false},"excerpt":{"rendered":"<p>\u00dcber die emanzipierte Pariser Professorin Couroucli, die in Griechenland verha\u00dfte Machos studiert, die lesbische Jenifer Robertson mit Freundin kennengelernt. Jenifer ist 42, sieht aber knabenhaft alterslos aus. Ihre Arbeiten \u00fcber Japan, das Land in dem sie aufgewachsen ist, sind interessant (in general: the making and permanent remaking of Japan and being Japanese in modern times). &hellip; <\/p>\n<p class=\"link-more\"><a href=\"http:\/\/jkoehler.diskstation.me\/wordpress\/diaries\/tgb-since-1993\/berlin-neuanfang-1993-95-familiengrundung-studium\/1995-2\/14-juni-1995-feminismus-politische-korrektheit-und-japan\/\" class=\"more-link\">Continue reading<span class=\"screen-reader-text\"> &#8220;14. Juni 1995: Feminismus, politische Korrektheit und Japan&#8221;<\/span><\/a><\/p>\n","protected":false},"author":1,"featured_media":0,"parent":4607,"menu_order":12,"comment_status":"closed","ping_status":"closed","template":"","meta":{"footnotes":""},"class_list":["post-2167","page","type-page","status-publish","hentry"],"_links":{"self":[{"href":"http:\/\/jkoehler.diskstation.me\/wordpress\/wp-json\/wp\/v2\/pages\/2167","targetHints":{"allow":["GET"]}}],"collection":[{"href":"http:\/\/jkoehler.diskstation.me\/wordpress\/wp-json\/wp\/v2\/pages"}],"about":[{"href":"http:\/\/jkoehler.diskstation.me\/wordpress\/wp-json\/wp\/v2\/types\/page"}],"author":[{"embeddable":true,"href":"http:\/\/jkoehler.diskstation.me\/wordpress\/wp-json\/wp\/v2\/users\/1"}],"replies":[{"embeddable":true,"href":"http:\/\/jkoehler.diskstation.me\/wordpress\/wp-json\/wp\/v2\/comments?post=2167"}],"version-history":[{"count":4,"href":"http:\/\/jkoehler.diskstation.me\/wordpress\/wp-json\/wp\/v2\/pages\/2167\/revisions"}],"predecessor-version":[{"id":2534,"href":"http:\/\/jkoehler.diskstation.me\/wordpress\/wp-json\/wp\/v2\/pages\/2167\/revisions\/2534"}],"up":[{"embeddable":true,"href":"http:\/\/jkoehler.diskstation.me\/wordpress\/wp-json\/wp\/v2\/pages\/4607"}],"wp:attachment":[{"href":"http:\/\/jkoehler.diskstation.me\/wordpress\/wp-json\/wp\/v2\/media?parent=2167"}],"curies":[{"name":"wp","href":"https:\/\/api.w.org\/{rel}","templated":true}]}}